{"id":101126,"date":"2023-12-08T15:34:10","date_gmt":"2023-12-08T14:34:10","guid":{"rendered":"https:\/\/www.megasoft.de\/?page_id=101126"},"modified":"2023-12-08T15:41:46","modified_gmt":"2023-12-08T14:41:46","slug":"realvnc","status":"publish","type":"page","link":"https:\/\/www.megasoft.de\/en\/realvnc\/","title":{"rendered":"RealVNC &#8211; Sicherer Remotezugriff und -Support"},"content":{"rendered":"<p>megasoft IT\u00ae ist RealVnc Partner:<\/p>\n\n\n\n<figure class=\"wp-block-image size-full\"><img fetchpriority=\"high\" decoding=\"async\" width=\"2560\" height=\"411\" src=\"https:\/\/www.megasoft.de\/wp-content\/uploads\/realvnc.png\" alt=\"\" class=\"wp-image-101128\" srcset=\"https:\/\/www.megasoft.de\/wp-content\/uploads\/\/realvnc.png 2560w, https:\/\/www.megasoft.de\/wp-content\/uploads\/\/realvnc-768x123.png 768w, https:\/\/www.megasoft.de\/wp-content\/uploads\/\/realvnc-1536x247.png 1536w, https:\/\/www.megasoft.de\/wp-content\/uploads\/\/realvnc-2048x329.png 2048w, https:\/\/www.megasoft.de\/wp-content\/uploads\/\/realvnc-18x3.png 18w, https:\/\/www.megasoft.de\/wp-content\/uploads\/\/realvnc-1320x212.png 1320w\" sizes=\"(max-width: 2560px) 100vw, 2560px\" \/><\/figure>\n\n\n\n<p>RealVNC bietet sichere Fernzugriffs- und Supportl\u00f6sungen f\u00fcr Desktop- und Mobilger\u00e4te, die weltweit von f\u00fchrenden Unternehmen genutzt werden. Die Hauptprodukte sind VNC Connect und VNC Developer SDK. VNC Connect ist f\u00fcr seine hohe Sicherheit, Zuverl\u00e4ssigkeit, Produktivit\u00e4t, Flexibilit\u00e4t und Zusammenarbeitsm\u00f6glichkeiten bekannt. Es unterst\u00fctzt verschiedene Plattformen wie Windows, Mac, Linux, Raspberry Pi sowie Android und iOS. RealVNC richtet sich an diverse Industrien und bietet ma\u00dfgeschneiderte L\u00f6sungen f\u00fcr IT-Software, Telekommunikation, Bildung, Fertigung, Transport, Bauwesen und Gesundheitswesen.<\/p>\n\n\n\n<p><strong>Anfragen unter:<\/strong><\/p>\n\n\n\n<p><a href=\"https:\/\/www.megasoft.de\/en\/kontakt\/\" target=\"_blank\" rel=\"noreferrer noopener\">https:\/\/www.megasoft.de\/kontakt\/<\/a><br>Email:&nbsp;<a href=\"mailto:vertrieb@megasoft.de\" target=\"_blank\" rel=\"noreferrer noopener\">vertrieb@megasoft.de<\/a><br>Tel.: +49 2173 265 06 0<\/p>","protected":false},"excerpt":{"rendered":"<p>megasoft IT\u00ae ist RealVnc Partner: RealVNC bietet sichere Fernzugriffs- und Supportl\u00f6sungen f\u00fcr Desktop- und Mobilger\u00e4te, die weltweit von f\u00fchrenden Unternehmen genutzt werden. Die Hauptprodukte sind VNC Connect und VNC Developer SDK. VNC Connect ist f\u00fcr seine hohe Sicherheit, Zuverl\u00e4ssigkeit, Produktivit\u00e4t, Flexibilit\u00e4t und Zusammenarbeitsm\u00f6glichkeiten bekannt. Es unterst\u00fctzt verschiedene Plattformen wie Windows, [&hellip;]<\/p>\n","protected":false},"author":5,"featured_media":0,"parent":0,"menu_order":0,"comment_status":"closed","ping_status":"closed","template":"","meta":{"om_disable_all_campaigns":false,"_monsterinsights_skip_tracking":false,"_monsterinsights_sitenote_active":false,"_monsterinsights_sitenote_note":"","_monsterinsights_sitenote_category":0,"_themeisle_gutenberg_block_has_review":false,"footnotes":""},"class_list":["post-101126","page","type-page","status-publish","hentry","wpautop"],"yoast_head":"<!-- This site is optimized with the Yoast SEO plugin v27.5 - https:\/\/yoast.com\/product\/yoast-seo-wordpress\/ -->\n<title>RealVNC - Sicherer Remotezugriff und -Support - megasoft IT GmbH &amp; Co. KG<\/title>\n<meta name=\"description\" content=\"RealVNC: Fernzugriff auf andere Rechner - vollst\u00e4ndig verscgl\u00fcsselte Remote Desktop Software - f\u00fcr Windows, macOS &amp; Linux - MEHR ERFAHREN\" \/>\n<meta name=\"robots\" content=\"index, follow, max-snippet:-1, max-image-preview:large, max-video-preview:-1\" \/>\n<link rel=\"canonical\" href=\"https:\/\/www.megasoft.de\/en\/realvnc\/\" \/>\n<meta property=\"og:locale\" content=\"en_US\" \/>\n<meta property=\"og:type\" content=\"article\" \/>\n<meta property=\"og:title\" content=\"RealVNC - Sicherer Remotezugriff und -Support - megasoft IT GmbH &amp; Co. KG\" \/>\n<meta property=\"og:description\" content=\"RealVNC: Fernzugriff auf andere Rechner - vollst\u00e4ndig verscgl\u00fcsselte Remote Desktop Software - f\u00fcr Windows, macOS &amp; Linux - MEHR ERFAHREN\" \/>\n<meta property=\"og:url\" content=\"https:\/\/www.megasoft.de\/en\/realvnc\/\" \/>\n<meta property=\"og:site_name\" content=\"megasoft IT GmbH &amp; Co. KG\" \/>\n<meta property=\"article:modified_time\" content=\"2023-12-08T14:41:46+00:00\" \/>\n<meta property=\"og:image\" content=\"https:\/\/www.megasoft.de\/wp-content\/uploads\/realvnc.png\" \/>\n<meta name=\"twitter:card\" content=\"summary_large_image\" \/>\n<meta name=\"twitter:label1\" content=\"Est. reading time\" \/>\n\t<meta name=\"twitter:data1\" content=\"1 minute\" \/>\n<script type=\"application\/ld+json\" class=\"yoast-schema-graph\">{\"@context\":\"https:\\\/\\\/schema.org\",\"@graph\":[{\"@type\":\"WebPage\",\"@id\":\"https:\\\/\\\/www.megasoft.de\\\/realvnc\\\/\",\"url\":\"https:\\\/\\\/www.megasoft.de\\\/realvnc\\\/\",\"name\":\"RealVNC - Sicherer Remotezugriff und -Support - megasoft IT GmbH &amp; Co. KG\",\"isPartOf\":{\"@id\":\"https:\\\/\\\/www.megasoft.de\\\/#website\"},\"primaryImageOfPage\":{\"@id\":\"https:\\\/\\\/www.megasoft.de\\\/realvnc\\\/#primaryimage\"},\"image\":{\"@id\":\"https:\\\/\\\/www.megasoft.de\\\/realvnc\\\/#primaryimage\"},\"thumbnailUrl\":\"https:\\\/\\\/www.megasoft.de\\\/wp-content\\\/uploads\\\/realvnc.png\",\"datePublished\":\"2023-12-08T14:34:10+00:00\",\"dateModified\":\"2023-12-08T14:41:46+00:00\",\"description\":\"RealVNC: Fernzugriff auf andere Rechner - vollst\u00e4ndig verscgl\u00fcsselte Remote Desktop Software - f\u00fcr Windows, macOS & Linux - MEHR ERFAHREN\",\"breadcrumb\":{\"@id\":\"https:\\\/\\\/www.megasoft.de\\\/realvnc\\\/#breadcrumb\"},\"inLanguage\":\"en-US\",\"potentialAction\":[{\"@type\":\"ReadAction\",\"target\":[\"https:\\\/\\\/www.megasoft.de\\\/realvnc\\\/\"]}]},{\"@type\":\"ImageObject\",\"inLanguage\":\"en-US\",\"@id\":\"https:\\\/\\\/www.megasoft.de\\\/realvnc\\\/#primaryimage\",\"url\":\"https:\\\/\\\/www.megasoft.de\\\/wp-content\\\/uploads\\\/realvnc.png\",\"contentUrl\":\"https:\\\/\\\/www.megasoft.de\\\/wp-content\\\/uploads\\\/realvnc.png\"},{\"@type\":\"BreadcrumbList\",\"@id\":\"https:\\\/\\\/www.megasoft.de\\\/realvnc\\\/#breadcrumb\",\"itemListElement\":[{\"@type\":\"ListItem\",\"position\":1,\"name\":\"Startseite\",\"item\":\"https:\\\/\\\/www.megasoft.de\\\/\"},{\"@type\":\"ListItem\",\"position\":2,\"name\":\"RealVNC &#8211; Sicherer Remotezugriff und -Support\"}]},{\"@type\":\"WebSite\",\"@id\":\"https:\\\/\\\/www.megasoft.de\\\/#website\",\"url\":\"https:\\\/\\\/www.megasoft.de\\\/\",\"name\":\"megasoft IT GmbH &amp; Co. KG\",\"description\":\"Your IT Procurement Partner\",\"publisher\":{\"@id\":\"https:\\\/\\\/www.megasoft.de\\\/#organization\"},\"potentialAction\":[{\"@type\":\"SearchAction\",\"target\":{\"@type\":\"EntryPoint\",\"urlTemplate\":\"https:\\\/\\\/www.megasoft.de\\\/?s={search_term_string}\"},\"query-input\":{\"@type\":\"PropertyValueSpecification\",\"valueRequired\":true,\"valueName\":\"search_term_string\"}}],\"inLanguage\":\"en-US\"},{\"@type\":\"Organization\",\"@id\":\"https:\\\/\\\/www.megasoft.de\\\/#organization\",\"name\":\"megasoft IT GmbH &amp; Co. KG\",\"url\":\"https:\\\/\\\/www.megasoft.de\\\/\",\"logo\":{\"@type\":\"ImageObject\",\"inLanguage\":\"en-US\",\"@id\":\"https:\\\/\\\/www.megasoft.de\\\/#\\\/schema\\\/logo\\\/image\\\/\",\"url\":\"https:\\\/\\\/www.megasoft.de\\\/wp-content\\\/uploads\\\/megasoft_logo_IT_Procurement_Partner.png\",\"contentUrl\":\"https:\\\/\\\/www.megasoft.de\\\/wp-content\\\/uploads\\\/megasoft_logo_IT_Procurement_Partner.png\",\"width\":1400,\"height\":350,\"caption\":\"megasoft IT GmbH &amp; Co. KG\"},\"image\":{\"@id\":\"https:\\\/\\\/www.megasoft.de\\\/#\\\/schema\\\/logo\\\/image\\\/\"}}]}<\/script>\n<!-- \/ Yoast SEO plugin. -->","yoast_head_json":{"title":"RealVNC - Sicherer Remotezugriff und -Support - megasoft IT GmbH &amp; Co. KG","description":"RealVNC: Fernzugriff auf andere Rechner - vollst\u00e4ndig verscgl\u00fcsselte Remote Desktop Software - f\u00fcr Windows, macOS & Linux - MEHR ERFAHREN","robots":{"index":"index","follow":"follow","max-snippet":"max-snippet:-1","max-image-preview":"max-image-preview:large","max-video-preview":"max-video-preview:-1"},"canonical":"https:\/\/www.megasoft.de\/en\/realvnc\/","og_locale":"en_US","og_type":"article","og_title":"RealVNC - Sicherer Remotezugriff und -Support - megasoft IT GmbH &amp; Co. KG","og_description":"RealVNC: Fernzugriff auf andere Rechner - vollst\u00e4ndig verscgl\u00fcsselte Remote Desktop Software - f\u00fcr Windows, macOS & Linux - MEHR ERFAHREN","og_url":"https:\/\/www.megasoft.de\/en\/realvnc\/","og_site_name":"megasoft IT GmbH &amp; Co. KG","article_modified_time":"2023-12-08T14:41:46+00:00","og_image":[{"url":"https:\/\/www.megasoft.de\/wp-content\/uploads\/realvnc.png","type":"","width":"","height":""}],"twitter_card":"summary_large_image","twitter_misc":{"Est. reading time":"1 minute"},"schema":{"@context":"https:\/\/schema.org","@graph":[{"@type":"WebPage","@id":"https:\/\/www.megasoft.de\/realvnc\/","url":"https:\/\/www.megasoft.de\/realvnc\/","name":"RealVNC - Sicherer Remotezugriff und -Support - megasoft IT GmbH &amp; Co. KG","isPartOf":{"@id":"https:\/\/www.megasoft.de\/#website"},"primaryImageOfPage":{"@id":"https:\/\/www.megasoft.de\/realvnc\/#primaryimage"},"image":{"@id":"https:\/\/www.megasoft.de\/realvnc\/#primaryimage"},"thumbnailUrl":"https:\/\/www.megasoft.de\/wp-content\/uploads\/realvnc.png","datePublished":"2023-12-08T14:34:10+00:00","dateModified":"2023-12-08T14:41:46+00:00","description":"RealVNC: Fernzugriff auf andere Rechner - vollst\u00e4ndig verscgl\u00fcsselte Remote Desktop Software - f\u00fcr Windows, macOS & Linux - MEHR ERFAHREN","breadcrumb":{"@id":"https:\/\/www.megasoft.de\/realvnc\/#breadcrumb"},"inLanguage":"en-US","potentialAction":[{"@type":"ReadAction","target":["https:\/\/www.megasoft.de\/realvnc\/"]}]},{"@type":"ImageObject","inLanguage":"en-US","@id":"https:\/\/www.megasoft.de\/realvnc\/#primaryimage","url":"https:\/\/www.megasoft.de\/wp-content\/uploads\/realvnc.png","contentUrl":"https:\/\/www.megasoft.de\/wp-content\/uploads\/realvnc.png"},{"@type":"BreadcrumbList","@id":"https:\/\/www.megasoft.de\/realvnc\/#breadcrumb","itemListElement":[{"@type":"ListItem","position":1,"name":"Startseite","item":"https:\/\/www.megasoft.de\/"},{"@type":"ListItem","position":2,"name":"RealVNC &#8211; Sicherer Remotezugriff und -Support"}]},{"@type":"WebSite","@id":"https:\/\/www.megasoft.de\/#website","url":"https:\/\/www.megasoft.de\/","name":"megasoft IT GmbH &amp; Co. KG","description":"Your IT Procurement Partner","publisher":{"@id":"https:\/\/www.megasoft.de\/#organization"},"potentialAction":[{"@type":"SearchAction","target":{"@type":"EntryPoint","urlTemplate":"https:\/\/www.megasoft.de\/?s={search_term_string}"},"query-input":{"@type":"PropertyValueSpecification","valueRequired":true,"valueName":"search_term_string"}}],"inLanguage":"en-US"},{"@type":"Organization","@id":"https:\/\/www.megasoft.de\/#organization","name":"megasoft IT GmbH &amp; Co. KG","url":"https:\/\/www.megasoft.de\/","logo":{"@type":"ImageObject","inLanguage":"en-US","@id":"https:\/\/www.megasoft.de\/#\/schema\/logo\/image\/","url":"https:\/\/www.megasoft.de\/wp-content\/uploads\/megasoft_logo_IT_Procurement_Partner.png","contentUrl":"https:\/\/www.megasoft.de\/wp-content\/uploads\/megasoft_logo_IT_Procurement_Partner.png","width":1400,"height":350,"caption":"megasoft IT GmbH &amp; Co. KG"},"image":{"@id":"https:\/\/www.megasoft.de\/#\/schema\/logo\/image\/"}}]}},"publishpress_future_action":{"enabled":false,"date":"2026-05-07 00:41:41","action":"change-status","newStatus":"draft","terms":[],"taxonomy":"","extraData":[]},"publishpress_future_workflow_manual_trigger":{"enabledWorkflows":[]},"_links":{"self":[{"href":"https:\/\/www.megasoft.de\/en\/wp-json\/wp\/v2\/pages\/101126","targetHints":{"allow":["GET"]}}],"collection":[{"href":"https:\/\/www.megasoft.de\/en\/wp-json\/wp\/v2\/pages"}],"about":[{"href":"https:\/\/www.megasoft.de\/en\/wp-json\/wp\/v2\/types\/page"}],"author":[{"embeddable":true,"href":"https:\/\/www.megasoft.de\/en\/wp-json\/wp\/v2\/users\/5"}],"replies":[{"embeddable":true,"href":"https:\/\/www.megasoft.de\/en\/wp-json\/wp\/v2\/comments?post=101126"}],"version-history":[{"count":3,"href":"https:\/\/www.megasoft.de\/en\/wp-json\/wp\/v2\/pages\/101126\/revisions"}],"predecessor-version":[{"id":101134,"href":"https:\/\/www.megasoft.de\/en\/wp-json\/wp\/v2\/pages\/101126\/revisions\/101134"}],"wp:attachment":[{"href":"https:\/\/www.megasoft.de\/en\/wp-json\/wp\/v2\/media?parent=101126"}],"curies":[{"name":"wp","href":"https:\/\/api.w.org\/{rel}","templated":true}]}}