{"id":10300,"date":"2021-07-28T10:00:57","date_gmt":"2021-07-28T08:00:57","guid":{"rendered":"https:\/\/www.megasoft.de\/?page_id=10300"},"modified":"2024-06-03T20:05:37","modified_gmt":"2024-06-03T18:05:37","slug":"coreldraw-graphics-suite-2021-cad-special","status":"publish","type":"page","link":"https:\/\/www.megasoft.de\/en\/coreldraw-graphics-suite-2021-cad-special\/","title":{"rendered":"CorelDRAW Graphics Suite 2021 &#8211; CAD Special"},"content":{"rendered":"<div class=\"wp-block-cover is-light\"><span aria-hidden=\"true\" class=\"wp-block-cover__gradient-background has-background-dim\"><\/span><img fetchpriority=\"high\" decoding=\"async\" width=\"1920\" height=\"1440\" class=\"wp-block-cover__image-background wp-image-10304\" alt=\"\" src=\"https:\/\/www.megasoft.de\/wp-content\/uploads\/coreldraw-megasoft-cad-special-autocad-sketchup.jpg\" data-object-fit=\"cover\" srcset=\"https:\/\/www.megasoft.de\/wp-content\/uploads\/\/coreldraw-megasoft-cad-special-autocad-sketchup.jpg 1920w, https:\/\/www.megasoft.de\/wp-content\/uploads\/\/coreldraw-megasoft-cad-special-autocad-sketchup-768x576.jpg 768w, https:\/\/www.megasoft.de\/wp-content\/uploads\/\/coreldraw-megasoft-cad-special-autocad-sketchup-1536x1152.jpg 1536w\" sizes=\"(max-width: 1920px) 100vw, 1920px\" \/><div class=\"wp-block-cover__inner-container is-layout-flow wp-block-cover-is-layout-flow\">\n<h1 class=\"has-text-align-center has-white-color has-text-color wp-block-heading\">megasoft &#8211; CorelDRAW &#8211; CAD-Special<\/h1>\n\n\n\n<hr class=\"wp-block-separator\"\/>\n\n\n\n<h2 class=\"has-text-align-center has-white-color has-text-color wp-block-heading\">CorelDRAW Graphics Suite 2021 &#8211; AutoCAD &#8211; SketchUp<\/h2>\n<\/div><\/div>\n\n\n\n<h2 class=\"wp-block-heading\">Das CAD-Special mit CorelDRAW<\/h2>\n\n\n\n<p>Unser CAD Special hilft Ihnen Ihre Bauprojekte zu planen und das Gesch\u00e4ftsgeb\u00e4ude auszustatten. Das Gesch\u00e4ftsgeb\u00e4ude in der Niederstra\u00dfe 41 in Monheim am Rhein wurde mit Hilfe von AutoCAD 2021 erneuert.<\/p>\n\n\n\n<p>In der neu eingerichtete Pizzeria wurde die Gesch\u00e4ftsausstattung, das Logo, das Leuchtschild \/ die Lichtreklame, die Men\u00fckarte sowie die Werbemittel mit Hilfe der CorelDRAW Graphics Suite 2021 erstellt.<\/p>\n\n\n\n<h2 class=\"has-text-align-center wp-block-heading\"><a href=\"https:\/\/www.megasoft.de\/en\/#kontakt\" target=\"_blank\" rel=\"noreferrer noopener\">Jetzt Kontakt aufnehmen!<\/a><\/h2>\n\n\n\n<figure class=\"wp-block-embed is-type-rich is-provider-handler-einbetten wp-block-embed-handler-einbetten wp-embed-aspect-16-9 wp-has-aspect-ratio\"><div class=\"wp-block-embed__wrapper\">\n<iframe title=\"Professionelle Gesch\u00e4ftsausstattung mit CorelDRAW\" width=\"750\" height=\"422\" data-src=\"https:\/\/www.youtube.com\/embed\/_BCnrO_wGcA?feature=oembed\" frameborder=\"0\" allow=\"accelerometer; autoplay; clipboard-write; encrypted-media; gyroscope; picture-in-picture; web-share\" referrerpolicy=\"strict-origin-when-cross-origin\" allowfullscreen src=\"data:image\/svg+xml;base64,PHN2ZyB3aWR0aD0iMSIgaGVpZ2h0PSIxIiB4bWxucz0iaHR0cDovL3d3dy53My5vcmcvMjAwMC9zdmciPjwvc3ZnPg==\" class=\"lazyload\" data-load-mode=\"1\"><\/iframe>\n<\/div><\/figure>\n\n\n\n<figure class=\"wp-block-embed is-type-video is-provider-youtube wp-block-embed-youtube wp-embed-aspect-16-9 wp-has-aspect-ratio\"><div class=\"wp-block-embed__wrapper\">\n<iframe title=\"Grunddesign f\u00fcr ein Immobilien Expos\u00e9 erstellen \u2013 CorelDRAW 2019\" width=\"750\" height=\"422\" data-src=\"https:\/\/www.youtube.com\/embed\/5wEt_IG1Pcs?feature=oembed\" frameborder=\"0\" allow=\"accelerometer; autoplay; clipboard-write; encrypted-media; gyroscope; picture-in-picture; web-share\" referrerpolicy=\"strict-origin-when-cross-origin\" allowfullscreen src=\"data:image\/svg+xml;base64,PHN2ZyB3aWR0aD0iMSIgaGVpZ2h0PSIxIiB4bWxucz0iaHR0cDovL3d3dy53My5vcmcvMjAwMC9zdmciPjwvc3ZnPg==\" class=\"lazyload\" data-load-mode=\"1\"><\/iframe>\n<\/div><\/figure>","protected":false},"excerpt":{"rendered":"Das CAD-Special mit CorelDRAW Unser CAD Special hilft Ihnen Ihre Bauprojekte zu planen und das Gesch\u00e4ftsgeb\u00e4ude auszustatten. Das Gesch\u00e4ftsgeb\u00e4ude in der Niederstra\u00dfe 41 in Monheim am Rhein wurde mit Hilfe von AutoCAD 2021 erneuert. In der neu eingerichtete Pizzeria wurde die Gesch\u00e4ftsausstattung, das Logo, das Leuchtschild \/ die Lichtreklame, die [&hellip;]","protected":false},"author":1,"featured_media":0,"parent":0,"menu_order":0,"comment_status":"closed","ping_status":"closed","template":"","meta":{"om_disable_all_campaigns":false,"_monsterinsights_skip_tracking":false,"_monsterinsights_sitenote_active":false,"_monsterinsights_sitenote_note":"","_monsterinsights_sitenote_category":0,"_themeisle_gutenberg_block_has_review":false,"footnotes":""},"class_list":["post-10300","page","type-page","status-publish","hentry","no-wpautop"],"yoast_head":"<!-- This site is optimized with the Yoast SEO plugin v27.3 - https:\/\/yoast.com\/product\/yoast-seo-wordpress\/ -->\n<title>CorelDRAW Graphics Suite 2021 &#8211; CAD Special - megasoft IT GmbH &amp; Co. KG<\/title>\n<meta name=\"robots\" content=\"index, follow, max-snippet:-1, max-image-preview:large, max-video-preview:-1\" \/>\n<link rel=\"canonical\" href=\"https:\/\/www.megasoft.de\/en\/coreldraw-graphics-suite-2021-cad-special\/\" \/>\n<meta property=\"og:locale\" content=\"en_US\" \/>\n<meta property=\"og:type\" content=\"article\" \/>\n<meta property=\"og:title\" content=\"CorelDRAW Graphics Suite 2021 &#8211; CAD Special - megasoft IT GmbH &amp; Co. KG\" \/>\n<meta property=\"og:description\" content=\"Das CAD-Special mit CorelDRAW Unser CAD Special hilft Ihnen Ihre Bauprojekte zu planen und das Gesch\u00e4ftsgeb\u00e4ude auszustatten. Das Gesch\u00e4ftsgeb\u00e4ude in der Niederstra\u00dfe 41 in Monheim am Rhein wurde mit Hilfe von AutoCAD 2021 erneuert. In der neu eingerichtete Pizzeria wurde die Gesch\u00e4ftsausstattung, das Logo, das Leuchtschild \/ die Lichtreklame, die [&hellip;]\" \/>\n<meta property=\"og:url\" content=\"https:\/\/www.megasoft.de\/en\/coreldraw-graphics-suite-2021-cad-special\/\" \/>\n<meta property=\"og:site_name\" content=\"megasoft IT GmbH &amp; Co. KG\" \/>\n<meta property=\"article:modified_time\" content=\"2024-06-03T18:05:37+00:00\" \/>\n<meta property=\"og:image\" content=\"https:\/\/www.megasoft.de\/wp-content\/uploads\/coreldraw-megasoft-cad-special-autocad-sketchup.jpg\" \/>\n<meta name=\"twitter:card\" content=\"summary_large_image\" \/>\n<script type=\"application\/ld+json\" class=\"yoast-schema-graph\">{\"@context\":\"https:\\\/\\\/schema.org\",\"@graph\":[{\"@type\":\"WebPage\",\"@id\":\"https:\\\/\\\/www.megasoft.de\\\/coreldraw-graphics-suite-2021-cad-special\\\/\",\"url\":\"https:\\\/\\\/www.megasoft.de\\\/coreldraw-graphics-suite-2021-cad-special\\\/\",\"name\":\"CorelDRAW Graphics Suite 2021 &#8211; CAD Special - megasoft IT GmbH &amp; Co. KG\",\"isPartOf\":{\"@id\":\"https:\\\/\\\/www.megasoft.de\\\/#website\"},\"primaryImageOfPage\":{\"@id\":\"https:\\\/\\\/www.megasoft.de\\\/coreldraw-graphics-suite-2021-cad-special\\\/#primaryimage\"},\"image\":{\"@id\":\"https:\\\/\\\/www.megasoft.de\\\/coreldraw-graphics-suite-2021-cad-special\\\/#primaryimage\"},\"thumbnailUrl\":\"https:\\\/\\\/www.megasoft.de\\\/wp-content\\\/uploads\\\/coreldraw-megasoft-cad-special-autocad-sketchup.jpg\",\"datePublished\":\"2021-07-28T08:00:57+00:00\",\"dateModified\":\"2024-06-03T18:05:37+00:00\",\"breadcrumb\":{\"@id\":\"https:\\\/\\\/www.megasoft.de\\\/coreldraw-graphics-suite-2021-cad-special\\\/#breadcrumb\"},\"inLanguage\":\"en-US\",\"potentialAction\":[{\"@type\":\"ReadAction\",\"target\":[\"https:\\\/\\\/www.megasoft.de\\\/coreldraw-graphics-suite-2021-cad-special\\\/\"]}]},{\"@type\":\"ImageObject\",\"inLanguage\":\"en-US\",\"@id\":\"https:\\\/\\\/www.megasoft.de\\\/coreldraw-graphics-suite-2021-cad-special\\\/#primaryimage\",\"url\":\"https:\\\/\\\/www.megasoft.de\\\/wp-content\\\/uploads\\\/coreldraw-megasoft-cad-special-autocad-sketchup.jpg\",\"contentUrl\":\"https:\\\/\\\/www.megasoft.de\\\/wp-content\\\/uploads\\\/coreldraw-megasoft-cad-special-autocad-sketchup.jpg\"},{\"@type\":\"BreadcrumbList\",\"@id\":\"https:\\\/\\\/www.megasoft.de\\\/coreldraw-graphics-suite-2021-cad-special\\\/#breadcrumb\",\"itemListElement\":[{\"@type\":\"ListItem\",\"position\":1,\"name\":\"Startseite\",\"item\":\"https:\\\/\\\/www.megasoft.de\\\/\"},{\"@type\":\"ListItem\",\"position\":2,\"name\":\"CorelDRAW Graphics Suite 2021 &#8211; CAD Special\"}]},{\"@type\":\"WebSite\",\"@id\":\"https:\\\/\\\/www.megasoft.de\\\/#website\",\"url\":\"https:\\\/\\\/www.megasoft.de\\\/\",\"name\":\"megasoft IT GmbH &amp; Co. KG\",\"description\":\"Your IT Procurement Partner\",\"publisher\":{\"@id\":\"https:\\\/\\\/www.megasoft.de\\\/#organization\"},\"potentialAction\":[{\"@type\":\"SearchAction\",\"target\":{\"@type\":\"EntryPoint\",\"urlTemplate\":\"https:\\\/\\\/www.megasoft.de\\\/?s={search_term_string}\"},\"query-input\":{\"@type\":\"PropertyValueSpecification\",\"valueRequired\":true,\"valueName\":\"search_term_string\"}}],\"inLanguage\":\"en-US\"},{\"@type\":\"Organization\",\"@id\":\"https:\\\/\\\/www.megasoft.de\\\/#organization\",\"name\":\"megasoft IT GmbH &amp; Co. KG\",\"url\":\"https:\\\/\\\/www.megasoft.de\\\/\",\"logo\":{\"@type\":\"ImageObject\",\"inLanguage\":\"en-US\",\"@id\":\"https:\\\/\\\/www.megasoft.de\\\/#\\\/schema\\\/logo\\\/image\\\/\",\"url\":\"https:\\\/\\\/www.megasoft.de\\\/wp-content\\\/uploads\\\/megasoft_logo_IT_Procurement_Partner.png\",\"contentUrl\":\"https:\\\/\\\/www.megasoft.de\\\/wp-content\\\/uploads\\\/megasoft_logo_IT_Procurement_Partner.png\",\"width\":1400,\"height\":350,\"caption\":\"megasoft IT GmbH &amp; Co. KG\"},\"image\":{\"@id\":\"https:\\\/\\\/www.megasoft.de\\\/#\\\/schema\\\/logo\\\/image\\\/\"}}]}<\/script>\n<!-- \/ Yoast SEO plugin. -->","yoast_head_json":{"title":"CorelDRAW Graphics Suite 2021 &#8211; CAD Special - megasoft IT GmbH &amp; Co. KG","robots":{"index":"index","follow":"follow","max-snippet":"max-snippet:-1","max-image-preview":"max-image-preview:large","max-video-preview":"max-video-preview:-1"},"canonical":"https:\/\/www.megasoft.de\/en\/coreldraw-graphics-suite-2021-cad-special\/","og_locale":"en_US","og_type":"article","og_title":"CorelDRAW Graphics Suite 2021 &#8211; CAD Special - megasoft IT GmbH &amp; Co. KG","og_description":"Das CAD-Special mit CorelDRAW Unser CAD Special hilft Ihnen Ihre Bauprojekte zu planen und das Gesch\u00e4ftsgeb\u00e4ude auszustatten. Das Gesch\u00e4ftsgeb\u00e4ude in der Niederstra\u00dfe 41 in Monheim am Rhein wurde mit Hilfe von AutoCAD 2021 erneuert. In der neu eingerichtete Pizzeria wurde die Gesch\u00e4ftsausstattung, das Logo, das Leuchtschild \/ die Lichtreklame, die [&hellip;]","og_url":"https:\/\/www.megasoft.de\/en\/coreldraw-graphics-suite-2021-cad-special\/","og_site_name":"megasoft IT GmbH &amp; Co. KG","article_modified_time":"2024-06-03T18:05:37+00:00","og_image":[{"url":"https:\/\/www.megasoft.de\/wp-content\/uploads\/coreldraw-megasoft-cad-special-autocad-sketchup.jpg","type":"","width":"","height":""}],"twitter_card":"summary_large_image","schema":{"@context":"https:\/\/schema.org","@graph":[{"@type":"WebPage","@id":"https:\/\/www.megasoft.de\/coreldraw-graphics-suite-2021-cad-special\/","url":"https:\/\/www.megasoft.de\/coreldraw-graphics-suite-2021-cad-special\/","name":"CorelDRAW Graphics Suite 2021 &#8211; CAD Special - megasoft IT GmbH &amp; Co. KG","isPartOf":{"@id":"https:\/\/www.megasoft.de\/#website"},"primaryImageOfPage":{"@id":"https:\/\/www.megasoft.de\/coreldraw-graphics-suite-2021-cad-special\/#primaryimage"},"image":{"@id":"https:\/\/www.megasoft.de\/coreldraw-graphics-suite-2021-cad-special\/#primaryimage"},"thumbnailUrl":"https:\/\/www.megasoft.de\/wp-content\/uploads\/coreldraw-megasoft-cad-special-autocad-sketchup.jpg","datePublished":"2021-07-28T08:00:57+00:00","dateModified":"2024-06-03T18:05:37+00:00","breadcrumb":{"@id":"https:\/\/www.megasoft.de\/coreldraw-graphics-suite-2021-cad-special\/#breadcrumb"},"inLanguage":"en-US","potentialAction":[{"@type":"ReadAction","target":["https:\/\/www.megasoft.de\/coreldraw-graphics-suite-2021-cad-special\/"]}]},{"@type":"ImageObject","inLanguage":"en-US","@id":"https:\/\/www.megasoft.de\/coreldraw-graphics-suite-2021-cad-special\/#primaryimage","url":"https:\/\/www.megasoft.de\/wp-content\/uploads\/coreldraw-megasoft-cad-special-autocad-sketchup.jpg","contentUrl":"https:\/\/www.megasoft.de\/wp-content\/uploads\/coreldraw-megasoft-cad-special-autocad-sketchup.jpg"},{"@type":"BreadcrumbList","@id":"https:\/\/www.megasoft.de\/coreldraw-graphics-suite-2021-cad-special\/#breadcrumb","itemListElement":[{"@type":"ListItem","position":1,"name":"Startseite","item":"https:\/\/www.megasoft.de\/"},{"@type":"ListItem","position":2,"name":"CorelDRAW Graphics Suite 2021 &#8211; CAD Special"}]},{"@type":"WebSite","@id":"https:\/\/www.megasoft.de\/#website","url":"https:\/\/www.megasoft.de\/","name":"megasoft IT GmbH &amp; Co. KG","description":"Your IT Procurement Partner","publisher":{"@id":"https:\/\/www.megasoft.de\/#organization"},"potentialAction":[{"@type":"SearchAction","target":{"@type":"EntryPoint","urlTemplate":"https:\/\/www.megasoft.de\/?s={search_term_string}"},"query-input":{"@type":"PropertyValueSpecification","valueRequired":true,"valueName":"search_term_string"}}],"inLanguage":"en-US"},{"@type":"Organization","@id":"https:\/\/www.megasoft.de\/#organization","name":"megasoft IT GmbH &amp; Co. KG","url":"https:\/\/www.megasoft.de\/","logo":{"@type":"ImageObject","inLanguage":"en-US","@id":"https:\/\/www.megasoft.de\/#\/schema\/logo\/image\/","url":"https:\/\/www.megasoft.de\/wp-content\/uploads\/megasoft_logo_IT_Procurement_Partner.png","contentUrl":"https:\/\/www.megasoft.de\/wp-content\/uploads\/megasoft_logo_IT_Procurement_Partner.png","width":1400,"height":350,"caption":"megasoft IT GmbH &amp; Co. KG"},"image":{"@id":"https:\/\/www.megasoft.de\/#\/schema\/logo\/image\/"}}]}},"publishpress_future_action":{"enabled":false,"date":"2026-04-21 13:53:29","action":"change-status","newStatus":"draft","terms":[],"taxonomy":"","extraData":[]},"publishpress_future_workflow_manual_trigger":{"enabledWorkflows":[]},"_links":{"self":[{"href":"https:\/\/www.megasoft.de\/en\/wp-json\/wp\/v2\/pages\/10300","targetHints":{"allow":["GET"]}}],"collection":[{"href":"https:\/\/www.megasoft.de\/en\/wp-json\/wp\/v2\/pages"}],"about":[{"href":"https:\/\/www.megasoft.de\/en\/wp-json\/wp\/v2\/types\/page"}],"author":[{"embeddable":true,"href":"https:\/\/www.megasoft.de\/en\/wp-json\/wp\/v2\/users\/1"}],"replies":[{"embeddable":true,"href":"https:\/\/www.megasoft.de\/en\/wp-json\/wp\/v2\/comments?post=10300"}],"version-history":[{"count":28,"href":"https:\/\/www.megasoft.de\/en\/wp-json\/wp\/v2\/pages\/10300\/revisions"}],"predecessor-version":[{"id":97584,"href":"https:\/\/www.megasoft.de\/en\/wp-json\/wp\/v2\/pages\/10300\/revisions\/97584"}],"wp:attachment":[{"href":"https:\/\/www.megasoft.de\/en\/wp-json\/wp\/v2\/media?parent=10300"}],"curies":[{"name":"wp","href":"https:\/\/api.w.org\/{rel}","templated":true}]}}