{"id":10365,"date":"2021-08-02T13:49:48","date_gmt":"2021-08-02T11:49:48","guid":{"rendered":"https:\/\/www.megasoft.de\/?page_id=10365"},"modified":"2024-06-03T20:05:38","modified_gmt":"2024-06-03T18:05:38","slug":"anleitung-coreldraw-symbolbibliothek","status":"publish","type":"page","link":"https:\/\/www.megasoft.de\/en\/anleitung-coreldraw-symbolbibliothek\/","title":{"rendered":"Anleitung &#8211; CorelDRAW Symbolbibliothek"},"content":{"rendered":"<p>Auf dieser Website finden Sie eine umfangreiche Anleitung zur Benutzung der CorelDRAW Symbolbibliothek. Wir w\u00fcnschen Ihnen viel Spa\u00df beim Gestalten und Illustrieren und unterst\u00fctzen Sie gerne bei der Auswahl der passenden Software Lizenzen:<\/p>\n\n\n<h1 class=\"pt-5 text-center\">Anleitung<\/h1>\n<div class=\"container my-5 py-5 pt-5 z-depth-1\">\n<section class=\"px-md-5 mx-md-5 text-center text-lg-left dark-grey-text\">\n<p><!--Grid row--><\/p>\n<div class=\"row d-flex justify-content-center\">\n<p><!--Grid column--><\/p>\n<div class=\"col-lg-8 text-center\">\n<h3 class=\"font-weight-bold mb-4\">Anleitung &#8211; CorelDRAW Symbolbibliothek<\/h3>\n<p><!--Image--><\/p>\n<div class=\"view overlay z-depth-1-half\">\n<div style=\"width: 640px;\" class=\"wp-video\"><video class=\"wp-video-shortcode\" id=\"video-10365-1\" width=\"640\" height=\"360\" preload=\"metadata\" controls=\"controls\"><source type=\"video\/mp4\" src=\"https:\/\/www.megasoft.de\/wp-content\/uploads\/anleitung_symbolbibilothek_diniso.mp4?_=1\" \/><a href=\"https:\/\/www.megasoft.de\/wp-content\/uploads\/anleitung_symbolbibilothek_diniso.mp4\">https:\/\/www.megasoft.de\/wp-content\/uploads\/anleitung_symbolbibilothek_diniso.mp4<\/a><\/video><\/div>\n<\/div>\n<p><\/p>\n<\/div>\n<p><\/p>\n<\/div>\n<\/section>\n<p><!--Section: Content--><\/p>\n<\/div>\n<div class=\"container\">\n<h3>Gratis: 299 DIN-ISO-Symbole<br \/>exklusiv f\u00fcr Bau, Architektur, Planung<\/h3>\n<p>Gratis CorelDRAW Symbolbibliothek f\u00fcr technische Dokumentation, Arbeitssicherheit, Brandschutz und Umwelt<br \/>\u2022 DIN EN ISO 7010, DIN 4844-2, DIN EN ISO 780 und GHS<br \/>\u2022 kostenlose Corel Symbole einfach per Drag &amp; Drop in CorelDRAW oder CorelDRAW Technical Suite als Bibliothek einf\u00fcgen<br \/>\u2022 EPS &amp; PNG-Format f\u00fcr Nutzung mit jeder Software<br \/>\u2022 Frei skalierbar &amp; editierbar<br \/>\u2022 Wert: \u00dcber 250,- Euro<\/p>\n<p><!-- Main heading --><\/p>\n<hr \/>\n<p><button class=\"btn btn-green btn-lg\" type=\"button\" data-toggle=\"modal\" data-target=\"#downloadmodal\"><br \/>Jetzt GRATIS Downloaden<i class=\"fas fa-download ml-1\"><\/i><br \/><\/button><\/p>\n<\/div>\n<div id=\"downloadmodal\" class=\"modal fade\" role=\"dialog\" aria-labelledby=\"exampleModalLabel\" aria-hidden=\"true\" tabindex=\"-1\">\n<div class=\"modal-dialog\" role=\"document\">\n<div class=\"modal-content\">\n<div class=\"modal-header\">\n<h5 id=\"exampleModalLabel\" class=\"modal-title\">Gratis: 299 DIN-ISO-Symbole exklusiv f\u00fcr Bau, Architektur, Planung<\/h5>\n<p><button class=\"close\" type=\"button\" data-dismiss=\"modal\" aria-label=\"Close\"><br \/><span aria-hidden=\"true\">\u00d7<\/span><br \/><\/button><\/p>\n<\/div>\n<div class=\"modal-body\"><div id=\"multi-step-form\" class=\"fw-wizard\" data-stepcount=\"2\" data-wizardid=\"11\">\n    <div class=\"fw-wizard-step-header-container\">\n        <div class=\"fw-container\" data-redirect=\"https:\/\/www.megasoft.de\/download\/10288\/\">\n                <div class=\"fw-wizard-step-header\" data-stepid=\"0\">\n            <span class=\"msf-h2\"><\/span>\n            <p class=\"fw-copytext\"><\/p>\n        <\/div>\n                <div class=\"fw-wizard-step-header\" data-stepid=\"1\">\n            <span class=\"msf-h2\"><\/span>\n            <p class=\"fw-copytext\"><\/p>\n        <\/div>\n                <\/div>\n    <\/div>\n    <div class=\"fw-progress-bar-container\">\n        <div class=\"fw-container\">\n    <div class=\"fw-progress-wrap\">\n    <ul class=\"fw-progress-bar\"\n        data-activecolor=\"#546e7a\"\n        data-donecolor=\"#4caf50\"\n        data-nextcolor=\"#aaa\"\n        data-buttoncolor=\"#546e7a\">\n                <li class=\"fw-progress-step\"\n            data-id=\"0\">\n            <span class=\"fw-progress-bar-bar\"><\/span>\n            <span class=\"fw-txt-ellipsis\" data-title=\"Start\">Start<\/span>\n                    <\/li>\n                    <li class=\"fw-progress-step\"\n            data-id=\"1\">\n            <span class=\"fw-progress-bar-bar\"><\/span>\n            <span class=\"fw-txt-ellipsis\" data-title=\"Rechtliches\">Rechtliches<\/span>\n                    <\/li>\n                <\/ul>\n<\/div>\n        <\/div>\n    <\/div>\n    <div class=\"fw-wizard-step-container\">\n        <div class=\"fw-container\">\n                    <div class=\"fw-wizard-step\" data-stepid=\"0\">\n                <div class=\"fw-step-part\" data-partid=\"0\">\n\t<span class=\"fw-step-part-title\">\n\t\t\tContact\t<\/span>\n\t<div class=\"fw-clearfix\"><\/div>\n\t<div class=\"fw-step-part-body\">\n\t\t\t\t\t\t\t\t\t<div class=\"fw-step-block\" data-blockid=\"11\" data-type=\"fw-text\" data-required=\"true\">\n\t\t\t<div class=\"fw-input-container\">\n\t\t\t\t<label for=\"msf-text-name\"><span class=\"msf-h3\">Name<\/span><\/label>\n\t\t\t\t<input \n\t\t\t\t\ttype=\"text\" \n\t\t\t\t\tclass=\"fw-text-input\" \n\t\t\t\t\tid=\"msf-text-name\"\n\t\t\t\t\tdata-id=\"text\">\n\t\t\t\t<span class=\"fa fa-pencil form-control-feedback\" aria-hidden=\"true\"><\/span>\n\t\t\t<\/div>\n\t\t\t<div class=\"fw-clearfix\"><\/div>\n\t\t<\/div>\n\t\t\t\t\t\t\t\t\t\t\t<div class=\"fw-step-block\" data-blockid=\"11\" data-type=\"fw-text\" data-required=\"true\">\n\t\t\t<div class=\"fw-input-container\">\n\t\t\t\t<label for=\"msf-text-firma\"><span class=\"msf-h3\">Firma<\/span><\/label>\n\t\t\t\t<input \n\t\t\t\t\ttype=\"text\" \n\t\t\t\t\tclass=\"fw-text-input\" \n\t\t\t\t\tid=\"msf-text-firma\"\n\t\t\t\t\tdata-id=\"text\">\n\t\t\t\t<span class=\"fa fa-pencil form-control-feedback\" aria-hidden=\"true\"><\/span>\n\t\t\t<\/div>\n\t\t\t<div class=\"fw-clearfix\"><\/div>\n\t\t<\/div>\n\t\t\t\t\t\t\t\t\t\t\t<div class=\"fw-step-block\" data-blockid=\"11\" data-type=\"fw-email\" data-required=\"true\">\n\t\t\t<div class=\"fw-input-container\">\n\t\t\t\t<label for=\"msf-mail-e-mail\"><span class=\"msf-h3\">E-Mail<\/span><\/label>\n\t\t\t\t<input type=\"text\" id=\"msf-mail-e-mail\"  class=\"fw-text-input one\" data-id=\"email\">\n\t\t\t\t<span class=\"fa fa-envelope form-control-feedback\" aria-hidden=\"true\"><\/span>\n\t\t\t<\/div>\n\t\t\t\t\t\t<div class=\"fw-clearfix\"><\/div>\n\t\t<\/div>\n\t  \t\t\t\t\t\t\t\t\t<div \n\t\t\tclass=\"fw-step-block\" \n\t\t\tdata-blockid=\"11\" \n\t\t\tdata-type=\"fw-numeric\" \n\t\t\tdata-required=\"true\" \n\t\t\t\t\t\t\t\t>\n\n\t\t\t<div class=\"fw-input-container\">\n\t\t\t\t<label for=\"msf-numeric-telefon\"><span class=\"msf-h3\">Telefon<\/span><\/label>\n\t\t\t\t<input \n\t\t\t\t\ttype=\"text\" \n\t\t\t\t\tclass=\"fw-text-input\" \n\t\t\t\t\tdata-id=\"numeric\"\n\t\t\t\t\tid=\"msf-numeric-telefon\"\n\t\t\t\t\tplaceholder=\"\"\n\t\t\t\t\t\t\t\t\t\t\t\t\t\t>\n\t\t\t\t<span class=\"fa fa-asterisk form-control-feedback\" aria-hidden=\"true\"><\/span>\n\t\t\t<\/div>\n\t\t\t<div class=\"fw-clearfix\"><\/div>\n\t\t<\/div>\n\t  \t\t\t\t<\/div>\n<\/div>\n\t\t\t                <div class=\"fw-clearfix\"><\/div>\n            <\/div>\n                        <div class=\"fw-wizard-step\" data-stepid=\"1\">\n                <div class=\"fw-step-part\" data-partid=\"0\">\n\t<span class=\"fw-step-part-title\">\n\t\t\tDatenschutz und AGB\t<\/span>\n\t<div class=\"fw-clearfix\"><\/div>\n\t<div class=\"fw-step-part-body\">\n\t\t\t\t\t\t\t\t\t<div class=\"fw-step-block\" data-blockid=\"11\" data-type=\"fw-radio\" data-required=\"true\">\n\t\t\t\t\t\t\t\t<span class=\"msf-h3\">Ich habe die Datenschutzerkl\u00e4rung &amp; AGB der megasoft IT gelesen und akzeptiert. Ich bin damit einverstanden, dass meine Daten zur Auftragsverarbeitung an Partner weitergeben werden k\u00f6nnen. Ich melde mich zum kostenlosen Newsletter der megasoft IT an.<\/span>\n\t\t\t\t\t<br>\n\t\t\t\t\t\t\t\t\t\t<span class=\"fw-choice fw-radio-row\">\n\t\t\t\t\t\t<input id=\"fw-11-1-0-0-1\" type=\"radio\" name=\"fw-11-1-0-0\" class=\"fw-radio\" data-id=\"1\">\n\t\t\t\t\t\t<label for=\"fw-11-1-0-0-1\" data-labelid=\"1\"><\/label>\n\t\t\t\t\t<\/span>\n\t\t\t\t\t\t\t<\/div>\n\t\t\t\t\t\t<\/div>\n<\/div>\n\t\t\t                    <button type=\"button\" class=\"fw-btn-submit\">Submit<\/button>\n                                <div class=\"fw-clearfix\"><\/div>\n            <\/div>\n                    <\/div>\n    <\/div>\n        <div class=\"fw-wizard-button-container\">\n        <div class=\"fw-container\">\n            <div class=\"fw-wizard-buttons\">\n                <button class=\"fw-button-previous\"><i class=\"fa fa-arrow-circle-left\" aria-hidden=\"true\"><\/i> &nbsp;Previous Step<\/button>\n                <button class=\"fw-button-next\">Next Step &nbsp;<i class=\"fa fa-arrow-circle-right\" aria-hidden=\"true\"><\/i><\/button>\n            <\/div>\n        <\/div>\n    <\/div>\n        <div class=\"fw-alert-user\" style=\"display:none;\"><\/div>\n<\/div>\n<\/div>\n<div class=\"modal-footer\">Vertrieb: +49 2173 265 06 0<\/div>\n<\/div>\n<\/div>\n<\/div>","protected":false},"excerpt":{"rendered":"Auf dieser Website finden Sie eine umfangreiche Anleitung zur Benutzung der CorelDRAW Symbolbibliothek. Wir w\u00fcnschen Ihnen viel Spa\u00df beim Gestalten und Illustrieren und unterst\u00fctzen Sie gerne bei der Auswahl der passenden Software Lizenzen: Anleitung Anleitung &#8211; CorelDRAW Symbolbibliothek Gratis: 299 DIN-ISO-Symboleexklusiv f\u00fcr Bau, Architektur, Planung Gratis CorelDRAW Symbolbibliothek f\u00fcr technische [&hellip;]","protected":false},"author":1,"featured_media":0,"parent":0,"menu_order":0,"comment_status":"closed","ping_status":"closed","template":"","meta":{"om_disable_all_campaigns":false,"_monsterinsights_skip_tracking":false,"_monsterinsights_sitenote_active":false,"_monsterinsights_sitenote_note":"","_monsterinsights_sitenote_category":0,"_themeisle_gutenberg_block_has_review":false,"footnotes":""},"class_list":["post-10365","page","type-page","status-publish","hentry","no-wpautop"],"yoast_head":"<!-- This site is optimized with the Yoast SEO plugin v27.6 - https:\/\/yoast.com\/product\/yoast-seo-wordpress\/ -->\n<title>Anleitung - CorelDRAW Symbolbibliothek - megasoft IT GmbH &amp; Co. KG<\/title>\n<meta name=\"description\" content=\"Anleitung: CorelDRAW Symbolbibliothek bei megasoft IT\u00ae - Your IT Procurement Partner |\u00a0Software. Solution. Service. seit \u00fcber 35 Jahren!\" \/>\n<meta name=\"robots\" content=\"index, follow, max-snippet:-1, max-image-preview:large, max-video-preview:-1\" \/>\n<link rel=\"canonical\" href=\"https:\/\/www.megasoft.de\/en\/anleitung-coreldraw-symbolbibliothek\/\" \/>\n<meta property=\"og:locale\" content=\"en_US\" \/>\n<meta property=\"og:type\" content=\"article\" \/>\n<meta property=\"og:title\" content=\"Anleitung - CorelDRAW Symbolbibliothek - megasoft IT GmbH &amp; Co. KG\" \/>\n<meta property=\"og:description\" content=\"Anleitung: CorelDRAW Symbolbibliothek bei megasoft IT\u00ae - Your IT Procurement Partner |\u00a0Software. Solution. Service. seit \u00fcber 35 Jahren!\" \/>\n<meta property=\"og:url\" content=\"https:\/\/www.megasoft.de\/en\/anleitung-coreldraw-symbolbibliothek\/\" \/>\n<meta property=\"og:site_name\" content=\"megasoft IT GmbH &amp; Co. KG\" \/>\n<meta property=\"article:modified_time\" content=\"2024-06-03T18:05:38+00:00\" \/>\n<meta name=\"twitter:card\" content=\"summary_large_image\" \/>\n<meta name=\"twitter:label1\" content=\"Est. reading time\" \/>\n\t<meta name=\"twitter:data1\" content=\"1 minute\" \/>\n<script type=\"application\/ld+json\" class=\"yoast-schema-graph\">{\"@context\":\"https:\\\/\\\/schema.org\",\"@graph\":[{\"@type\":\"WebPage\",\"@id\":\"https:\\\/\\\/www.megasoft.de\\\/anleitung-coreldraw-symbolbibliothek\\\/\",\"url\":\"https:\\\/\\\/www.megasoft.de\\\/anleitung-coreldraw-symbolbibliothek\\\/\",\"name\":\"Anleitung - CorelDRAW Symbolbibliothek - megasoft IT GmbH &amp; Co. KG\",\"isPartOf\":{\"@id\":\"https:\\\/\\\/www.megasoft.de\\\/#website\"},\"datePublished\":\"2021-08-02T11:49:48+00:00\",\"dateModified\":\"2024-06-03T18:05:38+00:00\",\"description\":\"Anleitung: CorelDRAW Symbolbibliothek bei megasoft IT\u00ae - Your IT Procurement Partner |\u00a0Software. Solution. Service. seit \u00fcber 35 Jahren!\",\"breadcrumb\":{\"@id\":\"https:\\\/\\\/www.megasoft.de\\\/anleitung-coreldraw-symbolbibliothek\\\/#breadcrumb\"},\"inLanguage\":\"en-US\",\"potentialAction\":[{\"@type\":\"ReadAction\",\"target\":[\"https:\\\/\\\/www.megasoft.de\\\/anleitung-coreldraw-symbolbibliothek\\\/\"]}]},{\"@type\":\"BreadcrumbList\",\"@id\":\"https:\\\/\\\/www.megasoft.de\\\/anleitung-coreldraw-symbolbibliothek\\\/#breadcrumb\",\"itemListElement\":[{\"@type\":\"ListItem\",\"position\":1,\"name\":\"Startseite\",\"item\":\"https:\\\/\\\/www.megasoft.de\\\/\"},{\"@type\":\"ListItem\",\"position\":2,\"name\":\"Anleitung &#8211; CorelDRAW Symbolbibliothek\"}]},{\"@type\":\"WebSite\",\"@id\":\"https:\\\/\\\/www.megasoft.de\\\/#website\",\"url\":\"https:\\\/\\\/www.megasoft.de\\\/\",\"name\":\"megasoft IT GmbH &amp; Co. KG\",\"description\":\"Your IT Procurement Partner\",\"publisher\":{\"@id\":\"https:\\\/\\\/www.megasoft.de\\\/#organization\"},\"potentialAction\":[{\"@type\":\"SearchAction\",\"target\":{\"@type\":\"EntryPoint\",\"urlTemplate\":\"https:\\\/\\\/www.megasoft.de\\\/?s={search_term_string}\"},\"query-input\":{\"@type\":\"PropertyValueSpecification\",\"valueRequired\":true,\"valueName\":\"search_term_string\"}}],\"inLanguage\":\"en-US\"},{\"@type\":\"Organization\",\"@id\":\"https:\\\/\\\/www.megasoft.de\\\/#organization\",\"name\":\"megasoft IT GmbH &amp; Co. KG\",\"url\":\"https:\\\/\\\/www.megasoft.de\\\/\",\"logo\":{\"@type\":\"ImageObject\",\"inLanguage\":\"en-US\",\"@id\":\"https:\\\/\\\/www.megasoft.de\\\/#\\\/schema\\\/logo\\\/image\\\/\",\"url\":\"https:\\\/\\\/www.megasoft.de\\\/wp-content\\\/uploads\\\/megasoft_logo_IT_Procurement_Partner.png\",\"contentUrl\":\"https:\\\/\\\/www.megasoft.de\\\/wp-content\\\/uploads\\\/megasoft_logo_IT_Procurement_Partner.png\",\"width\":1400,\"height\":350,\"caption\":\"megasoft IT GmbH &amp; Co. KG\"},\"image\":{\"@id\":\"https:\\\/\\\/www.megasoft.de\\\/#\\\/schema\\\/logo\\\/image\\\/\"}}]}<\/script>\n<!-- \/ Yoast SEO plugin. -->","yoast_head_json":{"title":"Anleitung - CorelDRAW Symbolbibliothek - megasoft IT GmbH &amp; Co. KG","description":"Anleitung: CorelDRAW Symbolbibliothek bei megasoft IT\u00ae - Your IT Procurement Partner |\u00a0Software. Solution. Service. seit \u00fcber 35 Jahren!","robots":{"index":"index","follow":"follow","max-snippet":"max-snippet:-1","max-image-preview":"max-image-preview:large","max-video-preview":"max-video-preview:-1"},"canonical":"https:\/\/www.megasoft.de\/en\/anleitung-coreldraw-symbolbibliothek\/","og_locale":"en_US","og_type":"article","og_title":"Anleitung - CorelDRAW Symbolbibliothek - megasoft IT GmbH &amp; Co. KG","og_description":"Anleitung: CorelDRAW Symbolbibliothek bei megasoft IT\u00ae - Your IT Procurement Partner |\u00a0Software. Solution. Service. seit \u00fcber 35 Jahren!","og_url":"https:\/\/www.megasoft.de\/en\/anleitung-coreldraw-symbolbibliothek\/","og_site_name":"megasoft IT GmbH &amp; Co. KG","article_modified_time":"2024-06-03T18:05:38+00:00","twitter_card":"summary_large_image","twitter_misc":{"Est. reading time":"1 minute"},"schema":{"@context":"https:\/\/schema.org","@graph":[{"@type":"WebPage","@id":"https:\/\/www.megasoft.de\/anleitung-coreldraw-symbolbibliothek\/","url":"https:\/\/www.megasoft.de\/anleitung-coreldraw-symbolbibliothek\/","name":"Anleitung - CorelDRAW Symbolbibliothek - megasoft IT GmbH &amp; Co. KG","isPartOf":{"@id":"https:\/\/www.megasoft.de\/#website"},"datePublished":"2021-08-02T11:49:48+00:00","dateModified":"2024-06-03T18:05:38+00:00","description":"Anleitung: CorelDRAW Symbolbibliothek bei megasoft IT\u00ae - Your IT Procurement Partner |\u00a0Software. Solution. Service. seit \u00fcber 35 Jahren!","breadcrumb":{"@id":"https:\/\/www.megasoft.de\/anleitung-coreldraw-symbolbibliothek\/#breadcrumb"},"inLanguage":"en-US","potentialAction":[{"@type":"ReadAction","target":["https:\/\/www.megasoft.de\/anleitung-coreldraw-symbolbibliothek\/"]}]},{"@type":"BreadcrumbList","@id":"https:\/\/www.megasoft.de\/anleitung-coreldraw-symbolbibliothek\/#breadcrumb","itemListElement":[{"@type":"ListItem","position":1,"name":"Startseite","item":"https:\/\/www.megasoft.de\/"},{"@type":"ListItem","position":2,"name":"Anleitung &#8211; CorelDRAW Symbolbibliothek"}]},{"@type":"WebSite","@id":"https:\/\/www.megasoft.de\/#website","url":"https:\/\/www.megasoft.de\/","name":"megasoft IT GmbH &amp; Co. KG","description":"Your IT Procurement Partner","publisher":{"@id":"https:\/\/www.megasoft.de\/#organization"},"potentialAction":[{"@type":"SearchAction","target":{"@type":"EntryPoint","urlTemplate":"https:\/\/www.megasoft.de\/?s={search_term_string}"},"query-input":{"@type":"PropertyValueSpecification","valueRequired":true,"valueName":"search_term_string"}}],"inLanguage":"en-US"},{"@type":"Organization","@id":"https:\/\/www.megasoft.de\/#organization","name":"megasoft IT GmbH &amp; Co. KG","url":"https:\/\/www.megasoft.de\/","logo":{"@type":"ImageObject","inLanguage":"en-US","@id":"https:\/\/www.megasoft.de\/#\/schema\/logo\/image\/","url":"https:\/\/www.megasoft.de\/wp-content\/uploads\/megasoft_logo_IT_Procurement_Partner.png","contentUrl":"https:\/\/www.megasoft.de\/wp-content\/uploads\/megasoft_logo_IT_Procurement_Partner.png","width":1400,"height":350,"caption":"megasoft IT GmbH &amp; Co. KG"},"image":{"@id":"https:\/\/www.megasoft.de\/#\/schema\/logo\/image\/"}}]}},"publishpress_future_action":{"enabled":false,"date":"2026-05-22 13:18:51","action":"change-status","newStatus":"draft","terms":[],"taxonomy":"","extraData":[]},"publishpress_future_workflow_manual_trigger":{"enabledWorkflows":[]},"_links":{"self":[{"href":"https:\/\/www.megasoft.de\/en\/wp-json\/wp\/v2\/pages\/10365","targetHints":{"allow":["GET"]}}],"collection":[{"href":"https:\/\/www.megasoft.de\/en\/wp-json\/wp\/v2\/pages"}],"about":[{"href":"https:\/\/www.megasoft.de\/en\/wp-json\/wp\/v2\/types\/page"}],"author":[{"embeddable":true,"href":"https:\/\/www.megasoft.de\/en\/wp-json\/wp\/v2\/users\/1"}],"replies":[{"embeddable":true,"href":"https:\/\/www.megasoft.de\/en\/wp-json\/wp\/v2\/comments?post=10365"}],"version-history":[{"count":17,"href":"https:\/\/www.megasoft.de\/en\/wp-json\/wp\/v2\/pages\/10365\/revisions"}],"predecessor-version":[{"id":98634,"href":"https:\/\/www.megasoft.de\/en\/wp-json\/wp\/v2\/pages\/10365\/revisions\/98634"}],"wp:attachment":[{"href":"https:\/\/www.megasoft.de\/en\/wp-json\/wp\/v2\/media?parent=10365"}],"curies":[{"name":"wp","href":"https:\/\/api.w.org\/{rel}","templated":true}]}}