{"id":104435,"date":"2024-06-06T17:48:17","date_gmt":"2024-06-06T15:48:17","guid":{"rendered":"https:\/\/www.megasoft.de\/?page_id=104435"},"modified":"2024-06-06T17:53:39","modified_gmt":"2024-06-06T15:53:39","slug":"pressemitteilungen","status":"publish","type":"page","link":"https:\/\/www.megasoft.de\/en\/pressemitteilungen\/","title":{"rendered":"Pressemitteilungen"},"content":{"rendered":"<p>In diesem Bereich finden Sie alle aktuellen Pressemitteilungen rund um und von megasoft IT.<\/p>\n\n\n\n<p><\/p>\n\n\n\n<h3 class=\"wp-block-heading\">megasoft IT gibt exklusive Partnerschaft mit Probely bekannt<\/h3>\n\n\n\n<p><strong>Monheim, 06.06.2024<\/strong> \u2013 megasoft IT, Software Procurement Partner und Anbieter im Bereich IT-Sicherheit, freut sich, die exklusive Partnerschaft mit Probely bekanntzugeben, einem f\u00fchrenden Anbieter von automatisierten Schwachstellenscannern f\u00fcr Webanwendungen und APIs.<\/p>\n\n\n\n<p>Diese Partnerschaft erm\u00f6glicht es megasoft IT, seinen Kunden erstklassige Sicherheitsl\u00f6sungen anzubieten, die nahtlos in ihre bestehenden Prozesse integriert werden k\u00f6nnen. Probelys fortschrittliche Technologie hilft Unternehmen, ihre Webanwendungen und APIs sicherer zu gestalten und Compliance-Anforderungen m\u00fchelos zu erf\u00fcllen.<\/p>\n\n\n\n<p><strong>&#8222;Ich freue mich sehr, unsere Partnerschaft mit Probely bekanntgeben zu d\u00fcrfen,&#8220;<\/strong> sagt Lukas Paegelow, CEO von megasoft IT. <strong>&#8222;Mit Probely haben wir einen erstklassigen Softwarehersteller f\u00fcr Webanwendungssicherheit und API-Testing gewinnen k\u00f6nnen. Ein weiterer sehr positiver Schritt beim Ausbau unseres IT-Security Portfolios und ein enormer Mehrwert f\u00fcr unsere Kunden.&#8220;<\/strong><\/p>\n\n\n\n<p>Probely bietet umfassende Sicherheitsl\u00f6sungen, die es Unternehmen erm\u00f6glichen, Schwachstellen fr\u00fchzeitig zu erkennen und zu beheben. Die Technologie von Probely integriert sich nahtlos in bestehende Entwicklungsprozesse und unterst\u00fctzt g\u00e4ngige CI\/CD-Tools wie Jenkins, Jira und Slack. Dadurch k\u00f6nnen Unternehmen ihre Sicherheitsma\u00dfnahmen automatisieren und sicherstellen, dass ihre Anwendungen stets optimal gesch\u00fctzt sind.<\/p>\n\n\n\n<p>Die Partnerschaft zwischen megasoft IT und Probely unterstreicht das Engagement von megasoft IT, seinen Kunden die bestm\u00f6glichen Sicherheitsl\u00f6sungen und Compliance-Tools bereitzustellen. Kunden von megasoft IT k\u00f6nnen nun von Probelys innovativen Sicherheitsl\u00f6sungen profitieren und ihre IT-Sicherheit auf das n\u00e4chste Level heben.<\/p>\n\n\n\n<p>Weitere Informationen zur Partnerschaft und den angebotenen L\u00f6sungen finden Sie auf unserer speziellen Landingpage: <a href=\"https:\/\/www.megasoft.de\/en\/probely\/\">https:\/\/www.megasoft.de\/probely\/<\/a>.<\/p>\n\n\n\n<p><strong>\u00dcber megasoft IT:<\/strong> MEGASOFT\u00ae IT, mit Hauptsitz in Monheim am Rhein, ist seit \u00fcber 35 Jahren ein zuverl\u00e4ssiger IT-Partner f\u00fcr Gro\u00dfkunden und mittelst\u00e4ndische Unternehmen in der DACH-Region.<br>Unser Fokus liegt auf der Beschaffung und Lizenzierung ma\u00dfgeschneiderter Softwarel\u00f6sungen f\u00fcr den professionellen Einsatz im Gesch\u00e4ftsumfeld.<\/p>\n\n\n\n<p>Dank unserer engen, zertifizierten Partnerschaften mit internationalen Software-Herstellern verf\u00fcgen wir \u00fcber ein breites Wissensspektrum im IT-Sektor. Dies erm\u00f6glicht es uns, unsere Kunden umfassend auf dem stetig komplexer werdenden Markt der Softwareinfrastrukturen zu unterst\u00fctzen<\/p>\n\n\n\n<p><strong>\u00dcber Probely:<\/strong> Probely ist ein f\u00fchrender Anbieter von automatisierten Schwachstellenscannern f\u00fcr Webanwendungen und APIs. Das Unternehmen bietet umfassende Sicherheitsl\u00f6sungen, die es Unternehmen erm\u00f6glichen, Schwachstellen fr\u00fchzeitig zu erkennen und zu beheben. Probelys Technologie integriert sich nahtlos in bestehende Entwicklungsprozesse und unterst\u00fctzt Unternehmen dabei, ihre Sicherheitsma\u00dfnahmen zu automatisieren und Compliance-Anforderungen zu erf\u00fcllen.<\/p>","protected":false},"excerpt":{"rendered":"<p>In diesem Bereich finden Sie alle aktuellen Pressemitteilungen rund um und von megasoft IT. megasoft IT gibt exklusive Partnerschaft mit Probely bekannt Monheim, 06.06.2024 \u2013 megasoft IT, Software Procurement Partner und Anbieter im Bereich IT-Sicherheit, freut sich, die exklusive Partnerschaft mit Probely bekanntzugeben, einem f\u00fchrenden Anbieter von automatisierten Schwachstellenscannern f\u00fcr [&hellip;]<\/p>\n","protected":false},"author":1,"featured_media":0,"parent":0,"menu_order":0,"comment_status":"closed","ping_status":"closed","template":"","meta":{"om_disable_all_campaigns":false,"_monsterinsights_skip_tracking":false,"_monsterinsights_sitenote_active":false,"_monsterinsights_sitenote_note":"","_monsterinsights_sitenote_category":0,"_themeisle_gutenberg_block_has_review":false,"footnotes":""},"class_list":["post-104435","page","type-page","status-publish","hentry","wpautop"],"yoast_head":"<!-- This site is optimized with the Yoast SEO plugin v27.4 - https:\/\/yoast.com\/product\/yoast-seo-wordpress\/ -->\n<title>Pressemitteilungen - megasoft IT GmbH &amp; Co. KG<\/title>\n<meta name=\"robots\" content=\"index, follow, max-snippet:-1, max-image-preview:large, max-video-preview:-1\" \/>\n<link rel=\"canonical\" href=\"https:\/\/www.megasoft.de\/en\/pressemitteilungen\/\" \/>\n<meta property=\"og:locale\" content=\"en_US\" \/>\n<meta property=\"og:type\" content=\"article\" \/>\n<meta property=\"og:title\" content=\"Pressemitteilungen - megasoft IT GmbH &amp; Co. KG\" \/>\n<meta property=\"og:description\" content=\"In diesem Bereich finden Sie alle aktuellen Pressemitteilungen rund um und von megasoft IT. megasoft IT gibt exklusive Partnerschaft mit Probely bekannt Monheim, 06.06.2024 \u2013 megasoft IT, Software Procurement Partner und Anbieter im Bereich IT-Sicherheit, freut sich, die exklusive Partnerschaft mit Probely bekanntzugeben, einem f\u00fchrenden Anbieter von automatisierten Schwachstellenscannern f\u00fcr [&hellip;]\" \/>\n<meta property=\"og:url\" content=\"https:\/\/www.megasoft.de\/en\/pressemitteilungen\/\" \/>\n<meta property=\"og:site_name\" content=\"megasoft IT GmbH &amp; Co. KG\" \/>\n<meta property=\"article:modified_time\" content=\"2024-06-06T15:53:39+00:00\" \/>\n<meta name=\"twitter:card\" content=\"summary_large_image\" \/>\n<meta name=\"twitter:label1\" content=\"Est. reading time\" \/>\n\t<meta name=\"twitter:data1\" content=\"3 minutes\" \/>\n<script type=\"application\/ld+json\" class=\"yoast-schema-graph\">{\"@context\":\"https:\\\/\\\/schema.org\",\"@graph\":[{\"@type\":\"WebPage\",\"@id\":\"https:\\\/\\\/www.megasoft.de\\\/pressemitteilungen\\\/\",\"url\":\"https:\\\/\\\/www.megasoft.de\\\/pressemitteilungen\\\/\",\"name\":\"Pressemitteilungen - megasoft IT GmbH &amp; Co. KG\",\"isPartOf\":{\"@id\":\"https:\\\/\\\/www.megasoft.de\\\/#website\"},\"datePublished\":\"2024-06-06T15:48:17+00:00\",\"dateModified\":\"2024-06-06T15:53:39+00:00\",\"breadcrumb\":{\"@id\":\"https:\\\/\\\/www.megasoft.de\\\/pressemitteilungen\\\/#breadcrumb\"},\"inLanguage\":\"en-US\",\"potentialAction\":[{\"@type\":\"ReadAction\",\"target\":[\"https:\\\/\\\/www.megasoft.de\\\/pressemitteilungen\\\/\"]}]},{\"@type\":\"BreadcrumbList\",\"@id\":\"https:\\\/\\\/www.megasoft.de\\\/pressemitteilungen\\\/#breadcrumb\",\"itemListElement\":[{\"@type\":\"ListItem\",\"position\":1,\"name\":\"Startseite\",\"item\":\"https:\\\/\\\/www.megasoft.de\\\/\"},{\"@type\":\"ListItem\",\"position\":2,\"name\":\"Pressemitteilungen\"}]},{\"@type\":\"WebSite\",\"@id\":\"https:\\\/\\\/www.megasoft.de\\\/#website\",\"url\":\"https:\\\/\\\/www.megasoft.de\\\/\",\"name\":\"megasoft IT GmbH &amp; Co. KG\",\"description\":\"Your IT Procurement Partner\",\"publisher\":{\"@id\":\"https:\\\/\\\/www.megasoft.de\\\/#organization\"},\"potentialAction\":[{\"@type\":\"SearchAction\",\"target\":{\"@type\":\"EntryPoint\",\"urlTemplate\":\"https:\\\/\\\/www.megasoft.de\\\/?s={search_term_string}\"},\"query-input\":{\"@type\":\"PropertyValueSpecification\",\"valueRequired\":true,\"valueName\":\"search_term_string\"}}],\"inLanguage\":\"en-US\"},{\"@type\":\"Organization\",\"@id\":\"https:\\\/\\\/www.megasoft.de\\\/#organization\",\"name\":\"megasoft IT GmbH &amp; Co. KG\",\"url\":\"https:\\\/\\\/www.megasoft.de\\\/\",\"logo\":{\"@type\":\"ImageObject\",\"inLanguage\":\"en-US\",\"@id\":\"https:\\\/\\\/www.megasoft.de\\\/#\\\/schema\\\/logo\\\/image\\\/\",\"url\":\"https:\\\/\\\/www.megasoft.de\\\/wp-content\\\/uploads\\\/megasoft_logo_IT_Procurement_Partner.png\",\"contentUrl\":\"https:\\\/\\\/www.megasoft.de\\\/wp-content\\\/uploads\\\/megasoft_logo_IT_Procurement_Partner.png\",\"width\":1400,\"height\":350,\"caption\":\"megasoft IT GmbH &amp; Co. KG\"},\"image\":{\"@id\":\"https:\\\/\\\/www.megasoft.de\\\/#\\\/schema\\\/logo\\\/image\\\/\"}}]}<\/script>\n<!-- \/ Yoast SEO plugin. -->","yoast_head_json":{"title":"Pressemitteilungen - megasoft IT GmbH &amp; Co. KG","robots":{"index":"index","follow":"follow","max-snippet":"max-snippet:-1","max-image-preview":"max-image-preview:large","max-video-preview":"max-video-preview:-1"},"canonical":"https:\/\/www.megasoft.de\/en\/pressemitteilungen\/","og_locale":"en_US","og_type":"article","og_title":"Pressemitteilungen - megasoft IT GmbH &amp; Co. KG","og_description":"In diesem Bereich finden Sie alle aktuellen Pressemitteilungen rund um und von megasoft IT. megasoft IT gibt exklusive Partnerschaft mit Probely bekannt Monheim, 06.06.2024 \u2013 megasoft IT, Software Procurement Partner und Anbieter im Bereich IT-Sicherheit, freut sich, die exklusive Partnerschaft mit Probely bekanntzugeben, einem f\u00fchrenden Anbieter von automatisierten Schwachstellenscannern f\u00fcr [&hellip;]","og_url":"https:\/\/www.megasoft.de\/en\/pressemitteilungen\/","og_site_name":"megasoft IT GmbH &amp; Co. KG","article_modified_time":"2024-06-06T15:53:39+00:00","twitter_card":"summary_large_image","twitter_misc":{"Est. reading time":"3 minutes"},"schema":{"@context":"https:\/\/schema.org","@graph":[{"@type":"WebPage","@id":"https:\/\/www.megasoft.de\/pressemitteilungen\/","url":"https:\/\/www.megasoft.de\/pressemitteilungen\/","name":"Pressemitteilungen - megasoft IT GmbH &amp; Co. KG","isPartOf":{"@id":"https:\/\/www.megasoft.de\/#website"},"datePublished":"2024-06-06T15:48:17+00:00","dateModified":"2024-06-06T15:53:39+00:00","breadcrumb":{"@id":"https:\/\/www.megasoft.de\/pressemitteilungen\/#breadcrumb"},"inLanguage":"en-US","potentialAction":[{"@type":"ReadAction","target":["https:\/\/www.megasoft.de\/pressemitteilungen\/"]}]},{"@type":"BreadcrumbList","@id":"https:\/\/www.megasoft.de\/pressemitteilungen\/#breadcrumb","itemListElement":[{"@type":"ListItem","position":1,"name":"Startseite","item":"https:\/\/www.megasoft.de\/"},{"@type":"ListItem","position":2,"name":"Pressemitteilungen"}]},{"@type":"WebSite","@id":"https:\/\/www.megasoft.de\/#website","url":"https:\/\/www.megasoft.de\/","name":"megasoft IT GmbH &amp; Co. KG","description":"Your IT Procurement Partner","publisher":{"@id":"https:\/\/www.megasoft.de\/#organization"},"potentialAction":[{"@type":"SearchAction","target":{"@type":"EntryPoint","urlTemplate":"https:\/\/www.megasoft.de\/?s={search_term_string}"},"query-input":{"@type":"PropertyValueSpecification","valueRequired":true,"valueName":"search_term_string"}}],"inLanguage":"en-US"},{"@type":"Organization","@id":"https:\/\/www.megasoft.de\/#organization","name":"megasoft IT GmbH &amp; Co. KG","url":"https:\/\/www.megasoft.de\/","logo":{"@type":"ImageObject","inLanguage":"en-US","@id":"https:\/\/www.megasoft.de\/#\/schema\/logo\/image\/","url":"https:\/\/www.megasoft.de\/wp-content\/uploads\/megasoft_logo_IT_Procurement_Partner.png","contentUrl":"https:\/\/www.megasoft.de\/wp-content\/uploads\/megasoft_logo_IT_Procurement_Partner.png","width":1400,"height":350,"caption":"megasoft IT GmbH &amp; Co. KG"},"image":{"@id":"https:\/\/www.megasoft.de\/#\/schema\/logo\/image\/"}}]}},"publishpress_future_action":{"enabled":false,"date":"2026-04-24 06:20:40","action":"change-status","newStatus":"draft","terms":[],"taxonomy":"","extraData":[]},"publishpress_future_workflow_manual_trigger":{"enabledWorkflows":[]},"_links":{"self":[{"href":"https:\/\/www.megasoft.de\/en\/wp-json\/wp\/v2\/pages\/104435","targetHints":{"allow":["GET"]}}],"collection":[{"href":"https:\/\/www.megasoft.de\/en\/wp-json\/wp\/v2\/pages"}],"about":[{"href":"https:\/\/www.megasoft.de\/en\/wp-json\/wp\/v2\/types\/page"}],"author":[{"embeddable":true,"href":"https:\/\/www.megasoft.de\/en\/wp-json\/wp\/v2\/users\/1"}],"replies":[{"embeddable":true,"href":"https:\/\/www.megasoft.de\/en\/wp-json\/wp\/v2\/comments?post=104435"}],"version-history":[{"count":3,"href":"https:\/\/www.megasoft.de\/en\/wp-json\/wp\/v2\/pages\/104435\/revisions"}],"predecessor-version":[{"id":104439,"href":"https:\/\/www.megasoft.de\/en\/wp-json\/wp\/v2\/pages\/104435\/revisions\/104439"}],"wp:attachment":[{"href":"https:\/\/www.megasoft.de\/en\/wp-json\/wp\/v2\/media?parent=104435"}],"curies":[{"name":"wp","href":"https:\/\/api.w.org\/{rel}","templated":true}]}}