{"id":108885,"date":"2025-06-18T12:51:28","date_gmt":"2025-06-18T10:51:28","guid":{"rendered":"https:\/\/www.megasoft.de\/?page_id=108885"},"modified":"2025-06-18T14:10:38","modified_gmt":"2025-06-18T12:10:38","slug":"preisliste-mindmanager","status":"publish","type":"page","link":"https:\/\/www.megasoft.de\/en\/preisliste-mindmanager\/","title":{"rendered":"Preisliste MindManager"},"content":{"rendered":"<div data-elementor-type=\"wp-page\" data-elementor-id=\"108885\" class=\"elementor elementor-108885\">\n\t\t\t\t\t\t<section class=\"elementor-section elementor-top-section elementor-element elementor-element-51f9f6a elementor-section-boxed elementor-section-height-default elementor-section-height-default\" data-id=\"51f9f6a\" data-element_type=\"section\" data-e-type=\"section\">\n\t\t\t\t\t\t<div class=\"elementor-container elementor-column-gap-default\">\n\t\t\t\t\t<div class=\"elementor-column elementor-col-100 elementor-top-column elementor-element elementor-element-f1d1ff6\" data-id=\"f1d1ff6\" data-element_type=\"column\" data-e-type=\"column\">\n\t\t\t<div class=\"elementor-widget-wrap elementor-element-populated\">\n\t\t\t\t\t\t<div class=\"elementor-element elementor-element-0268377 elementor-widget elementor-widget-heading\" data-id=\"0268377\" data-element_type=\"widget\" data-e-type=\"widget\" data-widget_type=\"heading.default\">\n\t\t\t\t<div class=\"elementor-widget-container\">\n\t\t\t\t\t<h1 class=\"elementor-heading-title elementor-size-default\">MindManager Preisliste<\/h1>\t\t\t\t<\/div>\n\t\t\t\t<\/div>\n\t\t\t\t<div class=\"elementor-element elementor-element-f7fe318 elementor-widget elementor-widget-spacer\" data-id=\"f7fe318\" data-element_type=\"widget\" data-e-type=\"widget\" data-widget_type=\"spacer.default\">\n\t\t\t\t<div class=\"elementor-widget-container\">\n\t\t\t\t\t\t\t<div class=\"elementor-spacer\">\n\t\t\t<div class=\"elementor-spacer-inner\"><\/div>\n\t\t<\/div>\n\t\t\t\t\t\t<\/div>\n\t\t\t\t<\/div>\n\t\t\t\t<div class=\"elementor-element elementor-element-e510e9d elementor-widget elementor-widget-text-editor\" data-id=\"e510e9d\" data-element_type=\"widget\" data-e-type=\"widget\" data-widget_type=\"text-editor.default\">\n\t\t\t\t<div class=\"elementor-widget-container\">\n\t\t\t\t\t\t\t\t\t<p>Hier finden Sie die aktuellen Preise f\u00fcr Ihre <a href=\"https:\/\/www.megasoft.de\/en\/mindmanager-24\/\" target=\"_blank\" rel=\"noopener\"><strong>MindManager 24 Lizenz<\/strong>.<\/a> <br \/>Als autorisierter Reseller bietet megasoft\u00ae IT faire Konditionen f\u00fcr Unternehmen jeder Gr\u00f6\u00dfe \u2013 mit Beratung und Support inklusive.<\/p>\t\t\t\t\t\t\t\t<\/div>\n\t\t\t\t<\/div>\n\t\t\t\t<div class=\"elementor-element elementor-element-2e670d1 elementor-widget elementor-widget-spacer\" data-id=\"2e670d1\" data-element_type=\"widget\" data-e-type=\"widget\" data-widget_type=\"spacer.default\">\n\t\t\t\t<div class=\"elementor-widget-container\">\n\t\t\t\t\t\t\t<div class=\"elementor-spacer\">\n\t\t\t<div class=\"elementor-spacer-inner\"><\/div>\n\t\t<\/div>\n\t\t\t\t\t\t<\/div>\n\t\t\t\t<\/div>\n\t\t\t\t<div class=\"elementor-element elementor-element-14de4b9 elementor-widget elementor-widget-text-editor\" data-id=\"14de4b9\" data-element_type=\"widget\" data-e-type=\"widget\" data-widget_type=\"text-editor.default\">\n\t\t\t\t<div class=\"elementor-widget-container\">\n\t\t\t\t\t\t\t\t\t<table style=\"width:100%; border-collapse: collapse; font-family: Arial, sans-serif;\">\n  <thead>\n    <tr style=\"background-color: #f2f2f2;\">\n      <th style=\"padding: 12px; border: 1px solid #ddd;\">Produkt<\/th>\n      <th style=\"padding: 12px; border: 1px solid #ddd;\">Nutzeranzahl<\/th>\n      <th style=\"padding: 12px; border: 1px solid #ddd;\">Preis pro Nutzer\/Jahr (netto)<\/th>\n      <th style=\"padding: 12px; border: 1px solid #ddd;\">Preis pro Nutzer\/Jahr (brutto)<\/th>\n    <\/tr>\n  <\/thead>\n  <tbody>\n    <tr>\n      <td style=\"padding: 12px; border: 1px solid #ddd;\">MindManager Professional Abo<\/td>\n      <td style=\"padding: 12px; border: 1px solid #ddd;\">1\u20135 Nutzer<\/td>\n      <td style=\"padding: 12px; border: 1px solid #ddd;\">178,00\u202f\u20ac<\/td>\n      <td style=\"padding: 12px; border: 1px solid #ddd;\">211,82\u202f\u20ac<\/td>\n    <\/tr>\n    <tr>\n      <td style=\"padding: 12px; border: 1px solid #ddd;\">MindManager Professional Abo Verl\u00e4ngerung<\/td>\n      <td style=\"padding: 12px; border: 1px solid #ddd;\">1\u20135 Nutzer<\/td>\n      <td style=\"padding: 12px; border: 1px solid #ddd;\">178,00\u202f\u20ac<\/td>\n      <td style=\"padding: 12px; border: 1px solid #ddd;\">211,82\u202f\u20ac<\/td>\n    <\/tr>\n    <tr>\n      <td style=\"padding: 12px; border: 1px solid #ddd;\">MindManager Enterprise Abo<\/td>\n      <td style=\"padding: 12px; border: 1px solid #ddd;\">5\u20139 Nutzer<\/td>\n      <td style=\"padding: 12px; border: 1px solid #ddd;\">188,00\u202f\u20ac<\/td>\n      <td style=\"padding: 12px; border: 1px solid #ddd;\">223,72\u202f\u20ac<\/td>\n    <\/tr>\n    <tr>\n      <td style=\"padding: 12px; border: 1px solid #ddd;\">MindManager Enterprise Abo Verl\u00e4ngerung<\/td>\n      <td style=\"padding: 12px; border: 1px solid #ddd;\">5\u20139 Nutzer<\/td>\n      <td style=\"padding: 12px; border: 1px solid #ddd;\">188,00\u202f\u20ac<\/td>\n      <td style=\"padding: 12px; border: 1px solid #ddd;\">223,72\u202f\u20ac<\/td>\n    <\/tr>\n    <tr>\n      <td style=\"padding: 12px; border: 1px solid #ddd;\">MindManager Enterprise Abo<\/td>\n      <td style=\"padding: 12px; border: 1px solid #ddd;\">10\u201349 Nutzer<\/td>\n      <td style=\"padding: 12px; border: 1px solid #ddd;\">178,00\u202f\u20ac<\/td>\n      <td style=\"padding: 12px; border: 1px solid #ddd;\">211,82\u202f\u20ac<\/td>\n    <\/tr>\n    <tr>\n      <td style=\"padding: 12px; border: 1px solid #ddd;\">MindManager Enterprise Abo Verl\u00e4ngerung<\/td>\n      <td style=\"padding: 12px; border: 1px solid #ddd;\">10\u201349 Nutzer<\/td>\n      <td style=\"padding: 12px; border: 1px solid #ddd;\">178,00\u202f\u20ac<\/td>\n      <td style=\"padding: 12px; border: 1px solid #ddd;\">211,82\u202f\u20ac<\/td>\n    <\/tr>\n  <\/tbody>\n<\/table>\n\n<p style=\"margin-top: 20px; font-size: 0.9em; font-style: italic;\">\n  Alle Preise gelten pro Nutzer und Jahr.<br>\n  Preise zzgl. gesetzlicher Mehrwertsteuer.<br>\n  Dieses Angebot richtet sich ausschlie\u00dflich an Unternehmen, Beh\u00f6rden und Bildungseinrichtungen.\n<\/p>\n\t\t\t\t\t\t\t\t<\/div>\n\t\t\t\t<\/div>\n\t\t\t\t<div class=\"elementor-element elementor-element-d1c2c32 elementor-widget elementor-widget-spacer\" data-id=\"d1c2c32\" data-element_type=\"widget\" data-e-type=\"widget\" data-widget_type=\"spacer.default\">\n\t\t\t\t<div class=\"elementor-widget-container\">\n\t\t\t\t\t\t\t<div class=\"elementor-spacer\">\n\t\t\t<div class=\"elementor-spacer-inner\"><\/div>\n\t\t<\/div>\n\t\t\t\t\t\t<\/div>\n\t\t\t\t<\/div>\n\t\t\t\t<div class=\"elementor-element elementor-element-c3036fe elementor-widget elementor-widget-heading\" data-id=\"c3036fe\" data-element_type=\"widget\" data-e-type=\"widget\" data-widget_type=\"heading.default\">\n\t\t\t\t<div class=\"elementor-widget-container\">\n\t\t\t\t\t<h3 class=\"elementor-heading-title elementor-size-default\">Individuelle Beratung zur Lizenzwahl<\/h3>\t\t\t\t<\/div>\n\t\t\t\t<\/div>\n\t\t\t\t<div class=\"elementor-element elementor-element-cce22cd elementor-widget elementor-widget-text-editor\" data-id=\"cce22cd\" data-element_type=\"widget\" data-e-type=\"widget\" data-widget_type=\"text-editor.default\">\n\t\t\t\t<div class=\"elementor-widget-container\">\n\t\t\t\t\t\t\t\t\t<p>Ob f\u00fcr einzelne Arbeitspl\u00e4tze oder ganze Abteilungen \u2013 die Wahl der passenden <strong>MindManager 24 Lizenz<\/strong> h\u00e4ngt von Ihrer Teamgr\u00f6\u00dfe und Ihren Anforderungen ab. Gerne beraten wir Sie pers\u00f6nlich, damit Sie nicht nur die richtige Version, sondern auch den besten Preis erhalten.<\/p><h2><\/h2><p>Als offizieller Partner bieten wir nicht nur attraktive Preise, sondern auch schnelle Abwicklung, pers\u00f6nliche Ansprechpartner und optionalen Support rund um Ihre Lizenz. Fordern Sie jetzt Ihr Angebot an oder kontaktieren Sie uns direkt \u00fcber unser <a href=\"\/en\/kontakt\/\">Kontaktformular<\/a>.<\/p>\t\t\t\t\t\t\t\t<\/div>\n\t\t\t\t<\/div>\n\t\t\t\t<div class=\"elementor-element elementor-element-50dc12f elementor-widget elementor-widget-heading\" data-id=\"50dc12f\" data-element_type=\"widget\" data-e-type=\"widget\" data-widget_type=\"heading.default\">\n\t\t\t\t<div class=\"elementor-widget-container\">\n\t\t\t\t\t<h3 class=\"elementor-heading-title elementor-size-default\">Warum megasoft\u00ae IT als Reseller?<\/h3>\t\t\t\t<\/div>\n\t\t\t\t<\/div>\n\t\t\t\t<div class=\"elementor-element elementor-element-060ad18 elementor-widget elementor-widget-text-editor\" data-id=\"060ad18\" data-element_type=\"widget\" data-e-type=\"widget\" data-widget_type=\"text-editor.default\">\n\t\t\t\t<div class=\"elementor-widget-container\">\n\t\t\t\t\t\t\t\t\t<p>Als offizieller Partner bieten wir nicht nur attraktive Preise, sondern auch schnelle Abwicklung, pers\u00f6nliche Ansprechpartner und optionalen Support rund um Ihre Lizenz. Fordern Sie jetzt Ihr Angebot an oder kontaktieren Sie uns direkt \u00fcber unser <span style=\"text-decoration: underline;\"><a href=\"https:\/\/www.megasoft.de\/en\/kontakt\/\" target=\"_blank\" rel=\"noopener\">Kontaktformular<\/a><\/span>.<\/p>\t\t\t\t\t\t\t\t<\/div>\n\t\t\t\t<\/div>\n\t\t\t\t\t<\/div>\n\t\t<\/div>\n\t\t\t\t\t<\/div>\n\t\t<\/section>\n\t\t\t\t<\/div>","protected":false},"excerpt":{"rendered":"<p>MindManager Preisliste Hier finden Sie die aktuellen Preise f\u00fcr Ihre MindManager 24 Lizenz. Als autorisierter Reseller bietet megasoft\u00ae IT faire Konditionen f\u00fcr Unternehmen jeder Gr\u00f6\u00dfe \u2013 mit Beratung und Support inklusive. Produkt Nutzeranzahl Preis pro Nutzer\/Jahr (netto) Preis pro Nutzer\/Jahr (brutto) MindManager Professional Abo 1\u20135 Nutzer 178,00\u202f\u20ac 211,82\u202f\u20ac MindManager Professional [&hellip;]<\/p>\n","protected":false},"author":5,"featured_media":0,"parent":0,"menu_order":0,"comment_status":"closed","ping_status":"closed","template":"page-templates\/template-pagebuilder-full-width.php","meta":{"om_disable_all_campaigns":false,"_monsterinsights_skip_tracking":false,"_monsterinsights_sitenote_active":false,"_monsterinsights_sitenote_note":"","_monsterinsights_sitenote_category":0,"_themeisle_gutenberg_block_has_review":false,"footnotes":""},"class_list":["post-108885","page","type-page","status-publish","hentry","wpautop"],"yoast_head":"<!-- This site is optimized with the Yoast SEO plugin v27.4 - https:\/\/yoast.com\/product\/yoast-seo-wordpress\/ -->\n<title>Preisliste MindManager - megasoft IT GmbH &amp; Co. KG<\/title>\n<meta name=\"description\" content=\"MindManager 24 Lizenz \u2013 Preise beim Reseller megasoft\u00ae IT. Alle Konditionen auf einen Blick. B2B-Angebote, Beratung &amp; Support inklusive.\" \/>\n<meta name=\"robots\" content=\"index, follow, max-snippet:-1, max-image-preview:large, max-video-preview:-1\" \/>\n<link rel=\"canonical\" href=\"https:\/\/www.megasoft.de\/en\/preisliste-mindmanager\/\" \/>\n<meta property=\"og:locale\" content=\"en_US\" \/>\n<meta property=\"og:type\" content=\"article\" \/>\n<meta property=\"og:title\" content=\"Preisliste MindManager - megasoft IT GmbH &amp; Co. KG\" \/>\n<meta property=\"og:description\" content=\"MindManager 24 Lizenz \u2013 Preise beim Reseller megasoft\u00ae IT. Alle Konditionen auf einen Blick. B2B-Angebote, Beratung &amp; Support inklusive.\" \/>\n<meta property=\"og:url\" content=\"https:\/\/www.megasoft.de\/en\/preisliste-mindmanager\/\" \/>\n<meta property=\"og:site_name\" content=\"megasoft IT GmbH &amp; Co. KG\" \/>\n<meta property=\"article:modified_time\" content=\"2025-06-18T12:10:38+00:00\" \/>\n<meta name=\"twitter:card\" content=\"summary_large_image\" \/>\n<meta name=\"twitter:label1\" content=\"Est. reading time\" \/>\n\t<meta name=\"twitter:data1\" content=\"2 minutes\" \/>\n<script type=\"application\/ld+json\" class=\"yoast-schema-graph\">{\"@context\":\"https:\\\/\\\/schema.org\",\"@graph\":[{\"@type\":\"WebPage\",\"@id\":\"https:\\\/\\\/www.megasoft.de\\\/preisliste-mindmanager\\\/\",\"url\":\"https:\\\/\\\/www.megasoft.de\\\/preisliste-mindmanager\\\/\",\"name\":\"Preisliste MindManager - megasoft IT GmbH &amp; Co. KG\",\"isPartOf\":{\"@id\":\"https:\\\/\\\/www.megasoft.de\\\/#website\"},\"datePublished\":\"2025-06-18T10:51:28+00:00\",\"dateModified\":\"2025-06-18T12:10:38+00:00\",\"description\":\"MindManager 24 Lizenz \u2013 Preise beim Reseller megasoft\u00ae IT. Alle Konditionen auf einen Blick. B2B-Angebote, Beratung & Support inklusive.\",\"breadcrumb\":{\"@id\":\"https:\\\/\\\/www.megasoft.de\\\/preisliste-mindmanager\\\/#breadcrumb\"},\"inLanguage\":\"en-US\",\"potentialAction\":[{\"@type\":\"ReadAction\",\"target\":[\"https:\\\/\\\/www.megasoft.de\\\/preisliste-mindmanager\\\/\"]}]},{\"@type\":\"BreadcrumbList\",\"@id\":\"https:\\\/\\\/www.megasoft.de\\\/preisliste-mindmanager\\\/#breadcrumb\",\"itemListElement\":[{\"@type\":\"ListItem\",\"position\":1,\"name\":\"Startseite\",\"item\":\"https:\\\/\\\/www.megasoft.de\\\/\"},{\"@type\":\"ListItem\",\"position\":2,\"name\":\"Preisliste MindManager\"}]},{\"@type\":\"WebSite\",\"@id\":\"https:\\\/\\\/www.megasoft.de\\\/#website\",\"url\":\"https:\\\/\\\/www.megasoft.de\\\/\",\"name\":\"megasoft IT GmbH &amp; Co. KG\",\"description\":\"Your IT Procurement Partner\",\"publisher\":{\"@id\":\"https:\\\/\\\/www.megasoft.de\\\/#organization\"},\"potentialAction\":[{\"@type\":\"SearchAction\",\"target\":{\"@type\":\"EntryPoint\",\"urlTemplate\":\"https:\\\/\\\/www.megasoft.de\\\/?s={search_term_string}\"},\"query-input\":{\"@type\":\"PropertyValueSpecification\",\"valueRequired\":true,\"valueName\":\"search_term_string\"}}],\"inLanguage\":\"en-US\"},{\"@type\":\"Organization\",\"@id\":\"https:\\\/\\\/www.megasoft.de\\\/#organization\",\"name\":\"megasoft IT GmbH &amp; Co. KG\",\"url\":\"https:\\\/\\\/www.megasoft.de\\\/\",\"logo\":{\"@type\":\"ImageObject\",\"inLanguage\":\"en-US\",\"@id\":\"https:\\\/\\\/www.megasoft.de\\\/#\\\/schema\\\/logo\\\/image\\\/\",\"url\":\"https:\\\/\\\/www.megasoft.de\\\/wp-content\\\/uploads\\\/megasoft_logo_IT_Procurement_Partner.png\",\"contentUrl\":\"https:\\\/\\\/www.megasoft.de\\\/wp-content\\\/uploads\\\/megasoft_logo_IT_Procurement_Partner.png\",\"width\":1400,\"height\":350,\"caption\":\"megasoft IT GmbH &amp; Co. KG\"},\"image\":{\"@id\":\"https:\\\/\\\/www.megasoft.de\\\/#\\\/schema\\\/logo\\\/image\\\/\"}}]}<\/script>\n<!-- \/ Yoast SEO plugin. -->","yoast_head_json":{"title":"Preisliste MindManager - megasoft IT GmbH &amp; Co. KG","description":"MindManager 24 Lizenz \u2013 Preise beim Reseller megasoft\u00ae IT. Alle Konditionen auf einen Blick. B2B-Angebote, Beratung & Support inklusive.","robots":{"index":"index","follow":"follow","max-snippet":"max-snippet:-1","max-image-preview":"max-image-preview:large","max-video-preview":"max-video-preview:-1"},"canonical":"https:\/\/www.megasoft.de\/en\/preisliste-mindmanager\/","og_locale":"en_US","og_type":"article","og_title":"Preisliste MindManager - megasoft IT GmbH &amp; Co. KG","og_description":"MindManager 24 Lizenz \u2013 Preise beim Reseller megasoft\u00ae IT. Alle Konditionen auf einen Blick. B2B-Angebote, Beratung & Support inklusive.","og_url":"https:\/\/www.megasoft.de\/en\/preisliste-mindmanager\/","og_site_name":"megasoft IT GmbH &amp; Co. KG","article_modified_time":"2025-06-18T12:10:38+00:00","twitter_card":"summary_large_image","twitter_misc":{"Est. reading time":"2 minutes"},"schema":{"@context":"https:\/\/schema.org","@graph":[{"@type":"WebPage","@id":"https:\/\/www.megasoft.de\/preisliste-mindmanager\/","url":"https:\/\/www.megasoft.de\/preisliste-mindmanager\/","name":"Preisliste MindManager - megasoft IT GmbH &amp; Co. KG","isPartOf":{"@id":"https:\/\/www.megasoft.de\/#website"},"datePublished":"2025-06-18T10:51:28+00:00","dateModified":"2025-06-18T12:10:38+00:00","description":"MindManager 24 Lizenz \u2013 Preise beim Reseller megasoft\u00ae IT. Alle Konditionen auf einen Blick. B2B-Angebote, Beratung & Support inklusive.","breadcrumb":{"@id":"https:\/\/www.megasoft.de\/preisliste-mindmanager\/#breadcrumb"},"inLanguage":"en-US","potentialAction":[{"@type":"ReadAction","target":["https:\/\/www.megasoft.de\/preisliste-mindmanager\/"]}]},{"@type":"BreadcrumbList","@id":"https:\/\/www.megasoft.de\/preisliste-mindmanager\/#breadcrumb","itemListElement":[{"@type":"ListItem","position":1,"name":"Startseite","item":"https:\/\/www.megasoft.de\/"},{"@type":"ListItem","position":2,"name":"Preisliste MindManager"}]},{"@type":"WebSite","@id":"https:\/\/www.megasoft.de\/#website","url":"https:\/\/www.megasoft.de\/","name":"megasoft IT GmbH &amp; Co. KG","description":"Your IT Procurement Partner","publisher":{"@id":"https:\/\/www.megasoft.de\/#organization"},"potentialAction":[{"@type":"SearchAction","target":{"@type":"EntryPoint","urlTemplate":"https:\/\/www.megasoft.de\/?s={search_term_string}"},"query-input":{"@type":"PropertyValueSpecification","valueRequired":true,"valueName":"search_term_string"}}],"inLanguage":"en-US"},{"@type":"Organization","@id":"https:\/\/www.megasoft.de\/#organization","name":"megasoft IT GmbH &amp; Co. KG","url":"https:\/\/www.megasoft.de\/","logo":{"@type":"ImageObject","inLanguage":"en-US","@id":"https:\/\/www.megasoft.de\/#\/schema\/logo\/image\/","url":"https:\/\/www.megasoft.de\/wp-content\/uploads\/megasoft_logo_IT_Procurement_Partner.png","contentUrl":"https:\/\/www.megasoft.de\/wp-content\/uploads\/megasoft_logo_IT_Procurement_Partner.png","width":1400,"height":350,"caption":"megasoft IT GmbH &amp; Co. KG"},"image":{"@id":"https:\/\/www.megasoft.de\/#\/schema\/logo\/image\/"}}]}},"publishpress_future_action":{"enabled":false,"date":"2026-05-06 03:30:13","action":"change-status","newStatus":"draft","terms":[],"taxonomy":"","extraData":[]},"publishpress_future_workflow_manual_trigger":{"enabledWorkflows":[]},"_links":{"self":[{"href":"https:\/\/www.megasoft.de\/en\/wp-json\/wp\/v2\/pages\/108885","targetHints":{"allow":["GET"]}}],"collection":[{"href":"https:\/\/www.megasoft.de\/en\/wp-json\/wp\/v2\/pages"}],"about":[{"href":"https:\/\/www.megasoft.de\/en\/wp-json\/wp\/v2\/types\/page"}],"author":[{"embeddable":true,"href":"https:\/\/www.megasoft.de\/en\/wp-json\/wp\/v2\/users\/5"}],"replies":[{"embeddable":true,"href":"https:\/\/www.megasoft.de\/en\/wp-json\/wp\/v2\/comments?post=108885"}],"version-history":[{"count":14,"href":"https:\/\/www.megasoft.de\/en\/wp-json\/wp\/v2\/pages\/108885\/revisions"}],"predecessor-version":[{"id":108909,"href":"https:\/\/www.megasoft.de\/en\/wp-json\/wp\/v2\/pages\/108885\/revisions\/108909"}],"wp:attachment":[{"href":"https:\/\/www.megasoft.de\/en\/wp-json\/wp\/v2\/media?parent=108885"}],"curies":[{"name":"wp","href":"https:\/\/api.w.org\/{rel}","templated":true}]}}