{"id":2637,"date":"2019-05-05T15:52:37","date_gmt":"2019-05-05T13:52:37","guid":{"rendered":"https:\/\/megasoft.de\/?page_id=2637"},"modified":"2024-06-03T20:05:33","modified_gmt":"2024-06-03T18:05:33","slug":"coreldraw-bankenspecial","status":"publish","type":"page","link":"https:\/\/www.megasoft.de\/en\/coreldraw-bankenspecial\/","title":{"rendered":"CorelDRAW Bankenspecial"},"content":{"rendered":"<div class=\"wp-block-columns is-layout-flex wp-container-core-columns-is-layout-28f84493 wp-block-columns-is-layout-flex\">\n<div class=\"wp-block-column is-layout-flow wp-block-column-is-layout-flow\">\n<figure class=\"wp-block-image\"><img decoding=\"async\" data-src=\"\/wp-content\/uploads\/36782111-0-flyer-red-580x690px.png\" alt=\"\" src=\"data:image\/svg+xml;base64,PHN2ZyB3aWR0aD0iMSIgaGVpZ2h0PSIxIiB4bWxucz0iaHR0cDovL3d3dy53My5vcmcvMjAwMC9zdmciPjwvc3ZnPg==\" class=\"lazyload\" style=\"--smush-placeholder-width: 580px; --smush-placeholder-aspect-ratio: 580\/690;\" \/><\/figure>\n<\/div>\n\n\n\n<div class=\"wp-block-column is-layout-flow wp-block-column-is-layout-flow\">\n<h3 class=\"wp-block-heading\">Kostenlose CorelDRAW-Vorlagen<br>im Wert von 199\u20ac<\/h3>\n\n\n\n<p><small>Nur ab CorelDRAW Graphics Suite 2023 geeignet<\/small><\/p>\n\n\n\n<h4 class=\"wp-block-heading\">insgesamt <strong>36<\/strong> CorelDRAW-Vorlagen*<\/h4>\n\n\n\n<p><strong>2<\/strong> Corporate Designs<\/p>\n<\/div>\n\n\n\n<div class=\"wp-block-column is-layout-flow wp-block-column-is-layout-flow\">\n<figure class=\"wp-block-image\"><img decoding=\"async\" data-src=\"\/wp-content\/uploads\/36782126-0-flyer-blue-580x690px.png\" alt=\"\" src=\"data:image\/svg+xml;base64,PHN2ZyB3aWR0aD0iMSIgaGVpZ2h0PSIxIiB4bWxucz0iaHR0cDovL3d3dy53My5vcmcvMjAwMC9zdmciPjwvc3ZnPg==\" class=\"lazyload\" style=\"--smush-placeholder-width: 580px; --smush-placeholder-aspect-ratio: 580\/690;\" \/><\/figure>\n<\/div>\n<\/div>\n\n\n\n<h2 class=\"wp-block-heading\">Jetzt loslegen!<\/h2>\n\n\n\n<h5 class=\"wp-block-heading\">Schnell zu herausragenden Ergebnissen<\/h5>\n\n\n\n<p>Diese exklusiven, hochwertigen Vorlagen f\u00fcr Flyer, Aush\u00e4nge, Plakate und vieles mehr sind mit CorelDRAW sofort einsatzbereit und sparen damit jede Menge Zeit. Grafikdesignerin Michaela Maginot ist Branchenkennerin, f\u00fcr zahlreiche namhafte Unternehmen t\u00e4tig und hat folglich die Designs exakt auf Ihre Bed\u00fcrfnisse abgestimmt.<\/p>\n\n\n\n<h5 class=\"wp-block-heading\">Visitenkarten | Briefpapiere<\/h5>\n\n\n\n<p>Der erste Eindruck ist entscheidend: Nutzen Sie daf\u00fcr die professionellen Visitenkarten- und Briefpapiervorlagen.<\/p>\n\n\n\n<div class=\"wp-block-buttons is-layout-flex wp-block-buttons-is-layout-flex\">\n<div class=\"wp-block-button\"><a class=\"wp-block-button__link wp-element-button\" href=\"mailto:vertrieb@megasoft.de?subject=CorelDRAW%20Graphics%20Suite%202019%20Bankenspecial\">Angebot sichern!<\/a><\/div>\n<\/div>\n\n\n\n<figure class=\"wp-block-image\"><img decoding=\"async\" data-src=\"\/wp-content\/uploads\/Finanzinstitut_Flyer_A4_Rot_6-aussen-frei.png\" alt=\"flyer vorlage finanzinstitut bank\" src=\"data:image\/svg+xml;base64,PHN2ZyB3aWR0aD0iMSIgaGVpZ2h0PSIxIiB4bWxucz0iaHR0cDovL3d3dy53My5vcmcvMjAwMC9zdmciPjwvc3ZnPg==\" class=\"lazyload\" style=\"--smush-placeholder-width: 1200px; --smush-placeholder-aspect-ratio: 1200\/800;\" \/><\/figure>\n\n\n\n<h5 class=\"wp-block-heading\">Flyer in verschiedenen Formaten<\/h5>\n\n\n\n<p>Mit den Flyer-Designvorlagen in den g\u00e4ngigsten Formaten kommunizieren Sie professionell und seri\u00f6s Ihre Werbebotschaft. Die Vorlagen lassen sich leicht an Ihr Corporate Design anpassen.<\/p>\n\n\n\n<h5 class=\"wp-block-heading\">Poster-Aktionen | Immobilienaush\u00e4nge<\/h5>\n\n\n\n<p>Poster wirken \u2013 und wie. W\u00e4hlen Sie eine der hochwertigen CorelDRAW-Vorlagen f\u00fcr Poster und Immobilienaush\u00e4nge als Ausgangspunkt f\u00fcr Ihre Projekte.<\/p>\n\n\n\n<figure class=\"wp-block-gallery has-nested-images columns-default is-cropped wp-block-gallery-1 is-layout-flex wp-block-gallery-is-layout-flex\">\n<figure class=\"wp-block-image size-large\"><img fetchpriority=\"high\" decoding=\"async\" width=\"1200\" height=\"800\" data-id=\"1808\" src=\"https:\/\/www.megasoft.de\/wp-content\/uploads\/Finanzinstitut_Flyer_A4_Rot_6-stapel-frei.png\" alt=\"\" class=\"wp-image-1808\" srcset=\"https:\/\/www.megasoft.de\/wp-content\/uploads\/\/Finanzinstitut_Flyer_A4_Rot_6-stapel-frei.png 1200w, https:\/\/www.megasoft.de\/wp-content\/uploads\/\/Finanzinstitut_Flyer_A4_Rot_6-stapel-frei-768x512.png 768w\" sizes=\"(max-width: 1200px) 100vw, 1200px\" \/><\/figure>\n\n\n\n<figure class=\"wp-block-image size-large\"><img decoding=\"async\" width=\"1200\" height=\"800\" data-id=\"1807\" data-src=\"https:\/\/www.megasoft.de\/wp-content\/uploads\/Finanzinstitut_Flyer_A4_Rot_6-innen-frei.png\" alt=\"\" class=\"wp-image-1807 lazyload\" data-srcset=\"https:\/\/www.megasoft.de\/wp-content\/uploads\/\/Finanzinstitut_Flyer_A4_Rot_6-innen-frei.png 1200w, https:\/\/www.megasoft.de\/wp-content\/uploads\/\/Finanzinstitut_Flyer_A4_Rot_6-innen-frei-768x512.png 768w\" data-sizes=\"(max-width: 1200px) 100vw, 1200px\" src=\"data:image\/svg+xml;base64,PHN2ZyB3aWR0aD0iMSIgaGVpZ2h0PSIxIiB4bWxucz0iaHR0cDovL3d3dy53My5vcmcvMjAwMC9zdmciPjwvc3ZnPg==\" style=\"--smush-placeholder-width: 1200px; --smush-placeholder-aspect-ratio: 1200\/800;\" \/><\/figure>\n\n\n\n<figure class=\"wp-block-image size-large\"><img decoding=\"async\" width=\"1200\" height=\"800\" data-id=\"1806\" data-src=\"https:\/\/www.megasoft.de\/wp-content\/uploads\/Finanzinstitut_Flyer_A4_Rot_6-aussen-frei.png\" alt=\"\" class=\"wp-image-1806 lazyload\" data-srcset=\"https:\/\/www.megasoft.de\/wp-content\/uploads\/\/Finanzinstitut_Flyer_A4_Rot_6-aussen-frei.png 1200w, https:\/\/www.megasoft.de\/wp-content\/uploads\/\/Finanzinstitut_Flyer_A4_Rot_6-aussen-frei-768x512.png 768w\" data-sizes=\"(max-width: 1200px) 100vw, 1200px\" src=\"data:image\/svg+xml;base64,PHN2ZyB3aWR0aD0iMSIgaGVpZ2h0PSIxIiB4bWxucz0iaHR0cDovL3d3dy53My5vcmcvMjAwMC9zdmciPjwvc3ZnPg==\" style=\"--smush-placeholder-width: 1200px; --smush-placeholder-aspect-ratio: 1200\/800;\" \/><\/figure>\n<\/figure>\n\n\n\n<figure class=\"wp-block-gallery alignwide has-nested-images columns-default is-cropped wp-block-gallery-2 is-layout-flex wp-block-gallery-is-layout-flex\">\n<figure class=\"wp-block-image size-large\"><img decoding=\"async\" data-src=\"https:\/\/www.megasoft.de\/wp-content\/uploads\/visitenkarterot-stapel.jpg\" alt=\"placeholder\" src=\"data:image\/svg+xml;base64,PHN2ZyB3aWR0aD0iMSIgaGVpZ2h0PSIxIiB4bWxucz0iaHR0cDovL3d3dy53My5vcmcvMjAwMC9zdmciPjwvc3ZnPg==\" class=\"lazyload\" style=\"--smush-placeholder-width: 2300px; --smush-placeholder-aspect-ratio: 2300\/1534;\" \/><\/figure>\n\n\n\n<figure class=\"wp-block-image size-large\"><img decoding=\"async\" data-src=\"https:\/\/www.megasoft.de\/wp-content\/uploads\/visitenkarteblau-stapel.jpg\" alt=\"Luftaufnahme eines Felds. Eine Stra\u00dfe verl\u00e4uft durch die obere rechte Ecke.\" src=\"data:image\/svg+xml;base64,PHN2ZyB3aWR0aD0iMSIgaGVpZ2h0PSIxIiB4bWxucz0iaHR0cDovL3d3dy53My5vcmcvMjAwMC9zdmciPjwvc3ZnPg==\" class=\"lazyload\" style=\"--smush-placeholder-width: 2300px; --smush-placeholder-aspect-ratio: 2300\/1534;\" \/><\/figure>\n<\/figure>\n\n\n\n<h2 class=\"wp-block-heading\">F\u00fcr IT Administratoren<\/h2>\n\n\n\n<h5 class=\"wp-block-heading\">Softwarezertifizierung f\u00fcr Banken<\/h5>\n\n\n\n<p>Wir helfen Ihnen bei der Software-Zertifizierung von CorelDRAW Graphics Suite 2020. Die megasoft unterst\u00fctzt Banken und Finanzdienstleister in den Bereichen IT-Revision, Datenschutz, Softwarezertifizierung, ISO 27001, Security Assessment, \u201eOrdnungsm\u00e4\u00dfigkeit und Pr\u00fcfung der Datenverarbeitung\u201c (OPDV) und IT-Beratung.<\/p>\n\n\n\n<h5 class=\"wp-block-heading\">CorelDRAW f\u00fcr Netzwerke<\/h5>\n\n\n\n<p>Mit der neuen CorelDRAW Graphics Suite erreichen wir ein neues Level. Unsere Software ist Terminalserver f\u00e4hig und kann mit nur einem Lizenzschl\u00fcssel installiert werden (Rollout mit und ohne (offline) Corel-Konto). In unserem Deployment Guide finden Sie alle notwendigen Informationen, um CorelDRAW nach IT Sicherheitsrichtlinien in Ihrer Netzwerkumgebung zu paketieren. Unser Vertriebs-Team hilft Ihnen gerne bei der Planung, Umsetzung und der Wahl des richtigen Lizenzmodells.<\/p>\n\n\n\n<h5 class=\"wp-block-heading\">Erf\u00fcllung der Sicherheitsrichtlinien Ihrer Bank<\/h5>\n\n\n\n<p>IT Sicherheit und Softwaresicherheit ist in Banken und Finanzinstituten ein st\u00e4tiger Begleiter. Wir helfen Ihnen dabei die CorelDRAW Graphics Suite 2020 zu Zertifizieren und Ihre IT Sicherheitsanforderungen (z.B. Sparkassen: \u201eOrdnungsm\u00e4\u00dfigkeit und Pr\u00fcfung der Datenverarbeitung\u201c (OPDV) 1\/2015) zu erf\u00fcllen.<\/p>\n\n\n\n<h5 class=\"wp-block-heading\">Jetzt auch ohne Authentifizierung bereitstellen<\/h5>\n\n\n\n<p>Corel bietet Ihnen eine einfache Installation und Wartung Ihrer Netzwerkinstallation durch die Nutzung von IT-Standard-Technologien (MSI-basiert). Sie k\u00f6nnen die CorelDRAW Version mit nur einem Schl\u00fcssel bereitstellen. Eine Authentifizierung pro User entf\u00e4llt somit.<\/p>\n\n\n\n<div class=\"wp-block-buttons is-layout-flex wp-block-buttons-is-layout-flex\">\n<div class=\"wp-block-button\"><a class=\"wp-block-button__link wp-element-button\" href=\"mailto:vertrieb@megasoft.de?subject=CorelDRAW%20Graphics%20Suite%202019%20Bankenspecial\">Angebot sichern!<\/a><\/div>\n<\/div>\n\n\n\n<h2 class=\"wp-block-heading\">Die CorelDRAW Graphics Suite &#8211; Serverinstallation<\/h2>\n\n\n\n<h5 class=\"wp-block-heading\">Anforderungen an den Server<\/h5>\n\n\n\n<p>Windows Server\u00ae 2012 R2 oder Windows Server, Version 1709 Betriebssystem mit dem neuesten Service Pack und wichtigen Updates \u2022 3 GB Server-Speicherplatz (f\u00fcr eine typische Installation ohne zus\u00e4tzlichen Inhalt)<\/p>\n\n\n\n<h5 class=\"wp-block-heading\">Anforderungen an die Workstation<\/h5>\n\n\n\n<p>Windows 7, Windows 8 oder Windows 10 (1809) in 32 Bit oder 64 Bit, alle mit den neuesten Updates und Service Packs \u2022 Intel Core i3 \/ 5\/7 oder AMD Athlon 64 \u2022 2 GB RAM \u2022 1 GB Festplattenspeicher (f\u00fcr eine typische Installation ohne zus\u00e4tzlichen Inhalt) \u2022 Multi-Touch-Bildschirm, Maus oder Tablet \u2022 1280 x 720 Bildschirmaufl\u00f6sung bei 100% (96 dpi), 1920 x 1080 bei 150% und 2560 x 1440 bei 200% \u2022 Microsoft\u00ae Internet Explorer\u00ae 11 (mit dem neuesten Service Pack) oder h\u00f6her (Microsoft bietet keine Support- und Sicherheitsupdates f\u00fcr Internet Explorer vor Version 11). \u2022 Microsoft\u00ae .NET Framework 4.7.2<\/p>\n\n\n\n<div class=\"wp-block-columns is-layout-flex wp-container-core-columns-is-layout-28f84493 wp-block-columns-is-layout-flex\">\n<div class=\"wp-block-column is-layout-flow wp-block-column-is-layout-flow\" style=\"flex-basis:33.33%\">\n<h2 class=\"wp-block-heading\">Die Grafikerin<\/h2>\n\n\n\n<h4 class=\"wp-block-heading\">Michaela Maginot<\/h4>\n\n\n\n<p>Erstellt wurden die Vorlagen von Michaela Maginot. Michaela Maginot ist Dipl. Communication Designer Graphic Design &amp; Fashion. Zu ihren Kunden z\u00e4hlen unter anderem namhafte IT-Konzerne und Medizin- und Kosmetikunternehmen. Bevor sich Michaela Maginot selbstst\u00e4ndig gemacht hat, war sie Art Direktorin bekannter Werbefirmen.<\/p>\n<\/div>\n\n\n\n<div class=\"wp-block-column is-layout-flow wp-block-column-is-layout-flow\" style=\"flex-basis:66.66%\">\n<figure class=\"wp-block-image size-large\"><img decoding=\"async\" data-src=\"https:\/\/www.megasoft.de\/wp-content\/uploads\/1635327-0-ela.jpg\" alt=\"\" src=\"data:image\/svg+xml;base64,PHN2ZyB3aWR0aD0iMSIgaGVpZ2h0PSIxIiB4bWxucz0iaHR0cDovL3d3dy53My5vcmcvMjAwMC9zdmciPjwvc3ZnPg==\" class=\"lazyload\" style=\"--smush-placeholder-width: 800px; --smush-placeholder-aspect-ratio: 800\/604;\" \/><\/figure>\n<\/div>\n<\/div>","protected":false},"excerpt":{"rendered":"<p>Kostenlose CorelDRAW-Vorlagenim Wert von 199\u20ac Nur ab CorelDRAW Graphics Suite 2023 geeignet insgesamt 36 CorelDRAW-Vorlagen* 2 Corporate Designs Jetzt loslegen! Schnell zu herausragenden Ergebnissen Diese exklusiven, hochwertigen Vorlagen f\u00fcr Flyer, Aush\u00e4nge, Plakate und vieles mehr sind mit CorelDRAW sofort einsatzbereit und sparen damit jede Menge Zeit. Grafikdesignerin Michaela Maginot ist [&hellip;]<\/p>\n","protected":false},"author":1,"featured_media":2667,"parent":0,"menu_order":0,"comment_status":"closed","ping_status":"closed","template":"","meta":{"om_disable_all_campaigns":false,"_monsterinsights_skip_tracking":false,"_monsterinsights_sitenote_active":false,"_monsterinsights_sitenote_note":"","_monsterinsights_sitenote_category":0,"_themeisle_gutenberg_block_has_review":false,"footnotes":""},"class_list":["post-2637","page","type-page","status-publish","has-post-thumbnail","hentry","wpautop"],"yoast_head":"<!-- This site is optimized with the Yoast SEO plugin v27.6 - https:\/\/yoast.com\/product\/yoast-seo-wordpress\/ -->\n<title>CorelDRAW Bankenspecial - megasoft IT GmbH &amp; Co. KG<\/title>\n<meta name=\"robots\" content=\"index, follow, max-snippet:-1, max-image-preview:large, max-video-preview:-1\" \/>\n<link rel=\"canonical\" href=\"https:\/\/www.megasoft.de\/en\/coreldraw-bankenspecial\/\" \/>\n<meta property=\"og:locale\" content=\"en_US\" \/>\n<meta property=\"og:type\" content=\"article\" \/>\n<meta property=\"og:title\" content=\"CorelDRAW Bankenspecial - megasoft IT GmbH &amp; Co. KG\" \/>\n<meta property=\"og:description\" content=\"Kostenlose CorelDRAW-Vorlagenim Wert von 199\u20ac Nur ab CorelDRAW Graphics Suite 2023 geeignet insgesamt 36 CorelDRAW-Vorlagen* 2 Corporate Designs Jetzt loslegen! Schnell zu herausragenden Ergebnissen Diese exklusiven, hochwertigen Vorlagen f\u00fcr Flyer, Aush\u00e4nge, Plakate und vieles mehr sind mit CorelDRAW sofort einsatzbereit und sparen damit jede Menge Zeit. Grafikdesignerin Michaela Maginot ist [&hellip;]\" \/>\n<meta property=\"og:url\" content=\"https:\/\/www.megasoft.de\/en\/coreldraw-bankenspecial\/\" \/>\n<meta property=\"og:site_name\" content=\"megasoft IT GmbH &amp; Co. KG\" \/>\n<meta property=\"article:modified_time\" content=\"2024-06-03T18:05:33+00:00\" \/>\n<meta property=\"og:image\" content=\"https:\/\/www.megasoft.de\/wp-content\/uploads\/bankenspecialneu.png\" \/>\n\t<meta property=\"og:image:width\" content=\"1875\" \/>\n\t<meta property=\"og:image:height\" content=\"706\" \/>\n\t<meta property=\"og:image:type\" content=\"image\/png\" \/>\n<meta name=\"twitter:card\" content=\"summary_large_image\" \/>\n<meta name=\"twitter:label1\" content=\"Est. reading time\" \/>\n\t<meta name=\"twitter:data1\" content=\"3 minutes\" \/>\n<script type=\"application\/ld+json\" class=\"yoast-schema-graph\">{\"@context\":\"https:\\\/\\\/schema.org\",\"@graph\":[{\"@type\":\"WebPage\",\"@id\":\"https:\\\/\\\/www.megasoft.de\\\/coreldraw-bankenspecial\\\/\",\"url\":\"https:\\\/\\\/www.megasoft.de\\\/coreldraw-bankenspecial\\\/\",\"name\":\"CorelDRAW Bankenspecial - megasoft IT GmbH &amp; Co. KG\",\"isPartOf\":{\"@id\":\"https:\\\/\\\/www.megasoft.de\\\/#website\"},\"primaryImageOfPage\":{\"@id\":\"https:\\\/\\\/www.megasoft.de\\\/coreldraw-bankenspecial\\\/#primaryimage\"},\"image\":{\"@id\":\"https:\\\/\\\/www.megasoft.de\\\/coreldraw-bankenspecial\\\/#primaryimage\"},\"thumbnailUrl\":\"https:\\\/\\\/www.megasoft.de\\\/wp-content\\\/uploads\\\/bankenspecialneu.png\",\"datePublished\":\"2019-05-05T13:52:37+00:00\",\"dateModified\":\"2024-06-03T18:05:33+00:00\",\"breadcrumb\":{\"@id\":\"https:\\\/\\\/www.megasoft.de\\\/coreldraw-bankenspecial\\\/#breadcrumb\"},\"inLanguage\":\"en-US\",\"potentialAction\":[{\"@type\":\"ReadAction\",\"target\":[\"https:\\\/\\\/www.megasoft.de\\\/coreldraw-bankenspecial\\\/\"]}]},{\"@type\":\"ImageObject\",\"inLanguage\":\"en-US\",\"@id\":\"https:\\\/\\\/www.megasoft.de\\\/coreldraw-bankenspecial\\\/#primaryimage\",\"url\":\"https:\\\/\\\/www.megasoft.de\\\/wp-content\\\/uploads\\\/bankenspecialneu.png\",\"contentUrl\":\"https:\\\/\\\/www.megasoft.de\\\/wp-content\\\/uploads\\\/bankenspecialneu.png\",\"width\":1875,\"height\":706},{\"@type\":\"BreadcrumbList\",\"@id\":\"https:\\\/\\\/www.megasoft.de\\\/coreldraw-bankenspecial\\\/#breadcrumb\",\"itemListElement\":[{\"@type\":\"ListItem\",\"position\":1,\"name\":\"Startseite\",\"item\":\"https:\\\/\\\/www.megasoft.de\\\/\"},{\"@type\":\"ListItem\",\"position\":2,\"name\":\"CorelDRAW Bankenspecial\"}]},{\"@type\":\"WebSite\",\"@id\":\"https:\\\/\\\/www.megasoft.de\\\/#website\",\"url\":\"https:\\\/\\\/www.megasoft.de\\\/\",\"name\":\"megasoft IT GmbH &amp; Co. KG\",\"description\":\"Your IT Procurement Partner\",\"publisher\":{\"@id\":\"https:\\\/\\\/www.megasoft.de\\\/#organization\"},\"potentialAction\":[{\"@type\":\"SearchAction\",\"target\":{\"@type\":\"EntryPoint\",\"urlTemplate\":\"https:\\\/\\\/www.megasoft.de\\\/?s={search_term_string}\"},\"query-input\":{\"@type\":\"PropertyValueSpecification\",\"valueRequired\":true,\"valueName\":\"search_term_string\"}}],\"inLanguage\":\"en-US\"},{\"@type\":\"Organization\",\"@id\":\"https:\\\/\\\/www.megasoft.de\\\/#organization\",\"name\":\"megasoft IT GmbH &amp; Co. KG\",\"url\":\"https:\\\/\\\/www.megasoft.de\\\/\",\"logo\":{\"@type\":\"ImageObject\",\"inLanguage\":\"en-US\",\"@id\":\"https:\\\/\\\/www.megasoft.de\\\/#\\\/schema\\\/logo\\\/image\\\/\",\"url\":\"https:\\\/\\\/www.megasoft.de\\\/wp-content\\\/uploads\\\/megasoft_logo_IT_Procurement_Partner.png\",\"contentUrl\":\"https:\\\/\\\/www.megasoft.de\\\/wp-content\\\/uploads\\\/megasoft_logo_IT_Procurement_Partner.png\",\"width\":1400,\"height\":350,\"caption\":\"megasoft IT GmbH &amp; Co. KG\"},\"image\":{\"@id\":\"https:\\\/\\\/www.megasoft.de\\\/#\\\/schema\\\/logo\\\/image\\\/\"}}]}<\/script>\n<!-- \/ Yoast SEO plugin. -->","yoast_head_json":{"title":"CorelDRAW Bankenspecial - megasoft IT GmbH &amp; Co. KG","robots":{"index":"index","follow":"follow","max-snippet":"max-snippet:-1","max-image-preview":"max-image-preview:large","max-video-preview":"max-video-preview:-1"},"canonical":"https:\/\/www.megasoft.de\/en\/coreldraw-bankenspecial\/","og_locale":"en_US","og_type":"article","og_title":"CorelDRAW Bankenspecial - megasoft IT GmbH &amp; Co. KG","og_description":"Kostenlose CorelDRAW-Vorlagenim Wert von 199\u20ac Nur ab CorelDRAW Graphics Suite 2023 geeignet insgesamt 36 CorelDRAW-Vorlagen* 2 Corporate Designs Jetzt loslegen! Schnell zu herausragenden Ergebnissen Diese exklusiven, hochwertigen Vorlagen f\u00fcr Flyer, Aush\u00e4nge, Plakate und vieles mehr sind mit CorelDRAW sofort einsatzbereit und sparen damit jede Menge Zeit. Grafikdesignerin Michaela Maginot ist [&hellip;]","og_url":"https:\/\/www.megasoft.de\/en\/coreldraw-bankenspecial\/","og_site_name":"megasoft IT GmbH &amp; Co. KG","article_modified_time":"2024-06-03T18:05:33+00:00","og_image":[{"width":1875,"height":706,"url":"https:\/\/www.megasoft.de\/wp-content\/uploads\/bankenspecialneu.png","type":"image\/png"}],"twitter_card":"summary_large_image","twitter_misc":{"Est. reading time":"3 minutes"},"schema":{"@context":"https:\/\/schema.org","@graph":[{"@type":"WebPage","@id":"https:\/\/www.megasoft.de\/coreldraw-bankenspecial\/","url":"https:\/\/www.megasoft.de\/coreldraw-bankenspecial\/","name":"CorelDRAW Bankenspecial - megasoft IT GmbH &amp; Co. KG","isPartOf":{"@id":"https:\/\/www.megasoft.de\/#website"},"primaryImageOfPage":{"@id":"https:\/\/www.megasoft.de\/coreldraw-bankenspecial\/#primaryimage"},"image":{"@id":"https:\/\/www.megasoft.de\/coreldraw-bankenspecial\/#primaryimage"},"thumbnailUrl":"https:\/\/www.megasoft.de\/wp-content\/uploads\/bankenspecialneu.png","datePublished":"2019-05-05T13:52:37+00:00","dateModified":"2024-06-03T18:05:33+00:00","breadcrumb":{"@id":"https:\/\/www.megasoft.de\/coreldraw-bankenspecial\/#breadcrumb"},"inLanguage":"en-US","potentialAction":[{"@type":"ReadAction","target":["https:\/\/www.megasoft.de\/coreldraw-bankenspecial\/"]}]},{"@type":"ImageObject","inLanguage":"en-US","@id":"https:\/\/www.megasoft.de\/coreldraw-bankenspecial\/#primaryimage","url":"https:\/\/www.megasoft.de\/wp-content\/uploads\/bankenspecialneu.png","contentUrl":"https:\/\/www.megasoft.de\/wp-content\/uploads\/bankenspecialneu.png","width":1875,"height":706},{"@type":"BreadcrumbList","@id":"https:\/\/www.megasoft.de\/coreldraw-bankenspecial\/#breadcrumb","itemListElement":[{"@type":"ListItem","position":1,"name":"Startseite","item":"https:\/\/www.megasoft.de\/"},{"@type":"ListItem","position":2,"name":"CorelDRAW Bankenspecial"}]},{"@type":"WebSite","@id":"https:\/\/www.megasoft.de\/#website","url":"https:\/\/www.megasoft.de\/","name":"megasoft IT GmbH &amp; Co. KG","description":"Your IT Procurement Partner","publisher":{"@id":"https:\/\/www.megasoft.de\/#organization"},"potentialAction":[{"@type":"SearchAction","target":{"@type":"EntryPoint","urlTemplate":"https:\/\/www.megasoft.de\/?s={search_term_string}"},"query-input":{"@type":"PropertyValueSpecification","valueRequired":true,"valueName":"search_term_string"}}],"inLanguage":"en-US"},{"@type":"Organization","@id":"https:\/\/www.megasoft.de\/#organization","name":"megasoft IT GmbH &amp; Co. KG","url":"https:\/\/www.megasoft.de\/","logo":{"@type":"ImageObject","inLanguage":"en-US","@id":"https:\/\/www.megasoft.de\/#\/schema\/logo\/image\/","url":"https:\/\/www.megasoft.de\/wp-content\/uploads\/megasoft_logo_IT_Procurement_Partner.png","contentUrl":"https:\/\/www.megasoft.de\/wp-content\/uploads\/megasoft_logo_IT_Procurement_Partner.png","width":1400,"height":350,"caption":"megasoft IT GmbH &amp; Co. KG"},"image":{"@id":"https:\/\/www.megasoft.de\/#\/schema\/logo\/image\/"}}]}},"publishpress_future_action":{"enabled":false,"date":"2026-05-21 01:08:02","action":"change-status","newStatus":"draft","terms":[],"taxonomy":"","extraData":[]},"publishpress_future_workflow_manual_trigger":{"enabledWorkflows":[]},"_links":{"self":[{"href":"https:\/\/www.megasoft.de\/en\/wp-json\/wp\/v2\/pages\/2637","targetHints":{"allow":["GET"]}}],"collection":[{"href":"https:\/\/www.megasoft.de\/en\/wp-json\/wp\/v2\/pages"}],"about":[{"href":"https:\/\/www.megasoft.de\/en\/wp-json\/wp\/v2\/types\/page"}],"author":[{"embeddable":true,"href":"https:\/\/www.megasoft.de\/en\/wp-json\/wp\/v2\/users\/1"}],"replies":[{"embeddable":true,"href":"https:\/\/www.megasoft.de\/en\/wp-json\/wp\/v2\/comments?post=2637"}],"version-history":[{"count":193,"href":"https:\/\/www.megasoft.de\/en\/wp-json\/wp\/v2\/pages\/2637\/revisions"}],"predecessor-version":[{"id":97998,"href":"https:\/\/www.megasoft.de\/en\/wp-json\/wp\/v2\/pages\/2637\/revisions\/97998"}],"wp:featuredmedia":[{"embeddable":true,"href":"https:\/\/www.megasoft.de\/en\/wp-json\/wp\/v2\/media\/2667"}],"wp:attachment":[{"href":"https:\/\/www.megasoft.de\/en\/wp-json\/wp\/v2\/media?parent=2637"}],"curies":[{"name":"wp","href":"https:\/\/api.w.org\/{rel}","templated":true}]}}