{"id":3682,"date":"2019-09-12T16:46:47","date_gmt":"2019-09-12T14:46:47","guid":{"rendered":"https:\/\/www.megasoft.de\/?page_id=3682"},"modified":"2023-08-15T09:43:27","modified_gmt":"2023-08-15T07:43:27","slug":"nitro-pro-13","status":"publish","type":"page","link":"https:\/\/www.megasoft.de\/en\/nitro-pro-13\/","title":{"rendered":"nitro pro 13"},"content":{"rendered":"<div class=\"view mt-5\"> <img decoding=\"async\" data-src=\"\/wp-content\/uploads\/nitro-pfd-reader-12-software.jpg\" class=\"img-fluid lazyload\" alt=\"nitro productive suite pdf reader\" src=\"data:image\/svg+xml;base64,PHN2ZyB3aWR0aD0iMSIgaGVpZ2h0PSIxIiB4bWxucz0iaHR0cDovL3d3dy53My5vcmcvMjAwMC9zdmciPjwvc3ZnPg==\" style=\"--smush-placeholder-width: 2560px; --smush-placeholder-aspect-ratio: 2560\/983;\"><\/p>\n<div class=\"mask flex-center rgba-orange-light\">\n<div class=\"row\">\n<div class=\"col-12 text-center\"><img decoding=\"async\" class=\"img-fluid lazyload\" data-src=\"\/wp-content\/uploads\/nitro-pdf-reader-bearbeitung-12-productive-suite.png\" style=\"--smush-placeholder-width: 200px; --smush-placeholder-aspect-ratio: 200\/82;display:inline-block\" src=\"data:image\/svg+xml;base64,PHN2ZyB3aWR0aD0iMSIgaGVpZ2h0PSIxIiB4bWxucz0iaHR0cDovL3d3dy53My5vcmcvMjAwMC9zdmciPjwvc3ZnPg==\"><\/div>\n<div class=\"col-12 mt-3\">\n<h2 class=\"white-text text-center\">Jetzt: Das neue Nitro Pro 13 &#8211; PDF Tool<\/h2>\n<p class=\"white-text text-center\">inklusive E-Signatur<\/p>\n<p class=\"white-text text-center\">mehr als nur ein PDF Reader<\/p>\n<p class=\"white-text text-center\">3x schnellere Verabteitung | 3x kleinere Dateien | anpassbare Multifunktionsleiste | uvm.<\/p>\n<\/div>\n<\/div>\n<\/div>\n<\/div>\n<div class=\"row pb-3\">\n<div class=\"col-12\">\n<h2 class=\"grey-text text-center py-4\">Nitro Pro 13 &#8211; Der PDF Reader f\u00fcr mehr Produktivit\u00e4t<\/h2>\n<p class=\"text-center\">Nitro Pro 13 wird die f\u00fchrende Alternative zu Adobe\u00ae Acrobat\u00ae! Nitro Pro 13 wird die h\u00e4ufigsten Herausforderungen bei Dokumenten meistern. Unsere preisgekr\u00f6nte Dokumentenproduktivit\u00e4tsl\u00f6sung bietet Anwendern leistungsstarke Tools zum Erstellen, Konvertieren, Bearbeiten, Unterzeichnen, Sch\u00fctzen, \u00dcberpr\u00fcfen und Freigeben von PDFs und senkt dadurch die Kosten. Gleichzeitig erm\u00f6glicht es Anwendern eine schnellere und einfachere Arbeit \u2013 ohne eine einzige Seite drucken zu m\u00fcssen. Nitro Pro 13 ist mehr als ein PDF-Reader<\/p>\n<\/p><\/div>\n<div class=\"col-md-4 wow fadeInLeft\">\n<div class=\"row mb-3\">\n<div class=\"col-1\"> <i class=\"fa fa-2x fa-check-circle orange-text\"><\/i> <\/div>\n<div class=\"col-10\">\n<h5 class=\"font-weight-bold\">Nitro Pro 13 &#8211; Konvertieren Sie mit hoher Pr\u00e4zision<\/h5>\n<p>Beim Konvertieren von PDFs in Excel und PowerPoint kommen Sie mit Nitro Pro 13 in den Genuss noch h\u00f6herer Pr\u00e4zision, noch schnellerer Ergebnisse und verbesserter Konsistenz f\u00fcr Inhalte, Bilder, Layouts, Farben und Schriftarten.<\/p>\n<\/p><\/div>\n<\/p><\/div>\n<div class=\"row mb-3\">\n<div class=\"col-1\"> <i class=\"fa fa-2x fa-check-circle orange-text\"><\/i> <\/div>\n<div class=\"col-10\">\n<h5 class=\"font-weight-bold\">Nitro Pro 13 &#8211; Reibungsloses \u00dcbertragen vom Desktop in die Cloud <\/h5>\n<p>Die erprobte Nitro Cloud-Integration verbessert die Zusammenarbeit, indem jeder Nitro Pro-Benutzer mit E-Signatur-Tools ausgestattet wird und die M\u00f6glichkeit erh\u00e4lt, Dokumente schnell \u00fcber die Cloud zu teilen. Die E-Signatur ist im Gegensatz zu vielen anderen Herstellern kostenlos in Nitro Pro 13 enthalten.!<\/p>\n<\/p><\/div>\n<\/p><\/div>\n<div class=\"row mb-3\">\n<div class=\"col-1\"> <i class=\"fa fa-2x fa-check-circle orange-text\"><\/i> <\/div>\n<div class=\"col-10\">\n<h5 class=\"font-weight-bold\">Nitro Pro 13 -Schneller auf Dateien zugreifen und diese teilen<\/h5>\n<p>Der OneDrive f\u00fcr Business Connector von Nitro Pro 13 bef\u00e4higt Sie dazu, Ihre PDFs direkt auf OneDrive zu speichern. Dies macht es einfach, Zugriffslinks zu erstellen und diese mit Ihren Kollegen zu teilen.<\/p>\n<\/p><\/div>\n<\/p><\/div>\n<\/p><\/div>\n<div class=\"col-md-4 text-center mb-3  wow fadeInDown\"> <img decoding=\"async\" class=\"img-fluid lazyload\" data-src=\"\/wp-content\/uploads\/nitro-productivity-suite-nitro-pro-pdf-analytics-cloud-admin-kundenerfolg.jpg\" alt=\"nitro producticity suite - nitro pro - nitro analytics - nitro admin - nitro kundenerfolg\" style=\"--smush-placeholder-width: 1000px; --smush-placeholder-aspect-ratio: 1000\/1000;display: inline-block; width:500px;\" src=\"data:image\/svg+xml;base64,PHN2ZyB3aWR0aD0iMSIgaGVpZ2h0PSIxIiB4bWxucz0iaHR0cDovL3d3dy53My5vcmcvMjAwMC9zdmciPjwvc3ZnPg==\"> <\/p>\n<p><a href=\"https:\/\/www.megasoft.de\/en\/shop\/software\/bueroanwendungen\/nitro-pro-13\/\"><button type=\"button\" class=\"btn btn-outline-warning btn-rounded waves-effect text-center\">Jetzt Nitro Pro 13 g\u00fcnstig online kaufen<\/button><\/a><\/p>\n<\/div>\n<div class=\"col-md-4 wow fadeInRight\">\n<div class=\"row mb-3\">\n<div class=\"col-1\"> <i class=\"fa fa-2x fa-check-circle orange-text\"><\/i> <\/div>\n<div class=\"col-10\">\n<h5 class=\"font-weight-bold\">Nitro Pro 13 &#8211; Werden Sie kreativ mit CAD<\/h5>\n<p>Die Kompatibilit\u00e4t von Nitro Pro 13 mit hochwertigen CAD-Zeichnungen (Computer-Aided Design) erm\u00f6glicht Ihnen die Arbeit mit Entw\u00fcrfen und anderen IPs in Ihren PDFs sowie den Export nach PDF aus Revit, AutoCAD und Microstation. Jetzt noch schneller, noch pr\u00e4ziser und noch leichter mit Nitro Pro 13<\/p>\n<\/p><\/div>\n<\/p><\/div>\n<div class=\"row mb-3\">\n<div class=\"col-1\"> <i class=\"fa fa-2x fa-check-circle orange-text\"><\/i> <\/div>\n<div class=\"col-10\">\n<h5 class=\"font-weight-bold\">Nitro Pro 13 &#8211; Den Drucker \u00fcberspringen<\/h5>\n<p>Ersetzen Sie das Drucken mit effizienteren, kosteng\u00fcnstigen digitalen Arbeitsabl\u00e4ufen, indem Sie Alternativen zum Drucken verwenden, welche, beim Aufrufen des Drucken-Dialogfensters, anstatt des Druckens Nitro Pro 13 &#8211; Funktionen vorschlagen.<\/p>\n<\/p><\/div>\n<\/p><\/div>\n<div class=\"row mb-3\">\n<div class=\"col-1\"> <i class=\"fa fa-2x fa-check-circle orange-text\"><\/i> <\/div>\n<div class=\"col-10\">\n<h5 class=\"font-weight-bold\">Nitro Pro 13 &#8211; Betreiben Sie Multitasking einfacher<\/h5>\n<p id=\"nitropro\">Mit Nitro Pro 13 \u00e4ndern Sie PDFs in wenigen Schritten mit der M\u00f6glichkeit, Text und Bilder zwischen mehreren offenen Fenstern per Drag-and-Drop zu verschieben.<\/p>\n<\/p><\/div>\n<\/p><\/div>\n<\/p><\/div>\n<\/div>\n<div class=\"row pb-3\">\n<div class=\"col-12\">\n<h2 class=\"grey-text text-center py-4\">Nitro Pro 13: System Tray Application Enhancements<\/h2>\n<p class=\"text-center\">The System Tray App has been refreshed with a more modern UI for an improved user experience. Additional enhancements help Nitro Pro users onboard quicker and easier. These include:The Discover Tab, which offers guides to Nitro Pro&#8217;s top workflows | One-click access to Recent Documents | Shortcuts to the Nitro User Guide and Nitro Cloud&#8217;s eSigning and sharing workflows<br \/>\nAnother new addition to the System Tray App is Nitro&#8217;s Environmental Impact Score, which illustrates how the use of Nitro Pro drives environmental sustainability. The Environmental Impact Score presents information, like the number of trees saved and average number of pages not printed, over a period of time for each user. This new feature will help Nitro users become more aware of how activities like printing negatively impact the environment and how using Nitro instead can produce positive change.<br \/>\nCustomize Tab\n<\/p>\n<\/p><\/div>\n<\/p><\/div>\n<\/div>\n<p class=\"text-center\"><a href=\"https:\/\/www.megasoft.de\/en\/shop\/software\/bueroanwendungen\/nitro-pro-13\/\"><button type=\"button\" class=\"btn btn-outline-warning btn-rounded waves-effect text-center\">Jetzt Nitro Pro 13 g\u00fcnstig online kaufen<\/button><\/a><\/p>\n<div class=\"row pb-3\">\n<div class=\"col-12\">\n<h2 class=\"grey-text text-center py-4\">Nitro Pro 13: Customize Tab<\/h2>\n<p class=\"text-center\">This new feature enables users to add a collection of tools to a customizable ribbon tab in Nitro Pro. Especially helpful for users who complete the same processes every day, the Customize Tab gives users a place to group tools together based on their workflow needs. Users can also rename the tab to reflect their use case; for example, &#8222;Legal Review Tools&#8220; or &#8222;Purchase Orders&#8220;.\n<\/p>\n<\/p><\/div>\n<\/p><\/div>\n<\/div>\n<p class=\"text-center\"><a href=\"https:\/\/www.megasoft.de\/en\/shop\/software\/bueroanwendungen\/nitro-pro-13\/\"><button type=\"button\" class=\"btn btn-outline-warning btn-rounded waves-effect text-center\">Jetzt Nitro Pro 13 g\u00fcnstig online kaufen<\/button><\/a><\/p>\n<div class=\"row pb-3\">\n<div class=\"col-12\">\n<h2 class=\"grey-text text-center py-4\">Nitro Pro 13: Home Screen<\/h2>\n<p class=\"text-center\">To help users kickstart their workflows, the new Home screen in Nitro Pro appears on opening to provide quick access to helpful tools and resources:<br \/>\n<strong>Create PDF<\/strong> so users can quickly open any supported document type as a PDF in Nitro Pro | <strong>Create and Combine<\/strong> so users can combine multiple documents of any supported file type into one PDF | <strong>How-to Guides<\/strong> that help familiarize users with Nitro Pro&#8217;s top five workflows | <strong>Recent Document<\/strong> so users have quick access to the files they&#8217;ve recently worked with | <strong>Pinned Documents<\/strong> so users can reference important or frequently used documents with one click | <strong>Find Documents<\/strong> so users can quickly search through Recent and Pinned documents\n<\/p>\n<\/p><\/div>\n<\/p><\/div>\n<\/div>\n<p class=\"text-center\"><a href=\"https:\/\/www.megasoft.de\/en\/shop\/software\/bueroanwendungen\/nitro-pro-13\/\"><button type=\"button\" class=\"btn btn-outline-warning btn-rounded waves-effect text-center\">Jetzt Nitro Pro 13 g\u00fcnstig online kaufen<\/button><\/a><\/p>","protected":false},"excerpt":{"rendered":"<p>Jetzt: Das neue Nitro Pro 13 &#8211; PDF Tool inklusive E-Signatur mehr als nur ein PDF Reader 3x schnellere Verabteitung | 3x kleinere Dateien | anpassbare Multifunktionsleiste | uvm. Nitro Pro 13 &#8211; Der PDF Reader f\u00fcr mehr Produktivit\u00e4t Nitro Pro 13 wird die f\u00fchrende Alternative zu Adobe\u00ae Acrobat\u00ae! Nitro [&hellip;]<\/p>\n","protected":false},"author":5,"featured_media":0,"parent":0,"menu_order":0,"comment_status":"closed","ping_status":"closed","template":"","meta":{"om_disable_all_campaigns":false,"_monsterinsights_skip_tracking":false,"_monsterinsights_sitenote_active":false,"_monsterinsights_sitenote_note":"","_monsterinsights_sitenote_category":0,"_themeisle_gutenberg_block_has_review":false,"footnotes":""},"class_list":["post-3682","page","type-page","status-publish","hentry","wpautop"],"yoast_head":"<!-- This site is optimized with the Yoast SEO plugin v27.6 - https:\/\/yoast.com\/product\/yoast-seo-wordpress\/ -->\n<title>Nitro Pro 13 - Das PDF Tool mit kostenlosem E-Signing - megasoft IT<\/title>\n<meta name=\"description\" content=\"Wir leben Software! | Steigern Sie Ihre Produktivit\u00e4t mit Nitro | PDF Tool - erstellen &amp; bearbeiten | KOSTENLOS unbegrenzt signieren dank E-Signing | uvm.\" \/>\n<meta name=\"robots\" content=\"index, follow, max-snippet:-1, max-image-preview:large, max-video-preview:-1\" \/>\n<link rel=\"canonical\" href=\"https:\/\/www.megasoft.de\/en\/nitro-pro-13\/\" \/>\n<meta property=\"og:locale\" content=\"en_US\" \/>\n<meta property=\"og:type\" content=\"article\" \/>\n<meta property=\"og:title\" content=\"Nitro Pro 13 - Das PDF Tool mit kostenlosem E-Signing - megasoft IT\" \/>\n<meta property=\"og:description\" content=\"Wir leben Software! | Steigern Sie Ihre Produktivit\u00e4t mit Nitro | PDF Tool - erstellen &amp; bearbeiten | KOSTENLOS unbegrenzt signieren dank E-Signing | uvm.\" \/>\n<meta property=\"og:url\" content=\"https:\/\/www.megasoft.de\/en\/nitro-pro-13\/\" \/>\n<meta property=\"og:site_name\" content=\"megasoft IT GmbH &amp; Co. KG\" \/>\n<meta property=\"article:modified_time\" content=\"2023-08-15T07:43:27+00:00\" \/>\n<meta name=\"twitter:card\" content=\"summary_large_image\" \/>\n<meta name=\"twitter:label1\" content=\"Est. reading time\" \/>\n\t<meta name=\"twitter:data1\" content=\"4 minutes\" \/>\n<script type=\"application\/ld+json\" class=\"yoast-schema-graph\">{\"@context\":\"https:\\\/\\\/schema.org\",\"@graph\":[{\"@type\":\"WebPage\",\"@id\":\"https:\\\/\\\/www.megasoft.de\\\/nitro-pro-13\\\/\",\"url\":\"https:\\\/\\\/www.megasoft.de\\\/nitro-pro-13\\\/\",\"name\":\"Nitro Pro 13 - Das PDF Tool mit kostenlosem E-Signing - megasoft IT\",\"isPartOf\":{\"@id\":\"https:\\\/\\\/www.megasoft.de\\\/#website\"},\"datePublished\":\"2019-09-12T14:46:47+00:00\",\"dateModified\":\"2023-08-15T07:43:27+00:00\",\"description\":\"Wir leben Software! | Steigern Sie Ihre Produktivit\u00e4t mit Nitro | PDF Tool - erstellen & bearbeiten | KOSTENLOS unbegrenzt signieren dank E-Signing | uvm.\",\"breadcrumb\":{\"@id\":\"https:\\\/\\\/www.megasoft.de\\\/nitro-pro-13\\\/#breadcrumb\"},\"inLanguage\":\"en-US\",\"potentialAction\":[{\"@type\":\"ReadAction\",\"target\":[\"https:\\\/\\\/www.megasoft.de\\\/nitro-pro-13\\\/\"]}]},{\"@type\":\"BreadcrumbList\",\"@id\":\"https:\\\/\\\/www.megasoft.de\\\/nitro-pro-13\\\/#breadcrumb\",\"itemListElement\":[{\"@type\":\"ListItem\",\"position\":1,\"name\":\"Startseite\",\"item\":\"https:\\\/\\\/www.megasoft.de\\\/\"},{\"@type\":\"ListItem\",\"position\":2,\"name\":\"nitro pro 13\"}]},{\"@type\":\"WebSite\",\"@id\":\"https:\\\/\\\/www.megasoft.de\\\/#website\",\"url\":\"https:\\\/\\\/www.megasoft.de\\\/\",\"name\":\"megasoft IT GmbH &amp; Co. KG\",\"description\":\"Your IT Procurement Partner\",\"publisher\":{\"@id\":\"https:\\\/\\\/www.megasoft.de\\\/#organization\"},\"potentialAction\":[{\"@type\":\"SearchAction\",\"target\":{\"@type\":\"EntryPoint\",\"urlTemplate\":\"https:\\\/\\\/www.megasoft.de\\\/?s={search_term_string}\"},\"query-input\":{\"@type\":\"PropertyValueSpecification\",\"valueRequired\":true,\"valueName\":\"search_term_string\"}}],\"inLanguage\":\"en-US\"},{\"@type\":\"Organization\",\"@id\":\"https:\\\/\\\/www.megasoft.de\\\/#organization\",\"name\":\"megasoft IT GmbH &amp; Co. KG\",\"url\":\"https:\\\/\\\/www.megasoft.de\\\/\",\"logo\":{\"@type\":\"ImageObject\",\"inLanguage\":\"en-US\",\"@id\":\"https:\\\/\\\/www.megasoft.de\\\/#\\\/schema\\\/logo\\\/image\\\/\",\"url\":\"https:\\\/\\\/www.megasoft.de\\\/wp-content\\\/uploads\\\/megasoft_logo_IT_Procurement_Partner.png\",\"contentUrl\":\"https:\\\/\\\/www.megasoft.de\\\/wp-content\\\/uploads\\\/megasoft_logo_IT_Procurement_Partner.png\",\"width\":1400,\"height\":350,\"caption\":\"megasoft IT GmbH &amp; Co. KG\"},\"image\":{\"@id\":\"https:\\\/\\\/www.megasoft.de\\\/#\\\/schema\\\/logo\\\/image\\\/\"}}]}<\/script>\n<!-- \/ Yoast SEO plugin. -->","yoast_head_json":{"title":"Nitro Pro 13 - Das PDF Tool mit kostenlosem E-Signing - megasoft IT","description":"Wir leben Software! | Steigern Sie Ihre Produktivit\u00e4t mit Nitro | PDF Tool - erstellen & bearbeiten | KOSTENLOS unbegrenzt signieren dank E-Signing | uvm.","robots":{"index":"index","follow":"follow","max-snippet":"max-snippet:-1","max-image-preview":"max-image-preview:large","max-video-preview":"max-video-preview:-1"},"canonical":"https:\/\/www.megasoft.de\/en\/nitro-pro-13\/","og_locale":"en_US","og_type":"article","og_title":"Nitro Pro 13 - Das PDF Tool mit kostenlosem E-Signing - megasoft IT","og_description":"Wir leben Software! | Steigern Sie Ihre Produktivit\u00e4t mit Nitro | PDF Tool - erstellen & bearbeiten | KOSTENLOS unbegrenzt signieren dank E-Signing | uvm.","og_url":"https:\/\/www.megasoft.de\/en\/nitro-pro-13\/","og_site_name":"megasoft IT GmbH &amp; Co. KG","article_modified_time":"2023-08-15T07:43:27+00:00","twitter_card":"summary_large_image","twitter_misc":{"Est. reading time":"4 minutes"},"schema":{"@context":"https:\/\/schema.org","@graph":[{"@type":"WebPage","@id":"https:\/\/www.megasoft.de\/nitro-pro-13\/","url":"https:\/\/www.megasoft.de\/nitro-pro-13\/","name":"Nitro Pro 13 - Das PDF Tool mit kostenlosem E-Signing - megasoft IT","isPartOf":{"@id":"https:\/\/www.megasoft.de\/#website"},"datePublished":"2019-09-12T14:46:47+00:00","dateModified":"2023-08-15T07:43:27+00:00","description":"Wir leben Software! | Steigern Sie Ihre Produktivit\u00e4t mit Nitro | PDF Tool - erstellen & bearbeiten | KOSTENLOS unbegrenzt signieren dank E-Signing | uvm.","breadcrumb":{"@id":"https:\/\/www.megasoft.de\/nitro-pro-13\/#breadcrumb"},"inLanguage":"en-US","potentialAction":[{"@type":"ReadAction","target":["https:\/\/www.megasoft.de\/nitro-pro-13\/"]}]},{"@type":"BreadcrumbList","@id":"https:\/\/www.megasoft.de\/nitro-pro-13\/#breadcrumb","itemListElement":[{"@type":"ListItem","position":1,"name":"Startseite","item":"https:\/\/www.megasoft.de\/"},{"@type":"ListItem","position":2,"name":"nitro pro 13"}]},{"@type":"WebSite","@id":"https:\/\/www.megasoft.de\/#website","url":"https:\/\/www.megasoft.de\/","name":"megasoft IT GmbH &amp; Co. KG","description":"Your IT Procurement Partner","publisher":{"@id":"https:\/\/www.megasoft.de\/#organization"},"potentialAction":[{"@type":"SearchAction","target":{"@type":"EntryPoint","urlTemplate":"https:\/\/www.megasoft.de\/?s={search_term_string}"},"query-input":{"@type":"PropertyValueSpecification","valueRequired":true,"valueName":"search_term_string"}}],"inLanguage":"en-US"},{"@type":"Organization","@id":"https:\/\/www.megasoft.de\/#organization","name":"megasoft IT GmbH &amp; Co. KG","url":"https:\/\/www.megasoft.de\/","logo":{"@type":"ImageObject","inLanguage":"en-US","@id":"https:\/\/www.megasoft.de\/#\/schema\/logo\/image\/","url":"https:\/\/www.megasoft.de\/wp-content\/uploads\/megasoft_logo_IT_Procurement_Partner.png","contentUrl":"https:\/\/www.megasoft.de\/wp-content\/uploads\/megasoft_logo_IT_Procurement_Partner.png","width":1400,"height":350,"caption":"megasoft IT GmbH &amp; Co. KG"},"image":{"@id":"https:\/\/www.megasoft.de\/#\/schema\/logo\/image\/"}}]}},"publishpress_future_action":{"enabled":false,"date":"2026-05-22 13:17:09","action":"change-status","newStatus":"draft","terms":[],"taxonomy":"","extraData":[]},"publishpress_future_workflow_manual_trigger":{"enabledWorkflows":[]},"_links":{"self":[{"href":"https:\/\/www.megasoft.de\/en\/wp-json\/wp\/v2\/pages\/3682","targetHints":{"allow":["GET"]}}],"collection":[{"href":"https:\/\/www.megasoft.de\/en\/wp-json\/wp\/v2\/pages"}],"about":[{"href":"https:\/\/www.megasoft.de\/en\/wp-json\/wp\/v2\/types\/page"}],"author":[{"embeddable":true,"href":"https:\/\/www.megasoft.de\/en\/wp-json\/wp\/v2\/users\/5"}],"replies":[{"embeddable":true,"href":"https:\/\/www.megasoft.de\/en\/wp-json\/wp\/v2\/comments?post=3682"}],"version-history":[{"count":27,"href":"https:\/\/www.megasoft.de\/en\/wp-json\/wp\/v2\/pages\/3682\/revisions"}],"predecessor-version":[{"id":6868,"href":"https:\/\/www.megasoft.de\/en\/wp-json\/wp\/v2\/pages\/3682\/revisions\/6868"}],"wp:attachment":[{"href":"https:\/\/www.megasoft.de\/en\/wp-json\/wp\/v2\/media?parent=3682"}],"curies":[{"name":"wp","href":"https:\/\/api.w.org\/{rel}","templated":true}]}}