{"id":3927,"date":"2019-10-11T15:28:39","date_gmt":"2019-10-11T13:28:39","guid":{"rendered":"https:\/\/www.megasoft.de\/?page_id=3927"},"modified":"2020-05-20T13:48:45","modified_gmt":"2020-05-20T11:48:45","slug":"zoom-video-communications-die-konferenzloesung-fuer-ihr-business","status":"publish","type":"page","link":"https:\/\/www.megasoft.de\/en\/zoom-video-communications-die-konferenzloesung-fuer-ihr-business\/","title":{"rendered":"ZOOM Video Communications &#8211; Die Konferenzl\u00f6sung f\u00fcr Ihr Business"},"content":{"rendered":"<div class=\"mt-4\">\n<div class=\"parallax pb-4 pt-4 lazyload\" style=\"background-image:inherit;background-attachment:fixed;background-size:cover\" data-bg-image=\"url(&#039;\/wp-content\/uploads\/zoom-megasoft-video-conferencing-meeting-solution-2-e1570799292111.jpg&#039;)\">\n<div class=\"container-fluid\" style=\"margin-top:50px;\" >\n<div class=\"container  z-depth-1\" style=\"background-color: #ffffff;\">\n<section class=\"text-center dark-grey-text\">\n<h3 class=\"font-weight-bold pb-2\">zoom Video Konferenz, Webinar und mehr<\/h3>\n<hr class=\"w-header my-4\">\n<p class=\"text-muted w-responsive mx-auto mb-5\">Zoom geh\u00f6rt zu den erfolgreichsten Anbietern der Komunikation in den Bereichen Meeting, Konferenz und Webinar. Durch die platform\u00fcbergreifende Funktionalit\u00e4t k\u00f6nnen Sie zoom auf nahezu jedem appf\u00e4higen Ger\u00e4t nutzen. Sie m\u00f6chten testen? Kontaktieren Sie unseren Vertrieb!<\/p>\n<div class=\"row\">\n<div class=\"col-lg-4 col-md-12 mb-4\">\n<div class=\"pricing-card\">\n<div class=\"card-body\">\n<h6 class=\"font-weight-bold text-uppercase mb-4\">zoom Pro<\/h6>\n<p>\n  F\u00fcr kleine Teams\n            <\/p>\n<p class=\"display-3 font-weight-normal\">11,56\u20ac<\/p>\n<p>\n              Moderator \/ Monat<br \/>\n<br \/>\n              zzgl. 19% MwSt. 2,19 \u20ac = 13,75 \u20ac brutto\n            <\/p>\n<ul class=\"mb-0\">\n<li>\n<p><strong>1<\/strong> Alle Basisfunktionen<\/p>\n<\/li>\n<li>\n<p><strong>100<\/strong> Teilnehmer<\/p>\n<\/li>\n<li>\n<p><strong>24h<\/strong> Zeitlimit f\u00fcr Meetings<\/p>\n<\/li>\n<li>\n<p><strong><\/strong> Benutzerverwaltung<\/p>\n<\/li>\n<li>\n<p><strong><\/strong> uvm.<\/p>\n<\/li>\n<\/ul>\n<p>            <a href=\"https:\/\/www.megasoft.de\/en\/yxib\/\" target=\"_blank\" class=\"btn btn-outline-primary btn-md  btn-block\" rel=\"noopener noreferrer\">Jetzt kaufen<\/a><\/p><\/div>\n<\/p><\/div>\n<\/p><\/div>\n<div class=\"col-lg-4 col-md-6 mb-4\">\n<div class=\"pricing-card\">\n<div class=\"card-body\">\n<h6 class=\"font-weight-bold text-uppercase blue-text mb-4\">zoom Business<\/h6>\n<p>\n              Klein- &#038; mittelst\u00e4ndische Unternehmen\n            <\/p>\n<p class=\"display-3 font-weight-normal\">15,76\u20ac<\/p>\n<p>\n              Moderator \/ Monat<br \/>\n<br \/>\n              zzgl. 19% MwSt. 2,99 \u20ac = 18,75 \u20ac brutto\n            <\/p>\n<ul class=\"mb-0\">\n<li>\n<p><strong>1<\/strong> Alle Pro Funktionen<\/p>\n<\/li>\n<li>\n<p><strong>300<\/strong> Teilnehmer<\/p>\n<\/li>\n<li>\n<p><strong><\/strong> Administrator Dashboard<\/p>\n<\/li>\n<li>\n<p><strong><\/strong> Gezielter Telefonsupport<\/p>\n<\/li>\n<li>\n<p><strong><\/strong> uvm.<\/p>\n<\/li>\n<\/ul>\n<p>            <a href=\"https:\/\/www.megasoft.de\/en\/mja6\/\" target=\"_blank\" class=\"btn btn-primary btn-md  btn-block\" rel=\"noopener noreferrer\">Jetzt kaufen<\/a><\/p><\/div>\n<\/p><\/div>\n<\/p><\/div>\n<div class=\"col-lg-4 col-md-6 mb-4\">\n<div class=\"pricing-card\">\n<div class=\"card-body\">\n<h6 class=\"font-weight-bold text-uppercase mb-4\">zoom Enterprise<\/h6>\n<p>\n  Gro\u00dfe Unternehmen\n            <\/p>\n<p class=\"display-3 font-weight-normal\">Anfrage<\/p>\n<p>\n\n            <\/p>\n<ul class=\"mb-0\">\n<li>\n<p><strong>1<\/strong> Alle Gesch\u00e4ftsfunktionen +<\/p>\n<\/li>\n<li>\n<p><strong>500<\/strong> Teilnehmer &#8211; enterprise<\/p>\n<\/li>\n<li>\n<p><strong>1.000<\/strong> Teilnehmer &#8211; enterprise Plus<\/p>\n<\/li>\n<li>\n<p><strong><\/strong> unbeschr\u00e4nkter Cloud-Speicher<\/p>\n<\/li>\n<li>\n<p><strong><\/strong> uvm.<\/p>\n<\/li>\n<\/ul>\n<p>            <a href=\"https:\/\/www.megasoft.de\/en\/#kontakt\" class=\"btn btn-outline-primary btn-md  btn-block\">Vertrieb kontaktieren<\/a><\/p><\/div>\n<\/p><\/div>\n<\/p><\/div>\n<\/p><\/div>\n<\/section>\n<\/div>\n<\/div>\n<\/div>\n<\/div>\n<p><!--\n\n\n<div class=\"view mt-6\"> <img decoding=\"async\" data-src=\"\/wp-content\/uploads\/zoom-megasoft-video-conferencing-meeting-solution-2-e1570799292111.jpg\" class=\"img-fluid lazyload\" alt=\"zoom-megasoft-video-conferencing-meeting-solution.jpg\" src=\"data:image\/svg+xml;base64,PHN2ZyB3aWR0aD0iMSIgaGVpZ2h0PSIxIiB4bWxucz0iaHR0cDovL3d3dy53My5vcmcvMjAwMC9zdmciPjwvc3ZnPg==\" style=\"--smush-placeholder-width: 1920px; --smush-placeholder-aspect-ratio: 1920\/873;\">\n\t\n\n<div class=\"mask flex-center \">\n\t\t\n\n<div class=\"row\">\n\t\t\t\n\n<div class=\"col-12 text-center\"><img decoding=\"async\" class=\"img-fluid lazyload\" data-src=\"\/wp-content\/uploads\/zoom-video-conferencing-logo-megasoft.png\" style=\"--smush-placeholder-width: 220px; --smush-placeholder-aspect-ratio: 220\/50;display:inline-block\" alt=\"zoom-video-conferencing-logo-megasoft.png\" src=\"data:image\/svg+xml;base64,PHN2ZyB3aWR0aD0iMSIgaGVpZ2h0PSIxIiB4bWxucz0iaHR0cDovL3d3dy53My5vcmcvMjAwMC9zdmciPjwvc3ZnPg==\"><\/div>\n\n\n\t\t\t\n\n<div class=\"col-12 mt-3\">\n\t\t\t\t\n\n<h2 class=\"white-text text-center\">zoom Video Communications<\/h2>\n\n\n                                \n\n<p class=\"white-text text-center\">Makelloses Video. Klares Audio. Sofortiges Sharing.<\/p>\n\n\n                                \n\n<p class=\"white-text text-center\"><a class=\"white-text\" href=\"#meetingundchat\"><u>Meetings & Chats<\/u><\/a> | <a class=\"white-text\" href=\"#videowebinare\"><u>Videowebinare<\/u><\/a> | <a class=\"white-text\" href=\"#telefonsystem\"><u>Telefonsystem<\/u><\/a> | <a class=\"white-text\" href=\"#raumeundarbeitsplaetze\"><u>R\u00e4ume & Arbeitspl\u00e4tze<\/u><\/a> | <a class=\"white-text\" href=\"#appmarkt\"><u>App-Markt<\/u><\/a><\/p>\n\n\n<\/div>\n\n<\/div>\n\n<\/div>\n\n<\/div>\n\n\n--><\/p>\n<div class=\"row pb-3\">\n<div class=\"col-12\">\n<h2 class=\"grey-text text-center py-4\">Wer ist zoom?<\/h2>\n<p class=\"grey-text text-center\">zoom Video Communications ist ein Unternehmen das Remote-Konferenzdienste mithilfe von Cloud-Computing anbietet.<br \/>\nZoom bietet Kommunikationssoftware, die Videokonferenzen, Online-Besprechungen, Chat und mobile Zusammenarbeit kombiniert. <\/p>\n<hr>\n<div class=\"row pb-3\">\n<div class=\"col-12\">\n<h2 class=\"grey-text text-center py-4\">zoom L\u00f6sungen<\/h2>\n<p class=\"grey-text text-center\">\n<\/p><\/div>\n<div class=\"col-md-4 wow fadeInLeft\">\n<div class=\"row mb-3\">\n<div class=\"col-1\"> <\/div>\n<div class=\"col-10\">\n<h5 class=\"font-weight-bold\">Meetings &#038; Chats<\/h5>\n<p>HD Video, Audio, Kollaboration und Chat<br \/>\nzoom Meetings &#038; Chat &#8211; Enterprise-Videokonferenzen mit Instant-Messaging und Content-Sharing<\/p>\n<\/p><\/div>\n<\/p><\/div>\n<div class=\"row mb-3\">\n<div class=\"col-1\">  <\/div>\n<div class=\"col-10\">\n<h5 class=\"font-weight-bold\">Video Webinare<\/h5>\n<p>HD-Video &#038; HD-Audio<br \/>\nzoom Video-Webinare &#8211; Erreichen Sie Ihre Kunden immer und \u00dcberall und bauen Sie Ihr Gesch\u00e4ft weiter aus!<\/p>\n<\/p><\/div>\n<\/p><\/div>\n<div class=\"row mb-3\">\n<div class=\"col-1\"> <\/div>\n<div class=\"col-10\"><\/div>\n<\/p><\/div>\n<\/p><\/div>\n<div class=\"col-md-4 text-center mb-3  wow fadeInDown\"> <img decoding=\"async\" class=\"img-fluid lazyload\" data-src=\"\/wp-content\/uploads\/zoom-megasoft-video-meeting-chat-app-pc-computer-beispiel.png\" alt=\"zoom-megasoft-video-meeting-chat-app-pc-computer-beispiel.png\" style=\"--smush-placeholder-width: 847px; --smush-placeholder-aspect-ratio: 847\/499;display: inline-block; width:500px;\" src=\"data:image\/svg+xml;base64,PHN2ZyB3aWR0aD0iMSIgaGVpZ2h0PSIxIiB4bWxucz0iaHR0cDovL3d3dy53My5vcmcvMjAwMC9zdmciPjwvc3ZnPg==\"> <\/p>\n<p><a href=\"mailto:vertrieb@megasoft.de?subject= ZOOM%20%2D%20Landingpage%20Anfrage\"><button type=\"button\" class=\"btn btn-outline-info waves-effect text-center\">Jetzt ZOOM unverbindlich anfragen<\/button><\/a><\/p>\n<\/div>\n<div class=\"col-md-4 wow fadeInRight\">\n<div class=\"row mb-3\">\n<div class=\"col-1\"> <\/div>\n<div class=\"col-10\">\n<h5 class=\"font-weight-bold\">Telefonsystem zoomphone<\/h5>\n<p>Enterprise Cloud Telefonsystem<br \/>\nzoom Telefonsystem &#8211; zoomphone ist eine moderne platform\u00fcbergreifende Cloud Telefonsoftware. zoomphone schlie\u00dft die L\u00fccke zu Video-First Unified Communications\n <\/p>\n<\/p><\/div>\n<\/p><\/div>\n<div class=\"row mb-3\">\n<div class=\"col-1\"> <\/div>\n<div class=\"col-10\">\n<h5 class=\"font-weight-bold\">R\u00e4ume &#038; Arbeitspl\u00e4tze zoomrooms<\/h5>\n<p>Eine L\u00f6sung f\u00fcr Ihre Firma<br \/>\nzoom zoomroom &#8211; Mit zoomroom verwandeln Sie alle Bereiche Ihres Unternehmens in eine moderne und noch leistungsf\u00e4higere Umgebung.<br \/>\n<a href=\"\/wp-content\/uploads\/zoomroom-konferenzrauml\u00f6sung-brochure.pdf\">Brochure Download<\/a><\/p>\n<\/p><\/div>\n<\/p><\/div>\n<div class=\"row mb-3\">\n<div class=\"col-1\"> <\/div>\n<div class=\"col-10\"><\/div>\n<\/p><\/div>\n<\/p><\/div>\n<\/div>\n<div class=\"container-fluid pt-4\" style=\"background-color: #ffffff;\">\n<div class=\"container my-5 p-5 z-depth-1\">\n<section class=\"text-center dark-grey-text\">\n<h3 class=\"font-weight-bold pb-2\">zoom Video Konferenz, Webinar und mehr g\u00fcnstig online kaufen<\/h3>\n<hr class=\"w-header my-4\">\n<p class=\"text-muted w-responsive mx-auto mb-5\">Einer der erfolgreichsten Anbieter in den Bereichen Videokonferen, Webinar und Webmeeting ist zoom. Mit zoom erleichtern und verbesser Sie die Kommunikation Home-office erheblich. Zudem bietet zoom eine Vielzahl an Erweiterungsm\u00f6glichkeiten wie beispielsweise eine Office Integration. Zoom ist auf allen g\u00e4ngigen Patformen einsatzf\u00e4hig und bietet Ihnen so noch mehr Spielraum wenn es um den Einsatz von Software im Homeoffice geht. Sie m\u00f6chten teste? Kontaktieren Sie unseren Vertrieb!<\/p>\n<div class=\"row\">\n<div class=\"col-lg-4 col-md-12 mb-4\">\n<div class=\"pricing-card\">\n<div class=\"card-body\">\n<h6 class=\"font-weight-bold text-uppercase mb-4\">zoom Pro<\/h6>\n<p>\n  F\u00fcr kleine Teams\n            <\/p>\n<p class=\"display-3 font-weight-normal\">11,56\u20ac<\/p>\n<p>\n              Moderator \/ Monat<br \/>\n<br \/>\n              zzgl. 19% MwSt. 2,19 \u20ac = 13,75 \u20ac brutto\n            <\/p>\n<ul class=\"mb-0\">\n<li>\n<p><strong>1<\/strong> Alle Basisfunktionen<\/p>\n<\/li>\n<li>\n<p><strong>100<\/strong> Teilnehmer<\/p>\n<\/li>\n<li>\n<p><strong>24h<\/strong> Zeitlimit f\u00fcr Meetings<\/p>\n<\/li>\n<li>\n<p><strong><\/strong> Benutzerverwaltung<\/p>\n<\/li>\n<li>\n<p><strong><\/strong> uvm.<\/p>\n<\/li>\n<\/ul>\n<p>            <a href=\"https:\/\/www.megasoft.de\/en\/yxib\/\" target=\"_blank\" class=\"btn btn-outline-primary btn-md  btn-block\" rel=\"noopener noreferrer\">Jetzt kaufen<\/a><\/p><\/div>\n<\/p><\/div>\n<\/p><\/div>\n<div class=\"col-lg-4 col-md-6 mb-4\">\n<div class=\"pricing-card\">\n<div class=\"card-body\">\n<h6 class=\"font-weight-bold text-uppercase blue-text mb-4\">zoom Business<\/h6>\n<p>\n              Klein- &#038; mittelst\u00e4ndische Unternehmen\n            <\/p>\n<p class=\"display-3 font-weight-normal\">15,76\u20ac<\/p>\n<p>\n              Moderator \/ Monat<br \/>\n<br \/>\n              zzgl. 19% MwSt. 2,99 \u20ac = 18,75 \u20ac brutto\n            <\/p>\n<ul class=\"mb-0\">\n<li>\n<p><strong>1<\/strong> Alle Pro Funktionen<\/p>\n<\/li>\n<li>\n<p><strong>300<\/strong> Teilnehmer<\/p>\n<\/li>\n<li>\n<p><strong><\/strong> Administrator Dashboard<\/p>\n<\/li>\n<li>\n<p><strong><\/strong> Gezielter Telefonsupport<\/p>\n<\/li>\n<li>\n<p><strong><\/strong> uvm.<\/p>\n<\/li>\n<\/ul>\n<p>            <a href=\"https:\/\/www.megasoft.de\/en\/mja6\/\" target=\"_blank\" class=\"btn btn-primary btn-md  btn-block\" rel=\"noopener noreferrer\">Jetzt kaufen<\/a><\/p><\/div>\n<\/p><\/div>\n<\/p><\/div>\n<div class=\"col-lg-4 col-md-6 mb-4\">\n<div class=\"pricing-card\">\n<div class=\"card-body\">\n<h6 class=\"font-weight-bold text-uppercase mb-4\">zoom Enterprise<\/h6>\n<p>\n  Gro\u00dfe Unternehmen\n            <\/p>\n<p class=\"display-3 font-weight-normal\">Anfrage<\/p>\n<p>\n              Moderator \/ Monat<br \/>\n<br \/>\n              zzgl. 19% MwSt. 3,03 \u20ac = 18,99 \u20ac brutto\n            <\/p>\n<ul class=\"mb-0\">\n<li>\n<p><strong>1<\/strong> Alle Gesch\u00e4ftsfunktionen +<\/p>\n<\/li>\n<li>\n<p><strong>500<\/strong> Teilnehmer &#8211; enterprise<\/p>\n<\/li>\n<li>\n<p><strong>1.000<\/strong> Teilnehmer &#8211; enterprise Plus<\/p>\n<\/li>\n<li>\n<p><strong><\/strong> unbeschr\u00e4nkter Cloud-Speicher<\/p>\n<\/li>\n<li>\n<p><strong><\/strong> uvm.<\/p>\n<\/li>\n<\/ul>\n<p>            <a href=\"https:\/\/www.megasoft.de\/en\/#kontakt\" class=\"btn btn-outline-primary btn-md  btn-block\">Vertrieb kontaktieren<\/a><\/p><\/div>\n<\/p><\/div>\n<\/p><\/div>\n<\/p><\/div>\n<\/section>\n<\/div>\n<\/div>","protected":false},"excerpt":{"rendered":"<p>zoom Video Konferenz, Webinar und mehr Zoom geh\u00f6rt zu den erfolgreichsten Anbietern der Komunikation in den Bereichen Meeting, Konferenz und Webinar. Durch die platform\u00fcbergreifende Funktionalit\u00e4t k\u00f6nnen Sie zoom auf nahezu jedem appf\u00e4higen Ger\u00e4t nutzen. Sie m\u00f6chten testen? Kontaktieren Sie unseren Vertrieb! zoom Pro F\u00fcr kleine Teams 11,56\u20ac Moderator \/ Monat [&hellip;]<\/p>\n","protected":false},"author":1,"featured_media":0,"parent":0,"menu_order":0,"comment_status":"closed","ping_status":"closed","template":"page-full.php","meta":{"om_disable_all_campaigns":false,"_monsterinsights_skip_tracking":false,"_monsterinsights_sitenote_active":false,"_monsterinsights_sitenote_note":"","_monsterinsights_sitenote_category":0,"_themeisle_gutenberg_block_has_review":false,"footnotes":""},"class_list":["post-3927","page","type-page","status-publish","hentry","wpautop"],"yoast_head":"<!-- This site is optimized with the Yoast SEO plugin v27.6 - https:\/\/yoast.com\/product\/yoast-seo-wordpress\/ -->\n<title>ZOOM Video Communications - Die Konferenzl\u00f6sung f\u00fcr Ihr Business<\/title>\n<meta name=\"description\" content=\"Wir leben Software! | Kommunikationsl\u00f6sungen f\u00fcr Unternehmen | Webinar | Konferenz | Video | Produkivit\u00e4t | zoom | Jetzt kaufen!\" \/>\n<meta name=\"robots\" content=\"index, follow, max-snippet:-1, max-image-preview:large, max-video-preview:-1\" \/>\n<link rel=\"canonical\" href=\"https:\/\/www.megasoft.de\/en\/zoom-video-communications-die-konferenzloesung-fuer-ihr-business\/\" \/>\n<meta property=\"og:locale\" content=\"en_US\" \/>\n<meta property=\"og:type\" content=\"article\" \/>\n<meta property=\"og:title\" content=\"ZOOM Video Communications - Die Konferenzl\u00f6sung f\u00fcr Ihr Business\" \/>\n<meta property=\"og:description\" content=\"Wir leben Software! | Kommunikationsl\u00f6sungen f\u00fcr Unternehmen | Webinar | Konferenz | Video | Produkivit\u00e4t | zoom | Jetzt kaufen!\" \/>\n<meta property=\"og:url\" content=\"https:\/\/www.megasoft.de\/en\/zoom-video-communications-die-konferenzloesung-fuer-ihr-business\/\" \/>\n<meta property=\"og:site_name\" content=\"megasoft IT GmbH &amp; Co. KG\" \/>\n<meta property=\"article:modified_time\" content=\"2020-05-20T11:48:45+00:00\" \/>\n<meta property=\"og:image\" content=\"https:\/\/www.megasoft.de\/wp-content\/uploads\/zoom-megasoft-video-conferencing-meeting-solution-2-e1570799292111.jpg\" \/>\n<meta name=\"twitter:card\" content=\"summary_large_image\" \/>\n<meta name=\"twitter:label1\" content=\"Est. reading time\" \/>\n\t<meta name=\"twitter:data1\" content=\"2 minutes\" \/>\n<script type=\"application\/ld+json\" class=\"yoast-schema-graph\">{\"@context\":\"https:\\\/\\\/schema.org\",\"@graph\":[{\"@type\":\"WebPage\",\"@id\":\"https:\\\/\\\/www.megasoft.de\\\/zoom-video-communications-die-konferenzloesung-fuer-ihr-business\\\/\",\"url\":\"https:\\\/\\\/www.megasoft.de\\\/zoom-video-communications-die-konferenzloesung-fuer-ihr-business\\\/\",\"name\":\"ZOOM Video Communications - Die Konferenzl\u00f6sung f\u00fcr Ihr Business\",\"isPartOf\":{\"@id\":\"https:\\\/\\\/www.megasoft.de\\\/#website\"},\"datePublished\":\"2019-10-11T13:28:39+00:00\",\"dateModified\":\"2020-05-20T11:48:45+00:00\",\"description\":\"Wir leben Software! | Kommunikationsl\u00f6sungen f\u00fcr Unternehmen | Webinar | Konferenz | Video | Produkivit\u00e4t | zoom | Jetzt kaufen!\",\"breadcrumb\":{\"@id\":\"https:\\\/\\\/www.megasoft.de\\\/zoom-video-communications-die-konferenzloesung-fuer-ihr-business\\\/#breadcrumb\"},\"inLanguage\":\"en-US\",\"potentialAction\":[{\"@type\":\"ReadAction\",\"target\":[\"https:\\\/\\\/www.megasoft.de\\\/zoom-video-communications-die-konferenzloesung-fuer-ihr-business\\\/\"]}]},{\"@type\":\"BreadcrumbList\",\"@id\":\"https:\\\/\\\/www.megasoft.de\\\/zoom-video-communications-die-konferenzloesung-fuer-ihr-business\\\/#breadcrumb\",\"itemListElement\":[{\"@type\":\"ListItem\",\"position\":1,\"name\":\"Startseite\",\"item\":\"https:\\\/\\\/www.megasoft.de\\\/\"},{\"@type\":\"ListItem\",\"position\":2,\"name\":\"ZOOM Video Communications &#8211; Die Konferenzl\u00f6sung f\u00fcr Ihr Business\"}]},{\"@type\":\"WebSite\",\"@id\":\"https:\\\/\\\/www.megasoft.de\\\/#website\",\"url\":\"https:\\\/\\\/www.megasoft.de\\\/\",\"name\":\"megasoft IT GmbH &amp; Co. KG\",\"description\":\"Your IT Procurement Partner\",\"publisher\":{\"@id\":\"https:\\\/\\\/www.megasoft.de\\\/#organization\"},\"potentialAction\":[{\"@type\":\"SearchAction\",\"target\":{\"@type\":\"EntryPoint\",\"urlTemplate\":\"https:\\\/\\\/www.megasoft.de\\\/?s={search_term_string}\"},\"query-input\":{\"@type\":\"PropertyValueSpecification\",\"valueRequired\":true,\"valueName\":\"search_term_string\"}}],\"inLanguage\":\"en-US\"},{\"@type\":\"Organization\",\"@id\":\"https:\\\/\\\/www.megasoft.de\\\/#organization\",\"name\":\"megasoft IT GmbH &amp; Co. KG\",\"url\":\"https:\\\/\\\/www.megasoft.de\\\/\",\"logo\":{\"@type\":\"ImageObject\",\"inLanguage\":\"en-US\",\"@id\":\"https:\\\/\\\/www.megasoft.de\\\/#\\\/schema\\\/logo\\\/image\\\/\",\"url\":\"https:\\\/\\\/www.megasoft.de\\\/wp-content\\\/uploads\\\/megasoft_logo_IT_Procurement_Partner.png\",\"contentUrl\":\"https:\\\/\\\/www.megasoft.de\\\/wp-content\\\/uploads\\\/megasoft_logo_IT_Procurement_Partner.png\",\"width\":1400,\"height\":350,\"caption\":\"megasoft IT GmbH &amp; Co. KG\"},\"image\":{\"@id\":\"https:\\\/\\\/www.megasoft.de\\\/#\\\/schema\\\/logo\\\/image\\\/\"}}]}<\/script>\n<!-- \/ Yoast SEO plugin. -->","yoast_head_json":{"title":"ZOOM Video Communications - Die Konferenzl\u00f6sung f\u00fcr Ihr Business","description":"Wir leben Software! | Kommunikationsl\u00f6sungen f\u00fcr Unternehmen | Webinar | Konferenz | Video | Produkivit\u00e4t | zoom | Jetzt kaufen!","robots":{"index":"index","follow":"follow","max-snippet":"max-snippet:-1","max-image-preview":"max-image-preview:large","max-video-preview":"max-video-preview:-1"},"canonical":"https:\/\/www.megasoft.de\/en\/zoom-video-communications-die-konferenzloesung-fuer-ihr-business\/","og_locale":"en_US","og_type":"article","og_title":"ZOOM Video Communications - Die Konferenzl\u00f6sung f\u00fcr Ihr Business","og_description":"Wir leben Software! | Kommunikationsl\u00f6sungen f\u00fcr Unternehmen | Webinar | Konferenz | Video | Produkivit\u00e4t | zoom | Jetzt kaufen!","og_url":"https:\/\/www.megasoft.de\/en\/zoom-video-communications-die-konferenzloesung-fuer-ihr-business\/","og_site_name":"megasoft IT GmbH &amp; Co. KG","article_modified_time":"2020-05-20T11:48:45+00:00","og_image":[{"url":"https:\/\/www.megasoft.de\/wp-content\/uploads\/zoom-megasoft-video-conferencing-meeting-solution-2-e1570799292111.jpg","type":"","width":"","height":""}],"twitter_card":"summary_large_image","twitter_misc":{"Est. reading time":"2 minutes"},"schema":{"@context":"https:\/\/schema.org","@graph":[{"@type":"WebPage","@id":"https:\/\/www.megasoft.de\/zoom-video-communications-die-konferenzloesung-fuer-ihr-business\/","url":"https:\/\/www.megasoft.de\/zoom-video-communications-die-konferenzloesung-fuer-ihr-business\/","name":"ZOOM Video Communications - Die Konferenzl\u00f6sung f\u00fcr Ihr Business","isPartOf":{"@id":"https:\/\/www.megasoft.de\/#website"},"datePublished":"2019-10-11T13:28:39+00:00","dateModified":"2020-05-20T11:48:45+00:00","description":"Wir leben Software! | Kommunikationsl\u00f6sungen f\u00fcr Unternehmen | Webinar | Konferenz | Video | Produkivit\u00e4t | zoom | Jetzt kaufen!","breadcrumb":{"@id":"https:\/\/www.megasoft.de\/zoom-video-communications-die-konferenzloesung-fuer-ihr-business\/#breadcrumb"},"inLanguage":"en-US","potentialAction":[{"@type":"ReadAction","target":["https:\/\/www.megasoft.de\/zoom-video-communications-die-konferenzloesung-fuer-ihr-business\/"]}]},{"@type":"BreadcrumbList","@id":"https:\/\/www.megasoft.de\/zoom-video-communications-die-konferenzloesung-fuer-ihr-business\/#breadcrumb","itemListElement":[{"@type":"ListItem","position":1,"name":"Startseite","item":"https:\/\/www.megasoft.de\/"},{"@type":"ListItem","position":2,"name":"ZOOM Video Communications &#8211; Die Konferenzl\u00f6sung f\u00fcr Ihr Business"}]},{"@type":"WebSite","@id":"https:\/\/www.megasoft.de\/#website","url":"https:\/\/www.megasoft.de\/","name":"megasoft IT GmbH &amp; Co. KG","description":"Your IT Procurement Partner","publisher":{"@id":"https:\/\/www.megasoft.de\/#organization"},"potentialAction":[{"@type":"SearchAction","target":{"@type":"EntryPoint","urlTemplate":"https:\/\/www.megasoft.de\/?s={search_term_string}"},"query-input":{"@type":"PropertyValueSpecification","valueRequired":true,"valueName":"search_term_string"}}],"inLanguage":"en-US"},{"@type":"Organization","@id":"https:\/\/www.megasoft.de\/#organization","name":"megasoft IT GmbH &amp; Co. KG","url":"https:\/\/www.megasoft.de\/","logo":{"@type":"ImageObject","inLanguage":"en-US","@id":"https:\/\/www.megasoft.de\/#\/schema\/logo\/image\/","url":"https:\/\/www.megasoft.de\/wp-content\/uploads\/megasoft_logo_IT_Procurement_Partner.png","contentUrl":"https:\/\/www.megasoft.de\/wp-content\/uploads\/megasoft_logo_IT_Procurement_Partner.png","width":1400,"height":350,"caption":"megasoft IT GmbH &amp; Co. KG"},"image":{"@id":"https:\/\/www.megasoft.de\/#\/schema\/logo\/image\/"}}]}},"publishpress_future_action":{"enabled":false,"date":"2026-05-22 13:17:10","action":"change-status","newStatus":"draft","terms":[],"taxonomy":"","extraData":[]},"publishpress_future_workflow_manual_trigger":{"enabledWorkflows":[]},"_links":{"self":[{"href":"https:\/\/www.megasoft.de\/en\/wp-json\/wp\/v2\/pages\/3927","targetHints":{"allow":["GET"]}}],"collection":[{"href":"https:\/\/www.megasoft.de\/en\/wp-json\/wp\/v2\/pages"}],"about":[{"href":"https:\/\/www.megasoft.de\/en\/wp-json\/wp\/v2\/types\/page"}],"author":[{"embeddable":true,"href":"https:\/\/www.megasoft.de\/en\/wp-json\/wp\/v2\/users\/1"}],"replies":[{"embeddable":true,"href":"https:\/\/www.megasoft.de\/en\/wp-json\/wp\/v2\/comments?post=3927"}],"version-history":[{"count":17,"href":"https:\/\/www.megasoft.de\/en\/wp-json\/wp\/v2\/pages\/3927\/revisions"}],"predecessor-version":[{"id":6497,"href":"https:\/\/www.megasoft.de\/en\/wp-json\/wp\/v2\/pages\/3927\/revisions\/6497"}],"wp:attachment":[{"href":"https:\/\/www.megasoft.de\/en\/wp-json\/wp\/v2\/media?parent=3927"}],"curies":[{"name":"wp","href":"https:\/\/api.w.org\/{rel}","templated":true}]}}