{"id":5191,"date":"2020-02-05T11:47:26","date_gmt":"2020-02-05T10:47:26","guid":{"rendered":"https:\/\/www.megasoft.de\/?page_id=5191"},"modified":"2020-02-05T11:48:01","modified_gmt":"2020-02-05T10:48:01","slug":"pdf-tool-test-dankeschoen","status":"publish","type":"page","link":"https:\/\/www.megasoft.de\/en\/pdf-tool-test-dankeschoen\/","title":{"rendered":"PDF Tool Test &#8211; Dankesch\u00f6n"},"content":{"rendered":"<p>Vielen Dank f\u00fcr Ihr Interesse an unseren Produkten. Unser Vertriebsteam ermittelt jetzt die passende Software f\u00fcr Sie und kontaktiert Sie schnellst m\u00f6glich!#<\/p>\n<p>Kenn Sie schon den megasoft Onlineshop?<\/p>\n<p><a href=\"https:\/\/www.megasoft.de\/en\/shop\/\"><img decoding=\"async\" class=\"img-fluid lazyload\" data-src=\"\/wp-content\/uploads\/megasoft-logo.png\" alt=\"password-safe-by-mateso-password-management-megasoft-software-license.jpg\" src=\"data:image\/svg+xml;base64,PHN2ZyB3aWR0aD0iMSIgaGVpZ2h0PSIxIiB4bWxucz0iaHR0cDovL3d3dy53My5vcmcvMjAwMC9zdmciPjwvc3ZnPg==\" style=\"--smush-placeholder-width: 1872px; --smush-placeholder-aspect-ratio: 1872\/322;\" \/><\/a><\/p>","protected":false},"excerpt":{"rendered":"<p>Vielen Dank f\u00fcr Ihr Interesse an unseren Produkten. Unser Vertriebsteam ermittelt jetzt die passende Software f\u00fcr Sie und kontaktiert Sie schnellst m\u00f6glich!# Kenn Sie schon den megasoft Onlineshop?<\/p>","protected":false},"author":1,"featured_media":0,"parent":0,"menu_order":0,"comment_status":"closed","ping_status":"closed","template":"","meta":{"om_disable_all_campaigns":false,"_monsterinsights_skip_tracking":false,"_monsterinsights_sitenote_active":false,"_monsterinsights_sitenote_note":"","_monsterinsights_sitenote_category":0,"_themeisle_gutenberg_block_has_review":false,"footnotes":""},"class_list":["post-5191","page","type-page","status-publish","hentry","wpautop"],"yoast_head":"<!-- This site is optimized with the Yoast SEO plugin v27.6 - https:\/\/yoast.com\/product\/yoast-seo-wordpress\/ -->\n<title>PDF Tool Test - Dankesch\u00f6n - megasoft IT GmbH &amp; Co. KG<\/title>\n<meta name=\"robots\" content=\"index, follow, max-snippet:-1, max-image-preview:large, max-video-preview:-1\" \/>\n<link rel=\"canonical\" href=\"https:\/\/www.megasoft.de\/en\/pdf-tool-test-dankeschoen\/\" \/>\n<meta property=\"og:locale\" content=\"en_US\" \/>\n<meta property=\"og:type\" content=\"article\" \/>\n<meta property=\"og:title\" content=\"PDF Tool Test - Dankesch\u00f6n - megasoft IT GmbH &amp; Co. KG\" \/>\n<meta property=\"og:description\" content=\"Vielen Dank f\u00fcr Ihr Interesse an unseren Produkten. Unser Vertriebsteam ermittelt jetzt die passende Software f\u00fcr Sie und kontaktiert Sie schnellst m\u00f6glich!# Kenn Sie schon den megasoft Onlineshop?\" \/>\n<meta property=\"og:url\" content=\"https:\/\/www.megasoft.de\/en\/pdf-tool-test-dankeschoen\/\" \/>\n<meta property=\"og:site_name\" content=\"megasoft IT GmbH &amp; Co. KG\" \/>\n<meta property=\"article:modified_time\" content=\"2020-02-05T10:48:01+00:00\" \/>\n<meta property=\"og:image\" content=\"https:\/\/www.megasoft.de\/wp-content\/uploads\/megasoft-logo.png\" \/>\n<meta name=\"twitter:card\" content=\"summary_large_image\" \/>\n<script type=\"application\/ld+json\" class=\"yoast-schema-graph\">{\"@context\":\"https:\\\/\\\/schema.org\",\"@graph\":[{\"@type\":\"WebPage\",\"@id\":\"https:\\\/\\\/www.megasoft.de\\\/pdf-tool-test-dankeschoen\\\/\",\"url\":\"https:\\\/\\\/www.megasoft.de\\\/pdf-tool-test-dankeschoen\\\/\",\"name\":\"PDF Tool Test - Dankesch\u00f6n - megasoft IT GmbH &amp; Co. KG\",\"isPartOf\":{\"@id\":\"https:\\\/\\\/www.megasoft.de\\\/#website\"},\"datePublished\":\"2020-02-05T10:47:26+00:00\",\"dateModified\":\"2020-02-05T10:48:01+00:00\",\"breadcrumb\":{\"@id\":\"https:\\\/\\\/www.megasoft.de\\\/pdf-tool-test-dankeschoen\\\/#breadcrumb\"},\"inLanguage\":\"en-US\",\"potentialAction\":[{\"@type\":\"ReadAction\",\"target\":[\"https:\\\/\\\/www.megasoft.de\\\/pdf-tool-test-dankeschoen\\\/\"]}]},{\"@type\":\"BreadcrumbList\",\"@id\":\"https:\\\/\\\/www.megasoft.de\\\/pdf-tool-test-dankeschoen\\\/#breadcrumb\",\"itemListElement\":[{\"@type\":\"ListItem\",\"position\":1,\"name\":\"Startseite\",\"item\":\"https:\\\/\\\/www.megasoft.de\\\/\"},{\"@type\":\"ListItem\",\"position\":2,\"name\":\"PDF Tool Test &#8211; Dankesch\u00f6n\"}]},{\"@type\":\"WebSite\",\"@id\":\"https:\\\/\\\/www.megasoft.de\\\/#website\",\"url\":\"https:\\\/\\\/www.megasoft.de\\\/\",\"name\":\"megasoft IT GmbH &amp; Co. KG\",\"description\":\"Your IT Procurement Partner\",\"publisher\":{\"@id\":\"https:\\\/\\\/www.megasoft.de\\\/#organization\"},\"potentialAction\":[{\"@type\":\"SearchAction\",\"target\":{\"@type\":\"EntryPoint\",\"urlTemplate\":\"https:\\\/\\\/www.megasoft.de\\\/?s={search_term_string}\"},\"query-input\":{\"@type\":\"PropertyValueSpecification\",\"valueRequired\":true,\"valueName\":\"search_term_string\"}}],\"inLanguage\":\"en-US\"},{\"@type\":\"Organization\",\"@id\":\"https:\\\/\\\/www.megasoft.de\\\/#organization\",\"name\":\"megasoft IT GmbH &amp; Co. KG\",\"url\":\"https:\\\/\\\/www.megasoft.de\\\/\",\"logo\":{\"@type\":\"ImageObject\",\"inLanguage\":\"en-US\",\"@id\":\"https:\\\/\\\/www.megasoft.de\\\/#\\\/schema\\\/logo\\\/image\\\/\",\"url\":\"https:\\\/\\\/www.megasoft.de\\\/wp-content\\\/uploads\\\/megasoft_logo_IT_Procurement_Partner.png\",\"contentUrl\":\"https:\\\/\\\/www.megasoft.de\\\/wp-content\\\/uploads\\\/megasoft_logo_IT_Procurement_Partner.png\",\"width\":1400,\"height\":350,\"caption\":\"megasoft IT GmbH &amp; Co. KG\"},\"image\":{\"@id\":\"https:\\\/\\\/www.megasoft.de\\\/#\\\/schema\\\/logo\\\/image\\\/\"}}]}<\/script>\n<!-- \/ Yoast SEO plugin. -->","yoast_head_json":{"title":"PDF Tool Test - Dankesch\u00f6n - megasoft IT GmbH &amp; Co. KG","robots":{"index":"index","follow":"follow","max-snippet":"max-snippet:-1","max-image-preview":"max-image-preview:large","max-video-preview":"max-video-preview:-1"},"canonical":"https:\/\/www.megasoft.de\/en\/pdf-tool-test-dankeschoen\/","og_locale":"en_US","og_type":"article","og_title":"PDF Tool Test - Dankesch\u00f6n - megasoft IT GmbH &amp; Co. KG","og_description":"Vielen Dank f\u00fcr Ihr Interesse an unseren Produkten. Unser Vertriebsteam ermittelt jetzt die passende Software f\u00fcr Sie und kontaktiert Sie schnellst m\u00f6glich!# Kenn Sie schon den megasoft Onlineshop?","og_url":"https:\/\/www.megasoft.de\/en\/pdf-tool-test-dankeschoen\/","og_site_name":"megasoft IT GmbH &amp; Co. KG","article_modified_time":"2020-02-05T10:48:01+00:00","og_image":[{"url":"https:\/\/www.megasoft.de\/wp-content\/uploads\/megasoft-logo.png","type":"","width":"","height":""}],"twitter_card":"summary_large_image","schema":{"@context":"https:\/\/schema.org","@graph":[{"@type":"WebPage","@id":"https:\/\/www.megasoft.de\/pdf-tool-test-dankeschoen\/","url":"https:\/\/www.megasoft.de\/pdf-tool-test-dankeschoen\/","name":"PDF Tool Test - Dankesch\u00f6n - megasoft IT GmbH &amp; Co. KG","isPartOf":{"@id":"https:\/\/www.megasoft.de\/#website"},"datePublished":"2020-02-05T10:47:26+00:00","dateModified":"2020-02-05T10:48:01+00:00","breadcrumb":{"@id":"https:\/\/www.megasoft.de\/pdf-tool-test-dankeschoen\/#breadcrumb"},"inLanguage":"en-US","potentialAction":[{"@type":"ReadAction","target":["https:\/\/www.megasoft.de\/pdf-tool-test-dankeschoen\/"]}]},{"@type":"BreadcrumbList","@id":"https:\/\/www.megasoft.de\/pdf-tool-test-dankeschoen\/#breadcrumb","itemListElement":[{"@type":"ListItem","position":1,"name":"Startseite","item":"https:\/\/www.megasoft.de\/"},{"@type":"ListItem","position":2,"name":"PDF Tool Test &#8211; Dankesch\u00f6n"}]},{"@type":"WebSite","@id":"https:\/\/www.megasoft.de\/#website","url":"https:\/\/www.megasoft.de\/","name":"megasoft IT GmbH &amp; Co. KG","description":"Your IT Procurement Partner","publisher":{"@id":"https:\/\/www.megasoft.de\/#organization"},"potentialAction":[{"@type":"SearchAction","target":{"@type":"EntryPoint","urlTemplate":"https:\/\/www.megasoft.de\/?s={search_term_string}"},"query-input":{"@type":"PropertyValueSpecification","valueRequired":true,"valueName":"search_term_string"}}],"inLanguage":"en-US"},{"@type":"Organization","@id":"https:\/\/www.megasoft.de\/#organization","name":"megasoft IT GmbH &amp; Co. KG","url":"https:\/\/www.megasoft.de\/","logo":{"@type":"ImageObject","inLanguage":"en-US","@id":"https:\/\/www.megasoft.de\/#\/schema\/logo\/image\/","url":"https:\/\/www.megasoft.de\/wp-content\/uploads\/megasoft_logo_IT_Procurement_Partner.png","contentUrl":"https:\/\/www.megasoft.de\/wp-content\/uploads\/megasoft_logo_IT_Procurement_Partner.png","width":1400,"height":350,"caption":"megasoft IT GmbH &amp; Co. KG"},"image":{"@id":"https:\/\/www.megasoft.de\/#\/schema\/logo\/image\/"}}]}},"publishpress_future_action":{"enabled":false,"date":"2026-05-22 13:16:31","action":"change-status","newStatus":"draft","terms":[],"taxonomy":"","extraData":[]},"publishpress_future_workflow_manual_trigger":{"enabledWorkflows":[]},"_links":{"self":[{"href":"https:\/\/www.megasoft.de\/en\/wp-json\/wp\/v2\/pages\/5191","targetHints":{"allow":["GET"]}}],"collection":[{"href":"https:\/\/www.megasoft.de\/en\/wp-json\/wp\/v2\/pages"}],"about":[{"href":"https:\/\/www.megasoft.de\/en\/wp-json\/wp\/v2\/types\/page"}],"author":[{"embeddable":true,"href":"https:\/\/www.megasoft.de\/en\/wp-json\/wp\/v2\/users\/1"}],"replies":[{"embeddable":true,"href":"https:\/\/www.megasoft.de\/en\/wp-json\/wp\/v2\/comments?post=5191"}],"version-history":[{"count":2,"href":"https:\/\/www.megasoft.de\/en\/wp-json\/wp\/v2\/pages\/5191\/revisions"}],"predecessor-version":[{"id":5193,"href":"https:\/\/www.megasoft.de\/en\/wp-json\/wp\/v2\/pages\/5191\/revisions\/5193"}],"wp:attachment":[{"href":"https:\/\/www.megasoft.de\/en\/wp-json\/wp\/v2\/media?parent=5191"}],"curies":[{"name":"wp","href":"https:\/\/api.w.org\/{rel}","templated":true}]}}