{"id":54,"date":"2017-04-11T11:50:28","date_gmt":"2017-04-11T09:50:28","guid":{"rendered":"http:\/\/wandgestalter.fmp-connect.de\/?page_id=54"},"modified":"2025-02-12T16:24:42","modified_gmt":"2025-02-12T15:24:42","slug":"impressum","status":"publish","type":"page","link":"https:\/\/www.megasoft.de\/en\/impressum\/","title":{"rendered":"Impressum"},"content":{"rendered":"<div class=\"wp-block-image\">\n<figure class=\"aligncenter size-full is-resized\"><img decoding=\"async\" data-src=\"https:\/\/www.megasoft.de\/wp-content\/uploads\/megasoft_logo_IT_Procurement_Partnerjpg-22.png\" alt=\"\" class=\"wp-image-97661 lazyload\" style=\"--smush-placeholder-width: 1474px; --smush-placeholder-aspect-ratio: 1474\/325;width:369px;height:81px\" src=\"data:image\/svg+xml;base64,PHN2ZyB3aWR0aD0iMSIgaGVpZ2h0PSIxIiB4bWxucz0iaHR0cDovL3d3dy53My5vcmcvMjAwMC9zdmciPjwvc3ZnPg==\" \/><\/figure>\n<\/div>\n\n\n<p class=\"has-text-align-center\"><strong>Anschrift<\/strong><br>megasoft IT GmbH &amp; Co. KG<br>Niederstra\u00dfe 41<br>40789 Monheim am Rhein<\/p>\n\n\n\n<p class=\"has-text-align-center\"><strong>Contact<\/strong><br>Fon: +49 2173 265 06 0<br>Fax: +49 2173 265 06 33<br>Mail: vertrieb@megasoft.de<br>40789 Monheim am Rhein<\/p>\n\n\n\n<p class=\"has-text-align-center\"><strong>Rechtliches<\/strong><br>AG D\u00fcsseldorf: HRA 25241<br>USt-IdNr. DE316356044<\/p>\n\n\n\n<p class=\"has-text-align-center\"><strong>Komplement\u00e4r<\/strong><br>megasoft Beteiligungs GmbH<br>AG D\u00fcsseldorf HRB 99054<br>Gesch\u00e4ftsf\u00fchrer: Lukas Paegelow<\/p>\n\n\n\n<p class=\"has-text-align-center\"><strong>Wort- &amp; Bildmarke:<\/strong><br>MEGASOFT\u2122 Nr. 39538220.3 <br>MEGASOFT Your IT Procurement Partner\u2122 Nr. 018746409<\/p>\n\n\n\n<p><\/p>\n\n\n\n<p>D-U-N-S\u00ae Nummer: 314942216<\/p>\n\n\n\n<hr class=\"wp-block-separator has-alpha-channel-opacity\"\/>\n\n\n\n<p><strong>Rechtlicher Hinweis<\/strong> <br>Trotz sorgf\u00e4ltiger inhaltlicher Kontrolle \u00fcbernehmen wir keine Haftung f\u00fcr die Inhalte externer Links. F\u00fcr den Inhalt der verlinkten Seiten sind ausschlie\u00dflich deren Betreiber verantwortlich.<br>Die Europ\u00e4ische Kommission stellt eine Plattform f\u00fcr die au\u00dfergerichtliche Online-Streitbeilegung (OS-Plattform) bereit, aufrufbar \u00fcber diesen <a href=\"https:\/\/ec.europa.eu\/consumers\/odr\/main\/index.cfm?event=main.home.chooseLanguage\" target=\"_blank\" rel=\"noreferrer noopener\">Link<\/a><\/p>\n\n\n\n<p><strong>Registrierte Warenzeichen, Namen, Marken<\/strong><br>Die Verwendung von registrierten Warenzeichen, Namen oder Marken ohne Kennzeichnung erfolgen im Einvernehmen mit deren Inhabern und wurden der megasoft IT GmbH &amp; Co. KG von den Inhabern im Vorfeld vertraglich genehmigt.<\/p>\n\n\n\n<p><strong>Quellenangaben Bilder &amp; Grafiken<\/strong><br>pixabay.com<br>freepik.com<br>shutterstock.com<br><\/p>","protected":false},"excerpt":{"rendered":"<p>Anschriftmegasoft IT GmbH &amp; Co. KGNiederstra\u00dfe 4140789 Monheim am Rhein KontaktFon: +49 2173 265 06 0Fax: +49 2173 265 06 33Mail: vertrieb@megasoft.de40789 Monheim am Rhein RechtlichesAG D\u00fcsseldorf: HRA 25241USt-IdNr. DE316356044 Komplement\u00e4rmegasoft Beteiligungs GmbHAG D\u00fcsseldorf HRB 99054Gesch\u00e4ftsf\u00fchrer: Lukas Paegelow Wort- &amp; Bildmarke:MEGASOFT\u2122 Nr. 39538220.3 MEGASOFT Your IT Procurement Partner\u2122 Nr. 018746409 [&hellip;]<\/p>\n","protected":false},"author":1,"featured_media":7061,"parent":0,"menu_order":0,"comment_status":"closed","ping_status":"closed","template":"","meta":{"om_disable_all_campaigns":false,"_monsterinsights_skip_tracking":false,"_monsterinsights_sitenote_active":false,"_monsterinsights_sitenote_note":"","_monsterinsights_sitenote_category":0,"_themeisle_gutenberg_block_has_review":false,"footnotes":""},"class_list":["post-54","page","type-page","status-publish","has-post-thumbnail","hentry","wpautop"],"yoast_head":"<!-- This site is optimized with the Yoast SEO plugin v27.5 - https:\/\/yoast.com\/product\/yoast-seo-wordpress\/ -->\n<title>Impressum - megasoft IT GmbH &amp; Co. KG<\/title>\n<meta name=\"description\" content=\"megasoft IT - Wir leben Software! Beschaffung und Lizenzierung von individuellen Softwarel\u00f6sungen f\u00fcr den professionellen Einsatz im Business-Kontext\" \/>\n<meta name=\"robots\" content=\"index, follow, max-snippet:-1, max-image-preview:large, max-video-preview:-1\" \/>\n<link rel=\"canonical\" href=\"https:\/\/www.megasoft.de\/en\/impressum\/\" \/>\n<meta property=\"og:locale\" content=\"en_US\" \/>\n<meta property=\"og:type\" content=\"article\" \/>\n<meta property=\"og:title\" content=\"Impressum - megasoft IT GmbH &amp; Co. KG\" \/>\n<meta property=\"og:description\" content=\"megasoft IT - Wir leben Software! Beschaffung und Lizenzierung von individuellen Softwarel\u00f6sungen f\u00fcr den professionellen Einsatz im Business-Kontext\" \/>\n<meta property=\"og:url\" content=\"https:\/\/www.megasoft.de\/en\/impressum\/\" \/>\n<meta property=\"og:site_name\" content=\"megasoft IT GmbH &amp; Co. KG\" \/>\n<meta property=\"article:modified_time\" content=\"2025-02-12T15:24:42+00:00\" \/>\n<meta property=\"og:image\" content=\"https:\/\/www.megasoft.de\/wp-content\/uploads\/impressum-megasoft-it-gmbh-und-co-kg.jpg\" \/>\n\t<meta property=\"og:image:width\" content=\"820\" \/>\n\t<meta property=\"og:image:height\" content=\"1272\" \/>\n\t<meta property=\"og:image:type\" content=\"image\/jpeg\" \/>\n<meta name=\"twitter:card\" content=\"summary_large_image\" \/>\n<meta name=\"twitter:label1\" content=\"Est. reading time\" \/>\n\t<meta name=\"twitter:data1\" content=\"2 minutes\" \/>\n<script type=\"application\/ld+json\" class=\"yoast-schema-graph\">{\"@context\":\"https:\\\/\\\/schema.org\",\"@graph\":[{\"@type\":\"WebPage\",\"@id\":\"https:\\\/\\\/www.megasoft.de\\\/impressum\\\/\",\"url\":\"https:\\\/\\\/www.megasoft.de\\\/impressum\\\/\",\"name\":\"Impressum - megasoft IT GmbH &amp; Co. KG\",\"isPartOf\":{\"@id\":\"https:\\\/\\\/www.megasoft.de\\\/#website\"},\"primaryImageOfPage\":{\"@id\":\"https:\\\/\\\/www.megasoft.de\\\/impressum\\\/#primaryimage\"},\"image\":{\"@id\":\"https:\\\/\\\/www.megasoft.de\\\/impressum\\\/#primaryimage\"},\"thumbnailUrl\":\"https:\\\/\\\/www.megasoft.de\\\/wp-content\\\/uploads\\\/impressum-megasoft-it-gmbh-und-co-kg.jpg\",\"datePublished\":\"2017-04-11T09:50:28+00:00\",\"dateModified\":\"2025-02-12T15:24:42+00:00\",\"description\":\"megasoft IT - Wir leben Software! Beschaffung und Lizenzierung von individuellen Softwarel\u00f6sungen f\u00fcr den professionellen Einsatz im Business-Kontext\",\"breadcrumb\":{\"@id\":\"https:\\\/\\\/www.megasoft.de\\\/impressum\\\/#breadcrumb\"},\"inLanguage\":\"en-US\",\"potentialAction\":[{\"@type\":\"ReadAction\",\"target\":[\"https:\\\/\\\/www.megasoft.de\\\/impressum\\\/\"]}]},{\"@type\":\"ImageObject\",\"inLanguage\":\"en-US\",\"@id\":\"https:\\\/\\\/www.megasoft.de\\\/impressum\\\/#primaryimage\",\"url\":\"https:\\\/\\\/www.megasoft.de\\\/wp-content\\\/uploads\\\/impressum-megasoft-it-gmbh-und-co-kg.jpg\",\"contentUrl\":\"https:\\\/\\\/www.megasoft.de\\\/wp-content\\\/uploads\\\/impressum-megasoft-it-gmbh-und-co-kg.jpg\",\"width\":820,\"height\":1272},{\"@type\":\"BreadcrumbList\",\"@id\":\"https:\\\/\\\/www.megasoft.de\\\/impressum\\\/#breadcrumb\",\"itemListElement\":[{\"@type\":\"ListItem\",\"position\":1,\"name\":\"Startseite\",\"item\":\"https:\\\/\\\/www.megasoft.de\\\/\"},{\"@type\":\"ListItem\",\"position\":2,\"name\":\"Impressum\"}]},{\"@type\":\"WebSite\",\"@id\":\"https:\\\/\\\/www.megasoft.de\\\/#website\",\"url\":\"https:\\\/\\\/www.megasoft.de\\\/\",\"name\":\"megasoft IT GmbH &amp; Co. KG\",\"description\":\"Your IT Procurement Partner\",\"publisher\":{\"@id\":\"https:\\\/\\\/www.megasoft.de\\\/#organization\"},\"potentialAction\":[{\"@type\":\"SearchAction\",\"target\":{\"@type\":\"EntryPoint\",\"urlTemplate\":\"https:\\\/\\\/www.megasoft.de\\\/?s={search_term_string}\"},\"query-input\":{\"@type\":\"PropertyValueSpecification\",\"valueRequired\":true,\"valueName\":\"search_term_string\"}}],\"inLanguage\":\"en-US\"},{\"@type\":\"Organization\",\"@id\":\"https:\\\/\\\/www.megasoft.de\\\/#organization\",\"name\":\"megasoft IT GmbH &amp; Co. KG\",\"url\":\"https:\\\/\\\/www.megasoft.de\\\/\",\"logo\":{\"@type\":\"ImageObject\",\"inLanguage\":\"en-US\",\"@id\":\"https:\\\/\\\/www.megasoft.de\\\/#\\\/schema\\\/logo\\\/image\\\/\",\"url\":\"https:\\\/\\\/www.megasoft.de\\\/wp-content\\\/uploads\\\/megasoft_logo_IT_Procurement_Partner.png\",\"contentUrl\":\"https:\\\/\\\/www.megasoft.de\\\/wp-content\\\/uploads\\\/megasoft_logo_IT_Procurement_Partner.png\",\"width\":1400,\"height\":350,\"caption\":\"megasoft IT GmbH &amp; Co. KG\"},\"image\":{\"@id\":\"https:\\\/\\\/www.megasoft.de\\\/#\\\/schema\\\/logo\\\/image\\\/\"}}]}<\/script>\n<!-- \/ Yoast SEO plugin. -->","yoast_head_json":{"title":"Impressum - megasoft IT GmbH &amp; Co. KG","description":"megasoft IT - Wir leben Software! Beschaffung und Lizenzierung von individuellen Softwarel\u00f6sungen f\u00fcr den professionellen Einsatz im Business-Kontext","robots":{"index":"index","follow":"follow","max-snippet":"max-snippet:-1","max-image-preview":"max-image-preview:large","max-video-preview":"max-video-preview:-1"},"canonical":"https:\/\/www.megasoft.de\/en\/impressum\/","og_locale":"en_US","og_type":"article","og_title":"Impressum - megasoft IT GmbH &amp; Co. KG","og_description":"megasoft IT - Wir leben Software! Beschaffung und Lizenzierung von individuellen Softwarel\u00f6sungen f\u00fcr den professionellen Einsatz im Business-Kontext","og_url":"https:\/\/www.megasoft.de\/en\/impressum\/","og_site_name":"megasoft IT GmbH &amp; Co. KG","article_modified_time":"2025-02-12T15:24:42+00:00","og_image":[{"width":820,"height":1272,"url":"https:\/\/www.megasoft.de\/wp-content\/uploads\/impressum-megasoft-it-gmbh-und-co-kg.jpg","type":"image\/jpeg"}],"twitter_card":"summary_large_image","twitter_misc":{"Est. reading time":"2 minutes"},"schema":{"@context":"https:\/\/schema.org","@graph":[{"@type":"WebPage","@id":"https:\/\/www.megasoft.de\/impressum\/","url":"https:\/\/www.megasoft.de\/impressum\/","name":"Impressum - megasoft IT GmbH &amp; Co. KG","isPartOf":{"@id":"https:\/\/www.megasoft.de\/#website"},"primaryImageOfPage":{"@id":"https:\/\/www.megasoft.de\/impressum\/#primaryimage"},"image":{"@id":"https:\/\/www.megasoft.de\/impressum\/#primaryimage"},"thumbnailUrl":"https:\/\/www.megasoft.de\/wp-content\/uploads\/impressum-megasoft-it-gmbh-und-co-kg.jpg","datePublished":"2017-04-11T09:50:28+00:00","dateModified":"2025-02-12T15:24:42+00:00","description":"megasoft IT - Wir leben Software! Beschaffung und Lizenzierung von individuellen Softwarel\u00f6sungen f\u00fcr den professionellen Einsatz im Business-Kontext","breadcrumb":{"@id":"https:\/\/www.megasoft.de\/impressum\/#breadcrumb"},"inLanguage":"en-US","potentialAction":[{"@type":"ReadAction","target":["https:\/\/www.megasoft.de\/impressum\/"]}]},{"@type":"ImageObject","inLanguage":"en-US","@id":"https:\/\/www.megasoft.de\/impressum\/#primaryimage","url":"https:\/\/www.megasoft.de\/wp-content\/uploads\/impressum-megasoft-it-gmbh-und-co-kg.jpg","contentUrl":"https:\/\/www.megasoft.de\/wp-content\/uploads\/impressum-megasoft-it-gmbh-und-co-kg.jpg","width":820,"height":1272},{"@type":"BreadcrumbList","@id":"https:\/\/www.megasoft.de\/impressum\/#breadcrumb","itemListElement":[{"@type":"ListItem","position":1,"name":"Startseite","item":"https:\/\/www.megasoft.de\/"},{"@type":"ListItem","position":2,"name":"Impressum"}]},{"@type":"WebSite","@id":"https:\/\/www.megasoft.de\/#website","url":"https:\/\/www.megasoft.de\/","name":"megasoft IT GmbH &amp; Co. KG","description":"Your IT Procurement Partner","publisher":{"@id":"https:\/\/www.megasoft.de\/#organization"},"potentialAction":[{"@type":"SearchAction","target":{"@type":"EntryPoint","urlTemplate":"https:\/\/www.megasoft.de\/?s={search_term_string}"},"query-input":{"@type":"PropertyValueSpecification","valueRequired":true,"valueName":"search_term_string"}}],"inLanguage":"en-US"},{"@type":"Organization","@id":"https:\/\/www.megasoft.de\/#organization","name":"megasoft IT GmbH &amp; Co. KG","url":"https:\/\/www.megasoft.de\/","logo":{"@type":"ImageObject","inLanguage":"en-US","@id":"https:\/\/www.megasoft.de\/#\/schema\/logo\/image\/","url":"https:\/\/www.megasoft.de\/wp-content\/uploads\/megasoft_logo_IT_Procurement_Partner.png","contentUrl":"https:\/\/www.megasoft.de\/wp-content\/uploads\/megasoft_logo_IT_Procurement_Partner.png","width":1400,"height":350,"caption":"megasoft IT GmbH &amp; Co. KG"},"image":{"@id":"https:\/\/www.megasoft.de\/#\/schema\/logo\/image\/"}}]}},"publishpress_future_action":{"enabled":false,"date":"2026-05-06 22:14:11","action":"change-status","newStatus":"draft","terms":[],"taxonomy":"","extraData":[]},"publishpress_future_workflow_manual_trigger":{"enabledWorkflows":[]},"_links":{"self":[{"href":"https:\/\/www.megasoft.de\/en\/wp-json\/wp\/v2\/pages\/54","targetHints":{"allow":["GET"]}}],"collection":[{"href":"https:\/\/www.megasoft.de\/en\/wp-json\/wp\/v2\/pages"}],"about":[{"href":"https:\/\/www.megasoft.de\/en\/wp-json\/wp\/v2\/types\/page"}],"author":[{"embeddable":true,"href":"https:\/\/www.megasoft.de\/en\/wp-json\/wp\/v2\/users\/1"}],"replies":[{"embeddable":true,"href":"https:\/\/www.megasoft.de\/en\/wp-json\/wp\/v2\/comments?post=54"}],"version-history":[{"count":25,"href":"https:\/\/www.megasoft.de\/en\/wp-json\/wp\/v2\/pages\/54\/revisions"}],"predecessor-version":[{"id":107699,"href":"https:\/\/www.megasoft.de\/en\/wp-json\/wp\/v2\/pages\/54\/revisions\/107699"}],"wp:featuredmedia":[{"embeddable":true,"href":"https:\/\/www.megasoft.de\/en\/wp-json\/wp\/v2\/media\/7061"}],"wp:attachment":[{"href":"https:\/\/www.megasoft.de\/en\/wp-json\/wp\/v2\/media?parent=54"}],"curies":[{"name":"wp","href":"https:\/\/api.w.org\/{rel}","templated":true}]}}