{"id":6339,"date":"2020-03-23T08:21:15","date_gmt":"2020-03-23T07:21:15","guid":{"rendered":"https:\/\/www.megasoft.de\/?page_id=6339"},"modified":"2023-08-15T09:43:11","modified_gmt":"2023-08-15T07:43:11","slug":"in-unter-1-stunde-remote-arbeitsfaehig","status":"publish","type":"page","link":"https:\/\/www.megasoft.de\/en\/in-unter-1-stunde-remote-arbeitsfaehig\/","title":{"rendered":"In unter 1 Stunde remote arbeitsf\u00e4hig"},"content":{"rendered":"<p>Die aktuelle Corona Krise fordert Kreativit\u00e4t und schnelles Handeln. Wie bereits angek\u00fcndigt, haben wir im Team M\u00f6glichkeiten und Tools zusammengestellt, die Ihnen das Remote arbeiten im Unternehmen schnell und einfach erm\u00f6glichen. Dazu geh\u00f6rt neben der Kommunikation mit Kollegen, Partnern und Kunden auch der Zugriff auf die eigenen Daten.<\/p>\n<p>Wir haben Ihnen die L\u00f6sungen um Ihr Unternehmen schnell und sicher remote arbeitsf\u00e4hig zu machen nachstehend zusammengefasst. Eine ausf\u00fchrliche Beschreibung finden Sie unter den jeweiligen Links.<\/p>\n<div>\n<h2><b>Kostenlos in 1 Stunde remote arbeitsf\u00e4hig!<\/b><\/h2>\n<p>Die fix und fertige Out-of-the-Box L\u00f6sung (alles Opensouce Komponenten) sorgt daf\u00fcr, dass Ihre Mitarbeiter von zu Hause aus auf s\u00e4mtliche, existierende (!) Windows Ger\u00e4te (physische PCs, Windows Terminal Server (RDSH), beliebige VMs,\u2026) zugreifen k\u00f6nnen, die sich im Unternehmensnetzwerk befinden.<\/p>\n<p>Wir bieten Ihnen eine voll integrierte L\u00f6sung inklusive SSL-terminierten Reverse-Proxy, die sich in wenigen Minuten in ein Unternehmensnetz inklusive Multi-Factor-Authentifizierung integrieren l\u00e4sst. F\u00fcr die Software <b>fallen keine Lizenzgeb\u00fchren<\/b> an. Die L\u00f6sung arbeitet ausschlie\u00dflich mit Komponenten aus der <b>Opensource<\/b> Welt.<\/p>\n<p>Ideal f\u00fcr Anwender mit Multimedia-lastigen Anwendungen (Video-Bearbeitung), CAD Anwendungen, mehrere Hundert Anwender gleichzeitig, Unternehmen die hoch skalierbare und hochverf\u00fcgbare<\/p><\/div>\n<p align=\"center\"><strong>So funktionierts:<\/strong><\/p>\n<p align=\"center\">Dieses Beispiel zeigt den Zugriff \u00fcber einen herk\u00f6mmlichen Webbrowser auf einen interne Windows Maschine und die darin existierende ERP-Anwendung.<\/p>\n<p align=\"center\"><strong><img fetchpriority=\"high\" decoding=\"async\" src=\"https:\/\/www.megasoft.de\/wp-content\/uploads\/work-from-home-remote-office-solution-megasoft.gif\" alt=\"\" width=\"800\" height=\"577\" border=\"0\" data-cke-saved-src=\"https:\/\/www.megasoft.de\/wp-content\/uploads\/work-from-home-remote-office-solution-megasoft.gif\" \/><\/strong><\/p>\n<div align=\"center\">Wie man unschwer erkennen kann, handelt es sich unter der Haube um das bekannte Apache Guacamole,<br \/>\neiner Client-losen Remote Desktop Gateway-L\u00f6sung, als Opensource Software unter dem Dach der Apache Software Foundation.<\/div>\n<p><strong>Voraussetzungen f\u00fcr die Mitarbeiter im Home Office:<\/strong><\/p>\n<ol>\n<li>beliebiger HTML5-f\u00e4higer Webbrower<br \/>\n(jeder moderne Webbrower ist HTML5-f\u00e4hig)<\/li>\n<li>TOTP-kompatible Multi-Factor-Authentifizierungs-App f\u00fcr die fertig integrierte Multi-Factor-Authentifizierung<br \/>\n(z.B. Google Authenticator auf dem Mobiltelefon)<\/li>\n<\/ol>\n<p><strong>Voraussetzung f\u00fcr die existierenden Windows Ger\u00e4te, auf die zugegriffen werden soll: <\/strong><\/p>\n<ol>\n<li>beliebiges Windows-Ger\u00e4t, dass mittels RDP <em>innerhalb<\/em> des Unternehmensnetzwerks angesprochen werden kann.<\/li>\n<\/ol>\n<p><strong>Einrichtungsdauer: <\/strong>ab einer Stunde, je nach Umfang. Die Komplette Umsetzung (inkl. Vorarbeiten und Implementierung) f\u00fcr 10-15 Arbeitsl\u00e4tze ist innerhalb eines Tages umsetzbar. Sie ben\u00f6tigen Hilfe bei der Integration in Ihre Umgebung? Gerne m\u00f6chten wir Sie auch hier unterst\u00fctzen. Sprechen Sie uns an, wir machen Sie schnellst m\u00f6glich remote arbeitsf\u00e4hig!<\/p>\n<div class=\"wp-block-spacer\" aria-hidden=\"true\"><\/div>\n<p><strong>Inhalt: <\/strong><\/p>\n<ul>\n<li><a href=\"#00\">Einleitung<\/a><\/li>\n<li><a href=\"#01\">Wie funktioniert das?<\/a><\/li>\n<li><a href=\"#02\">Was ist an Vorbereitung n\u00f6tig?<\/a><\/li>\n<li><a href=\"#03\">Wie kann ich das implementieren?<\/a><\/li>\n<li><a href=\"#04\">Was ist nach der Implementierung noch zu tun?<\/a><\/li>\n<li><a href=\"#05\">Was kostet die L\u00f6sung?<\/a><\/li>\n<li><a href=\"#06\">F\u00fcr wen eignet sich die L\u00f6sung?<\/a><\/li>\n<li><a href=\"#07\">Wie performant ist die Verbindung \u00fcber HTML5?<\/a><\/li>\n<li><a href=\"#08\">L\u00e4uft die L\u00f6sung in der Cloud?<\/a><\/li>\n<li><a href=\"#09\">F\u00fcr wen eignet sich die L\u00f6sung nicht?<\/a><\/li>\n<\/ul>\n<div class=\"wp-block-spacer\" aria-hidden=\"true\"><\/div>\n<h2 id=\"00\">Einleitung<\/h2>\n<p>Niemand m\u00f6chte sich unn\u00f6tig der Gefahr aussetzen, das Corona Virus einzufangen und weiterzutragen. Daher fordern am PC Besch\u00e4ftige zu Recht die M\u00f6glichkeit von zuhause arbeiten zu k\u00f6nnen! (siehe z.B.: <a href=\"https:\/\/www.funkschau.de\/office-kommunikation\/deutsche-angestellte-wuenschen-sich-homeoffice.174331.html\" target=\"_blank\" rel=\"noreferrer noopener\" aria-label=\"Artikel in der Funkschau (\u00f6ffnet in neuem Tab)\">Artikel in der Funkschau<\/a>)<\/p>\n<p>Doch nicht jedes Unternehmen hat hierf\u00fcr schon die technischen Voraussetzungen geschaffen. Das nun kurzfristig aus dem Boden zu stampfen ist nicht leicht. Einerseits verbietet die gebotene Eile langwierige Projektierungen. Andererseits sollte man gerade jetzt sein Geld zusammenhalten und nicht voreilig ausgeben \u2013 um es sp\u00e4ter zu bereuen. Deswegen haben wir einen \u201eErste-Hilfe-Kit\u201c konzipiert, das beiden Aspekten gerecht wird. Speziell kleinere und mittlere Unternehmen k\u00f6nnen so sehr schnell verarztet werden \u2013 ohne Investitionen in zus\u00e4tzliche Software!<\/p>\n<p>Gemeinsam mit unseren Partnern m\u00f6chten wir ganz pragmatisch denjenigen helfen, die f\u00fcr das Arbeiten von zuhause schleunigst eine g\u00fcnstige L\u00f6sung brauchen. Und zwar ohne hintergr\u00fcndig unseren eigenen Vorteil zu suchen. Sondern einfach ehrlich. Die Idee f\u00fcr das L\u00f6sungsdesign liefern wir gerne kostenlos.<\/p>\n<h2 id=\"01\">Wie funktioniert das?<\/h2>\n<p>Dieses Beispiel zeigt den Zugriff \u00fcber einen herk\u00f6mmlichen Webbrowser auf einen interne Windows Maschine und die darin existierende ERP-Anwendung der Prianto.<\/p>\n<figure class=\"wp-block-image\"><img decoding=\"async\" data-src=\"https:\/\/blog.prianto.com\/wp-content\/uploads\/2020\/03\/work-from-home.gif\" alt=\"\" src=\"data:image\/svg+xml;base64,PHN2ZyB3aWR0aD0iMSIgaGVpZ2h0PSIxIiB4bWxucz0iaHR0cDovL3d3dy53My5vcmcvMjAwMC9zdmciPjwvc3ZnPg==\" class=\"lazyload\" \/><\/figure>\n<p>Wie man unschwer erkennen kann, handelt es sich unter der Haube um das bekannte <a href=\"https:\/\/guacamole.apache.org\" target=\"_blank\" rel=\"noreferrer noopener\" aria-label=\"Apache Guacamole (\u00f6ffnet in neuem Tab)\">Apache Guacamole<\/a>, einer Client-losen Remote Desktop Gateway-L\u00f6sung, als Opensource Software unter dem Dach der Apache Software Foundation.<\/p>\n<p><strong>Das fertig geschn\u00fcrte und sofort einsetzbare Paket enth\u00e4lt unter anderem:<\/strong><\/p>\n<ul>\n<li>eine eingebaute und mit Auto-Enrollment versehene Multi-Factor-Authentifizierung<\/li>\n<li>Anbindung ans Active Directory, so dass die Mitarbeiter Ihren bekannten Benutzernamen und Passwort verwenden k\u00f6nnen.<\/li>\n<li>fertig integrierte SSL-Terminierung mit g\u00fcltigem Zertifikat f\u00fcr den sicheren Zugriff<\/li>\n<\/ul>\n<h3 id=\"02\">Was ist an Vorbereitung n\u00f6tig?<\/h3>\n<ol>\n<li>Sie brauchen irgendeinen PC, Server oder eine kleine VM im Unternehmensnetz, auf dem man kurzer Hand ein Ubuntu Linux installieren kann.<\/li>\n<li>Wenn Sie das Active Directory f\u00fcr die Benutzerauthentifizierung anbinden wollen, m\u00fcssen wir die passenden Verbindungsparamater im Active Directory nachschauen.<\/li>\n<li>Wenn Sie eine statische IP Adresse auf Ihrem Internetrouter im Unternehmensnetz haben und wir den HTTP- und HTTPS-Port einfach auf den o.g. PC weiterleiten k\u00f6nnen, dann m\u00fcssen wir das im Router kurzer Hand konfigurieren und einen passenden DNS-Eintrag setzen.<\/li>\n<li>Falls Sie keine statische IP Adresse auf Ihrem Internetrouter im Unternehmensnetz haben und wir den HTTP- und HTTPS-Port nicht einfach auf den o.g. PC weiterleiten k\u00f6nnen, dann stellen wir voll-automatisiert einen externen Zugriffs in der Microsoft Azure Cloud zur Verf\u00fcgung. Dieser wird mit ca. 10 EUR pro Monat zu Buche schlagen.<\/li>\n<li>Ihre Windows PCs oder Terminal Server, auf die Sie zugreifen wollen, m\u00fcssen im internen Unternehmensnetz grunds\u00e4tzlich per RDP erreichbar sein. (RDP ist eine Funktion, die jedes Windows-Betriebssystem fertig mitbringt)<\/li>\n<\/ol>\n<h3 id=\"03\">Wie kann ich das implementieren?<\/h3>\n<p>Mit dem n\u00f6tigen technischen Sachverstand geht das im Handumdrehen.<br \/>\nDie <strong>Quellen<\/strong> f\u00fcr die unmittelbar einsatzbereite L\u00f6sung haben wir gem\u00e4\u00df der <strong>Opensource-Mentalit\u00e4t<\/strong> auf <strong>Github<\/strong> ver\u00f6ffentlicht.<br \/>\n<a href=\"https:\/\/github.com\/andif888\/workfromhome-with-docker\" target=\"_blank\" rel=\"noreferrer noopener\" aria-label=\" (\u00f6ffnet in neuem Tab)\">https:\/\/github.com\/andif888\/workfromhome-with-docker\/<\/a><br \/>\n<a href=\"https:\/\/github.com\/andif888\/workfromhome-with-inlets\/\" target=\"_blank\" rel=\"noreferrer noopener\" aria-label=\" (\u00f6ffnet in neuem Tab)\">https:\/\/github.com\/andif888\/workfromhome-with-inlets<\/a>\/<\/p>\n<h3 id=\"04\">Was ist nach der Implementierung noch zu tun?<\/h3>\n<ol>\n<li>Die Windows PCs oder Terminal Server m\u00fcssen in Apache Guacamole eingetragen werden und einfach den Benutzer zugewiesen werden.<\/li>\n<li>Die Benutzer m\u00fcssen informiert werden, welche URL sie im Webbrowser eintragen m\u00fcssen, um auf die Maschinen zu zugreifen.<\/li>\n<li>Die Benutzer m\u00fcssen informiert werden, dass Sie den Google Authenticator f\u00fcr die Multi-Factor Authentifizierung auf das Mobiletelefon aus dem Apple-Store oder dem Google-Play-Store laden.<\/li>\n<\/ol>\n<h3 id=\"05\">Was kostet die L\u00f6sung?<\/h3>\n<p>F\u00fcr die Software fallen keine Lizenzgeb\u00fchren an. Die L\u00f6sung arbeitet ausschlie\u00dflich mit Komponenten aus der Opensource Welt.<\/p>\n<p>Nat\u00fcrlich helfen wir, bzw. vorwiegend unsere Systemhauspartner bei der schnellen Umsetzung. Eine komplette Umsetzung f\u00fcr 10-15 Arbeitspl\u00e4tze ist innerhalb eines halben Tages locker machbar. Ohne die Vorarbeiten macht das ein Vollprofi unter einer Stunde. Wenn Sie eine Komplettumsetzung (beinhaltet die o.g. Vorbereitungen und die Implementierung) haben wollen, dann kalkulieren Sie einfach mal einen kompletten Tagessatz und sind Sie bestimmt auf der sicheren Seite.<\/p>\n<p>Wenn wir dazu beitragen k\u00f6nnen, dass Ihre Mitarbeiter im Home Office weiter arbeiten k\u00f6nnen, nicht in Kurzarbeit gehen m\u00fcssen oder im Worst-Case gek\u00fcndigt werden m\u00fcssen, dann ist das ein toller Erfolg.<\/p>\n<h3 id=\"06\">F\u00fcr wen eignet sich die L\u00f6sung?<\/h3>\n<p>Klassiker: It depends \ud83d\ude42<br \/>\nGrunds\u00e4tzlich haben wir die L\u00f6sung als Hilfspaket f\u00fcr kleine Unternehmen und Mittelst\u00e4ndler konzipiert, die eine schnelle und sauber L\u00f6sung brauchen, um die Mitarbeiter ins Home Office zu schicken, ohne aufw\u00e4ndige organisatorische und logistische Klimmz\u00fcge zu machen, bzw. kr\u00e4ftige Neuinvestitionen zu t\u00e4tigen.<\/p>\n<p>Hier geht es darum auf den existierenden Windows-PCs und Terminal Servern, die sich im Unternehmen befinden einfach von zu Hause aus weiter zu arbeiten, ohne die ganze Infrastruktur auf den Kopf zu stellen oder eine komplett neue, Cloud-basierte Infrastruktur zu schaffen und ohne den Benutzer in kurzer Zeit eine komplett neue Arbeitsweise an zu gew\u00f6hnen.<\/p>\n<p>Die L\u00f6sung ist kein Ersatz f\u00fcr ausgefeilte hoch professionelle Desktop as a Service L\u00f6sungen, wie ihn manche gro\u00dfe Softwarehersteller liefern, die sich unter anderem auch im <a href=\"https:\/\/www.megasoft.de\/en\/#partner\" target=\"_blank\" rel=\"noreferrer noopener\" aria-label=\"Prianto Portfolio (\u00f6ffnet in neuem Tab)\">megasoft Portfolio<\/a> befinden, und durch eine Menge wertvoller Tools zus\u00e4tzlich veredelt werden und sich auch an die verschiedensten Bed\u00fcrfnisse anpassen lassen.<\/p>\n<p>Der Flaschenhals wir m\u00f6glicherweise die Internetverbindung an Ihrem Unternehmensstandort sein. F\u00fcr normale B\u00fcrot\u00e4tigkeiten kalkulieren Sie 50 KB\/s pro Benutzer ein.<br \/>\nAuf eine 10 Mbit Leitung (Achtung, der Upload ist ausschlaggebend) bekommen Sie locker 20 Benutzer, die normaler B\u00fcrot\u00e4tigkeit (Word, Excel, Outlook, Warenwirtschaft,\u2026) nachgehen.<\/p>\n<h3 id=\"07\">Wie performant ist die Verbindung \u00fcber HTML5<\/h3>\n<p>Erstaunlich, aber extrem gut!<\/p>\n<h3 id=\"08\">L\u00e4uft die L\u00f6sung in der Cloud?<\/h3>\n<p>Nein, die L\u00f6sung l\u00e4uft auf einer einzelnen Maschine (PC, Server oder VM) in ihrem Unternehmensnetz.<br \/>\nWenn Sie im Unternehmensnetz keine \u00f6ffentliche, statische IP Adresse haben, oder auch keine DynDNS-Funktion im Router, dann starten wir lediglich einen kleinen sog. Websocket-basierten Reverse-Tunnel in der Cloud, der mittels <a href=\"https:\/\/github.com\/inlets\/inlets\/\" target=\"_blank\" rel=\"noreferrer noopener\" aria-label=\"Intlets (\u00f6ffnet in neuem Tab)\">Inlets<\/a> voll-automatisiert bereitgestellt wird, damit sie einen gesicherten, \u00f6ffentlich zug\u00e4nglichen Einstiegspunkt bekommen.<\/p>\n<h3 id=\"09\">F\u00fcr wen eignet sich die L\u00f6sung nicht?<\/h3>\n<ul>\n<li>f\u00fcr Anwender, die mit Multimedia-lastigen Anwendungen arbeiten (Video-Berabeitung)<\/li>\n<li>f\u00fcr Anwender, die mit CAD-Anwendungen arbeiten<\/li>\n<li>f\u00fcr mehrere Hunderte von Anwendern gleichzeitg<\/li>\n<li>f\u00fcr Unternehmen die hoch-skalierbare und hochverf\u00fcgbare Remote-Arbeitspl\u00e4tze anbieten wollen<\/li>\n<\/ul>\n<blockquote class=\"wp-block-quote\"><p>\u201eEs gibt viel zu tun \u2013 packen wir es an!\u201c<\/p>\n<p><cite>THB<\/cite><\/p><\/blockquote>\n<p><br data-cke-eol=\"1\" \/><\/p>","protected":false},"excerpt":{"rendered":"<p>Die aktuelle Corona Krise fordert Kreativit\u00e4t und schnelles Handeln. Wie bereits angek\u00fcndigt, haben wir im Team M\u00f6glichkeiten und Tools zusammengestellt, die Ihnen das Remote arbeiten im Unternehmen schnell und einfach erm\u00f6glichen. Dazu geh\u00f6rt neben der Kommunikation mit Kollegen, Partnern und Kunden auch der Zugriff auf die eigenen Daten. Wir haben [&hellip;]<\/p>\n","protected":false},"author":5,"featured_media":0,"parent":0,"menu_order":0,"comment_status":"closed","ping_status":"closed","template":"","meta":{"om_disable_all_campaigns":false,"_monsterinsights_skip_tracking":false,"_monsterinsights_sitenote_active":false,"_monsterinsights_sitenote_note":"","_monsterinsights_sitenote_category":0,"_themeisle_gutenberg_block_has_review":false,"footnotes":""},"class_list":["post-6339","page","type-page","status-publish","hentry","wpautop"],"yoast_head":"<!-- This site is optimized with the Yoast SEO plugin v27.6 - https:\/\/yoast.com\/product\/yoast-seo-wordpress\/ -->\n<title>In unter 1 Stunde remote arbeitsf\u00e4hig - megasoft IT GmbH &amp; Co. KG<\/title>\n<meta name=\"robots\" content=\"index, follow, max-snippet:-1, max-image-preview:large, max-video-preview:-1\" \/>\n<link rel=\"canonical\" href=\"https:\/\/www.megasoft.de\/en\/in-unter-1-stunde-remote-arbeitsfaehig\/\" \/>\n<meta property=\"og:locale\" content=\"en_US\" \/>\n<meta property=\"og:type\" content=\"article\" \/>\n<meta property=\"og:title\" content=\"In unter 1 Stunde remote arbeitsf\u00e4hig - megasoft IT GmbH &amp; Co. KG\" \/>\n<meta property=\"og:description\" content=\"Die aktuelle Corona Krise fordert Kreativit\u00e4t und schnelles Handeln. Wie bereits angek\u00fcndigt, haben wir im Team M\u00f6glichkeiten und Tools zusammengestellt, die Ihnen das Remote arbeiten im Unternehmen schnell und einfach erm\u00f6glichen. Dazu geh\u00f6rt neben der Kommunikation mit Kollegen, Partnern und Kunden auch der Zugriff auf die eigenen Daten. Wir haben [&hellip;]\" \/>\n<meta property=\"og:url\" content=\"https:\/\/www.megasoft.de\/en\/in-unter-1-stunde-remote-arbeitsfaehig\/\" \/>\n<meta property=\"og:site_name\" content=\"megasoft IT GmbH &amp; Co. KG\" \/>\n<meta property=\"article:modified_time\" content=\"2023-08-15T07:43:11+00:00\" \/>\n<meta property=\"og:image\" content=\"https:\/\/www.megasoft.de\/wp-content\/uploads\/work-from-home-remote-office-solution-megasoft.gif\" \/>\n<meta name=\"twitter:card\" content=\"summary_large_image\" \/>\n<meta name=\"twitter:label1\" content=\"Est. reading time\" \/>\n\t<meta name=\"twitter:data1\" content=\"7 minutes\" \/>\n<script type=\"application\/ld+json\" class=\"yoast-schema-graph\">{\"@context\":\"https:\\\/\\\/schema.org\",\"@graph\":[{\"@type\":\"WebPage\",\"@id\":\"https:\\\/\\\/www.megasoft.de\\\/in-unter-1-stunde-remote-arbeitsfaehig\\\/\",\"url\":\"https:\\\/\\\/www.megasoft.de\\\/in-unter-1-stunde-remote-arbeitsfaehig\\\/\",\"name\":\"In unter 1 Stunde remote arbeitsf\u00e4hig - megasoft IT GmbH &amp; Co. KG\",\"isPartOf\":{\"@id\":\"https:\\\/\\\/www.megasoft.de\\\/#website\"},\"primaryImageOfPage\":{\"@id\":\"https:\\\/\\\/www.megasoft.de\\\/in-unter-1-stunde-remote-arbeitsfaehig\\\/#primaryimage\"},\"image\":{\"@id\":\"https:\\\/\\\/www.megasoft.de\\\/in-unter-1-stunde-remote-arbeitsfaehig\\\/#primaryimage\"},\"thumbnailUrl\":\"https:\\\/\\\/www.megasoft.de\\\/wp-content\\\/uploads\\\/work-from-home-remote-office-solution-megasoft.gif\",\"datePublished\":\"2020-03-23T07:21:15+00:00\",\"dateModified\":\"2023-08-15T07:43:11+00:00\",\"breadcrumb\":{\"@id\":\"https:\\\/\\\/www.megasoft.de\\\/in-unter-1-stunde-remote-arbeitsfaehig\\\/#breadcrumb\"},\"inLanguage\":\"en-US\",\"potentialAction\":[{\"@type\":\"ReadAction\",\"target\":[\"https:\\\/\\\/www.megasoft.de\\\/in-unter-1-stunde-remote-arbeitsfaehig\\\/\"]}]},{\"@type\":\"ImageObject\",\"inLanguage\":\"en-US\",\"@id\":\"https:\\\/\\\/www.megasoft.de\\\/in-unter-1-stunde-remote-arbeitsfaehig\\\/#primaryimage\",\"url\":\"https:\\\/\\\/www.megasoft.de\\\/wp-content\\\/uploads\\\/work-from-home-remote-office-solution-megasoft.gif\",\"contentUrl\":\"https:\\\/\\\/www.megasoft.de\\\/wp-content\\\/uploads\\\/work-from-home-remote-office-solution-megasoft.gif\"},{\"@type\":\"BreadcrumbList\",\"@id\":\"https:\\\/\\\/www.megasoft.de\\\/in-unter-1-stunde-remote-arbeitsfaehig\\\/#breadcrumb\",\"itemListElement\":[{\"@type\":\"ListItem\",\"position\":1,\"name\":\"Startseite\",\"item\":\"https:\\\/\\\/www.megasoft.de\\\/\"},{\"@type\":\"ListItem\",\"position\":2,\"name\":\"In unter 1 Stunde remote arbeitsf\u00e4hig\"}]},{\"@type\":\"WebSite\",\"@id\":\"https:\\\/\\\/www.megasoft.de\\\/#website\",\"url\":\"https:\\\/\\\/www.megasoft.de\\\/\",\"name\":\"megasoft IT GmbH &amp; Co. KG\",\"description\":\"Your IT Procurement Partner\",\"publisher\":{\"@id\":\"https:\\\/\\\/www.megasoft.de\\\/#organization\"},\"potentialAction\":[{\"@type\":\"SearchAction\",\"target\":{\"@type\":\"EntryPoint\",\"urlTemplate\":\"https:\\\/\\\/www.megasoft.de\\\/?s={search_term_string}\"},\"query-input\":{\"@type\":\"PropertyValueSpecification\",\"valueRequired\":true,\"valueName\":\"search_term_string\"}}],\"inLanguage\":\"en-US\"},{\"@type\":\"Organization\",\"@id\":\"https:\\\/\\\/www.megasoft.de\\\/#organization\",\"name\":\"megasoft IT GmbH &amp; Co. KG\",\"url\":\"https:\\\/\\\/www.megasoft.de\\\/\",\"logo\":{\"@type\":\"ImageObject\",\"inLanguage\":\"en-US\",\"@id\":\"https:\\\/\\\/www.megasoft.de\\\/#\\\/schema\\\/logo\\\/image\\\/\",\"url\":\"https:\\\/\\\/www.megasoft.de\\\/wp-content\\\/uploads\\\/megasoft_logo_IT_Procurement_Partner.png\",\"contentUrl\":\"https:\\\/\\\/www.megasoft.de\\\/wp-content\\\/uploads\\\/megasoft_logo_IT_Procurement_Partner.png\",\"width\":1400,\"height\":350,\"caption\":\"megasoft IT GmbH &amp; Co. KG\"},\"image\":{\"@id\":\"https:\\\/\\\/www.megasoft.de\\\/#\\\/schema\\\/logo\\\/image\\\/\"}}]}<\/script>\n<!-- \/ Yoast SEO plugin. -->","yoast_head_json":{"title":"In unter 1 Stunde remote arbeitsf\u00e4hig - megasoft IT GmbH &amp; Co. KG","robots":{"index":"index","follow":"follow","max-snippet":"max-snippet:-1","max-image-preview":"max-image-preview:large","max-video-preview":"max-video-preview:-1"},"canonical":"https:\/\/www.megasoft.de\/en\/in-unter-1-stunde-remote-arbeitsfaehig\/","og_locale":"en_US","og_type":"article","og_title":"In unter 1 Stunde remote arbeitsf\u00e4hig - megasoft IT GmbH &amp; Co. KG","og_description":"Die aktuelle Corona Krise fordert Kreativit\u00e4t und schnelles Handeln. Wie bereits angek\u00fcndigt, haben wir im Team M\u00f6glichkeiten und Tools zusammengestellt, die Ihnen das Remote arbeiten im Unternehmen schnell und einfach erm\u00f6glichen. Dazu geh\u00f6rt neben der Kommunikation mit Kollegen, Partnern und Kunden auch der Zugriff auf die eigenen Daten. Wir haben [&hellip;]","og_url":"https:\/\/www.megasoft.de\/en\/in-unter-1-stunde-remote-arbeitsfaehig\/","og_site_name":"megasoft IT GmbH &amp; Co. KG","article_modified_time":"2023-08-15T07:43:11+00:00","og_image":[{"url":"https:\/\/www.megasoft.de\/wp-content\/uploads\/work-from-home-remote-office-solution-megasoft.gif","type":"","width":"","height":""}],"twitter_card":"summary_large_image","twitter_misc":{"Est. reading time":"7 minutes"},"schema":{"@context":"https:\/\/schema.org","@graph":[{"@type":"WebPage","@id":"https:\/\/www.megasoft.de\/in-unter-1-stunde-remote-arbeitsfaehig\/","url":"https:\/\/www.megasoft.de\/in-unter-1-stunde-remote-arbeitsfaehig\/","name":"In unter 1 Stunde remote arbeitsf\u00e4hig - megasoft IT GmbH &amp; Co. KG","isPartOf":{"@id":"https:\/\/www.megasoft.de\/#website"},"primaryImageOfPage":{"@id":"https:\/\/www.megasoft.de\/in-unter-1-stunde-remote-arbeitsfaehig\/#primaryimage"},"image":{"@id":"https:\/\/www.megasoft.de\/in-unter-1-stunde-remote-arbeitsfaehig\/#primaryimage"},"thumbnailUrl":"https:\/\/www.megasoft.de\/wp-content\/uploads\/work-from-home-remote-office-solution-megasoft.gif","datePublished":"2020-03-23T07:21:15+00:00","dateModified":"2023-08-15T07:43:11+00:00","breadcrumb":{"@id":"https:\/\/www.megasoft.de\/in-unter-1-stunde-remote-arbeitsfaehig\/#breadcrumb"},"inLanguage":"en-US","potentialAction":[{"@type":"ReadAction","target":["https:\/\/www.megasoft.de\/in-unter-1-stunde-remote-arbeitsfaehig\/"]}]},{"@type":"ImageObject","inLanguage":"en-US","@id":"https:\/\/www.megasoft.de\/in-unter-1-stunde-remote-arbeitsfaehig\/#primaryimage","url":"https:\/\/www.megasoft.de\/wp-content\/uploads\/work-from-home-remote-office-solution-megasoft.gif","contentUrl":"https:\/\/www.megasoft.de\/wp-content\/uploads\/work-from-home-remote-office-solution-megasoft.gif"},{"@type":"BreadcrumbList","@id":"https:\/\/www.megasoft.de\/in-unter-1-stunde-remote-arbeitsfaehig\/#breadcrumb","itemListElement":[{"@type":"ListItem","position":1,"name":"Startseite","item":"https:\/\/www.megasoft.de\/"},{"@type":"ListItem","position":2,"name":"In unter 1 Stunde remote arbeitsf\u00e4hig"}]},{"@type":"WebSite","@id":"https:\/\/www.megasoft.de\/#website","url":"https:\/\/www.megasoft.de\/","name":"megasoft IT GmbH &amp; Co. KG","description":"Your IT Procurement Partner","publisher":{"@id":"https:\/\/www.megasoft.de\/#organization"},"potentialAction":[{"@type":"SearchAction","target":{"@type":"EntryPoint","urlTemplate":"https:\/\/www.megasoft.de\/?s={search_term_string}"},"query-input":{"@type":"PropertyValueSpecification","valueRequired":true,"valueName":"search_term_string"}}],"inLanguage":"en-US"},{"@type":"Organization","@id":"https:\/\/www.megasoft.de\/#organization","name":"megasoft IT GmbH &amp; Co. KG","url":"https:\/\/www.megasoft.de\/","logo":{"@type":"ImageObject","inLanguage":"en-US","@id":"https:\/\/www.megasoft.de\/#\/schema\/logo\/image\/","url":"https:\/\/www.megasoft.de\/wp-content\/uploads\/megasoft_logo_IT_Procurement_Partner.png","contentUrl":"https:\/\/www.megasoft.de\/wp-content\/uploads\/megasoft_logo_IT_Procurement_Partner.png","width":1400,"height":350,"caption":"megasoft IT GmbH &amp; Co. KG"},"image":{"@id":"https:\/\/www.megasoft.de\/#\/schema\/logo\/image\/"}}]}},"publishpress_future_action":{"enabled":false,"date":"2026-05-22 13:17:17","action":"change-status","newStatus":"draft","terms":[],"taxonomy":"","extraData":[]},"publishpress_future_workflow_manual_trigger":{"enabledWorkflows":[]},"_links":{"self":[{"href":"https:\/\/www.megasoft.de\/en\/wp-json\/wp\/v2\/pages\/6339","targetHints":{"allow":["GET"]}}],"collection":[{"href":"https:\/\/www.megasoft.de\/en\/wp-json\/wp\/v2\/pages"}],"about":[{"href":"https:\/\/www.megasoft.de\/en\/wp-json\/wp\/v2\/types\/page"}],"author":[{"embeddable":true,"href":"https:\/\/www.megasoft.de\/en\/wp-json\/wp\/v2\/users\/5"}],"replies":[{"embeddable":true,"href":"https:\/\/www.megasoft.de\/en\/wp-json\/wp\/v2\/comments?post=6339"}],"version-history":[{"count":3,"href":"https:\/\/www.megasoft.de\/en\/wp-json\/wp\/v2\/pages\/6339\/revisions"}],"predecessor-version":[{"id":6342,"href":"https:\/\/www.megasoft.de\/en\/wp-json\/wp\/v2\/pages\/6339\/revisions\/6342"}],"wp:attachment":[{"href":"https:\/\/www.megasoft.de\/en\/wp-json\/wp\/v2\/media?parent=6339"}],"curies":[{"name":"wp","href":"https:\/\/api.w.org\/{rel}","templated":true}]}}