{"id":6917,"date":"2020-05-29T13:28:57","date_gmt":"2020-05-29T11:28:57","guid":{"rendered":"https:\/\/www.megasoft.de\/?page_id=6917"},"modified":"2020-05-29T13:42:59","modified_gmt":"2020-05-29T11:42:59","slug":"microsoft-azure-cloud-vorteile-im-ueberblick","status":"publish","type":"page","link":"https:\/\/www.megasoft.de\/en\/microsoft-cloud-office-365-microsoft-azure-old\/microsoft-azure-cloud-vorteile-im-ueberblick\/","title":{"rendered":"Microsoft Azure Cloud &#8211; Vorteile im \u00dcberblick"},"content":{"rendered":"<div style=\"background-image:inherit; background-attachment: fixed; background-size: cover;\" data-bg-image=\"url(&#039;\/wp-content\/uploads\/microsoft-cloud-solution-office-365-azure-megasoft-it.jpg&#039;)\" class=\"lazyload\">\n<div class=\"row align-items-center ml-4 mr-4\" style=\"padding-top: 250px; padding-bottom: 250px;\">\n<div class=\"col-md-4\"><!--<img decoding=\"async\" class=\"img-fluid lazyload\" data-src=\"\/wp-content\/uploads\/microsoft-office-365-cloud-megasoft-csp-solution.png\" src=\"data:image\/svg+xml;base64,PHN2ZyB3aWR0aD0iMSIgaGVpZ2h0PSIxIiB4bWxucz0iaHR0cDovL3d3dy53My5vcmcvMjAwMC9zdmciPjwvc3ZnPg==\" style=\"--smush-placeholder-width: 400px; --smush-placeholder-aspect-ratio: 400\/88;\" \/>--><\/div>\n<div class=\"col-md-4 text-center\">\n<h1 class=\"white-text text-center mt-3\">Microsoft Azure &#8211; Vorteile im \u00dcberblick<\/h1>\n<hr \/>\n<h2 class=\"white-text\">Technologie die ver\u00e4ndert. Leistung die \u00fcberzeugt. Skalierung nach bedarf.<\/h2>\n<\/div>\n<div class=\"col-md-4\"><img decoding=\"async\" class=\"img-fluid lazyload\" data-src=\"\/wp-content\/uploads\/microsoft-azure-cloud-l\u00f6sung-solution-megasoft-it.png\" src=\"data:image\/svg+xml;base64,PHN2ZyB3aWR0aD0iMSIgaGVpZ2h0PSIxIiB4bWxucz0iaHR0cDovL3d3dy53My5vcmcvMjAwMC9zdmciPjwvc3ZnPg==\" style=\"--smush-placeholder-width: 2000px; --smush-placeholder-aspect-ratio: 2000\/578;\" \/><\/div>\n<\/div>\n<\/div>\n<div class=\"container pt-4\">\n<h2 style=\"text-align: center;\">Verwandeln Sie Ihre Ideen schneller in L\u00f6sungen mit vertrauensw\u00fcrdigen, personalisierten Cloud-Diensten<\/h2>\n<p style=\"text-align: center;\">Microsoft Azure bietet eine st\u00e4ndig wachsende Reihe von Cloud-Diensten, mit denen Ihr Unternehmen Ihre gesch\u00e4ftlichen Herausforderungen meistern kann. Zu den integrierten Cloud-Computing-Diensten geh\u00f6ren Analyse-, Computing-, Datenbank-, Mobil-, Netzwerk-, Speicher- und Web-Apps. Mit diesen Dienstleistungen k\u00f6nnen IT-Entwickler mit ihren bevorzugten Tools, Anwendungen und Frameworks Anwendungen und L\u00f6sungen in einem riesigen globalen Netzwerk erstellen, verwalten und bereitstellen. All dies f\u00fchrt dazu, dass Sie schneller vorankommen, mehr erreichen und Geld sparen.<\/p>\n<\/div>\n<div class=\"container pt-4\">\n<h3 style=\"text-align: center;\"><span style=\"color: #00ccff;\">Hauptmerkmale<\/span><\/h3>\n<h5 style=\"text-align: left;\">Produktivit\u00e4tstools f\u00fcr Entwickler<\/h5>\n<p style=\"text-align: left;\">Azure bietet \u00fcber <a href=\"https:\/\/www.megasoft.de\/en\/microsoft-cloud-office-365-microsoft-azure\/#loesungen\" rel=\"noopener noreferrer\" target=\"_blank\">100 Dienste<\/a> mit n\u00fctzlichen End-to-End-Tools, mit denen Sie erfolgreich sein k\u00f6nnen.<\/p>\n<h5 style=\"text-align: left;\">Hybrid Cloud<\/h5>\n<p style=\"text-align: left;\">Mit der einzigen konsistenten Hybrid-Cloud auf dem Markt entwickeln und integrieren Sie von jedem Standort aus. Erweitern Sie Azure vor Ort mit Azure Stack<\/p>\n<h5 style=\"text-align: left;\">Intelligente L\u00f6sungen<\/h5>\n<p style=\"text-align: left;\">Erstellen Sie die n\u00e4chste Generation intelligenter Apps und gewinnen Sie mithilfe von leistungsf\u00e4higen Diensten und k\u00fcnstlicher Intelligenz aussagekr\u00e4ftige Erkenntnisse.<\/p>\n<h5 style=\"text-align: left;\">Reibungslose Integration<\/h5>\n<p style=\"text-align: left;\">Mit der vollst\u00e4ndig integrierten Bereitstellungspipeline von Azure mit Tools f\u00fcr Quellcodeverwaltung, Komponententests, Integrationstests, Bereitstellung und Inbetriebnahme vermeiden Sie Probleme, die bei der Kombination von verschiedenen Produkten auftreten.<\/p>\n<p class=\"text-center\"><a href=\"https:\/\/www.megasoft.de\/en\/#kontakt\" <button type=\"button\" class=\"btn btn-info\">Contact us!<\/button><\/a><\/p>\n<\/div>\n<hr \/>\n<div class=\"container pt-4\">\n<h3 style=\"text-align: center;\"><span style=\"color: #00ccff;\">Hauptvorteile<\/span><\/h3>\n<h5 style=\"text-align: left;\">Schnelleres Bereitstellen von Apps<\/h5>\n<p style=\"text-align: left;\">Sie k\u00f6nnen Ihre Unternehmens-, Mobil-, <a href=\"https:\/\/www.megasoft.de\/en\/microsoft-cloud-office-365-microsoft-azure\/#iot\" rel=\"noopener noreferrer\" target=\"_blank\">Internet-of-Things- (IoT)<\/a> und Web-Apps schnell mit Tools, Sprachen oder Frameworks Ihrer Wahl entwickeln, bereitstellen und verwalten. Auf diese Weise k\u00f6nnen Sie Apps und Dienste, mit mehr als 100 End-to-End-Diensten, schneller bereitstellen und die Zeit bis zur Markteinf\u00fchrung verk\u00fcrzen.<\/p>\n<h5 style=\"text-align: left;\">Sichere Aufbewahrung Ihrer Daten<\/h5>\n<p style=\"text-align: left;\">Der Datenschutz und die Sicherheit wird mit Azure Backup und Disaster Recovery erh\u00f6ht.<\/p>\n<h5 style=\"text-align: left;\">Bessere Entscheidungen treffen<\/h5>\n<p style=\"text-align: left;\">Vorrausschauende Analysen und wertvolle Erkenntnisse &#8211; die jederzeit auf beliebig vielen Daten basieren &#8211; unterst\u00fctzen Sie bei Ihren strategischen Entscheidungen.<\/p>\n<h5 style=\"text-align: left;\">Erschwinglichkeit<\/h5>\n<p style=\"text-align: left;\">Sie zahlen nur das, was Sie nutzen &#8211; was die Verwaltung von IT-Budgets vereinfacht.<\/p>\n<p class=\"text-center\"><a href=\"https:\/\/www.megasoft.de\/en\/#kontakt\" <button type=\"button\" class=\"btn btn-info\">Contact us!<\/button><\/a><\/p>\n<div class=\"container my-5\">\n<section class=\"text-center dark-grey-text\">\n<h3 class=\"font-weight-bold text-center\">Microsoft Azure &#8211; Screenshots<\/h3>\n<div class=\"row\">\n<div class=\"col-md-12\">\n<div id=\"carousel-example-1z\" class=\"carousel slide\" data-ride=\"carousel\">\n<ol class=\"carousel-indicators\">\n<li data-target=\"#carousel-example-1z\" data-slide-to=\"0\" class=\"active\"><\/li>\n<li data-target=\"#carousel-example-1z\" data-slide-to=\"1\"><\/li>\n<li data-target=\"#carousel-example-1z\" data-slide-to=\"2\"><\/li>\n<\/ol>\n<div class=\"carousel-inner\" role=\"listbox\">\n<div class=\"carousel-item active\">\n              <img decoding=\"async\" class=\"d-block w-100 lazyload\" data-src=\"https:\/\/www.megasoft.de\/wp-content\/uploads\/microsoft-azure-cloud-solution-screenshot-megasoft-it-1.png\"\n                alt=\"microsoft-azure-cloud-solution-screenshot-megasoft-it-1.png\" src=\"data:image\/svg+xml;base64,PHN2ZyB3aWR0aD0iMSIgaGVpZ2h0PSIxIiB4bWxucz0iaHR0cDovL3d3dy53My5vcmcvMjAwMC9zdmciPjwvc3ZnPg==\" style=\"--smush-placeholder-width: 650px; --smush-placeholder-aspect-ratio: 650\/425;\">\n            <\/div>\n<div class=\"carousel-item\">\n              <img decoding=\"async\" class=\"d-block w-100 lazyload\" data-src=\"https:\/\/www.megasoft.de\/wp-content\/uploads\/microsoft-azure-cloud-solution-screenshot-megasoft-it-1-1.png\"\n                alt=\"microsoft-azure-cloud-solution-screenshot-megasoft-it-1-1.png\" src=\"data:image\/svg+xml;base64,PHN2ZyB3aWR0aD0iMSIgaGVpZ2h0PSIxIiB4bWxucz0iaHR0cDovL3d3dy53My5vcmcvMjAwMC9zdmciPjwvc3ZnPg==\" style=\"--smush-placeholder-width: 614px; --smush-placeholder-aspect-ratio: 614\/322;\">\n            <\/div>\n<div class=\"carousel-item\">\n              <img decoding=\"async\" class=\"d-block w-100 lazyload\" data-src=\"https:\/\/www.megasoft.de\/wp-content\/uploads\/microsoft-azure-cloud-solution-screenshot-megasoft-it-2.png\"\n                alt=\"microsoft-azure-cloud-solution-screenshot-megasoft-it-2.png\" src=\"data:image\/svg+xml;base64,PHN2ZyB3aWR0aD0iMSIgaGVpZ2h0PSIxIiB4bWxucz0iaHR0cDovL3d3dy53My5vcmcvMjAwMC9zdmciPjwvc3ZnPg==\" style=\"--smush-placeholder-width: 690px; --smush-placeholder-aspect-ratio: 690\/358;\">\n            <\/div>\n<\/p><\/div>\n<p>          <a class=\"carousel-control-prev\" href=\"#carousel-example-1z\" role=\"button\" data-slide=\"prev\"><br \/>\n            <span class=\"carousel-control-prev-icon\" aria-hidden=\"true\"><\/span><br \/>\n            <span class=\"sr-only\">Previous<\/span><br \/>\n          <\/a><br \/>\n          <a class=\"carousel-control-next\" href=\"#carousel-example-1z\" role=\"button\" data-slide=\"next\"><br \/>\n            <span class=\"carousel-control-next-icon\" aria-hidden=\"true\"><\/span><br \/>\n            <span class=\"sr-only\">Next<\/span><br \/>\n          <\/a>\n        <\/div>\n<\/p><\/div>\n<\/p><\/div>\n<\/section>\n<\/div>\n<\/div>\n<hr>\n<div class=\"my-5 py-5\">\n<section class=\"text-center px-md-5 mx-md-5 dark-grey-text\">\n<h3 class=\"font-weight-bold\"><a class=\"btn btn-outline-primary btn-md waves-effect\" href=\"https:\/\/cloud.megasoft.de\" target=\"_blank\" role=\"button\" rel=\"noopener noreferrer\">Login<i class=\"fas fa-sign-in-alt ml-1\"><\/i><\/a> Sie sind bereits Kunde? Jetzt einloggen und Kundenkonto verwalten<\/h3>\n<h3 class=\"font-weight-bold\"><a class=\"btn btn-outline-primary btn-md waves-effect\" href=\"https:\/\/www.megasoft.de\/en\/microsoft-cloud-office-365-microsoft-azure\/#mcont\" target=\"_blank\" role=\"button\" rel=\"noopener noreferrer\">Anfrage<i class=\"fas fa-sign-in-alt ml-1\"><\/i><\/a> Sie sind noch kein Microsoft Kunde bei uns? Jetzt kostenlos anmelden!<\/h3>\n<\/section><\/div>\n<hr>","protected":false},"excerpt":{"rendered":"<p>Microsoft Azure &#8211; Vorteile im \u00dcberblick Technologie die ver\u00e4ndert. Leistung die \u00fcberzeugt. Skalierung nach bedarf. Verwandeln Sie Ihre Ideen schneller in L\u00f6sungen mit vertrauensw\u00fcrdigen, personalisierten Cloud-Diensten Microsoft Azure bietet eine st\u00e4ndig wachsende Reihe von Cloud-Diensten, mit denen Ihr Unternehmen Ihre gesch\u00e4ftlichen Herausforderungen meistern kann. Zu den integrierten Cloud-Computing-Diensten geh\u00f6ren Analyse-, [&hellip;]<\/p>\n","protected":false},"author":1,"featured_media":6919,"parent":6377,"menu_order":0,"comment_status":"closed","ping_status":"closed","template":"page-full.php","meta":{"om_disable_all_campaigns":false,"_monsterinsights_skip_tracking":false,"_monsterinsights_sitenote_active":false,"_monsterinsights_sitenote_note":"","_monsterinsights_sitenote_category":0,"_themeisle_gutenberg_block_has_review":false,"footnotes":""},"class_list":["post-6917","page","type-page","status-publish","has-post-thumbnail","hentry","wpautop"],"yoast_head":"<!-- This site is optimized with the Yoast SEO plugin v27.6 - https:\/\/yoast.com\/product\/yoast-seo-wordpress\/ -->\n<title>Microsoft Azure Cloud - Vorteile im \u00dcberblick - megasoft IT - Solution<\/title>\n<meta name=\"description\" content=\"Wir leben Software! | Azure Cloud - Vorteile - Merkmale | mehr als 100 Dienste | Hybrid Cloud | intelligente L\u00f6sungen | Web-Apps | End-to-End Dienste | uvm.\" \/>\n<meta name=\"robots\" content=\"index, follow, max-snippet:-1, max-image-preview:large, max-video-preview:-1\" \/>\n<link rel=\"canonical\" href=\"https:\/\/www.megasoft.de\/en\/microsoft-cloud-office-365-microsoft-azure-old\/microsoft-azure-cloud-vorteile-im-ueberblick\/\" \/>\n<meta property=\"og:locale\" content=\"en_US\" \/>\n<meta property=\"og:type\" content=\"article\" \/>\n<meta property=\"og:title\" content=\"Microsoft Azure Cloud - Vorteile im \u00dcberblick - megasoft IT - Solution\" \/>\n<meta property=\"og:description\" content=\"Wir leben Software! | Azure Cloud - Vorteile - Merkmale | mehr als 100 Dienste | Hybrid Cloud | intelligente L\u00f6sungen | Web-Apps | End-to-End Dienste | uvm.\" \/>\n<meta property=\"og:url\" content=\"https:\/\/www.megasoft.de\/en\/microsoft-cloud-office-365-microsoft-azure-old\/microsoft-azure-cloud-vorteile-im-ueberblick\/\" \/>\n<meta property=\"og:site_name\" content=\"megasoft IT GmbH &amp; Co. KG\" \/>\n<meta property=\"article:modified_time\" content=\"2020-05-29T11:42:59+00:00\" \/>\n<meta property=\"og:image\" content=\"https:\/\/www.megasoft.de\/wp-content\/uploads\/microsoft-azure-cloud-solution-screenshot-megasoft-it.png\" \/>\n\t<meta property=\"og:image:width\" content=\"650\" \/>\n\t<meta property=\"og:image:height\" content=\"425\" \/>\n\t<meta property=\"og:image:type\" content=\"image\/png\" \/>\n<meta name=\"twitter:card\" content=\"summary_large_image\" \/>\n<meta name=\"twitter:label1\" content=\"Est. reading time\" \/>\n\t<meta name=\"twitter:data1\" content=\"1 minute\" \/>\n<script type=\"application\/ld+json\" class=\"yoast-schema-graph\">{\"@context\":\"https:\\\/\\\/schema.org\",\"@graph\":[{\"@type\":\"WebPage\",\"@id\":\"https:\\\/\\\/www.megasoft.de\\\/microsoft-cloud-office-365-microsoft-azure-old\\\/microsoft-azure-cloud-vorteile-im-ueberblick\\\/\",\"url\":\"https:\\\/\\\/www.megasoft.de\\\/microsoft-cloud-office-365-microsoft-azure-old\\\/microsoft-azure-cloud-vorteile-im-ueberblick\\\/\",\"name\":\"Microsoft Azure Cloud - Vorteile im \u00dcberblick - megasoft IT - Solution\",\"isPartOf\":{\"@id\":\"https:\\\/\\\/www.megasoft.de\\\/#website\"},\"primaryImageOfPage\":{\"@id\":\"https:\\\/\\\/www.megasoft.de\\\/microsoft-cloud-office-365-microsoft-azure-old\\\/microsoft-azure-cloud-vorteile-im-ueberblick\\\/#primaryimage\"},\"image\":{\"@id\":\"https:\\\/\\\/www.megasoft.de\\\/microsoft-cloud-office-365-microsoft-azure-old\\\/microsoft-azure-cloud-vorteile-im-ueberblick\\\/#primaryimage\"},\"thumbnailUrl\":\"https:\\\/\\\/www.megasoft.de\\\/wp-content\\\/uploads\\\/microsoft-azure-cloud-solution-screenshot-megasoft-it.png\",\"datePublished\":\"2020-05-29T11:28:57+00:00\",\"dateModified\":\"2020-05-29T11:42:59+00:00\",\"description\":\"Wir leben Software! | Azure Cloud - Vorteile - Merkmale | mehr als 100 Dienste | Hybrid Cloud | intelligente L\u00f6sungen | Web-Apps | End-to-End Dienste | uvm.\",\"breadcrumb\":{\"@id\":\"https:\\\/\\\/www.megasoft.de\\\/microsoft-cloud-office-365-microsoft-azure-old\\\/microsoft-azure-cloud-vorteile-im-ueberblick\\\/#breadcrumb\"},\"inLanguage\":\"en-US\",\"potentialAction\":[{\"@type\":\"ReadAction\",\"target\":[\"https:\\\/\\\/www.megasoft.de\\\/microsoft-cloud-office-365-microsoft-azure-old\\\/microsoft-azure-cloud-vorteile-im-ueberblick\\\/\"]}]},{\"@type\":\"ImageObject\",\"inLanguage\":\"en-US\",\"@id\":\"https:\\\/\\\/www.megasoft.de\\\/microsoft-cloud-office-365-microsoft-azure-old\\\/microsoft-azure-cloud-vorteile-im-ueberblick\\\/#primaryimage\",\"url\":\"https:\\\/\\\/www.megasoft.de\\\/wp-content\\\/uploads\\\/microsoft-azure-cloud-solution-screenshot-megasoft-it.png\",\"contentUrl\":\"https:\\\/\\\/www.megasoft.de\\\/wp-content\\\/uploads\\\/microsoft-azure-cloud-solution-screenshot-megasoft-it.png\",\"width\":650,\"height\":425},{\"@type\":\"BreadcrumbList\",\"@id\":\"https:\\\/\\\/www.megasoft.de\\\/microsoft-cloud-office-365-microsoft-azure-old\\\/microsoft-azure-cloud-vorteile-im-ueberblick\\\/#breadcrumb\",\"itemListElement\":[{\"@type\":\"ListItem\",\"position\":1,\"name\":\"Startseite\",\"item\":\"https:\\\/\\\/www.megasoft.de\\\/\"},{\"@type\":\"ListItem\",\"position\":2,\"name\":\"Microsoft Cloud &#8211; Office 365 &#8211; Microsoft Azure\",\"item\":\"https:\\\/\\\/www.megasoft.de\\\/microsoft-cloud-office-365-microsoft-azure-old\\\/\"},{\"@type\":\"ListItem\",\"position\":3,\"name\":\"Microsoft Azure Cloud &#8211; Vorteile im \u00dcberblick\"}]},{\"@type\":\"WebSite\",\"@id\":\"https:\\\/\\\/www.megasoft.de\\\/#website\",\"url\":\"https:\\\/\\\/www.megasoft.de\\\/\",\"name\":\"megasoft IT GmbH &amp; Co. KG\",\"description\":\"Your IT Procurement Partner\",\"publisher\":{\"@id\":\"https:\\\/\\\/www.megasoft.de\\\/#organization\"},\"potentialAction\":[{\"@type\":\"SearchAction\",\"target\":{\"@type\":\"EntryPoint\",\"urlTemplate\":\"https:\\\/\\\/www.megasoft.de\\\/?s={search_term_string}\"},\"query-input\":{\"@type\":\"PropertyValueSpecification\",\"valueRequired\":true,\"valueName\":\"search_term_string\"}}],\"inLanguage\":\"en-US\"},{\"@type\":\"Organization\",\"@id\":\"https:\\\/\\\/www.megasoft.de\\\/#organization\",\"name\":\"megasoft IT GmbH &amp; Co. KG\",\"url\":\"https:\\\/\\\/www.megasoft.de\\\/\",\"logo\":{\"@type\":\"ImageObject\",\"inLanguage\":\"en-US\",\"@id\":\"https:\\\/\\\/www.megasoft.de\\\/#\\\/schema\\\/logo\\\/image\\\/\",\"url\":\"https:\\\/\\\/www.megasoft.de\\\/wp-content\\\/uploads\\\/megasoft_logo_IT_Procurement_Partner.png\",\"contentUrl\":\"https:\\\/\\\/www.megasoft.de\\\/wp-content\\\/uploads\\\/megasoft_logo_IT_Procurement_Partner.png\",\"width\":1400,\"height\":350,\"caption\":\"megasoft IT GmbH &amp; Co. KG\"},\"image\":{\"@id\":\"https:\\\/\\\/www.megasoft.de\\\/#\\\/schema\\\/logo\\\/image\\\/\"}}]}<\/script>\n<!-- \/ Yoast SEO plugin. -->","yoast_head_json":{"title":"Microsoft Azure Cloud - Vorteile im \u00dcberblick - megasoft IT - Solution","description":"Wir leben Software! | Azure Cloud - Vorteile - Merkmale | mehr als 100 Dienste | Hybrid Cloud | intelligente L\u00f6sungen | Web-Apps | End-to-End Dienste | uvm.","robots":{"index":"index","follow":"follow","max-snippet":"max-snippet:-1","max-image-preview":"max-image-preview:large","max-video-preview":"max-video-preview:-1"},"canonical":"https:\/\/www.megasoft.de\/en\/microsoft-cloud-office-365-microsoft-azure-old\/microsoft-azure-cloud-vorteile-im-ueberblick\/","og_locale":"en_US","og_type":"article","og_title":"Microsoft Azure Cloud - Vorteile im \u00dcberblick - megasoft IT - Solution","og_description":"Wir leben Software! | Azure Cloud - Vorteile - Merkmale | mehr als 100 Dienste | Hybrid Cloud | intelligente L\u00f6sungen | Web-Apps | End-to-End Dienste | uvm.","og_url":"https:\/\/www.megasoft.de\/en\/microsoft-cloud-office-365-microsoft-azure-old\/microsoft-azure-cloud-vorteile-im-ueberblick\/","og_site_name":"megasoft IT GmbH &amp; Co. KG","article_modified_time":"2020-05-29T11:42:59+00:00","og_image":[{"width":650,"height":425,"url":"https:\/\/www.megasoft.de\/wp-content\/uploads\/microsoft-azure-cloud-solution-screenshot-megasoft-it.png","type":"image\/png"}],"twitter_card":"summary_large_image","twitter_misc":{"Est. reading time":"1 minute"},"schema":{"@context":"https:\/\/schema.org","@graph":[{"@type":"WebPage","@id":"https:\/\/www.megasoft.de\/microsoft-cloud-office-365-microsoft-azure-old\/microsoft-azure-cloud-vorteile-im-ueberblick\/","url":"https:\/\/www.megasoft.de\/microsoft-cloud-office-365-microsoft-azure-old\/microsoft-azure-cloud-vorteile-im-ueberblick\/","name":"Microsoft Azure Cloud - Vorteile im \u00dcberblick - megasoft IT - Solution","isPartOf":{"@id":"https:\/\/www.megasoft.de\/#website"},"primaryImageOfPage":{"@id":"https:\/\/www.megasoft.de\/microsoft-cloud-office-365-microsoft-azure-old\/microsoft-azure-cloud-vorteile-im-ueberblick\/#primaryimage"},"image":{"@id":"https:\/\/www.megasoft.de\/microsoft-cloud-office-365-microsoft-azure-old\/microsoft-azure-cloud-vorteile-im-ueberblick\/#primaryimage"},"thumbnailUrl":"https:\/\/www.megasoft.de\/wp-content\/uploads\/microsoft-azure-cloud-solution-screenshot-megasoft-it.png","datePublished":"2020-05-29T11:28:57+00:00","dateModified":"2020-05-29T11:42:59+00:00","description":"Wir leben Software! | Azure Cloud - Vorteile - Merkmale | mehr als 100 Dienste | Hybrid Cloud | intelligente L\u00f6sungen | Web-Apps | End-to-End Dienste | uvm.","breadcrumb":{"@id":"https:\/\/www.megasoft.de\/microsoft-cloud-office-365-microsoft-azure-old\/microsoft-azure-cloud-vorteile-im-ueberblick\/#breadcrumb"},"inLanguage":"en-US","potentialAction":[{"@type":"ReadAction","target":["https:\/\/www.megasoft.de\/microsoft-cloud-office-365-microsoft-azure-old\/microsoft-azure-cloud-vorteile-im-ueberblick\/"]}]},{"@type":"ImageObject","inLanguage":"en-US","@id":"https:\/\/www.megasoft.de\/microsoft-cloud-office-365-microsoft-azure-old\/microsoft-azure-cloud-vorteile-im-ueberblick\/#primaryimage","url":"https:\/\/www.megasoft.de\/wp-content\/uploads\/microsoft-azure-cloud-solution-screenshot-megasoft-it.png","contentUrl":"https:\/\/www.megasoft.de\/wp-content\/uploads\/microsoft-azure-cloud-solution-screenshot-megasoft-it.png","width":650,"height":425},{"@type":"BreadcrumbList","@id":"https:\/\/www.megasoft.de\/microsoft-cloud-office-365-microsoft-azure-old\/microsoft-azure-cloud-vorteile-im-ueberblick\/#breadcrumb","itemListElement":[{"@type":"ListItem","position":1,"name":"Startseite","item":"https:\/\/www.megasoft.de\/"},{"@type":"ListItem","position":2,"name":"Microsoft Cloud &#8211; Office 365 &#8211; Microsoft Azure","item":"https:\/\/www.megasoft.de\/microsoft-cloud-office-365-microsoft-azure-old\/"},{"@type":"ListItem","position":3,"name":"Microsoft Azure Cloud &#8211; Vorteile im \u00dcberblick"}]},{"@type":"WebSite","@id":"https:\/\/www.megasoft.de\/#website","url":"https:\/\/www.megasoft.de\/","name":"megasoft IT GmbH &amp; Co. KG","description":"Your IT Procurement Partner","publisher":{"@id":"https:\/\/www.megasoft.de\/#organization"},"potentialAction":[{"@type":"SearchAction","target":{"@type":"EntryPoint","urlTemplate":"https:\/\/www.megasoft.de\/?s={search_term_string}"},"query-input":{"@type":"PropertyValueSpecification","valueRequired":true,"valueName":"search_term_string"}}],"inLanguage":"en-US"},{"@type":"Organization","@id":"https:\/\/www.megasoft.de\/#organization","name":"megasoft IT GmbH &amp; Co. KG","url":"https:\/\/www.megasoft.de\/","logo":{"@type":"ImageObject","inLanguage":"en-US","@id":"https:\/\/www.megasoft.de\/#\/schema\/logo\/image\/","url":"https:\/\/www.megasoft.de\/wp-content\/uploads\/megasoft_logo_IT_Procurement_Partner.png","contentUrl":"https:\/\/www.megasoft.de\/wp-content\/uploads\/megasoft_logo_IT_Procurement_Partner.png","width":1400,"height":350,"caption":"megasoft IT GmbH &amp; Co. KG"},"image":{"@id":"https:\/\/www.megasoft.de\/#\/schema\/logo\/image\/"}}]}},"publishpress_future_action":{"enabled":false,"date":"2026-05-22 13:17:09","action":"change-status","newStatus":"draft","terms":[],"taxonomy":"","extraData":[]},"publishpress_future_workflow_manual_trigger":{"enabledWorkflows":[]},"_links":{"self":[{"href":"https:\/\/www.megasoft.de\/en\/wp-json\/wp\/v2\/pages\/6917","targetHints":{"allow":["GET"]}}],"collection":[{"href":"https:\/\/www.megasoft.de\/en\/wp-json\/wp\/v2\/pages"}],"about":[{"href":"https:\/\/www.megasoft.de\/en\/wp-json\/wp\/v2\/types\/page"}],"author":[{"embeddable":true,"href":"https:\/\/www.megasoft.de\/en\/wp-json\/wp\/v2\/users\/1"}],"replies":[{"embeddable":true,"href":"https:\/\/www.megasoft.de\/en\/wp-json\/wp\/v2\/comments?post=6917"}],"version-history":[{"count":31,"href":"https:\/\/www.megasoft.de\/en\/wp-json\/wp\/v2\/pages\/6917\/revisions"}],"predecessor-version":[{"id":6957,"href":"https:\/\/www.megasoft.de\/en\/wp-json\/wp\/v2\/pages\/6917\/revisions\/6957"}],"up":[{"embeddable":true,"href":"https:\/\/www.megasoft.de\/en\/wp-json\/wp\/v2\/pages\/6377"}],"wp:featuredmedia":[{"embeddable":true,"href":"https:\/\/www.megasoft.de\/en\/wp-json\/wp\/v2\/media\/6919"}],"wp:attachment":[{"href":"https:\/\/www.megasoft.de\/en\/wp-json\/wp\/v2\/media?parent=6917"}],"curies":[{"name":"wp","href":"https:\/\/api.w.org\/{rel}","templated":true}]}}