{"id":6984,"date":"2020-06-03T17:12:25","date_gmt":"2020-06-03T15:12:25","guid":{"rendered":"https:\/\/www.megasoft.de\/?page_id=6984"},"modified":"2021-02-09T16:55:15","modified_gmt":"2021-02-09T15:55:15","slug":"quest-foglight-evolve-hybrid-cloud-management","status":"publish","type":"page","link":"https:\/\/www.megasoft.de\/en\/quest-foglight-evolve-hybrid-cloud-management\/","title":{"rendered":"Quest Foglight Evolve &#8211; Hybrid Cloud Management"},"content":{"rendered":"<div style=\"background-image:inherit; background-attachment: fixed; background-size: cover;\" data-bg-image=\"url(&#039;https:\/\/www.megasoft.de\/wp-content\/uploads\/quest-foglight-cloud-hybrid-migration-monitoring-megasoft-software-solution.jpg&#039;)\" class=\"lazyload\">3<\/p>\n<div class=\"row align-items-center\" style=\"padding-top: 250px; padding-bottom: 250px;\">\n<div class=\"col-md-4\"><\/div>\n<div class=\"col-md-4 text-center\">\n<p><img decoding=\"async\" class=\"img-fluid wow fadeInDown lazyload\" data-src=\"https:\/\/www.megasoft.de\/wp-content\/uploads\/quest-NetVault-f\u00fcr-Office-365-Backup-and-Wiederherstellung.png\" src=\"data:image\/svg+xml;base64,PHN2ZyB3aWR0aD0iMSIgaGVpZ2h0PSIxIiB4bWxucz0iaHR0cDovL3d3dy53My5vcmcvMjAwMC9zdmciPjwvc3ZnPg==\" style=\"--smush-placeholder-width: 156px; --smush-placeholder-aspect-ratio: 156\/42;\" \/><\/p>\n<h1 class=\"white-text text-center mt-3 wow fadeInUp\">Foglight\u00ae Evolve<\/h1>\n<hr \/>\n<h2 class=\"white-text wow fadeIn\">\u00dcbernehmen Sie die Kontrolle \u00fcber Ihre Umgebung, schalten Sie versteckte Ressourcen frei und vereinfachen Sie die Cloud-Migration<\/h2>\n<p><!--<img decoding=\"async\" class=\"img-fluid lazyload\" data-src=\"\/wp-content\/uploads\/microsoft-office-365-cloud-megasoft-csp-solution.png\" src=\"data:image\/svg+xml;base64,PHN2ZyB3aWR0aD0iMSIgaGVpZ2h0PSIxIiB4bWxucz0iaHR0cDovL3d3dy53My5vcmcvMjAwMC9zdmciPjwvc3ZnPg==\" style=\"--smush-placeholder-width: 400px; --smush-placeholder-aspect-ratio: 400\/88;\" \/>--><br \/>\n<iframe data-src=\"\/\/players.brightcove.net\/5857818218001\/csGDHBw2Nl_default\/index.html?videoId=6063683648001\" frameborder=\"0\" allowfullscreen=\"allowfullscreen\" src=\"data:image\/svg+xml;base64,PHN2ZyB3aWR0aD0iMSIgaGVpZ2h0PSIxIiB4bWxucz0iaHR0cDovL3d3dy53My5vcmcvMjAwMC9zdmciPjwvc3ZnPg==\" class=\"lazyload\" data-load-mode=\"1\"><\/iframe><br \/>\n<!--\n\n\n<p class=\"white-text text-center wow fadeIn\">NetVault ist das Tool zur Datensicherung f\u00fcr Microsoft Office 365!<\/p>\n\n\n--><\/p>\n<\/div>\n<div class=\"col-md-4\"><\/div>\n<\/div>\n<\/div>\n<div class=\"pl-4 pr-4 pt-4\">\n<p class=\"lead text-center w-responsive mx-auto text-muted mt-4 pt-2 mb-5\">Foglight\u00ae Evolve verfolgt einen ganzheitlichen und proaktiven Ansatz f\u00fcr das Hybrid-Cloud-Management, sodass Sie die Komplexit\u00e4t Ihres Rechenzentrums vereinfachen, die Infrastrukturkosten senken, die Systemleistung maximieren und zuk\u00fcnftige Kosten genauer vorhersagen k\u00f6nnen. Mit Foglight Evolve k\u00f6nnen Sie die Komplexit\u00e4t der IT-Umgebung bew\u00e4ltigen, unabh\u00e4ngig von der Komplexit\u00e4t einer st\u00e4ndig wachsenden Mischung aus Clouds, Hypervisoren und Anwendungen. Es hilft Ihnen auch, den Ressourcenbedarf einschlie\u00dflich der Datenspeicherung oder der Infrastrukturkosten in Schach zu halten. Dar\u00fcber hinaus sorgen die Optimierungsfunktionen daf\u00fcr, dass Benutzer und Gesch\u00e4ftsinteressenten zufrieden sind, indem Sie die maximale Systemverf\u00fcgbarkeit und -leistung erreichen.<br \/>\nNehmen Sie mit Foglight Evolve an der Weiterentwicklung der Optimierung, Visualisierung und Cloud-Migration von IT-Systemen teil.<\/p>\n<\/div>\n<hr>\n<div class=\"container\">\n<h3 class=\"text-center\">Produkte<\/h3>\n<div class=\"container\">\n<p class=\"lead text-center w-responsive mx-auto text-muted mt-4 pt-2 mb-5\">Foglight Evolve is made up of three products that can work together or individually depending on your specific needs: Foglight\u00ae Evolve Monitoring, Foglight\u00ae Evolve Operate and Foglight\u00ae Evolve Cloud. Depending on which products you use, you can eliminate complexity from your data center, decrease infrastructure costs, boost system performance and\/or forecast future costs more accurately.<\/p>\n<\/div>\n<div class=\"container my-5 py-5 z-depth-1 wow fadeInLeft\">\n<section class=\"px-md-5 mx-md-5 dark-grey-text text-center text-lg-left\">\n<div class=\"row\">\n<div class=\"col-lg-6 mb-4 mb-lg-0 d-flex align-items-center justify-content-center\">\n          <img decoding=\"async\" data-src=\"https:\/\/www.quest.com\/images\/patterns\/zigzag\/5-column\/foglight-evolve-cloud.jpg\" class=\"img-fluid lazyload\" alt=\"\" src=\"data:image\/svg+xml;base64,PHN2ZyB3aWR0aD0iMSIgaGVpZ2h0PSIxIiB4bWxucz0iaHR0cDovL3d3dy53My5vcmcvMjAwMC9zdmciPjwvc3ZnPg==\">\n        <\/div>\n<div class=\"col-lg-6 mb-4 mb-lg-0\">\n<h3 class=\"font-weight-bold\">Foglight Evolve Cloud<\/h3>\n<p class=\"font-weight-bold\">Vereinfachen Sie Ihre Cloud Migration<\/p>\n<p class=\"text-muted\">So werden Cloud-Migration und -Verwaltung einfach und vorhersehbar. F\u00fchren Sie die Migration zur Cloud mit Zuversicht durch, indem Sie sicher sein k\u00f6nnen, welche Kosten auf Sie zukommen und welche Leistung Ihnen jetzt und sp\u00e4ter zur Verf\u00fcgung steht.\n<\/p>\n<p>      <a class=\"font-weight-bold\" href=\"https:\/\/www.megasoft.de\/en\/#kontakt\" >Vertieb kontaktieren<i class=\"fas fa-angle-right ml-2\"><\/i><\/a>\n        <\/div>\n<\/p><\/div>\n<\/section><\/div>\n<div class=\"container my-5 py-5 z-depth-1 wow fadeInRight\">\n<section class=\"px-md-5 mx-md-5 dark-grey-text text-center text-lg-left\">\n<div class=\"row\">\n<div class=\"col-lg-6 mb-4 mb-lg-0 d-flex align-items-center justify-content-center\">\n          <img decoding=\"async\" data-src=\"https:\/\/www.quest.com\/images\/patterns\/zigzag\/5-column\/foglight-evolve-monitor.jpg\" class=\"img-fluid lazyload\" alt=\"\" src=\"data:image\/svg+xml;base64,PHN2ZyB3aWR0aD0iMSIgaGVpZ2h0PSIxIiB4bWxucz0iaHR0cDovL3d3dy53My5vcmcvMjAwMC9zdmciPjwvc3ZnPg==\">\n        <\/div>\n<div class=\"col-lg-6 mb-4 mb-lg-0\">\n<h3 class=\"font-weight-bold\">Foglight Evolve Monitor<\/h3>\n<p class=\"font-weight-bold\">\u00dcbernehmen Sie die Kontrolle \u00fcber Ihre Umgebung <\/p>\n<p class=\"text-muted\">\u00dcbernehmen Sie die Kontrolle \u00fcber Ihre Umgebung. So k\u00f6nnen Sie mehr Zeit mit Innovationen verbringen und m\u00fcssen weniger Zeit f\u00fcr die Instandhaltung Ihrer IT-Umgebung aufwenden. Die Leistung und Verf\u00fcgbarkeit Ihrer Infrastruktur werden kontinuierlich \u00fcberwacht und optimiert.<\/p>\n<p>      <a class=\"font-weight-bold\" href=\"https:\/\/www.megasoft.de\/en\/#kontakt\" >Vertrieb kontaktieren<i class=\"fas fa-angle-right ml-2\"><\/i><\/a>\n        <\/div>\n<\/p><\/div>\n<\/section><\/div>\n<div class=\"container my-5 py-5 z-depth-1 wow fadeInLeft\">\n<section class=\"px-md-5 mx-md-5 dark-grey-text text-center text-lg-left\">\n<div class=\"row\">\n<div class=\"col-lg-6 mb-4 mb-lg-0 d-flex align-items-center justify-content-center\">\n          <img decoding=\"async\" data-src=\"https:\/\/www.quest.com\/images\/patterns\/zigzag\/5-column\/foglight-evolve-operate.jpg\" class=\"img-fluid lazyload\" alt=\"\" src=\"data:image\/svg+xml;base64,PHN2ZyB3aWR0aD0iMSIgaGVpZ2h0PSIxIiB4bWxucz0iaHR0cDovL3d3dy53My5vcmcvMjAwMC9zdmciPjwvc3ZnPg==\">\n        <\/div>\n<div class=\"col-lg-6 mb-4 mb-lg-0\">\n<h3 class=\"font-weight-bold\">Foglight Evolve Operate<\/h3>\n<p class=\"font-weight-bold\"> Schalten Sie verborgene Ressourcen frei<\/p>\n<p class=\"text-muted\">Schalten Sie verborgene Ressourcen frei. Weisen Sie bereits vorhandene Rechenleistung und Ressourcen neu zu, um die Gesamtleistung zu erh\u00f6hen, Geld zu sparen und Ausfallzeiten zu vermeiden. Ihr Budget reicht l\u00e4nger und Sie haben jetzt und sp\u00e4ter gr\u00f6\u00dfere Flexibilit\u00e4t, was die Entscheidungen in der IT anbelangt. <\/p>\n<p>      <a class=\"font-weight-bold\" href=\"https:\/\/www.megasoft.de\/en\/#kontakt\" >Vertrieb kontaktieren<i class=\"fas fa-angle-right ml-2\"><\/i><\/a>\n        <\/div>\n<\/p><\/div>\n<\/section><\/div>\n<div>\n    <\/div>\n<\/div>\n<div class=\"container-fluid\" style=\"background-color: #e0e0e0 ;\">\n<section>\n<h3 class=\"font-weight-bold text-center dark-grey-text pb-2 pt-4\">Multi Cloud f\u00e4hig!<\/h3>\n<hr class=\"w-header my-4\">\n<div class=\"container\">\n<p class=\"lead text-center text-muted pt-2 pb-3 mb-5\">Foglight Evolve Cloud erm\u00f6glicht sowohl Echtzeit- als auch historische Analysen. So profitieren Sie von den \u00dcberwachungsmetriken, die Sie ben\u00f6tigen, um optimale Entscheidungen hinsichtlich der Migration in die Cloud und der Verwaltung von Cloud-Plattformen zu treffen.<\/p>\n<\/div>\n<\/section>\n<\/div>\n<div class=\"container\">\n<h3 class=\"text-center pt-4\">Was kostet meine Cloud?<\/h3>\n<p class=\"lead text-center text-muted pt-2 pb-3 mb-5\">Was kostet Azure? Was kostet AWS? Soll ich meine VM in Azure oder in AWS migrieren? Amazon AWS vs. Microsoft Azure\u2026 Sobald man dar\u00fcber nachdenkt seine On-premise L\u00f6sungen in die Cloud zu migrieren tauchen mehr als tausend Fragen auf. Nicht selten steht beim Weg in die Cloud die Kostenfrage im Raum. Spare ich bei einer Cloud Migration wirklich? Sowohl Amazon als auch Microsoft bieten f\u00fcr Ihre Cloud Angebote AWS und Azure, Kalkulatoren an. Durch die unz\u00e4hligen M\u00f6glichkeiten die durch die Cloudanbieter gegeben sind und die oftmals umfangreichen On-Premise Umgebungen, ist es schwierig, die richtigen Preise bzw. die Kosten der Cloud zu errechnen. <br \/>\nDie n\u00e4chste Frage die sich stellt: Welcher Cloudanbieter ist besser? AWS? Azure? \u2013 Auch diese Frage kann nicht pauschal beantwortet werden. Je nach VM und Nutzung Ihrer IT, bieten beide Anbieter passende L\u00f6sungen an. Eine Multi-Cloud Strategie raten wir also, selbst ohne Blick auf Ausfallsicherheit etc. unbedingt an.\n <\/p>\n<div class=\"row\">\n<div class=\"col-md-6 mb-4\">\n        <a href=\"https:\/\/www.megasoft.de\/en\/microsoft-cloud-office-365-microsoft-azure\/\" target=\"_blank\" class=\"card hoverable\" rel=\"noopener noreferrer\"><\/p>\n<div class=\"card-body\">\n<div class=\"media\">\n              <span class=\"card-img-100 d-inline-flex justify-content-center align-items-center rounded-circle grey lighten-3 mr-4\"><br \/>\n                <img decoding=\"async\" data-src=\"https:\/\/www.megasoft.de\/wp-content\/uploads\/microsoft-azure-cloud-l\u00f6sung-solution-megasoft-it.png\" class=\"img-fluid lazyload\" alt=\"Responsive image\" src=\"data:image\/svg+xml;base64,PHN2ZyB3aWR0aD0iMSIgaGVpZ2h0PSIxIiB4bWxucz0iaHR0cDovL3d3dy53My5vcmcvMjAwMC9zdmciPjwvc3ZnPg==\" style=\"--smush-placeholder-width: 2000px; --smush-placeholder-aspect-ratio: 2000\/578;\"><br \/>\n              <\/span><\/p>\n<div class=\"media-body\">\n<h5 class=\"dark-grey-text mb-3\">Microsoft Azure Cloud<\/h5>\n<p class=\"font-weight-light text-muted mb-0\">Azure z\u00e4hlt mit seinen \u00fcber \u00fcber 60 Standorten weltweit und einem Marktanteil von ca. 17% zu den gr\u00f6\u00dften Cloud-Platformen.<\/p>\n<\/p><\/div>\n<\/p><\/div>\n<\/p><\/div>\n<p>        <\/a>\n      <\/div>\n<p>    <!--  \n\n<div class=\"col-md-6 mb-4\">\n        <a href=\"#!\" class=\"card hoverable\">\n          \n\n<div class=\"card-body\">\n          \t\n\n<div class=\"media\">\n              <span class=\"card-img-100 d-inline-flex justify-content-center align-items-center rounded-circle grey lighten-3 mr-4\">\n               <i class=\"fab fa-aws fa-2x\"><\/i>\n              <\/span>\n              \n\n<div class=\"media-body\">\n                \n\n<h5 class=\"dark-grey-text mb-3\">Amazon AWS<\/h5>\n\n\n                \n\n<p class=\"font-weight-light text-muted mb-0\">Amazon AWS, eein global Player im Onlinehandel und ein global Player im Cloud Business.<br \/>\n                <a href=\"https:\/\/calculator.aws\/#\/\" target=\"_blank\" rel=\"noopener noreferrer\">Zum AWS Preisrechner<\/a><\/p>\n\n\n              <\/div>\n\n\n            <\/div>\n\n      \n          <\/div>\n\n\n        <\/a>-->\n      <\/div>\n<\/p><\/div>\n<\/div>\n<div class=\"container-fluid\" style=\"background-color: #e0e0e0 ;\">\n<section>\n<h3 class=\"font-weight-bold text-center dark-grey-text pb-2 pt-4\">Vertrieb kontaktieren<\/h3>\n<hr class=\"w-header my-4\">\n<div class=\"container\">\n<p class=\"lead text-center text-muted pt-2 pb-3 mb-5\">Kontaktieren Sie uns unter Tel.: +49 212 33 92-0 oder per E-Mail an vertrieb@megasoft.de\n<\/p>\n<\/div>\n<\/section>\n<\/div>","protected":false},"excerpt":{"rendered":"<p>3 Foglight\u00ae Evolve \u00dcbernehmen Sie die Kontrolle \u00fcber Ihre Umgebung, schalten Sie versteckte Ressourcen frei und vereinfachen Sie die Cloud-Migration Foglight\u00ae Evolve verfolgt einen ganzheitlichen und proaktiven Ansatz f\u00fcr das Hybrid-Cloud-Management, sodass Sie die Komplexit\u00e4t Ihres Rechenzentrums vereinfachen, die Infrastrukturkosten senken, die Systemleistung maximieren und zuk\u00fcnftige Kosten genauer vorhersagen k\u00f6nnen. [&hellip;]<\/p>\n","protected":false},"author":1,"featured_media":0,"parent":0,"menu_order":0,"comment_status":"closed","ping_status":"closed","template":"page-full.php","meta":{"om_disable_all_campaigns":false,"_monsterinsights_skip_tracking":false,"_monsterinsights_sitenote_active":false,"_monsterinsights_sitenote_note":"","_monsterinsights_sitenote_category":0,"_themeisle_gutenberg_block_has_review":false,"footnotes":""},"class_list":["post-6984","page","type-page","status-publish","hentry","wpautop"],"yoast_head":"<!-- This site is optimized with the Yoast SEO plugin v27.6 - https:\/\/yoast.com\/product\/yoast-seo-wordpress\/ -->\n<title>Quest Foglight Evolve - Hybrid Cloud Management - megasoft IT<\/title>\n<meta name=\"description\" content=\"Quest Foglight Evolve | Hybrid Cloud Management Software Solution | Cloud Management | megasoft Solutions | einfache Cloud Migration\" \/>\n<meta name=\"robots\" content=\"index, follow, max-snippet:-1, max-image-preview:large, max-video-preview:-1\" \/>\n<link rel=\"canonical\" href=\"https:\/\/www.megasoft.de\/en\/quest-foglight-evolve-hybrid-cloud-management\/\" \/>\n<meta property=\"og:locale\" content=\"en_US\" \/>\n<meta property=\"og:type\" content=\"article\" \/>\n<meta property=\"og:title\" content=\"Quest Foglight Evolve - Hybrid Cloud Management - megasoft IT\" \/>\n<meta property=\"og:description\" content=\"Quest Foglight Evolve | Hybrid Cloud Management Software Solution | Cloud Management | megasoft Solutions | einfache Cloud Migration\" \/>\n<meta property=\"og:url\" content=\"https:\/\/www.megasoft.de\/en\/quest-foglight-evolve-hybrid-cloud-management\/\" \/>\n<meta property=\"og:site_name\" content=\"megasoft IT GmbH &amp; Co. KG\" \/>\n<meta property=\"article:modified_time\" content=\"2021-02-09T15:55:15+00:00\" \/>\n<meta property=\"og:image\" content=\"https:\/\/www.megasoft.de\/wp-content\/uploads\/quest-NetVault-f\u00fcr-Office-365-Backup-and-Wiederherstellung.png\" \/>\n<meta name=\"twitter:card\" content=\"summary_large_image\" \/>\n<meta name=\"twitter:label1\" content=\"Est. reading time\" \/>\n\t<meta name=\"twitter:data1\" content=\"3 minutes\" \/>\n<script type=\"application\/ld+json\" class=\"yoast-schema-graph\">{\"@context\":\"https:\\\/\\\/schema.org\",\"@graph\":[{\"@type\":\"WebPage\",\"@id\":\"https:\\\/\\\/www.megasoft.de\\\/quest-foglight-evolve-hybrid-cloud-management\\\/\",\"url\":\"https:\\\/\\\/www.megasoft.de\\\/quest-foglight-evolve-hybrid-cloud-management\\\/\",\"name\":\"Quest Foglight Evolve - Hybrid Cloud Management - megasoft IT\",\"isPartOf\":{\"@id\":\"https:\\\/\\\/www.megasoft.de\\\/#website\"},\"primaryImageOfPage\":{\"@id\":\"https:\\\/\\\/www.megasoft.de\\\/quest-foglight-evolve-hybrid-cloud-management\\\/#primaryimage\"},\"image\":{\"@id\":\"https:\\\/\\\/www.megasoft.de\\\/quest-foglight-evolve-hybrid-cloud-management\\\/#primaryimage\"},\"thumbnailUrl\":\"https:\\\/\\\/www.quest.com\\\/images\\\/patterns\\\/zigzag\\\/5-column\\\/foglight-evolve-cloud.jpg\",\"datePublished\":\"2020-06-03T15:12:25+00:00\",\"dateModified\":\"2021-02-09T15:55:15+00:00\",\"description\":\"Quest Foglight Evolve | Hybrid Cloud Management Software Solution | Cloud Management | megasoft Solutions | einfache Cloud Migration\",\"breadcrumb\":{\"@id\":\"https:\\\/\\\/www.megasoft.de\\\/quest-foglight-evolve-hybrid-cloud-management\\\/#breadcrumb\"},\"inLanguage\":\"en-US\",\"potentialAction\":[{\"@type\":\"ReadAction\",\"target\":[\"https:\\\/\\\/www.megasoft.de\\\/quest-foglight-evolve-hybrid-cloud-management\\\/\"]}]},{\"@type\":\"ImageObject\",\"inLanguage\":\"en-US\",\"@id\":\"https:\\\/\\\/www.megasoft.de\\\/quest-foglight-evolve-hybrid-cloud-management\\\/#primaryimage\",\"url\":\"https:\\\/\\\/www.quest.com\\\/images\\\/patterns\\\/zigzag\\\/5-column\\\/foglight-evolve-cloud.jpg\",\"contentUrl\":\"https:\\\/\\\/www.quest.com\\\/images\\\/patterns\\\/zigzag\\\/5-column\\\/foglight-evolve-cloud.jpg\"},{\"@type\":\"BreadcrumbList\",\"@id\":\"https:\\\/\\\/www.megasoft.de\\\/quest-foglight-evolve-hybrid-cloud-management\\\/#breadcrumb\",\"itemListElement\":[{\"@type\":\"ListItem\",\"position\":1,\"name\":\"Startseite\",\"item\":\"https:\\\/\\\/www.megasoft.de\\\/\"},{\"@type\":\"ListItem\",\"position\":2,\"name\":\"Quest Foglight Evolve &#8211; Hybrid Cloud Management\"}]},{\"@type\":\"WebSite\",\"@id\":\"https:\\\/\\\/www.megasoft.de\\\/#website\",\"url\":\"https:\\\/\\\/www.megasoft.de\\\/\",\"name\":\"megasoft IT GmbH &amp; Co. KG\",\"description\":\"Your IT Procurement Partner\",\"publisher\":{\"@id\":\"https:\\\/\\\/www.megasoft.de\\\/#organization\"},\"potentialAction\":[{\"@type\":\"SearchAction\",\"target\":{\"@type\":\"EntryPoint\",\"urlTemplate\":\"https:\\\/\\\/www.megasoft.de\\\/?s={search_term_string}\"},\"query-input\":{\"@type\":\"PropertyValueSpecification\",\"valueRequired\":true,\"valueName\":\"search_term_string\"}}],\"inLanguage\":\"en-US\"},{\"@type\":\"Organization\",\"@id\":\"https:\\\/\\\/www.megasoft.de\\\/#organization\",\"name\":\"megasoft IT GmbH &amp; Co. KG\",\"url\":\"https:\\\/\\\/www.megasoft.de\\\/\",\"logo\":{\"@type\":\"ImageObject\",\"inLanguage\":\"en-US\",\"@id\":\"https:\\\/\\\/www.megasoft.de\\\/#\\\/schema\\\/logo\\\/image\\\/\",\"url\":\"https:\\\/\\\/www.megasoft.de\\\/wp-content\\\/uploads\\\/megasoft_logo_IT_Procurement_Partner.png\",\"contentUrl\":\"https:\\\/\\\/www.megasoft.de\\\/wp-content\\\/uploads\\\/megasoft_logo_IT_Procurement_Partner.png\",\"width\":1400,\"height\":350,\"caption\":\"megasoft IT GmbH &amp; Co. KG\"},\"image\":{\"@id\":\"https:\\\/\\\/www.megasoft.de\\\/#\\\/schema\\\/logo\\\/image\\\/\"}}]}<\/script>\n<!-- \/ Yoast SEO plugin. -->","yoast_head_json":{"title":"Quest Foglight Evolve - Hybrid Cloud Management - megasoft IT","description":"Quest Foglight Evolve | Hybrid Cloud Management Software Solution | Cloud Management | megasoft Solutions | einfache Cloud Migration","robots":{"index":"index","follow":"follow","max-snippet":"max-snippet:-1","max-image-preview":"max-image-preview:large","max-video-preview":"max-video-preview:-1"},"canonical":"https:\/\/www.megasoft.de\/en\/quest-foglight-evolve-hybrid-cloud-management\/","og_locale":"en_US","og_type":"article","og_title":"Quest Foglight Evolve - Hybrid Cloud Management - megasoft IT","og_description":"Quest Foglight Evolve | Hybrid Cloud Management Software Solution | Cloud Management | megasoft Solutions | einfache Cloud Migration","og_url":"https:\/\/www.megasoft.de\/en\/quest-foglight-evolve-hybrid-cloud-management\/","og_site_name":"megasoft IT GmbH &amp; Co. KG","article_modified_time":"2021-02-09T15:55:15+00:00","og_image":[{"url":"https:\/\/www.megasoft.de\/wp-content\/uploads\/quest-NetVault-f\u00fcr-Office-365-Backup-and-Wiederherstellung.png","type":"","width":"","height":""}],"twitter_card":"summary_large_image","twitter_misc":{"Est. reading time":"3 minutes"},"schema":{"@context":"https:\/\/schema.org","@graph":[{"@type":"WebPage","@id":"https:\/\/www.megasoft.de\/quest-foglight-evolve-hybrid-cloud-management\/","url":"https:\/\/www.megasoft.de\/quest-foglight-evolve-hybrid-cloud-management\/","name":"Quest Foglight Evolve - Hybrid Cloud Management - megasoft IT","isPartOf":{"@id":"https:\/\/www.megasoft.de\/#website"},"primaryImageOfPage":{"@id":"https:\/\/www.megasoft.de\/quest-foglight-evolve-hybrid-cloud-management\/#primaryimage"},"image":{"@id":"https:\/\/www.megasoft.de\/quest-foglight-evolve-hybrid-cloud-management\/#primaryimage"},"thumbnailUrl":"https:\/\/www.quest.com\/images\/patterns\/zigzag\/5-column\/foglight-evolve-cloud.jpg","datePublished":"2020-06-03T15:12:25+00:00","dateModified":"2021-02-09T15:55:15+00:00","description":"Quest Foglight Evolve | Hybrid Cloud Management Software Solution | Cloud Management | megasoft Solutions | einfache Cloud Migration","breadcrumb":{"@id":"https:\/\/www.megasoft.de\/quest-foglight-evolve-hybrid-cloud-management\/#breadcrumb"},"inLanguage":"en-US","potentialAction":[{"@type":"ReadAction","target":["https:\/\/www.megasoft.de\/quest-foglight-evolve-hybrid-cloud-management\/"]}]},{"@type":"ImageObject","inLanguage":"en-US","@id":"https:\/\/www.megasoft.de\/quest-foglight-evolve-hybrid-cloud-management\/#primaryimage","url":"https:\/\/www.quest.com\/images\/patterns\/zigzag\/5-column\/foglight-evolve-cloud.jpg","contentUrl":"https:\/\/www.quest.com\/images\/patterns\/zigzag\/5-column\/foglight-evolve-cloud.jpg"},{"@type":"BreadcrumbList","@id":"https:\/\/www.megasoft.de\/quest-foglight-evolve-hybrid-cloud-management\/#breadcrumb","itemListElement":[{"@type":"ListItem","position":1,"name":"Startseite","item":"https:\/\/www.megasoft.de\/"},{"@type":"ListItem","position":2,"name":"Quest Foglight Evolve &#8211; Hybrid Cloud Management"}]},{"@type":"WebSite","@id":"https:\/\/www.megasoft.de\/#website","url":"https:\/\/www.megasoft.de\/","name":"megasoft IT GmbH &amp; Co. KG","description":"Your IT Procurement Partner","publisher":{"@id":"https:\/\/www.megasoft.de\/#organization"},"potentialAction":[{"@type":"SearchAction","target":{"@type":"EntryPoint","urlTemplate":"https:\/\/www.megasoft.de\/?s={search_term_string}"},"query-input":{"@type":"PropertyValueSpecification","valueRequired":true,"valueName":"search_term_string"}}],"inLanguage":"en-US"},{"@type":"Organization","@id":"https:\/\/www.megasoft.de\/#organization","name":"megasoft IT GmbH &amp; Co. KG","url":"https:\/\/www.megasoft.de\/","logo":{"@type":"ImageObject","inLanguage":"en-US","@id":"https:\/\/www.megasoft.de\/#\/schema\/logo\/image\/","url":"https:\/\/www.megasoft.de\/wp-content\/uploads\/megasoft_logo_IT_Procurement_Partner.png","contentUrl":"https:\/\/www.megasoft.de\/wp-content\/uploads\/megasoft_logo_IT_Procurement_Partner.png","width":1400,"height":350,"caption":"megasoft IT GmbH &amp; Co. KG"},"image":{"@id":"https:\/\/www.megasoft.de\/#\/schema\/logo\/image\/"}}]}},"publishpress_future_action":{"enabled":false,"date":"2026-05-22 13:16:30","action":"change-status","newStatus":"draft","terms":[],"taxonomy":"","extraData":[]},"publishpress_future_workflow_manual_trigger":{"enabledWorkflows":[]},"_links":{"self":[{"href":"https:\/\/www.megasoft.de\/en\/wp-json\/wp\/v2\/pages\/6984","targetHints":{"allow":["GET"]}}],"collection":[{"href":"https:\/\/www.megasoft.de\/en\/wp-json\/wp\/v2\/pages"}],"about":[{"href":"https:\/\/www.megasoft.de\/en\/wp-json\/wp\/v2\/types\/page"}],"author":[{"embeddable":true,"href":"https:\/\/www.megasoft.de\/en\/wp-json\/wp\/v2\/users\/1"}],"replies":[{"embeddable":true,"href":"https:\/\/www.megasoft.de\/en\/wp-json\/wp\/v2\/comments?post=6984"}],"version-history":[{"count":13,"href":"https:\/\/www.megasoft.de\/en\/wp-json\/wp\/v2\/pages\/6984\/revisions"}],"predecessor-version":[{"id":6988,"href":"https:\/\/www.megasoft.de\/en\/wp-json\/wp\/v2\/pages\/6984\/revisions\/6988"}],"wp:attachment":[{"href":"https:\/\/www.megasoft.de\/en\/wp-json\/wp\/v2\/media?parent=6984"}],"curies":[{"name":"wp","href":"https:\/\/api.w.org\/{rel}","templated":true}]}}