{"id":7,"date":"2017-04-11T10:44:19","date_gmt":"2017-04-11T08:44:19","guid":{"rendered":"http:\/\/wandgestalter.fmp-connect.de\/?page_id=7"},"modified":"2026-01-04T20:37:45","modified_gmt":"2026-01-04T19:37:45","slug":"startseite","status":"publish","type":"page","link":"https:\/\/www.megasoft.de\/en\/","title":{"rendered":"Startseite megasoft IT"},"content":{"rendered":"<div data-elementor-type=\"wp-page\" data-elementor-id=\"7\" class=\"elementor elementor-7\">\n\t\t\t\t\t\t<section class=\"elementor-section elementor-top-section elementor-element elementor-element-dbb8b5c elementor-section-boxed elementor-section-height-default elementor-section-height-default\" data-id=\"dbb8b5c\" data-element_type=\"section\" data-e-type=\"section\">\n\t\t\t\t\t\t<div class=\"elementor-container elementor-column-gap-default\">\n\t\t\t\t\t<div class=\"elementor-column elementor-col-33 elementor-top-column elementor-element elementor-element-6605847\" data-id=\"6605847\" data-element_type=\"column\" data-e-type=\"column\">\n\t\t\t<div class=\"elementor-widget-wrap elementor-element-populated\">\n\t\t\t\t\t\t<div class=\"elementor-element elementor-element-b7a702c elementor-widget elementor-widget-image\" data-id=\"b7a702c\" data-element_type=\"widget\" data-e-type=\"widget\" data-widget_type=\"image.default\">\n\t\t\t\t<div class=\"elementor-widget-container\">\n\t\t\t\t\t\t\t\t\t\t\t\t\t\t\t<img decoding=\"async\" data-src=\"https:\/\/www.megasoft.de\/wp-content\/uploads\/megasoft_logo_IT_Procurement_Partner.png\" title=\"megasoft_logo_IT_Procurement_Partner\" alt=\"megasoft_logo_IT_Procurement_Partner\" src=\"data:image\/svg+xml;base64,PHN2ZyB3aWR0aD0iMSIgaGVpZ2h0PSIxIiB4bWxucz0iaHR0cDovL3d3dy53My5vcmcvMjAwMC9zdmciPjwvc3ZnPg==\" class=\"lazyload\" style=\"--smush-placeholder-width: 1400px; --smush-placeholder-aspect-ratio: 1400\/350;\" \/>\t\t\t\t\t\t\t\t\t\t\t\t\t\t\t<\/div>\n\t\t\t\t<\/div>\n\t\t\t\t\t<\/div>\n\t\t<\/div>\n\t\t\t\t<div class=\"elementor-column elementor-col-66 elementor-top-column elementor-element elementor-element-37dc861\" data-id=\"37dc861\" data-element_type=\"column\" data-e-type=\"column\">\n\t\t\t<div class=\"elementor-widget-wrap elementor-element-populated\">\n\t\t\t\t\t\t<div class=\"elementor-element elementor-element-ae73fb2 elementor-widget__width-initial elementor-widget elementor-widget-text-editor\" data-id=\"ae73fb2\" data-element_type=\"widget\" data-e-type=\"widget\" data-widget_type=\"text-editor.default\">\n\t\t\t\t<div class=\"elementor-widget-container\">\n\t\t\t\t\t\t\t\t\t<p><span>MEGASOFT\u00ae IT, mit Hauptsitz in Monheim am Rhein, ist seit \u00fcber 35 Jahren zuverl\u00e4ssiger Partner f\u00fcr Gro\u00dfkunden und mittelst\u00e4ndische Unternehmen in der DACH-Region.<\/span><br \/><span>Unser Fokus liegt auf der Beschaffung und Lizenzierung ma\u00dfgeschneiderter Softwarel\u00f6sungen f\u00fcr den professionellen Einsatz im Gesch\u00e4ftsumfeld.<\/span><\/p><p><span>Dank unserer engen, zertifizierten Partnerschaften mit internationalen Software-Herstellern verf\u00fcgen wir \u00fcber ein breites Wissensspektrum im IT-Sektor. Dies erm\u00f6glicht es uns, unsere Kunden umfassend auf dem stetig komplexer werdenden Markt der Softwareinfrastrukturen zu unterst\u00fctzen.<\/span><\/p>\t\t\t\t\t\t\t\t<\/div>\n\t\t\t\t<\/div>\n\t\t\t\t<div class=\"elementor-element elementor-element-2d9c4aa elementor-widget elementor-widget-text-editor\" data-id=\"2d9c4aa\" data-element_type=\"widget\" data-e-type=\"widget\" data-widget_type=\"text-editor.default\">\n\t\t\t\t<div class=\"elementor-widget-container\">\n\t\t\t\t\t\t\t\t\t<p><span style=\"color: #000080;\"><strong>Software. Solutions. Service.<\/strong><\/span><\/p>\t\t\t\t\t\t\t\t<\/div>\n\t\t\t\t<\/div>\n\t\t\t\t<div class=\"elementor-element elementor-element-bbae82d elementor-widget elementor-widget-text-editor\" data-id=\"bbae82d\" data-element_type=\"widget\" data-e-type=\"widget\" data-widget_type=\"text-editor.default\">\n\t\t\t\t<div class=\"elementor-widget-container\">\n\t\t\t\t\t\t\t\t\t<p>Ein herausragendes Beispiel f\u00fcr unser Selbstverst\u00e4ndnis ist die Lizenz\u00fcberwachung bei Bestandskunden mit Rahmenvertr\u00e4gen. Wir gestalten passgenaue L\u00f6sungen und k\u00f6nnen dabei auf einen Erfahrungsschatz von \u00fcber 6.000 Kunden zur\u00fcckgreifen.<\/p>\n<p>Langfristige, engverzahnte und zertifizierte Partnerschaften sind f\u00fcr uns zentral.<\/p>\n<p>Unsere St\u00e4rke liegt darin, L\u00f6sungen komplett und einzigartig aus einer Hand anzubieten.<br>Daf\u00fcr pflegen wir intensive Herstellerbeziehungen zu globalen Schwergewichten wie <b>Adobe<\/b>, <b>Autodesk<\/b>, <b>Citrix<\/b>, <b>IBM<\/b>, <b>Microsoft<\/b>, <b>SAP<\/b>, <b>DELL<\/b> und <b>VMware<\/b>, ebenso wie zu den Hidden Champions in Deutschland.<\/p>\n<p>Diese engen Beziehungen zahlen sich aus, insbesondere wenn die Realisierung von Projekten nicht nur von korrekter Lizenzierung und termingerechter Beschaffung abh\u00e4ngt, sondern auch einer technischen und wirtschaftlichen Begleitung bedarf.<\/p>\t\t\t\t\t\t\t\t<\/div>\n\t\t\t\t<\/div>\n\t\t\t\t<div class=\"elementor-element elementor-element-188554d elementor-widget elementor-widget-spacer\" data-id=\"188554d\" data-element_type=\"widget\" data-e-type=\"widget\" data-widget_type=\"spacer.default\">\n\t\t\t\t<div class=\"elementor-widget-container\">\n\t\t\t\t\t\t\t<div class=\"elementor-spacer\">\n\t\t\t<div class=\"elementor-spacer-inner\"><\/div>\n\t\t<\/div>\n\t\t\t\t\t\t<\/div>\n\t\t\t\t<\/div>\n\t\t\t\t\t<\/div>\n\t\t<\/div>\n\t\t\t\t\t<\/div>\n\t\t<\/section>\n\t\t\t\t<\/div>","protected":false},"excerpt":{"rendered":"<p>MEGASOFT\u00ae IT, mit Hauptsitz in Monheim am Rhein, ist seit \u00fcber 35 Jahren zuverl\u00e4ssiger Partner f\u00fcr Gro\u00dfkunden und mittelst\u00e4ndische Unternehmen in der DACH-Region.Unser Fokus liegt auf der Beschaffung und Lizenzierung ma\u00dfgeschneiderter Softwarel\u00f6sungen f\u00fcr den professionellen Einsatz im Gesch\u00e4ftsumfeld. Dank unserer engen, zertifizierten Partnerschaften mit internationalen Software-Herstellern verf\u00fcgen wir \u00fcber ein [&hellip;]<\/p>\n","protected":false},"author":5,"featured_media":0,"parent":0,"menu_order":0,"comment_status":"closed","ping_status":"closed","template":"","meta":{"om_disable_all_campaigns":false,"_monsterinsights_skip_tracking":false,"_monsterinsights_sitenote_active":false,"_monsterinsights_sitenote_note":"","_monsterinsights_sitenote_category":0,"_themeisle_gutenberg_block_has_review":false,"footnotes":""},"class_list":["post-7","page","type-page","status-publish","hentry","wpautop"],"yoast_head":"<!-- This site is optimized with the Yoast SEO plugin v27.5 - https:\/\/yoast.com\/product\/yoast-seo-wordpress\/ -->\n<title>Startseite megasoft IT - megasoft IT GmbH &amp; Co. KG<\/title>\n<meta name=\"description\" content=\"megasoft IT | Lizenzmanager | Software Beschaffung | L\u00f6sungsanbieter | Cloud L\u00f6sungen | CAD | Sicherheit | Backup | Produktivit\u00e4t\" \/>\n<meta name=\"robots\" content=\"index, follow, max-snippet:-1, max-image-preview:large, max-video-preview:-1\" \/>\n<link rel=\"canonical\" href=\"https:\/\/www.megasoft.de\/en\/\" \/>\n<meta property=\"og:locale\" content=\"en_US\" \/>\n<meta property=\"og:type\" content=\"article\" \/>\n<meta property=\"og:title\" content=\"Startseite megasoft IT - megasoft IT GmbH &amp; Co. KG\" \/>\n<meta property=\"og:description\" content=\"megasoft IT | Lizenzmanager | Software Beschaffung | L\u00f6sungsanbieter | Cloud L\u00f6sungen | CAD | Sicherheit | Backup | Produktivit\u00e4t\" \/>\n<meta property=\"og:url\" content=\"https:\/\/www.megasoft.de\/en\/\" \/>\n<meta property=\"og:site_name\" content=\"megasoft IT GmbH &amp; Co. KG\" \/>\n<meta property=\"article:modified_time\" content=\"2026-01-04T19:37:45+00:00\" \/>\n<meta property=\"og:image\" content=\"https:\/\/www.megasoft.de\/wp-content\/uploads\/megasoft_logo_IT_Procurement_Partner.png\" \/>\n<meta name=\"twitter:card\" content=\"summary_large_image\" \/>\n<meta name=\"twitter:label1\" content=\"Est. reading time\" \/>\n\t<meta name=\"twitter:data1\" content=\"2 minutes\" \/>\n<script type=\"application\/ld+json\" class=\"yoast-schema-graph\">{\"@context\":\"https:\\\/\\\/schema.org\",\"@graph\":[{\"@type\":\"WebPage\",\"@id\":\"https:\\\/\\\/www.megasoft.de\\\/\",\"url\":\"https:\\\/\\\/www.megasoft.de\\\/\",\"name\":\"Startseite megasoft IT - megasoft IT GmbH &amp; Co. KG\",\"isPartOf\":{\"@id\":\"https:\\\/\\\/www.megasoft.de\\\/#website\"},\"primaryImageOfPage\":{\"@id\":\"https:\\\/\\\/www.megasoft.de\\\/#primaryimage\"},\"image\":{\"@id\":\"https:\\\/\\\/www.megasoft.de\\\/#primaryimage\"},\"thumbnailUrl\":\"https:\\\/\\\/www.megasoft.de\\\/wp-content\\\/uploads\\\/megasoft_logo_IT_Procurement_Partner.png\",\"datePublished\":\"2017-04-11T08:44:19+00:00\",\"dateModified\":\"2026-01-04T19:37:45+00:00\",\"description\":\"megasoft IT | Lizenzmanager | Software Beschaffung | L\u00f6sungsanbieter | Cloud L\u00f6sungen | CAD | Sicherheit | Backup | Produktivit\u00e4t\",\"breadcrumb\":{\"@id\":\"https:\\\/\\\/www.megasoft.de\\\/#breadcrumb\"},\"inLanguage\":\"en-US\",\"potentialAction\":[{\"@type\":\"ReadAction\",\"target\":[\"https:\\\/\\\/www.megasoft.de\\\/\"]}]},{\"@type\":\"ImageObject\",\"inLanguage\":\"en-US\",\"@id\":\"https:\\\/\\\/www.megasoft.de\\\/#primaryimage\",\"url\":\"https:\\\/\\\/www.megasoft.de\\\/wp-content\\\/uploads\\\/megasoft_logo_IT_Procurement_Partner.png\",\"contentUrl\":\"https:\\\/\\\/www.megasoft.de\\\/wp-content\\\/uploads\\\/megasoft_logo_IT_Procurement_Partner.png\"},{\"@type\":\"BreadcrumbList\",\"@id\":\"https:\\\/\\\/www.megasoft.de\\\/#breadcrumb\",\"itemListElement\":[{\"@type\":\"ListItem\",\"position\":1,\"name\":\"Startseite\",\"item\":\"https:\\\/\\\/www.megasoft.de\\\/\"},{\"@type\":\"ListItem\",\"position\":2,\"name\":\"Startseite megasoft IT\"}]},{\"@type\":\"WebSite\",\"@id\":\"https:\\\/\\\/www.megasoft.de\\\/#website\",\"url\":\"https:\\\/\\\/www.megasoft.de\\\/\",\"name\":\"megasoft IT GmbH &amp; Co. KG\",\"description\":\"Your IT Procurement Partner\",\"publisher\":{\"@id\":\"https:\\\/\\\/www.megasoft.de\\\/#organization\"},\"potentialAction\":[{\"@type\":\"SearchAction\",\"target\":{\"@type\":\"EntryPoint\",\"urlTemplate\":\"https:\\\/\\\/www.megasoft.de\\\/?s={search_term_string}\"},\"query-input\":{\"@type\":\"PropertyValueSpecification\",\"valueRequired\":true,\"valueName\":\"search_term_string\"}}],\"inLanguage\":\"en-US\"},{\"@type\":\"Organization\",\"@id\":\"https:\\\/\\\/www.megasoft.de\\\/#organization\",\"name\":\"megasoft IT GmbH &amp; Co. KG\",\"url\":\"https:\\\/\\\/www.megasoft.de\\\/\",\"logo\":{\"@type\":\"ImageObject\",\"inLanguage\":\"en-US\",\"@id\":\"https:\\\/\\\/www.megasoft.de\\\/#\\\/schema\\\/logo\\\/image\\\/\",\"url\":\"https:\\\/\\\/www.megasoft.de\\\/wp-content\\\/uploads\\\/megasoft_logo_IT_Procurement_Partner.png\",\"contentUrl\":\"https:\\\/\\\/www.megasoft.de\\\/wp-content\\\/uploads\\\/megasoft_logo_IT_Procurement_Partner.png\",\"width\":1400,\"height\":350,\"caption\":\"megasoft IT GmbH &amp; Co. KG\"},\"image\":{\"@id\":\"https:\\\/\\\/www.megasoft.de\\\/#\\\/schema\\\/logo\\\/image\\\/\"}}]}<\/script>\n<!-- \/ Yoast SEO plugin. -->","yoast_head_json":{"title":"Startseite megasoft IT - megasoft IT GmbH &amp; Co. KG","description":"megasoft IT | Lizenzmanager | Software Beschaffung | L\u00f6sungsanbieter | Cloud L\u00f6sungen | CAD | Sicherheit | Backup | Produktivit\u00e4t","robots":{"index":"index","follow":"follow","max-snippet":"max-snippet:-1","max-image-preview":"max-image-preview:large","max-video-preview":"max-video-preview:-1"},"canonical":"https:\/\/www.megasoft.de\/en\/","og_locale":"en_US","og_type":"article","og_title":"Startseite megasoft IT - megasoft IT GmbH &amp; Co. KG","og_description":"megasoft IT | Lizenzmanager | Software Beschaffung | L\u00f6sungsanbieter | Cloud L\u00f6sungen | CAD | Sicherheit | Backup | Produktivit\u00e4t","og_url":"https:\/\/www.megasoft.de\/en\/","og_site_name":"megasoft IT GmbH &amp; Co. KG","article_modified_time":"2026-01-04T19:37:45+00:00","og_image":[{"url":"https:\/\/www.megasoft.de\/wp-content\/uploads\/megasoft_logo_IT_Procurement_Partner.png","type":"","width":"","height":""}],"twitter_card":"summary_large_image","twitter_misc":{"Est. reading time":"2 minutes"},"schema":{"@context":"https:\/\/schema.org","@graph":[{"@type":"WebPage","@id":"https:\/\/www.megasoft.de\/","url":"https:\/\/www.megasoft.de\/","name":"Startseite megasoft IT - megasoft IT GmbH &amp; Co. KG","isPartOf":{"@id":"https:\/\/www.megasoft.de\/#website"},"primaryImageOfPage":{"@id":"https:\/\/www.megasoft.de\/#primaryimage"},"image":{"@id":"https:\/\/www.megasoft.de\/#primaryimage"},"thumbnailUrl":"https:\/\/www.megasoft.de\/wp-content\/uploads\/megasoft_logo_IT_Procurement_Partner.png","datePublished":"2017-04-11T08:44:19+00:00","dateModified":"2026-01-04T19:37:45+00:00","description":"megasoft IT | Lizenzmanager | Software Beschaffung | L\u00f6sungsanbieter | Cloud L\u00f6sungen | CAD | Sicherheit | Backup | Produktivit\u00e4t","breadcrumb":{"@id":"https:\/\/www.megasoft.de\/#breadcrumb"},"inLanguage":"en-US","potentialAction":[{"@type":"ReadAction","target":["https:\/\/www.megasoft.de\/"]}]},{"@type":"ImageObject","inLanguage":"en-US","@id":"https:\/\/www.megasoft.de\/#primaryimage","url":"https:\/\/www.megasoft.de\/wp-content\/uploads\/megasoft_logo_IT_Procurement_Partner.png","contentUrl":"https:\/\/www.megasoft.de\/wp-content\/uploads\/megasoft_logo_IT_Procurement_Partner.png"},{"@type":"BreadcrumbList","@id":"https:\/\/www.megasoft.de\/#breadcrumb","itemListElement":[{"@type":"ListItem","position":1,"name":"Startseite","item":"https:\/\/www.megasoft.de\/"},{"@type":"ListItem","position":2,"name":"Startseite megasoft IT"}]},{"@type":"WebSite","@id":"https:\/\/www.megasoft.de\/#website","url":"https:\/\/www.megasoft.de\/","name":"megasoft IT GmbH &amp; Co. KG","description":"Your IT Procurement Partner","publisher":{"@id":"https:\/\/www.megasoft.de\/#organization"},"potentialAction":[{"@type":"SearchAction","target":{"@type":"EntryPoint","urlTemplate":"https:\/\/www.megasoft.de\/?s={search_term_string}"},"query-input":{"@type":"PropertyValueSpecification","valueRequired":true,"valueName":"search_term_string"}}],"inLanguage":"en-US"},{"@type":"Organization","@id":"https:\/\/www.megasoft.de\/#organization","name":"megasoft IT GmbH &amp; Co. KG","url":"https:\/\/www.megasoft.de\/","logo":{"@type":"ImageObject","inLanguage":"en-US","@id":"https:\/\/www.megasoft.de\/#\/schema\/logo\/image\/","url":"https:\/\/www.megasoft.de\/wp-content\/uploads\/megasoft_logo_IT_Procurement_Partner.png","contentUrl":"https:\/\/www.megasoft.de\/wp-content\/uploads\/megasoft_logo_IT_Procurement_Partner.png","width":1400,"height":350,"caption":"megasoft IT GmbH &amp; Co. KG"},"image":{"@id":"https:\/\/www.megasoft.de\/#\/schema\/logo\/image\/"}}]}},"publishpress_future_action":{"enabled":false,"date":"2026-05-06 22:35:04","action":"change-status","newStatus":"draft","terms":[],"taxonomy":"","extraData":[]},"publishpress_future_workflow_manual_trigger":{"enabledWorkflows":[]},"_links":{"self":[{"href":"https:\/\/www.megasoft.de\/en\/wp-json\/wp\/v2\/pages\/7","targetHints":{"allow":["GET"]}}],"collection":[{"href":"https:\/\/www.megasoft.de\/en\/wp-json\/wp\/v2\/pages"}],"about":[{"href":"https:\/\/www.megasoft.de\/en\/wp-json\/wp\/v2\/types\/page"}],"author":[{"embeddable":true,"href":"https:\/\/www.megasoft.de\/en\/wp-json\/wp\/v2\/users\/5"}],"replies":[{"embeddable":true,"href":"https:\/\/www.megasoft.de\/en\/wp-json\/wp\/v2\/comments?post=7"}],"version-history":[{"count":85,"href":"https:\/\/www.megasoft.de\/en\/wp-json\/wp\/v2\/pages\/7\/revisions"}],"predecessor-version":[{"id":110715,"href":"https:\/\/www.megasoft.de\/en\/wp-json\/wp\/v2\/pages\/7\/revisions\/110715"}],"wp:attachment":[{"href":"https:\/\/www.megasoft.de\/en\/wp-json\/wp\/v2\/media?parent=7"}],"curies":[{"name":"wp","href":"https:\/\/api.w.org\/{rel}","templated":true}]}}