{"id":7665,"date":"2020-09-15T11:31:00","date_gmt":"2020-09-15T09:31:00","guid":{"rendered":"https:\/\/www.megasoft.de\/?page_id=7665"},"modified":"2023-08-15T09:46:13","modified_gmt":"2023-08-15T07:46:13","slug":"blancco-kostenlose-anfrage","status":"publish","type":"page","link":"https:\/\/www.megasoft.de\/en\/blancco-kostenlose-anfrage\/","title":{"rendered":"blancco &#8211; Kostenlose Anfrage"},"content":{"rendered":"<div id=\"multi-step-form\" class=\"fw-wizard\" data-stepcount=\"3\" data-wizardid=\"8\">\n    <div class=\"fw-wizard-step-header-container\">\n        <div class=\"fw-container\" data-redirect=\"https:\/\/www.megasoft.de\/blancco-sichere-datenloeschung-fuer-laptop-pc-smartphone-tablet-server-und-mehr\/\">\n                <div class=\"fw-wizard-step-header\" data-stepid=\"0\">\n            <span class=\"msf-h2\"><\/span>\n            <p class=\"fw-copytext\"><\/p>\n        <\/div>\n                <div class=\"fw-wizard-step-header\" data-stepid=\"1\">\n            <span class=\"msf-h2\"><\/span>\n            <p class=\"fw-copytext\"><\/p>\n        <\/div>\n                <div class=\"fw-wizard-step-header\" data-stepid=\"2\">\n            <span class=\"msf-h2\"><\/span>\n            <p class=\"fw-copytext\"><\/p>\n        <\/div>\n                <\/div>\n    <\/div>\n    <div class=\"fw-progress-bar-container\">\n        <div class=\"fw-container\">\n    <div class=\"fw-progress-wrap\">\n    <ul class=\"fw-progress-bar\"\n        data-activecolor=\"#546e7a\"\n        data-donecolor=\"#4caf50\"\n        data-nextcolor=\"#aaa\"\n        data-buttoncolor=\"#546e7a\">\n                <li class=\"fw-progress-step\"\n            data-id=\"0\">\n            <span class=\"fw-progress-bar-bar\"><\/span>\n            <span class=\"fw-txt-ellipsis\" data-title=\"Schritt 1\">Schritt 1<\/span>\n                    <\/li>\n                    <li class=\"fw-progress-step\"\n            data-id=\"1\">\n            <span class=\"fw-progress-bar-bar\"><\/span>\n            <span class=\"fw-txt-ellipsis\" data-title=\"Schritt 2\">Schritt 2<\/span>\n                    <\/li>\n                    <li class=\"fw-progress-step\"\n            data-id=\"2\">\n            <span class=\"fw-progress-bar-bar\"><\/span>\n            <span class=\"fw-txt-ellipsis\" data-title=\"Kontaktdaten\">Kontaktdaten<\/span>\n                    <\/li>\n                <\/ul>\n<\/div>\n        <\/div>\n    <\/div>\n    <div class=\"fw-wizard-step-container\">\n        <div class=\"fw-container\">\n                    <div class=\"fw-wizard-step\" data-stepid=\"0\">\n                <div class=\"fw-step-part\" data-partid=\"0\">\n\t<span class=\"fw-step-part-title\">\n\t\t\tContact\t<\/span>\n\t<div class=\"fw-clearfix\"><\/div>\n\t<div class=\"fw-step-part-body\">\n\t\t\t\t\t\t\t\t\t<div class=\"fw-step-block\" data-blockid=\"8\" data-type=\"fw-email\" data-required=\"true\">\n\t\t\t<div class=\"fw-input-container\">\n\t\t\t\t<label for=\"msf-mail-e-mail-adresse\"><span class=\"msf-h3\">E-Mail-Adresse<\/span><\/label>\n\t\t\t\t<input type=\"text\" id=\"msf-mail-e-mail-adresse\"  class=\"fw-text-input one\" data-id=\"email\">\n\t\t\t\t<span class=\"fa fa-envelope form-control-feedback\" aria-hidden=\"true\"><\/span>\n\t\t\t<\/div>\n\t\t\t\t\t\t<div class=\"fw-clearfix\"><\/div>\n\t\t<\/div>\n\t  \t\t\t\t<\/div>\n<\/div>\n\t\t\t                <div class=\"fw-clearfix\"><\/div>\n            <\/div>\n                        <div class=\"fw-wizard-step\" data-stepid=\"1\">\n                <div class=\"fw-step-part\" data-partid=\"0\">\n\t<span class=\"fw-step-part-title\">\n\t\t\tF\u00fcr welches blancco - Produkt interessieren Sie sich?\t<\/span>\n\t<div class=\"fw-clearfix\"><\/div>\n\t<div class=\"fw-step-part-body\">\n\t\t\t\t\t\t\t\t\t<div class=\"fw-step-block\" data-blockid=\"8\" data-type=\"fw-radio\" data-required=\"true\">\n\t\t\t\t\t\t\t\t<span class=\"msf-h3\">blancco Produktauswahl<\/span>\n\t\t\t\t\t<br>\n\t\t\t\t\t\t\t\t\t\t<div class=\"fw-choice fw-input-container\" data-type=\"fw-checkbox\">\n\t\t\t\t\t\t<input id=\"fw-8-1-0-0-1\" type=\"checkbox\" class=\"fw-checkbox\" name=\"fw-8-1-0-0\" data-id=\"1\">\n\t\t\t\t\t\t<label for=\"fw-8-1-0-0-1\" data-labelid=\"1\">Blancco Drive Eraser \u2013 Software zum L\u00f6schen von Festplatten<\/label>\n\t\t\t\t\t<\/div>\n\t\t\t\t\t\t\t\t\t\t<div class=\"fw-choice fw-input-container\" data-type=\"fw-checkbox\">\n\t\t\t\t\t\t<input id=\"fw-8-1-0-0-2\" type=\"checkbox\" class=\"fw-checkbox\" name=\"fw-8-1-0-0\" data-id=\"2\">\n\t\t\t\t\t\t<label for=\"fw-8-1-0-0-2\" data-labelid=\"2\">Blancco Mobile Solutions \u2013 Intelligente und skalierbare L\u00f6sungen mit Diagnosetests und Datenl\u00f6schung f\u00fcr Mobilger\u00e4te<\/label>\n\t\t\t\t\t<\/div>\n\t\t\t\t\t\t\t\t\t\t<div class=\"fw-choice fw-input-container\" data-type=\"fw-checkbox\">\n\t\t\t\t\t\t<input id=\"fw-8-1-0-0-3\" type=\"checkbox\" class=\"fw-checkbox\" name=\"fw-8-1-0-0\" data-id=\"3\">\n\t\t\t\t\t\t<label for=\"fw-8-1-0-0-3\" data-labelid=\"3\">Blancco File Eraser \u2013 Software zum L\u00f6schen von Dateien<\/label>\n\t\t\t\t\t<\/div>\n\t\t\t\t\t\t\t\t\t\t<div class=\"fw-choice fw-input-container\" data-type=\"fw-checkbox\">\n\t\t\t\t\t\t<input id=\"fw-8-1-0-0-4\" type=\"checkbox\" class=\"fw-checkbox\" name=\"fw-8-1-0-0\" data-id=\"4\">\n\t\t\t\t\t\t<label for=\"fw-8-1-0-0-4\" data-labelid=\"4\">Blancco Removable Media Eraser \u2013 Software zur Datenbereinigung<\/label>\n\t\t\t\t\t<\/div>\n\t\t\t\t\t\t\t\t\t\t<div class=\"fw-choice fw-input-container\" data-type=\"fw-checkbox\">\n\t\t\t\t\t\t<input id=\"fw-8-1-0-0-5\" type=\"checkbox\" class=\"fw-checkbox\" name=\"fw-8-1-0-0\" data-id=\"5\">\n\t\t\t\t\t\t<label for=\"fw-8-1-0-0-5\" data-labelid=\"5\">Blancco LUN Eraser \u2013 Software zur Datenl\u00f6schung in Speicherumgebungen<\/label>\n\t\t\t\t\t<\/div>\n\t\t\t\t\t\t\t\t\t\t<div class=\"fw-choice fw-input-container\" data-type=\"fw-checkbox\">\n\t\t\t\t\t\t<input id=\"fw-8-1-0-0-6\" type=\"checkbox\" class=\"fw-checkbox\" name=\"fw-8-1-0-0\" data-id=\"6\">\n\t\t\t\t\t\t<label for=\"fw-8-1-0-0-6\" data-labelid=\"6\">Blancco Virtual Machine Eraser \u2013 L\u00f6schsoftware f\u00fcr Hypervisoren<\/label>\n\t\t\t\t\t<\/div>\n\t\t\t\t\t\t\t\t\t\t<div class=\"fw-choice fw-input-container\" data-type=\"fw-checkbox\">\n\t\t\t\t\t\t<input id=\"fw-8-1-0-0-7\" type=\"checkbox\" class=\"fw-checkbox\" name=\"fw-8-1-0-0\" data-id=\"7\">\n\t\t\t\t\t\t<label for=\"fw-8-1-0-0-7\" data-labelid=\"7\">Blancco Management Console \u2013 Zentrale Verwaltung von Datenl\u00f6schberichten f\u00fcr alle IT-Assets<\/label>\n\t\t\t\t\t<\/div>\n\t\t\t\t\t\t\t\t\t\t<div class=\"fw-choice fw-input-container\" data-type=\"fw-checkbox\">\n\t\t\t\t\t\t<input id=\"fw-8-1-0-0-8\" type=\"checkbox\" class=\"fw-checkbox\" name=\"fw-8-1-0-0\" data-id=\"8\">\n\t\t\t\t\t\t<label for=\"fw-8-1-0-0-8\" data-labelid=\"8\">Ich habe noch keine Auswahl getroffen, bitte beraten Sie mich zu blancco<\/label>\n\t\t\t\t\t<\/div>\n\t\t\t\t\t\t\t<\/div>\n\t\t\t\t\t\t<\/div>\n<\/div>\n\t\t\t                <div class=\"fw-clearfix\"><\/div>\n            <\/div>\n                        <div class=\"fw-wizard-step\" data-stepid=\"2\">\n                <div class=\"fw-step-part\" data-partid=\"0\">\n\t<span class=\"fw-step-part-title\">\n\t\t\tBitte geben Sie Ihre Kontaktdaten m\u00f6glichst vollst\u00e4ndig an.\t<\/span>\n\t<div class=\"fw-clearfix\"><\/div>\n\t<div class=\"fw-step-part-body\">\n\t\t\t\t\t\t\t\t\t<div class=\"fw-step-block\" data-blockid=\"8\" data-type=\"fw-text\" data-required=\"true\">\n\t\t\t<div class=\"fw-input-container\">\n\t\t\t\t<label for=\"msf-text-firma\"><span class=\"msf-h3\">Firma<\/span><\/label>\n\t\t\t\t<input \n\t\t\t\t\ttype=\"text\" \n\t\t\t\t\tclass=\"fw-text-input\" \n\t\t\t\t\tid=\"msf-text-firma\"\n\t\t\t\t\tdata-id=\"text\">\n\t\t\t\t<span class=\"fa fa-pencil form-control-feedback\" aria-hidden=\"true\"><\/span>\n\t\t\t<\/div>\n\t\t\t<div class=\"fw-clearfix\"><\/div>\n\t\t<\/div>\n\t\t\t\t\t\t\t\t\t\t\t<div class=\"fw-step-block\" data-blockid=\"8\" data-type=\"fw-text\" data-required=\"true\">\n\t\t\t<div class=\"fw-input-container\">\n\t\t\t\t<label for=\"msf-text-name,-vorname\"><span class=\"msf-h3\">Name, Vorname<\/span><\/label>\n\t\t\t\t<input \n\t\t\t\t\ttype=\"text\" \n\t\t\t\t\tclass=\"fw-text-input\" \n\t\t\t\t\tid=\"msf-text-name,-vorname\"\n\t\t\t\t\tdata-id=\"text\">\n\t\t\t\t<span class=\"fa fa-pencil form-control-feedback\" aria-hidden=\"true\"><\/span>\n\t\t\t<\/div>\n\t\t\t<div class=\"fw-clearfix\"><\/div>\n\t\t<\/div>\n\t\t\t\t\t\t\t\t\t\t\t<div \n\t\t\tclass=\"fw-step-block\" \n\t\t\tdata-blockid=\"8\" \n\t\t\tdata-type=\"fw-numeric\" \n\t\t\tdata-required=\"false\" \n\t\t\t\t\t\t\t\t>\n\n\t\t\t<div class=\"fw-input-container\">\n\t\t\t\t<label for=\"msf-numeric-telefonnummer\"><span class=\"msf-h3\">Telefonnummer<\/span><\/label>\n\t\t\t\t<input \n\t\t\t\t\ttype=\"text\" \n\t\t\t\t\tclass=\"fw-text-input\" \n\t\t\t\t\tdata-id=\"numeric\"\n\t\t\t\t\tid=\"msf-numeric-telefonnummer\"\n\t\t\t\t\tplaceholder=\"\"\n\t\t\t\t\t\t\t\t\t\t\t\t\t\t>\n\t\t\t\t<span class=\"fa fa-asterisk form-control-feedback\" aria-hidden=\"true\"><\/span>\n\t\t\t<\/div>\n\t\t\t<div class=\"fw-clearfix\"><\/div>\n\t\t<\/div>\n\t  \t\t\t\t\t\t\t\t\t<div class=\"fw-step-block\" data-blockid=\"8\" data-type=\"fw-text\" data-required=\"false\">\n\t\t\t<div class=\"fw-input-container\">\n\t\t\t\t<label for=\"msf-text-t\u00e4tigkeit\"><span class=\"msf-h3\">T\u00e4tigkeit<\/span><\/label>\n\t\t\t\t<input \n\t\t\t\t\ttype=\"text\" \n\t\t\t\t\tclass=\"fw-text-input\" \n\t\t\t\t\tid=\"msf-text-t\u00e4tigkeit\"\n\t\t\t\t\tdata-id=\"text\">\n\t\t\t\t<span class=\"fa fa-pencil form-control-feedback\" aria-hidden=\"true\"><\/span>\n\t\t\t<\/div>\n\t\t\t<div class=\"fw-clearfix\"><\/div>\n\t\t<\/div>\n\t\t\t\t\t\t\t\t\t\t\t<div class=\"fw-step-block\" data-blockid=\"8\" data-type=\"fw-text\" data-required=\"false\">\n\t\t\t<div class=\"fw-input-container\">\n\t\t\t\t<label for=\"msf-text-stra\u00dfe,-hausnummer\"><span class=\"msf-h3\">Stra\u00dfe, Hausnummer<\/span><\/label>\n\t\t\t\t<input \n\t\t\t\t\ttype=\"text\" \n\t\t\t\t\tclass=\"fw-text-input\" \n\t\t\t\t\tid=\"msf-text-stra\u00dfe,-hausnummer\"\n\t\t\t\t\tdata-id=\"text\">\n\t\t\t\t<span class=\"fa fa-pencil form-control-feedback\" aria-hidden=\"true\"><\/span>\n\t\t\t<\/div>\n\t\t\t<div class=\"fw-clearfix\"><\/div>\n\t\t<\/div>\n\t\t\t\t\t\t\t\t\t\t\t<div class=\"fw-step-block\" data-blockid=\"8\" data-type=\"fw-text\" data-required=\"false\">\n\t\t\t<div class=\"fw-input-container\">\n\t\t\t\t<label for=\"msf-text-postleitzahl,-ort\"><span class=\"msf-h3\">Postleitzahl, Ort<\/span><\/label>\n\t\t\t\t<input \n\t\t\t\t\ttype=\"text\" \n\t\t\t\t\tclass=\"fw-text-input\" \n\t\t\t\t\tid=\"msf-text-postleitzahl,-ort\"\n\t\t\t\t\tdata-id=\"text\">\n\t\t\t\t<span class=\"fa fa-pencil form-control-feedback\" aria-hidden=\"true\"><\/span>\n\t\t\t<\/div>\n\t\t\t<div class=\"fw-clearfix\"><\/div>\n\t\t<\/div>\n\t\t\t\t\t\t\t\t\t\t   <div class=\"fw-step-block\"\n\t         data-blockid=\"8\"\n\t         data-type=\"fw-select\"\n\t         data-required=\"true\">\n\t\n\t        <label id=\"msf-select-label-land\">\n\t\t\t<span class=\"msf-h3\">Land<\/span> \n\t        <\/label>\n\t\n\t        <select class=\"fw-select\"\n\t                id=\"msf-select-land\"\n\t                name=\"fw-8-2-0-6\"\n\t                required\t data-search=\"true\"\n\t                data-placeholder=\"Deutschland\">\n\t\n\t            <option value=\"\">\n\t                Deutschland\t            <\/option>\n\t            \t            <option id=\"fw-8-2-0-6-0\" value=\"Deutschland\">\n\t                Deutschland\t            <\/option>\n\t            \t            <option id=\"fw-8-2-0-6-1\" value=\"\u00d6sterreich\">\n\t                \u00d6sterreich\t            <\/option>\n\t            \t            <option id=\"fw-8-2-0-6-2\" value=\"Schweiz\">\n\t                Schweiz\t            <\/option>\n\t            \t        <\/select>\n\t    <\/div>\n\t    \t\t\t\t\t\t\t\t\t<div class=\"fw-step-block\" data-blockid=\"8\" data-type=\"fw-text\" data-required=\"false\">\n\t\t\t<div class=\"fw-input-container\">\n\t\t\t\t<label for=\"msf-text-anzahl-mitarbeiter-(zur-einschtzung-der-ben\u00f6tigten-lizenzen)\"><span class=\"msf-h3\">Anzahl Mitarbeiter (zur Einschtzung der ben\u00f6tigten Lizenzen)<\/span><\/label>\n\t\t\t\t<input \n\t\t\t\t\ttype=\"text\" \n\t\t\t\t\tclass=\"fw-text-input\" \n\t\t\t\t\tid=\"msf-text-anzahl-mitarbeiter-(zur-einschtzung-der-ben\u00f6tigten-lizenzen)\"\n\t\t\t\t\tdata-id=\"text\">\n\t\t\t\t<span class=\"fa fa-pencil form-control-feedback\" aria-hidden=\"true\"><\/span>\n\t\t\t<\/div>\n\t\t\t<div class=\"fw-clearfix\"><\/div>\n\t\t<\/div>\n\t\t\t\t\t\t<\/div>\n<\/div>\n\t\t\t<div class=\"fw-step-part\" data-partid=\"1\">\n\t<span class=\"fw-step-part-title\">\n\t\t\tRechtliches\t<\/span>\n\t<div class=\"fw-clearfix\"><\/div>\n\t<div class=\"fw-step-part-body\">\n\t\t\t\t\t\t\t\t\t<div class=\"fw-step-block\" data-blockid=\"8\" data-type=\"fw-radio\" data-required=\"true\">\n\t\t\t\t\t\t\t\t<span class=\"msf-h3\">Datenschutz und AGB<\/span>\n\t\t\t\t\t<br>\n\t\t\t\t\t\t\t\t\t\t<span class=\"fw-choice fw-radio-row\">\n\t\t\t\t\t\t<input id=\"fw-8-2-1-0-1\" type=\"radio\" name=\"fw-8-2-1-0\" class=\"fw-radio\" data-id=\"1\">\n\t\t\t\t\t\t<label for=\"fw-8-2-1-0-1\" data-labelid=\"1\">Ich habe die Datenschutzerkl\u00e4rung &amp; AGB der megasoft IT GmbH &amp; Co. KG gelesen und akzeptiert. Ich bin einverstanden, dass mich die megasoft IT zu Beratungs- und Werbezwecken \u00fcber die von mir angegebenen Kontaktm\u00f6glichkeiten kontaktiert.<\/label>\n\t\t\t\t\t<\/span>\n\t\t\t\t\t\t\t<\/div>\n\t\t\t\t\t\t<\/div>\n<\/div>\n\t\t\t                    <button type=\"button\" class=\"fw-btn-submit\">Submit<\/button>\n                                <div class=\"fw-clearfix\"><\/div>\n            <\/div>\n                    <\/div>\n    <\/div>\n        <div class=\"fw-wizard-button-container\">\n        <div class=\"fw-container\">\n            <div class=\"fw-wizard-buttons\">\n                <button class=\"fw-button-previous\"><i class=\"fa fa-arrow-circle-left\" aria-hidden=\"true\"><\/i> &nbsp;Previous Step<\/button>\n                <button class=\"fw-button-next\">Next Step &nbsp;<i class=\"fa fa-arrow-circle-right\" aria-hidden=\"true\"><\/i><\/button>\n            <\/div>\n        <\/div>\n    <\/div>\n        <div class=\"fw-alert-user\" style=\"display:none;\"><\/div>\n<\/div>","protected":false},"excerpt":{"rendered":"","protected":false},"author":5,"featured_media":0,"parent":0,"menu_order":0,"comment_status":"closed","ping_status":"closed","template":"","meta":{"om_disable_all_campaigns":false,"_monsterinsights_skip_tracking":false,"_monsterinsights_sitenote_active":false,"_monsterinsights_sitenote_note":"","_monsterinsights_sitenote_category":0,"_themeisle_gutenberg_block_has_review":false,"footnotes":""},"class_list":["post-7665","page","type-page","status-publish","hentry","wpautop"],"yoast_head":"<!-- This site is optimized with the Yoast SEO plugin v27.6 - https:\/\/yoast.com\/product\/yoast-seo-wordpress\/ -->\n<title>blancco - Kostenlose Anfrage - megasoft IT GmbH &amp; Co. KG<\/title>\n<meta name=\"robots\" content=\"index, follow, max-snippet:-1, max-image-preview:large, max-video-preview:-1\" \/>\n<link rel=\"canonical\" href=\"https:\/\/www.megasoft.de\/en\/blancco-kostenlose-anfrage\/\" \/>\n<meta property=\"og:locale\" content=\"en_US\" \/>\n<meta property=\"og:type\" content=\"article\" \/>\n<meta property=\"og:title\" content=\"blancco - Kostenlose Anfrage - megasoft IT GmbH &amp; Co. KG\" \/>\n<meta property=\"og:url\" content=\"https:\/\/www.megasoft.de\/en\/blancco-kostenlose-anfrage\/\" \/>\n<meta property=\"og:site_name\" content=\"megasoft IT GmbH &amp; Co. KG\" \/>\n<meta property=\"article:modified_time\" content=\"2023-08-15T07:46:13+00:00\" \/>\n<meta name=\"twitter:card\" content=\"summary_large_image\" \/>\n<script type=\"application\/ld+json\" class=\"yoast-schema-graph\">{\"@context\":\"https:\\\/\\\/schema.org\",\"@graph\":[{\"@type\":\"WebPage\",\"@id\":\"https:\\\/\\\/www.megasoft.de\\\/blancco-kostenlose-anfrage\\\/\",\"url\":\"https:\\\/\\\/www.megasoft.de\\\/blancco-kostenlose-anfrage\\\/\",\"name\":\"blancco - Kostenlose Anfrage - megasoft IT GmbH &amp; Co. KG\",\"isPartOf\":{\"@id\":\"https:\\\/\\\/www.megasoft.de\\\/#website\"},\"datePublished\":\"2020-09-15T09:31:00+00:00\",\"dateModified\":\"2023-08-15T07:46:13+00:00\",\"breadcrumb\":{\"@id\":\"https:\\\/\\\/www.megasoft.de\\\/blancco-kostenlose-anfrage\\\/#breadcrumb\"},\"inLanguage\":\"en-US\",\"potentialAction\":[{\"@type\":\"ReadAction\",\"target\":[\"https:\\\/\\\/www.megasoft.de\\\/blancco-kostenlose-anfrage\\\/\"]}]},{\"@type\":\"BreadcrumbList\",\"@id\":\"https:\\\/\\\/www.megasoft.de\\\/blancco-kostenlose-anfrage\\\/#breadcrumb\",\"itemListElement\":[{\"@type\":\"ListItem\",\"position\":1,\"name\":\"Startseite\",\"item\":\"https:\\\/\\\/www.megasoft.de\\\/\"},{\"@type\":\"ListItem\",\"position\":2,\"name\":\"blancco &#8211; Kostenlose Anfrage\"}]},{\"@type\":\"WebSite\",\"@id\":\"https:\\\/\\\/www.megasoft.de\\\/#website\",\"url\":\"https:\\\/\\\/www.megasoft.de\\\/\",\"name\":\"megasoft IT GmbH &amp; Co. KG\",\"description\":\"Your IT Procurement Partner\",\"publisher\":{\"@id\":\"https:\\\/\\\/www.megasoft.de\\\/#organization\"},\"potentialAction\":[{\"@type\":\"SearchAction\",\"target\":{\"@type\":\"EntryPoint\",\"urlTemplate\":\"https:\\\/\\\/www.megasoft.de\\\/?s={search_term_string}\"},\"query-input\":{\"@type\":\"PropertyValueSpecification\",\"valueRequired\":true,\"valueName\":\"search_term_string\"}}],\"inLanguage\":\"en-US\"},{\"@type\":\"Organization\",\"@id\":\"https:\\\/\\\/www.megasoft.de\\\/#organization\",\"name\":\"megasoft IT GmbH &amp; Co. KG\",\"url\":\"https:\\\/\\\/www.megasoft.de\\\/\",\"logo\":{\"@type\":\"ImageObject\",\"inLanguage\":\"en-US\",\"@id\":\"https:\\\/\\\/www.megasoft.de\\\/#\\\/schema\\\/logo\\\/image\\\/\",\"url\":\"https:\\\/\\\/www.megasoft.de\\\/wp-content\\\/uploads\\\/megasoft_logo_IT_Procurement_Partner.png\",\"contentUrl\":\"https:\\\/\\\/www.megasoft.de\\\/wp-content\\\/uploads\\\/megasoft_logo_IT_Procurement_Partner.png\",\"width\":1400,\"height\":350,\"caption\":\"megasoft IT GmbH &amp; Co. KG\"},\"image\":{\"@id\":\"https:\\\/\\\/www.megasoft.de\\\/#\\\/schema\\\/logo\\\/image\\\/\"}}]}<\/script>\n<!-- \/ Yoast SEO plugin. -->","yoast_head_json":{"title":"blancco - Kostenlose Anfrage - megasoft IT GmbH &amp; Co. KG","robots":{"index":"index","follow":"follow","max-snippet":"max-snippet:-1","max-image-preview":"max-image-preview:large","max-video-preview":"max-video-preview:-1"},"canonical":"https:\/\/www.megasoft.de\/en\/blancco-kostenlose-anfrage\/","og_locale":"en_US","og_type":"article","og_title":"blancco - Kostenlose Anfrage - megasoft IT GmbH &amp; Co. KG","og_url":"https:\/\/www.megasoft.de\/en\/blancco-kostenlose-anfrage\/","og_site_name":"megasoft IT GmbH &amp; Co. KG","article_modified_time":"2023-08-15T07:46:13+00:00","twitter_card":"summary_large_image","schema":{"@context":"https:\/\/schema.org","@graph":[{"@type":"WebPage","@id":"https:\/\/www.megasoft.de\/blancco-kostenlose-anfrage\/","url":"https:\/\/www.megasoft.de\/blancco-kostenlose-anfrage\/","name":"blancco - Kostenlose Anfrage - megasoft IT GmbH &amp; Co. KG","isPartOf":{"@id":"https:\/\/www.megasoft.de\/#website"},"datePublished":"2020-09-15T09:31:00+00:00","dateModified":"2023-08-15T07:46:13+00:00","breadcrumb":{"@id":"https:\/\/www.megasoft.de\/blancco-kostenlose-anfrage\/#breadcrumb"},"inLanguage":"en-US","potentialAction":[{"@type":"ReadAction","target":["https:\/\/www.megasoft.de\/blancco-kostenlose-anfrage\/"]}]},{"@type":"BreadcrumbList","@id":"https:\/\/www.megasoft.de\/blancco-kostenlose-anfrage\/#breadcrumb","itemListElement":[{"@type":"ListItem","position":1,"name":"Startseite","item":"https:\/\/www.megasoft.de\/"},{"@type":"ListItem","position":2,"name":"blancco &#8211; Kostenlose Anfrage"}]},{"@type":"WebSite","@id":"https:\/\/www.megasoft.de\/#website","url":"https:\/\/www.megasoft.de\/","name":"megasoft IT GmbH &amp; Co. KG","description":"Your IT Procurement Partner","publisher":{"@id":"https:\/\/www.megasoft.de\/#organization"},"potentialAction":[{"@type":"SearchAction","target":{"@type":"EntryPoint","urlTemplate":"https:\/\/www.megasoft.de\/?s={search_term_string}"},"query-input":{"@type":"PropertyValueSpecification","valueRequired":true,"valueName":"search_term_string"}}],"inLanguage":"en-US"},{"@type":"Organization","@id":"https:\/\/www.megasoft.de\/#organization","name":"megasoft IT GmbH &amp; Co. KG","url":"https:\/\/www.megasoft.de\/","logo":{"@type":"ImageObject","inLanguage":"en-US","@id":"https:\/\/www.megasoft.de\/#\/schema\/logo\/image\/","url":"https:\/\/www.megasoft.de\/wp-content\/uploads\/megasoft_logo_IT_Procurement_Partner.png","contentUrl":"https:\/\/www.megasoft.de\/wp-content\/uploads\/megasoft_logo_IT_Procurement_Partner.png","width":1400,"height":350,"caption":"megasoft IT GmbH &amp; Co. KG"},"image":{"@id":"https:\/\/www.megasoft.de\/#\/schema\/logo\/image\/"}}]}},"publishpress_future_action":{"enabled":false,"date":"2026-05-21 00:55:35","action":"change-status","newStatus":"draft","terms":[],"taxonomy":"","extraData":[]},"publishpress_future_workflow_manual_trigger":{"enabledWorkflows":[]},"_links":{"self":[{"href":"https:\/\/www.megasoft.de\/en\/wp-json\/wp\/v2\/pages\/7665","targetHints":{"allow":["GET"]}}],"collection":[{"href":"https:\/\/www.megasoft.de\/en\/wp-json\/wp\/v2\/pages"}],"about":[{"href":"https:\/\/www.megasoft.de\/en\/wp-json\/wp\/v2\/types\/page"}],"author":[{"embeddable":true,"href":"https:\/\/www.megasoft.de\/en\/wp-json\/wp\/v2\/users\/5"}],"replies":[{"embeddable":true,"href":"https:\/\/www.megasoft.de\/en\/wp-json\/wp\/v2\/comments?post=7665"}],"version-history":[{"count":1,"href":"https:\/\/www.megasoft.de\/en\/wp-json\/wp\/v2\/pages\/7665\/revisions"}],"predecessor-version":[{"id":7666,"href":"https:\/\/www.megasoft.de\/en\/wp-json\/wp\/v2\/pages\/7665\/revisions\/7666"}],"wp:attachment":[{"href":"https:\/\/www.megasoft.de\/en\/wp-json\/wp\/v2\/media?parent=7665"}],"curies":[{"name":"wp","href":"https:\/\/api.w.org\/{rel}","templated":true}]}}