{"id":8331,"date":"2020-11-10T08:10:16","date_gmt":"2020-11-10T07:10:16","guid":{"rendered":"https:\/\/www.megasoft.de\/?page_id=8331"},"modified":"2021-02-14T10:08:53","modified_gmt":"2021-02-14T09:08:53","slug":"invicti-web-security-loesungen-netsparker-acunetix","status":"publish","type":"page","link":"https:\/\/www.megasoft.de\/en\/invicti-web-security-loesungen-netsparker-acunetix\/","title":{"rendered":"Invicti &#8211; Web Security L\u00f6sungen &#8211; netsparker &#038; acunetix"},"content":{"rendered":"<div class=\"pt-5\">\r\n<\/div>\r\n<div class=\"pt-5 black\">\r\n  <section class=\"p-md-3 mx-md-5\">\r\n    <div class=\"row d-flex justify-content-center\">\r\n      <div class=\"col-md-6 text-center\">\r\n<img decoding=\"async\" class=\"img-fluid lazyload\" data-src=\"https:\/\/www.megasoft.de\/wp-content\/uploads\/invicti-netsparker-acunteix-logo-megasoft.png\" src=\"data:image\/svg+xml;base64,PHN2ZyB3aWR0aD0iMSIgaGVpZ2h0PSIxIiB4bWxucz0iaHR0cDovL3d3dy53My5vcmcvMjAwMC9zdmciPjwvc3ZnPg==\" style=\"--smush-placeholder-width: 207px; --smush-placeholder-aspect-ratio: 207\/60;\" \/>        <p class=\"grey-text pt-4\">\r\n         \r\n        <\/p>\r\n      <\/div>\r\n    <\/div>\r\n    <hr class=\"mx-5\">\r\n    <div class=\"row text-center\">\r\n      <div class=\"col-md-6 mb-5\">\r\n        <div class=\"mt-3\">\r\n<img decoding=\"async\" class=\"img-fluid lazyload\" data-src=\"https:\/\/www.megasoft.de\/wp-content\/uploads\/acunetix-websecurity-solution-megasoft-invicti.png\" src=\"data:image\/svg+xml;base64,PHN2ZyB3aWR0aD0iMSIgaGVpZ2h0PSIxIiB4bWxucz0iaHR0cDovL3d3dy53My5vcmcvMjAwMC9zdmciPjwvc3ZnPg==\" style=\"--smush-placeholder-width: 915px; --smush-placeholder-aspect-ratio: 915\/180;\" \/>        <p class=\"grey-text pt-4\">\r\n          <p class=\"text-muted mb-0\">\r\nAcunetix wurde 2005 auf der Insel Malta entwickelt. Es war der erste automatisierte Webapplikations-Sicherheitsscanner \u00fcberhaupt und gilt als eines der innovativsten Produkte im Bereich der Websicherheit. Die einzigartige acunetix Scan-Engine ist bekannt f\u00fcr Geschwindigkeit und Genauigkeit.<a href=\"https:\/\/www.megasoft.de\/en\/acunetix-cyber-security-und-web-vulnerability-scanner-loesung\/\">mehr zu acunetix<\/a>          <\/p>\r\n        <\/div>\r\n      <\/div>\r\n      <div class=\"col-md-6 mb-5\">\r\n        <div class=\"mt-3\">\r\n<img decoding=\"async\" class=\"img-fluid lazyload\" data-src=\"https:\/\/www.megasoft.de\/wp-content\/uploads\/netsparker-websecurity-solution-megasoft-invicti.png\" src=\"data:image\/svg+xml;base64,PHN2ZyB3aWR0aD0iMSIgaGVpZ2h0PSIxIiB4bWxucz0iaHR0cDovL3d3dy53My5vcmcvMjAwMC9zdmciPjwvc3ZnPg==\" style=\"--smush-placeholder-width: 915px; --smush-placeholder-aspect-ratio: 915\/180;\" \/>        <p class=\"grey-text pt-4\">\r\n          <p class=\"text-muted mb-lg-0\">\r\nNetsparker wurde 2009 ins Leben gerufen und ist die Erfindung von Ferruh Mavituna, einem bekannten Sicherheitsexperten. Netsparker konzentriert sich auf absolute Genauigkeit und erreicht dies mit seiner propriet\u00e4ren Proof-Based Scanning\u2122 Technologie. <a href=\"https:\/\/www.megasoft.de\/en\/netsparker-security-scan-loesung-fuer-xss-sql-und-webanwendungen\/\">mehr zu netsparker<\/a><\/p>\r\n        <\/div>\r\n      <\/div>\r\n    <\/div>\r\n  <\/section>\r\n<\/div>\r\n<div class=\"my-5 px-0 rounded\">\r\n\r\n  <section class=\"black-text p-5 rounded\">\r\n    \r\n    <h3 class=\"text-center font-weight-bold mb-4 pb-2\">invicti in Zahlen<\/h3>\r\n\r\n    <div class=\"row\">\r\n\r\n      <div class=\"col-md-4 mb-4\">\r\n        <div class=\"row\">\r\n          <div class=\"col-6 pr-0\">\r\n            <h4 class=\"display-4 text-right mb-0 count-up\" data-from=\"0\" data-to=\"625\" data-time=\"2000\">625k<\/h4>\r\n          <\/div>\r\n\r\n          <div class=\"col-6\">\r\n            <p class=\"text-uppercase font-weight-normal mb-1\">K+ \/ Seiten<\/p>\r\n          <\/div>\r\n        <\/div>\r\n      <\/div>\r\n\r\n      <div class=\"col-md-4 mb-4\">\r\n        <div class=\"row\">\r\n          <div class=\"col-6 pr-0\">\r\n            <h4 class=\"display-4 text-right mb-0 count1\" data-from=\"0\" data-to=\"3300\" data-time=\"2000\">3,300<\/h4>\r\n          <\/div>\r\n\r\n          <div class=\"col-6\">\r\n            <p class=\"text-uppercase font-weight-normal mb-1\">+ \/ Firmen<\/p>\r\n          <\/div>\r\n        <\/div>\r\n      <\/div>\r\n\r\n      <div class=\"col-md-4 mb-4\">\r\n        <div class=\"row\">\r\n          <div class=\"col-6 pr-0\">\r\n            <h4 class=\"display-4 text-right\"><span class=\"d-flex justify-content-end\"><span class=\"count2\" data-from=\"0\" data-to=\"115\" data-time=\"2000\">115<\/h4>\r\n          <\/div>\r\n\r\n          <div class=\"col-6\">\r\n            <p class=\"text-uppercase font-weight-normal mb-1\">L\u00e4nder<\/p>\r\n          <\/div>\r\n        <\/div>\r\n      <\/div>\r\n\r\n    <\/div>\r\n\r\n  <\/section>\r\n  <!--Section: Content-->\r\n\r\n\r\n<\/div>\r\n<div class=\"unique-color-dark pb-5\">\r\n  <!--Section: Content-->\r\n  <section class=\"text-center white-text\">\r\n\r\n    <!-- Section heading -->\r\n        <img decoding=\"async\" class=\"img-fluid lazyload\" data-src=\"https:\/\/www.megasoft.de\/wp-content\/uploads\/acunetix-websecurity-solution-megasoft-invicti.png\" alt=\"Sample image\" src=\"data:image\/svg+xml;base64,PHN2ZyB3aWR0aD0iMSIgaGVpZ2h0PSIxIiB4bWxucz0iaHR0cDovL3d3dy53My5vcmcvMjAwMC9zdmciPjwvc3ZnPg==\" style=\"--smush-placeholder-width: 915px; --smush-placeholder-aspect-ratio: 915\/180;\">\r\n    <!-- Section description -->\r\n    <p class=\"lead mx-auto mb-5\">Acunetix ist eine Web-Sicherheitsl\u00f6sung zur Sicherung Ihrer Websites, Webanwendungen und APIs<\/p>\r\n\r\n    <!-- Grid row -->\r\n    <div class=\"row\">\r\n\r\n      <!-- Grid column -->\r\n      <div class=\"col-md-4 mb-4\">\r\n\r\n        <h5 class=\"font-weight-bold my-4 text-uppercase\">STANDARD<\/h5>\r\n        <p class=\"mb-md-0 mb-5\">Acunetix Standard scannt Ihre Websites, Webanwendungen und APIs selbst auf die komplexesten Schwachstellen. Acunetix entwickelt seit 2005 fortschrittliche Scantechnologie und hat seit \u00fcber 10 Jahren eine der h\u00f6chsten Erkennungsraten in der Branche.\r\n\r\n        <\/p>\r\n\r\n      <\/div>\r\n      <!-- Grid column -->\r\n\r\n      <!-- Grid column -->\r\n      <div class=\"col-md-4 mb-4\">\r\n\r\n        <h5 class=\"font-weight-bold my-4 text-uppercase\">PREMIUM<\/h5>\r\n        <p class=\"mb-md-0 mb-5\">Acunetix Premium ist eine Sicherheitsl\u00f6sung f\u00fcr Webanwendungen zur Verwaltung der Sicherheit mehrerer Websites, Webanwendungen und APIs. Die Integrationsfunktionen erm\u00f6glichen Ihnen die Automatisierung Ihrer DevOps und Problem-Management-Infrastrukturen.\r\n\r\n        <\/p>\r\n\r\n      <\/div>\r\n      <!-- Grid column -->\r\n\r\n      <!-- Grid column -->\r\n      <div class=\"col-md-4 mb-4\">\r\n\r\n        <h5 class=\"font-weight-bold my-4 text-uppercase\">Acunetix 360<\/h5>\r\n        <p class=\"mb-0\">Acunetix 360 ist eine Best-of-Breed-L\u00f6sung f\u00fcr Web-Schwachstellen in Unternehmen, die als Teil komplexer Umgebungen entwickelt wurde. Sie bietet mehrere Integrationen sowie Optionen zur Integration in kundenspezifische Kontexte.\r\n\r\n        <\/p>\r\n\r\n      <\/div>\r\n      <!-- Grid column -->\r\n\r\n    <\/div>\r\n<h1><a href=\"https:\/\/www.megasoft.de\/en\/acunetix-cyber-security-und-web-vulnerability-scanner-loesung\/\">mehr zu acunetix<\/a> <\/h1>\r\n\r\n  <\/section>\r\n  <!--Section: Content-->\r\n\r\n\r\n<\/div>\r\n<div class=\"mt-4 mb-4\">\r\n<h3 class=\"text-center\">Jetzt Vertrieb kontaktieren: +49 2173 265 06 0 oder <a href=\"mailto:vertrieb@megasoft.de?subject=Anfrage%20invicti\">vertrieb@megasoft.de<\/a><\/h3>\r\n<\/div>\r\n<div class=\"unique-color-dark\">\r\n  <!--Section: Content-->\r\n  <section class=\"text-center white-text\">\r\n\r\n    <!-- Section heading -->\r\n        <img decoding=\"async\" class=\"img-fluid lazyload\" data-src=\"https:\/\/www.megasoft.de\/wp-content\/uploads\/netsparker-websecurity-solution-megasoft-invicti.png\" alt=\"Sample image\" src=\"data:image\/svg+xml;base64,PHN2ZyB3aWR0aD0iMSIgaGVpZ2h0PSIxIiB4bWxucz0iaHR0cDovL3d3dy53My5vcmcvMjAwMC9zdmciPjwvc3ZnPg==\" style=\"--smush-placeholder-width: 915px; --smush-placeholder-aspect-ratio: 915\/180;\">\r\n    <!-- Section description -->\r\n    <p class=\"lead mx-auto mb-5\">Netsparker kombiniert Anwendungssicherheitsmanagement mit Integrationen und Berichten, die den Arbeitsablauf Ihres Teams verbessern.<\/p>\r\n\r\n    <!-- Grid row -->\r\n    <div class=\"row\">\r\n\r\n      <!-- Grid column -->\r\n      <div class=\"col-md-4 mb-4\">\r\n\r\n        <h5 class=\"font-weight-bold my-4 text-uppercase\">STANDARD<\/h5>\r\n        <p class=\"mb-md-0 mb-5\">Netsparker Standard ist f\u00fcr kleine und mittlere Unternehmen gedacht. Sie k\u00f6nnen kommerzielle und Open-Source-Webprodukte, von Dritten erstellte Websites sowie ma\u00dfgeschneiderte Webanwendungen sch\u00fctzen. Wenn Sie mehrere Websites haben, die auf einem g\u00e4ngigen Content-Management-System basieren, einen Online-Shop auf der Basis einer Drittanbieterl\u00f6sung betreiben oder Ihre eigene Anwendung erstellen &#8211; Netsparker sch\u00fctzt Sie.\r\n        <\/p>\r\n\r\n      <\/div>\r\n      <!-- Grid column -->\r\n\r\n      <!-- Grid column -->\r\n      <div class=\"col-md-4 mb-4\">\r\n\r\n        <h5 class=\"font-weight-bold my-4 text-uppercase\">TEAM<\/h5>\r\n        <p class=\"mb-md-0 mb-5\">Netsparker Team ist f\u00fcr gro\u00dfe Organisationen gedacht, die eine vollst\u00e4ndige L\u00f6sung f\u00fcr die Bewertung und das Management von Schwachstellen suchen. Diese hochmoderne Web-Sicherheitsl\u00f6sung wurde bereits erfolgreich von Unternehmen aus vielen Branchen eingesetzt, darunter IT &#038; Telekommunikation, Regierung, Finanzwesen, Bildung, Gesundheitswesen und mehr. Verwenden Sie Netsparker zum Schutz interner und externer Web-Assets, Daten und Ihres Rufs.\r\n\r\n        <\/p>\r\n\r\n      <\/div>\r\n      <!-- Grid column -->\r\n\r\n      <!-- Grid column -->\r\n      <div class=\"col-md-4 mb-4\">\r\n\r\n        <h5 class=\"font-weight-bold my-4 text-uppercase\">ENTERPRISE<\/h5>\r\n        <p class=\"mb-0\">Netsparker Enterprise ist ein umfassendes Partnerschaftsprogramm f\u00fcr Websicherheit, gerichtet an Key- und Large-Accounts. \r\n        <\/p>\r\n\r\n      <\/div>\r\n      <!-- Grid column -->\r\n\r\n    <\/div>\r\n<h1><a href=\"https:\/\/www.megasoft.de\/en\/netsparker-security-scan-loesung-fuer-xss-sql-und-webanwendungen\/\">mehr zu netsparker<\/a><\/h1>\r\n\r\n  <\/section>\r\n  <!--Section: Content-->\r\n\r\n\r\n<\/div>","protected":false},"excerpt":{"rendered":"Acunetix wurde 2005 auf der Insel Malta entwickelt. Es war der erste automatisierte Webapplikations-Sicherheitsscanner \u00fcberhaupt und gilt als eines der innovativsten Produkte im Bereich der Websicherheit. Die einzigartige acunetix Scan-Engine ist bekannt f\u00fcr Geschwindigkeit und Genauigkeit.mehr zu acunetix Netsparker wurde 2009 ins Leben gerufen und ist die Erfindung von Ferruh [&hellip;]","protected":false},"author":1,"featured_media":0,"parent":0,"menu_order":0,"comment_status":"closed","ping_status":"closed","template":"page-full.php","meta":{"om_disable_all_campaigns":false,"_monsterinsights_skip_tracking":false,"_monsterinsights_sitenote_active":false,"_monsterinsights_sitenote_note":"","_monsterinsights_sitenote_category":0,"_themeisle_gutenberg_block_has_review":false,"footnotes":""},"class_list":["post-8331","page","type-page","status-publish","hentry","no-wpautop"],"yoast_head":"<!-- This site is optimized with the Yoast SEO plugin v27.4 - https:\/\/yoast.com\/product\/yoast-seo-wordpress\/ -->\n<title>Invicti - Web Security L\u00f6sungen - netsparker &amp; acunetix - megasoft IT<\/title>\n<meta name=\"description\" content=\"Web Security L\u00f6sung | invicti | netsparker | acunetix | Enterprise Software | Innovation | Acunetix 360 | netsparker Enterprise | uvm.\" \/>\n<meta name=\"robots\" content=\"index, follow, max-snippet:-1, max-image-preview:large, max-video-preview:-1\" \/>\n<link rel=\"canonical\" href=\"https:\/\/www.megasoft.de\/en\/invicti-web-security-loesungen-netsparker-acunetix\/\" \/>\n<meta property=\"og:locale\" content=\"en_US\" \/>\n<meta property=\"og:type\" content=\"article\" \/>\n<meta property=\"og:title\" content=\"Invicti - Web Security L\u00f6sungen - netsparker &amp; acunetix - megasoft IT\" \/>\n<meta property=\"og:description\" content=\"Web Security L\u00f6sung | invicti | netsparker | acunetix | Enterprise Software | Innovation | Acunetix 360 | netsparker Enterprise | uvm.\" \/>\n<meta property=\"og:url\" content=\"https:\/\/www.megasoft.de\/en\/invicti-web-security-loesungen-netsparker-acunetix\/\" \/>\n<meta property=\"og:site_name\" content=\"megasoft IT GmbH &amp; Co. KG\" \/>\n<meta property=\"article:modified_time\" content=\"2021-02-14T09:08:53+00:00\" \/>\n<meta property=\"og:image\" content=\"https:\/\/www.megasoft.de\/wp-content\/uploads\/invicti-netsparker-acunteix-logo-megasoft.png\" \/>\n<meta name=\"twitter:card\" content=\"summary_large_image\" \/>\n<meta name=\"twitter:label1\" content=\"Est. reading time\" \/>\n\t<meta name=\"twitter:data1\" content=\"2 minutes\" \/>\n<script type=\"application\/ld+json\" class=\"yoast-schema-graph\">{\"@context\":\"https:\\\/\\\/schema.org\",\"@graph\":[{\"@type\":\"WebPage\",\"@id\":\"https:\\\/\\\/www.megasoft.de\\\/invicti-web-security-loesungen-netsparker-acunetix\\\/\",\"url\":\"https:\\\/\\\/www.megasoft.de\\\/invicti-web-security-loesungen-netsparker-acunetix\\\/\",\"name\":\"Invicti - Web Security L\u00f6sungen - netsparker & acunetix - megasoft IT\",\"isPartOf\":{\"@id\":\"https:\\\/\\\/www.megasoft.de\\\/#website\"},\"primaryImageOfPage\":{\"@id\":\"https:\\\/\\\/www.megasoft.de\\\/invicti-web-security-loesungen-netsparker-acunetix\\\/#primaryimage\"},\"image\":{\"@id\":\"https:\\\/\\\/www.megasoft.de\\\/invicti-web-security-loesungen-netsparker-acunetix\\\/#primaryimage\"},\"thumbnailUrl\":\"https:\\\/\\\/www.megasoft.de\\\/wp-content\\\/uploads\\\/invicti-netsparker-acunteix-logo-megasoft.png\",\"datePublished\":\"2020-11-10T07:10:16+00:00\",\"dateModified\":\"2021-02-14T09:08:53+00:00\",\"description\":\"Web Security L\u00f6sung | invicti | netsparker | acunetix | Enterprise Software | Innovation | Acunetix 360 | netsparker Enterprise | uvm.\",\"breadcrumb\":{\"@id\":\"https:\\\/\\\/www.megasoft.de\\\/invicti-web-security-loesungen-netsparker-acunetix\\\/#breadcrumb\"},\"inLanguage\":\"en-US\",\"potentialAction\":[{\"@type\":\"ReadAction\",\"target\":[\"https:\\\/\\\/www.megasoft.de\\\/invicti-web-security-loesungen-netsparker-acunetix\\\/\"]}]},{\"@type\":\"ImageObject\",\"inLanguage\":\"en-US\",\"@id\":\"https:\\\/\\\/www.megasoft.de\\\/invicti-web-security-loesungen-netsparker-acunetix\\\/#primaryimage\",\"url\":\"https:\\\/\\\/www.megasoft.de\\\/wp-content\\\/uploads\\\/invicti-netsparker-acunteix-logo-megasoft.png\",\"contentUrl\":\"https:\\\/\\\/www.megasoft.de\\\/wp-content\\\/uploads\\\/invicti-netsparker-acunteix-logo-megasoft.png\"},{\"@type\":\"BreadcrumbList\",\"@id\":\"https:\\\/\\\/www.megasoft.de\\\/invicti-web-security-loesungen-netsparker-acunetix\\\/#breadcrumb\",\"itemListElement\":[{\"@type\":\"ListItem\",\"position\":1,\"name\":\"Startseite\",\"item\":\"https:\\\/\\\/www.megasoft.de\\\/\"},{\"@type\":\"ListItem\",\"position\":2,\"name\":\"Invicti &#8211; Web Security L\u00f6sungen &#8211; netsparker &#038; acunetix\"}]},{\"@type\":\"WebSite\",\"@id\":\"https:\\\/\\\/www.megasoft.de\\\/#website\",\"url\":\"https:\\\/\\\/www.megasoft.de\\\/\",\"name\":\"megasoft IT GmbH &amp; Co. KG\",\"description\":\"Your IT Procurement Partner\",\"publisher\":{\"@id\":\"https:\\\/\\\/www.megasoft.de\\\/#organization\"},\"potentialAction\":[{\"@type\":\"SearchAction\",\"target\":{\"@type\":\"EntryPoint\",\"urlTemplate\":\"https:\\\/\\\/www.megasoft.de\\\/?s={search_term_string}\"},\"query-input\":{\"@type\":\"PropertyValueSpecification\",\"valueRequired\":true,\"valueName\":\"search_term_string\"}}],\"inLanguage\":\"en-US\"},{\"@type\":\"Organization\",\"@id\":\"https:\\\/\\\/www.megasoft.de\\\/#organization\",\"name\":\"megasoft IT GmbH &amp; Co. KG\",\"url\":\"https:\\\/\\\/www.megasoft.de\\\/\",\"logo\":{\"@type\":\"ImageObject\",\"inLanguage\":\"en-US\",\"@id\":\"https:\\\/\\\/www.megasoft.de\\\/#\\\/schema\\\/logo\\\/image\\\/\",\"url\":\"https:\\\/\\\/www.megasoft.de\\\/wp-content\\\/uploads\\\/megasoft_logo_IT_Procurement_Partner.png\",\"contentUrl\":\"https:\\\/\\\/www.megasoft.de\\\/wp-content\\\/uploads\\\/megasoft_logo_IT_Procurement_Partner.png\",\"width\":1400,\"height\":350,\"caption\":\"megasoft IT GmbH &amp; Co. KG\"},\"image\":{\"@id\":\"https:\\\/\\\/www.megasoft.de\\\/#\\\/schema\\\/logo\\\/image\\\/\"}}]}<\/script>\n<!-- \/ Yoast SEO plugin. -->","yoast_head_json":{"title":"Invicti - Web Security L\u00f6sungen - netsparker & acunetix - megasoft IT","description":"Web Security L\u00f6sung | invicti | netsparker | acunetix | Enterprise Software | Innovation | Acunetix 360 | netsparker Enterprise | uvm.","robots":{"index":"index","follow":"follow","max-snippet":"max-snippet:-1","max-image-preview":"max-image-preview:large","max-video-preview":"max-video-preview:-1"},"canonical":"https:\/\/www.megasoft.de\/en\/invicti-web-security-loesungen-netsparker-acunetix\/","og_locale":"en_US","og_type":"article","og_title":"Invicti - Web Security L\u00f6sungen - netsparker & acunetix - megasoft IT","og_description":"Web Security L\u00f6sung | invicti | netsparker | acunetix | Enterprise Software | Innovation | Acunetix 360 | netsparker Enterprise | uvm.","og_url":"https:\/\/www.megasoft.de\/en\/invicti-web-security-loesungen-netsparker-acunetix\/","og_site_name":"megasoft IT GmbH &amp; Co. KG","article_modified_time":"2021-02-14T09:08:53+00:00","og_image":[{"url":"https:\/\/www.megasoft.de\/wp-content\/uploads\/invicti-netsparker-acunteix-logo-megasoft.png","type":"","width":"","height":""}],"twitter_card":"summary_large_image","twitter_misc":{"Est. reading time":"2 minutes"},"schema":{"@context":"https:\/\/schema.org","@graph":[{"@type":"WebPage","@id":"https:\/\/www.megasoft.de\/invicti-web-security-loesungen-netsparker-acunetix\/","url":"https:\/\/www.megasoft.de\/invicti-web-security-loesungen-netsparker-acunetix\/","name":"Invicti - Web Security L\u00f6sungen - netsparker & acunetix - megasoft IT","isPartOf":{"@id":"https:\/\/www.megasoft.de\/#website"},"primaryImageOfPage":{"@id":"https:\/\/www.megasoft.de\/invicti-web-security-loesungen-netsparker-acunetix\/#primaryimage"},"image":{"@id":"https:\/\/www.megasoft.de\/invicti-web-security-loesungen-netsparker-acunetix\/#primaryimage"},"thumbnailUrl":"https:\/\/www.megasoft.de\/wp-content\/uploads\/invicti-netsparker-acunteix-logo-megasoft.png","datePublished":"2020-11-10T07:10:16+00:00","dateModified":"2021-02-14T09:08:53+00:00","description":"Web Security L\u00f6sung | invicti | netsparker | acunetix | Enterprise Software | Innovation | Acunetix 360 | netsparker Enterprise | uvm.","breadcrumb":{"@id":"https:\/\/www.megasoft.de\/invicti-web-security-loesungen-netsparker-acunetix\/#breadcrumb"},"inLanguage":"en-US","potentialAction":[{"@type":"ReadAction","target":["https:\/\/www.megasoft.de\/invicti-web-security-loesungen-netsparker-acunetix\/"]}]},{"@type":"ImageObject","inLanguage":"en-US","@id":"https:\/\/www.megasoft.de\/invicti-web-security-loesungen-netsparker-acunetix\/#primaryimage","url":"https:\/\/www.megasoft.de\/wp-content\/uploads\/invicti-netsparker-acunteix-logo-megasoft.png","contentUrl":"https:\/\/www.megasoft.de\/wp-content\/uploads\/invicti-netsparker-acunteix-logo-megasoft.png"},{"@type":"BreadcrumbList","@id":"https:\/\/www.megasoft.de\/invicti-web-security-loesungen-netsparker-acunetix\/#breadcrumb","itemListElement":[{"@type":"ListItem","position":1,"name":"Startseite","item":"https:\/\/www.megasoft.de\/"},{"@type":"ListItem","position":2,"name":"Invicti &#8211; Web Security L\u00f6sungen &#8211; netsparker &#038; acunetix"}]},{"@type":"WebSite","@id":"https:\/\/www.megasoft.de\/#website","url":"https:\/\/www.megasoft.de\/","name":"megasoft IT GmbH &amp; Co. KG","description":"Your IT Procurement Partner","publisher":{"@id":"https:\/\/www.megasoft.de\/#organization"},"potentialAction":[{"@type":"SearchAction","target":{"@type":"EntryPoint","urlTemplate":"https:\/\/www.megasoft.de\/?s={search_term_string}"},"query-input":{"@type":"PropertyValueSpecification","valueRequired":true,"valueName":"search_term_string"}}],"inLanguage":"en-US"},{"@type":"Organization","@id":"https:\/\/www.megasoft.de\/#organization","name":"megasoft IT GmbH &amp; Co. KG","url":"https:\/\/www.megasoft.de\/","logo":{"@type":"ImageObject","inLanguage":"en-US","@id":"https:\/\/www.megasoft.de\/#\/schema\/logo\/image\/","url":"https:\/\/www.megasoft.de\/wp-content\/uploads\/megasoft_logo_IT_Procurement_Partner.png","contentUrl":"https:\/\/www.megasoft.de\/wp-content\/uploads\/megasoft_logo_IT_Procurement_Partner.png","width":1400,"height":350,"caption":"megasoft IT GmbH &amp; Co. KG"},"image":{"@id":"https:\/\/www.megasoft.de\/#\/schema\/logo\/image\/"}}]}},"publishpress_future_action":{"enabled":false,"date":"2026-04-26 06:31:45","action":"change-status","newStatus":"draft","terms":[],"taxonomy":"","extraData":[]},"publishpress_future_workflow_manual_trigger":{"enabledWorkflows":[]},"_links":{"self":[{"href":"https:\/\/www.megasoft.de\/en\/wp-json\/wp\/v2\/pages\/8331","targetHints":{"allow":["GET"]}}],"collection":[{"href":"https:\/\/www.megasoft.de\/en\/wp-json\/wp\/v2\/pages"}],"about":[{"href":"https:\/\/www.megasoft.de\/en\/wp-json\/wp\/v2\/types\/page"}],"author":[{"embeddable":true,"href":"https:\/\/www.megasoft.de\/en\/wp-json\/wp\/v2\/users\/1"}],"replies":[{"embeddable":true,"href":"https:\/\/www.megasoft.de\/en\/wp-json\/wp\/v2\/comments?post=8331"}],"version-history":[{"count":13,"href":"https:\/\/www.megasoft.de\/en\/wp-json\/wp\/v2\/pages\/8331\/revisions"}],"predecessor-version":[{"id":111325,"href":"https:\/\/www.megasoft.de\/en\/wp-json\/wp\/v2\/pages\/8331\/revisions\/111325"}],"wp:attachment":[{"href":"https:\/\/www.megasoft.de\/en\/wp-json\/wp\/v2\/media?parent=8331"}],"curies":[{"name":"wp","href":"https:\/\/api.w.org\/{rel}","templated":true}]}}