{"id":9101,"date":"2021-02-01T11:43:55","date_gmt":"2021-02-01T10:43:55","guid":{"rendered":"https:\/\/www.megasoft.de\/?page_id=9101"},"modified":"2023-08-15T16:20:47","modified_gmt":"2023-08-15T14:20:47","slug":"macrium-software-backup-loesung","status":"publish","type":"page","link":"https:\/\/www.megasoft.de\/en\/macrium-software-backup-loesung\/","title":{"rendered":"Macrium Software &#8211; Backup L\u00f6sung"},"content":{"rendered":"<div class=\"view parallax\" style=\"height: 75vh;\"><img decoding=\"async\" class=\"parallax-img lazyload\" data-src=\"https:\/\/www.megasoft.de\/wp-content\/uploads\/macrium-software-backup-loesung-megasoft-it-scaled.jpg\" alt=\"\" src=\"data:image\/svg+xml;base64,PHN2ZyB3aWR0aD0iMSIgaGVpZ2h0PSIxIiB4bWxucz0iaHR0cDovL3d3dy53My5vcmcvMjAwMC9zdmciPjwvc3ZnPg==\" style=\"--smush-placeholder-width: 2560px; --smush-placeholder-aspect-ratio: 2560\/1440;\" \/><\/p>\n<div class=\"mask rgba-blue-slight\">\n<div class=\"container flex-center text-center\">\n<div class=\"row mt-5\">\n<div class=\"col-md-12 wow fadeIn mb-3 rgba-grey-strong\"><img decoding=\"async\" data-src=\"https:\/\/www.megasoft.de\/wp-content\/uploads\/Macrium-Software-Logo-backup-loesung-megasoft-it.png\" alt=\"Bild\" class=\"img-fluid lazyload\" src=\"data:image\/svg+xml;base64,PHN2ZyB3aWR0aD0iMSIgaGVpZ2h0PSIxIiB4bWxucz0iaHR0cDovL3d3dy53My5vcmcvMjAwMC9zdmciPjwvc3ZnPg==\" style=\"--smush-placeholder-width: 1200px; --smush-placeholder-aspect-ratio: 1200\/202;\" \/><\/p>\n<h3 class=\"text-center font-weight-bold white-text\"><\/h3>\n<h1 class=\"text-center font-weight-bold white-text\">Leistungsstarkes, zuverl\u00e4ssiges Backup f\u00fcr Windows<\/h1>\n<\/div>\n<\/div>\n<\/div>\n<\/div>\n<\/div>\n<div class=\"container\">\n<h2 class=\"text-center\">Was ist Macrium?<\/h2>\n<p class=\"text-center\">Macrium bietet professionelle Backup- und Datensicherungsl\u00f6sungen f\u00fcr Windows Syteme.<\/p>\n<p class=\"text-center\">Macrium entwickelt seine Software mit dem Verst\u00e4ndnis, dass Zuverl\u00e4ssigkeit und Vertrauen alles sind, wenn es um Datensicherung geht. Macrium hat es sich zur Aufgabe gemacht, Einzelpersonen und Unternehmen dabei zu helfen, ihre Daten besser vor sich entwickelnden Bedrohungen und potenziellen Katastrophen zu sch\u00fctzen.<\/p>\n<hr \/>\n<h2 class=\"text-center\">Warum Macrium Backup?<\/h2>\n<h3>Macrium Backup ist schnell<\/h3>\n<p>\u25cf Sofortiges Erstellen, Starten und Verwalten von Microsoft Hyper-V virtuellen Maschinen mit viBoot<br \/>\n\u25cf Systeme und Maschinen nach einem Ausfall mit Rapid Delta Restore wieder zum Laufen bringen<\/p>\n<h3>Macrium Backup ist zuverl\u00e4ssig<\/h3>\n<p>\u25cf Schutz vor Ransomware mit Macrium Image Guardian<br \/>\n\u25cf Unterst\u00fctzung f\u00fcr MBR- und GPT-Festplatten<\/p>\n<h3>Macrium Backup ist einfach zu bedienen und zu verwalten<\/h3>\n<p>\u25cf Wiederherstellung von Partitionen und ganzen Disk-Images mit nur wenigen Mausklicks<br \/>\n\u25cf Einbinden von Images in den Windows Explorer zur einfachen Wiederherstellung auf Elementebene<\/p>\n<h3>Macrium Backup ist effizient<\/h3>\n<p>\u25cf Sichern Sie Ihren gesamten PC oder Arbeitsplatz in eine einzige komprimierte Image-Datei<br \/>\n\u25cf Sichern von Dateien und Ordnern in eine einzelne komprimierte Archivdatei<\/p>\n<hr \/>\n<h2 class=\"text-center\">Welche Produkte sind verf\u00fcgbar?<\/h2>\n<p>Macrium bietet \u00fcber seine Produktpalette Backups f\u00fcr eine Reihe von Anwendungsf\u00e4llen und Kontexten an.<\/p>\n<h3>Zuhause<\/h3>\n<p>Endpoint Protection f\u00fcr private PCs.<\/p>\n<h3>Arbeitsstation<\/h3>\n<p>Endpoint Protection f\u00fcr individuelle Maschinen.<\/p>\n<h3>Server<\/h3>\n<p>Sch\u00fctzt Server und sorgt f\u00fcr Business-Resilience.<\/p>\n<h3>Server Plus<\/h3>\n<p>Schutz f\u00fcr Microsoft Exchange- und SQL-Server<\/p>\n<h3>Techniker-Lizenz<\/h3>\n<p>Portables Backup, das auf einem USB-Stick mitgef\u00fchrt werden kann.<\/p>\n<h3>Deployment-Kit<\/h3>\n<p>Verteilen Sie ein Master-Image auf Workstations oder Server im gro\u00dfen Stil (skalierbar)<\/p>\n<hr \/>\n<h2 class=\"text-center\">Backup in gro\u00dfem Ma\u00dfstab<\/h2>\n<p>Macrium macht es einfach, Maschinen in gro\u00dfem Umfang zu sichern &#8211; dank Macrium Site Manager und Multi Site.<\/p>\n<h3>Macrium Site-Manager<\/h3>\n<p>Mit Macrium Site Manager k\u00f6nnen IT-Teams Backups an einem einzigen Ort bereitstellen, konfigurieren und \u00fcberwachen. Er kann zur Verwaltung von Einzelplatzlizenzen verwendet werden, aber viele Anwender entscheiden sich f\u00fcr den Kauf von Agenten &#8211; diese erm\u00f6glichen es Ihnen, Workstations und Server auf kosteng\u00fcnstigere Weise in gro\u00dfem Umfang zu sichern.<\/p>\n<h3>Multi-Site<\/h3>\n<p>Multi Site bietet ein noch h\u00f6heres Ma\u00df an Transparenz. Es erm\u00f6glicht internen IT-Teams oder externen Diensten, viele verschiedene Instanzen von Site Manager an einem Ort zu verwalten. Dies bringt Kontrolle und Klarheit in besonders komplexe Implementierungen.<\/p>\n<\/div>\n<div class=\"view parallax\" style=\"height: 75vh;\"><img decoding=\"async\" class=\"parallax-img lazyload\" data-src=\"https:\/\/www.megasoft.de\/wp-content\/uploads\/macrium-software-backup-loesung-megasoft-it-scaled.jpg\" alt=\"\" src=\"data:image\/svg+xml;base64,PHN2ZyB3aWR0aD0iMSIgaGVpZ2h0PSIxIiB4bWxucz0iaHR0cDovL3d3dy53My5vcmcvMjAwMC9zdmciPjwvc3ZnPg==\" style=\"--smush-placeholder-width: 2560px; --smush-placeholder-aspect-ratio: 2560\/1440;\" \/><\/p>\n<div class=\"mask rgba-blue-slight\">\n<div class=\"container flex-center text-center\">\n<div class=\"row mt-5\">\n<div class=\"col-md-12 wow fadeIn mb-3 rgba-grey-strong\"><img decoding=\"async\" data-src=\"https:\/\/www.megasoft.de\/wp-content\/uploads\/Macrium-Software-Logo-backup-loesung-megasoft-it.png\" alt=\"Bild\" class=\"img-fluid lazyload\" src=\"data:image\/svg+xml;base64,PHN2ZyB3aWR0aD0iMSIgaGVpZ2h0PSIxIiB4bWxucz0iaHR0cDovL3d3dy53My5vcmcvMjAwMC9zdmciPjwvc3ZnPg==\" style=\"--smush-placeholder-width: 1200px; --smush-placeholder-aspect-ratio: 1200\/202;\" \/><\/p>\n<h3 class=\"text-center font-weight-bold white-text\"><\/h3>\n<h1 class=\"text-center font-weight-bold white-text\">Powerful, reliable backup for Windows<\/h1>\n<\/div>\n<\/div>\n<\/div>\n<\/div>\n<\/div>\n<div class=\"container\">\n<h2 class=\"text-center\">What is Macrium Backup?<\/h2>\n<p class=\"text-center\">Macrium provides backup and data protection solutions for Windows for both home and business users.<\/p>\n<p class=\"text-center\">Developing its software with an understanding that reliability and trust are everything when it comes to backup, Macrium is dedicated to helping individuals and organizations better defend their data from evolving threats and potential disasters.<\/p>\n<hr \/>\n<h2 class=\"text-center\">Why choose Macrium?<\/h2>\n<h3>Macrium backup is fast<\/h3>\n<p>\u25cf Instantly create, start and manage Microsoft Hyper-V virtual machines using viBoot<br \/>\n\u25cf Get systems and machines up and running after failure with Rapid Delta Restore<\/p>\n<h3>Macrium backup is reliable<\/h3>\n<p>\u25cf Ransomware protection with Macrium Image Guardian<br \/>\n\u25cf Support for MBR and GPT disks<\/p>\n<h3>Macrium backup is easy to use and manage<\/h3>\n<p>\u25cf Recover partitions and entire disk images with just a few clicks of your mouse<br \/>\n\u25cf Mount images in Windows Explorer for easy item level recovery<\/p>\n<h3>Macrium backup is efficient<\/h3>\n<p backup=\"\" your=\"\" entire=\"\" pc=\"\" or=\"\" workstation=\"\" to=\"\" a=\"\" single=\"\" compressed=\"\" image=\"\" file=\"\" files=\"\" and=\"\" folders=\"\" archive=\"\" p=\"\">\n<hr \/>\n<h2 class=\"text-center\">What products are available?<\/h2>\n<p class=\"text-center\">Macrium provides backup for a range of use cases and contexts across its product range.<\/p>\n<h3>Home<\/h3>\n<p>Endpoint protection for personal PCs<\/p>\n<h3>Workstation<\/h3>\n<p>Endpoint protection for individual machines.<\/p>\n<h3>Server<\/h3>\n<p>Protects servers and ensures business resilience<\/p>\n<h3>Server Plus<\/h3>\n<p>Protection for Exchange and SQL servers<\/p>\n<h3>Technician&#8217;s License<\/h3>\n<p>Portable backup that can be carried on a USB stick<\/p>\n<h3>Deployment-Kit<\/h3>\n<p>Deploy a Master Image across workstations or servers at scale<\/p>\n<hr \/>\n<h2 class=\"text-center\">Backup at scale<\/h2>\n<p class=\"text-center\">Macrium makes it easy to backup machines at scale thanks to Macrium Site Manager and Multi Site.<\/p>\n<h3>Macrium Site-Manager<\/h3>\n<p>Macrium Site Manager allows IT teams to deploy, configure, and monitor backups in a single place. It can be used to manage standalone licenses, but many users opt to purchase Agent &#8211; these allow you to protect workstations and servers at scale in a more cost effective way.<\/p>\n<h3>Multi-Site<\/h3>\n<p>Multi Site offers an even higher level of visibility. It allows internal IT teams or external services to manage many different instances of Site Manager in one place. This brings control and clarity to particularly complex deployments.<\/p>\n<p><a href=\"https:\/\/www.macrium.com\/\" target=\"_blank\" rel=\"noopener\">Zur Hersteller Website<\/a><\/p>\n<\/div>","protected":false},"excerpt":{"rendered":"<p>Leistungsstarkes, zuverl\u00e4ssiges Backup f\u00fcr Windows Was ist Macrium? Macrium bietet professionelle Backup- und Datensicherungsl\u00f6sungen f\u00fcr Windows Syteme. Macrium entwickelt seine Software mit dem Verst\u00e4ndnis, dass Zuverl\u00e4ssigkeit und Vertrauen alles sind, wenn es um Datensicherung geht. Macrium hat es sich zur Aufgabe gemacht, Einzelpersonen und Unternehmen dabei zu helfen, ihre Daten [&hellip;]<\/p>\n","protected":false},"author":1,"featured_media":0,"parent":0,"menu_order":0,"comment_status":"closed","ping_status":"closed","template":"","meta":{"om_disable_all_campaigns":false,"_monsterinsights_skip_tracking":false,"_monsterinsights_sitenote_active":false,"_monsterinsights_sitenote_note":"","_monsterinsights_sitenote_category":0,"_themeisle_gutenberg_block_has_review":false,"footnotes":""},"class_list":["post-9101","page","type-page","status-publish","hentry","wpautop"],"yoast_head":"<!-- This site is optimized with the Yoast SEO plugin v27.6 - https:\/\/yoast.com\/product\/yoast-seo-wordpress\/ -->\n<title>Macrium Software - Backup L\u00f6sung - megasoft IT GmbH &amp; Co. KG<\/title>\n<meta name=\"description\" content=\"Macrium Software Backup L\u00f6sungen bei megasoft IT\u00ae - Your IT Procurement Partner | Software f\u00fcr kleine und gro\u00dfe Unternehmen!\" \/>\n<meta name=\"robots\" content=\"index, follow, max-snippet:-1, max-image-preview:large, max-video-preview:-1\" \/>\n<link rel=\"canonical\" href=\"https:\/\/www.megasoft.de\/en\/macrium-software-backup-loesung\/\" \/>\n<meta property=\"og:locale\" content=\"en_US\" \/>\n<meta property=\"og:type\" content=\"article\" \/>\n<meta property=\"og:title\" content=\"Macrium Software - Backup L\u00f6sung - megasoft IT GmbH &amp; Co. KG\" \/>\n<meta property=\"og:description\" content=\"Macrium Software Backup L\u00f6sungen bei megasoft IT\u00ae - Your IT Procurement Partner | Software f\u00fcr kleine und gro\u00dfe Unternehmen!\" \/>\n<meta property=\"og:url\" content=\"https:\/\/www.megasoft.de\/en\/macrium-software-backup-loesung\/\" \/>\n<meta property=\"og:site_name\" content=\"megasoft IT GmbH &amp; Co. KG\" \/>\n<meta property=\"article:modified_time\" content=\"2023-08-15T14:20:47+00:00\" \/>\n<meta property=\"og:image\" content=\"https:\/\/www.megasoft.de\/wp-content\/uploads\/macrium-software-backup-loesung-megasoft-it-scaled.jpg\" \/>\n<meta name=\"twitter:card\" content=\"summary_large_image\" \/>\n<meta name=\"twitter:label1\" content=\"Est. reading time\" \/>\n\t<meta name=\"twitter:data1\" content=\"3 minutes\" \/>\n<script type=\"application\/ld+json\" class=\"yoast-schema-graph\">{\"@context\":\"https:\\\/\\\/schema.org\",\"@graph\":[{\"@type\":\"WebPage\",\"@id\":\"https:\\\/\\\/www.megasoft.de\\\/macrium-software-backup-loesung\\\/\",\"url\":\"https:\\\/\\\/www.megasoft.de\\\/macrium-software-backup-loesung\\\/\",\"name\":\"Macrium Software - Backup L\u00f6sung - megasoft IT GmbH &amp; Co. KG\",\"isPartOf\":{\"@id\":\"https:\\\/\\\/www.megasoft.de\\\/#website\"},\"primaryImageOfPage\":{\"@id\":\"https:\\\/\\\/www.megasoft.de\\\/macrium-software-backup-loesung\\\/#primaryimage\"},\"image\":{\"@id\":\"https:\\\/\\\/www.megasoft.de\\\/macrium-software-backup-loesung\\\/#primaryimage\"},\"thumbnailUrl\":\"https:\\\/\\\/www.megasoft.de\\\/wp-content\\\/uploads\\\/macrium-software-backup-loesung-megasoft-it-scaled.jpg\",\"datePublished\":\"2021-02-01T10:43:55+00:00\",\"dateModified\":\"2023-08-15T14:20:47+00:00\",\"description\":\"Macrium Software Backup L\u00f6sungen bei megasoft IT\u00ae - Your IT Procurement Partner | Software f\u00fcr kleine und gro\u00dfe Unternehmen!\",\"breadcrumb\":{\"@id\":\"https:\\\/\\\/www.megasoft.de\\\/macrium-software-backup-loesung\\\/#breadcrumb\"},\"inLanguage\":\"en-US\",\"potentialAction\":[{\"@type\":\"ReadAction\",\"target\":[\"https:\\\/\\\/www.megasoft.de\\\/macrium-software-backup-loesung\\\/\"]}]},{\"@type\":\"ImageObject\",\"inLanguage\":\"en-US\",\"@id\":\"https:\\\/\\\/www.megasoft.de\\\/macrium-software-backup-loesung\\\/#primaryimage\",\"url\":\"https:\\\/\\\/www.megasoft.de\\\/wp-content\\\/uploads\\\/macrium-software-backup-loesung-megasoft-it-scaled.jpg\",\"contentUrl\":\"https:\\\/\\\/www.megasoft.de\\\/wp-content\\\/uploads\\\/macrium-software-backup-loesung-megasoft-it-scaled.jpg\"},{\"@type\":\"BreadcrumbList\",\"@id\":\"https:\\\/\\\/www.megasoft.de\\\/macrium-software-backup-loesung\\\/#breadcrumb\",\"itemListElement\":[{\"@type\":\"ListItem\",\"position\":1,\"name\":\"Startseite\",\"item\":\"https:\\\/\\\/www.megasoft.de\\\/\"},{\"@type\":\"ListItem\",\"position\":2,\"name\":\"Macrium Software &#8211; Backup L\u00f6sung\"}]},{\"@type\":\"WebSite\",\"@id\":\"https:\\\/\\\/www.megasoft.de\\\/#website\",\"url\":\"https:\\\/\\\/www.megasoft.de\\\/\",\"name\":\"megasoft IT GmbH &amp; Co. KG\",\"description\":\"Your IT Procurement Partner\",\"publisher\":{\"@id\":\"https:\\\/\\\/www.megasoft.de\\\/#organization\"},\"potentialAction\":[{\"@type\":\"SearchAction\",\"target\":{\"@type\":\"EntryPoint\",\"urlTemplate\":\"https:\\\/\\\/www.megasoft.de\\\/?s={search_term_string}\"},\"query-input\":{\"@type\":\"PropertyValueSpecification\",\"valueRequired\":true,\"valueName\":\"search_term_string\"}}],\"inLanguage\":\"en-US\"},{\"@type\":\"Organization\",\"@id\":\"https:\\\/\\\/www.megasoft.de\\\/#organization\",\"name\":\"megasoft IT GmbH &amp; Co. KG\",\"url\":\"https:\\\/\\\/www.megasoft.de\\\/\",\"logo\":{\"@type\":\"ImageObject\",\"inLanguage\":\"en-US\",\"@id\":\"https:\\\/\\\/www.megasoft.de\\\/#\\\/schema\\\/logo\\\/image\\\/\",\"url\":\"https:\\\/\\\/www.megasoft.de\\\/wp-content\\\/uploads\\\/megasoft_logo_IT_Procurement_Partner.png\",\"contentUrl\":\"https:\\\/\\\/www.megasoft.de\\\/wp-content\\\/uploads\\\/megasoft_logo_IT_Procurement_Partner.png\",\"width\":1400,\"height\":350,\"caption\":\"megasoft IT GmbH &amp; Co. KG\"},\"image\":{\"@id\":\"https:\\\/\\\/www.megasoft.de\\\/#\\\/schema\\\/logo\\\/image\\\/\"}}]}<\/script>\n<!-- \/ Yoast SEO plugin. -->","yoast_head_json":{"title":"Macrium Software - Backup L\u00f6sung - megasoft IT GmbH &amp; Co. KG","description":"Macrium Software Backup L\u00f6sungen bei megasoft IT\u00ae - Your IT Procurement Partner | Software f\u00fcr kleine und gro\u00dfe Unternehmen!","robots":{"index":"index","follow":"follow","max-snippet":"max-snippet:-1","max-image-preview":"max-image-preview:large","max-video-preview":"max-video-preview:-1"},"canonical":"https:\/\/www.megasoft.de\/en\/macrium-software-backup-loesung\/","og_locale":"en_US","og_type":"article","og_title":"Macrium Software - Backup L\u00f6sung - megasoft IT GmbH &amp; Co. KG","og_description":"Macrium Software Backup L\u00f6sungen bei megasoft IT\u00ae - Your IT Procurement Partner | Software f\u00fcr kleine und gro\u00dfe Unternehmen!","og_url":"https:\/\/www.megasoft.de\/en\/macrium-software-backup-loesung\/","og_site_name":"megasoft IT GmbH &amp; Co. KG","article_modified_time":"2023-08-15T14:20:47+00:00","og_image":[{"url":"https:\/\/www.megasoft.de\/wp-content\/uploads\/macrium-software-backup-loesung-megasoft-it-scaled.jpg","type":"","width":"","height":""}],"twitter_card":"summary_large_image","twitter_misc":{"Est. reading time":"3 minutes"},"schema":{"@context":"https:\/\/schema.org","@graph":[{"@type":"WebPage","@id":"https:\/\/www.megasoft.de\/macrium-software-backup-loesung\/","url":"https:\/\/www.megasoft.de\/macrium-software-backup-loesung\/","name":"Macrium Software - Backup L\u00f6sung - megasoft IT GmbH &amp; Co. KG","isPartOf":{"@id":"https:\/\/www.megasoft.de\/#website"},"primaryImageOfPage":{"@id":"https:\/\/www.megasoft.de\/macrium-software-backup-loesung\/#primaryimage"},"image":{"@id":"https:\/\/www.megasoft.de\/macrium-software-backup-loesung\/#primaryimage"},"thumbnailUrl":"https:\/\/www.megasoft.de\/wp-content\/uploads\/macrium-software-backup-loesung-megasoft-it-scaled.jpg","datePublished":"2021-02-01T10:43:55+00:00","dateModified":"2023-08-15T14:20:47+00:00","description":"Macrium Software Backup L\u00f6sungen bei megasoft IT\u00ae - Your IT Procurement Partner | Software f\u00fcr kleine und gro\u00dfe Unternehmen!","breadcrumb":{"@id":"https:\/\/www.megasoft.de\/macrium-software-backup-loesung\/#breadcrumb"},"inLanguage":"en-US","potentialAction":[{"@type":"ReadAction","target":["https:\/\/www.megasoft.de\/macrium-software-backup-loesung\/"]}]},{"@type":"ImageObject","inLanguage":"en-US","@id":"https:\/\/www.megasoft.de\/macrium-software-backup-loesung\/#primaryimage","url":"https:\/\/www.megasoft.de\/wp-content\/uploads\/macrium-software-backup-loesung-megasoft-it-scaled.jpg","contentUrl":"https:\/\/www.megasoft.de\/wp-content\/uploads\/macrium-software-backup-loesung-megasoft-it-scaled.jpg"},{"@type":"BreadcrumbList","@id":"https:\/\/www.megasoft.de\/macrium-software-backup-loesung\/#breadcrumb","itemListElement":[{"@type":"ListItem","position":1,"name":"Startseite","item":"https:\/\/www.megasoft.de\/"},{"@type":"ListItem","position":2,"name":"Macrium Software &#8211; Backup L\u00f6sung"}]},{"@type":"WebSite","@id":"https:\/\/www.megasoft.de\/#website","url":"https:\/\/www.megasoft.de\/","name":"megasoft IT GmbH &amp; Co. KG","description":"Your IT Procurement Partner","publisher":{"@id":"https:\/\/www.megasoft.de\/#organization"},"potentialAction":[{"@type":"SearchAction","target":{"@type":"EntryPoint","urlTemplate":"https:\/\/www.megasoft.de\/?s={search_term_string}"},"query-input":{"@type":"PropertyValueSpecification","valueRequired":true,"valueName":"search_term_string"}}],"inLanguage":"en-US"},{"@type":"Organization","@id":"https:\/\/www.megasoft.de\/#organization","name":"megasoft IT GmbH &amp; Co. KG","url":"https:\/\/www.megasoft.de\/","logo":{"@type":"ImageObject","inLanguage":"en-US","@id":"https:\/\/www.megasoft.de\/#\/schema\/logo\/image\/","url":"https:\/\/www.megasoft.de\/wp-content\/uploads\/megasoft_logo_IT_Procurement_Partner.png","contentUrl":"https:\/\/www.megasoft.de\/wp-content\/uploads\/megasoft_logo_IT_Procurement_Partner.png","width":1400,"height":350,"caption":"megasoft IT GmbH &amp; Co. KG"},"image":{"@id":"https:\/\/www.megasoft.de\/#\/schema\/logo\/image\/"}}]}},"publishpress_future_action":{"enabled":false,"date":"2026-05-20 23:55:25","action":"change-status","newStatus":"draft","terms":[],"taxonomy":"","extraData":[]},"publishpress_future_workflow_manual_trigger":{"enabledWorkflows":[]},"_links":{"self":[{"href":"https:\/\/www.megasoft.de\/en\/wp-json\/wp\/v2\/pages\/9101","targetHints":{"allow":["GET"]}}],"collection":[{"href":"https:\/\/www.megasoft.de\/en\/wp-json\/wp\/v2\/pages"}],"about":[{"href":"https:\/\/www.megasoft.de\/en\/wp-json\/wp\/v2\/types\/page"}],"author":[{"embeddable":true,"href":"https:\/\/www.megasoft.de\/en\/wp-json\/wp\/v2\/users\/1"}],"replies":[{"embeddable":true,"href":"https:\/\/www.megasoft.de\/en\/wp-json\/wp\/v2\/comments?post=9101"}],"version-history":[{"count":13,"href":"https:\/\/www.megasoft.de\/en\/wp-json\/wp\/v2\/pages\/9101\/revisions"}],"predecessor-version":[{"id":98587,"href":"https:\/\/www.megasoft.de\/en\/wp-json\/wp\/v2\/pages\/9101\/revisions\/98587"}],"wp:attachment":[{"href":"https:\/\/www.megasoft.de\/en\/wp-json\/wp\/v2\/media?parent=9101"}],"curies":[{"name":"wp","href":"https:\/\/api.w.org\/{rel}","templated":true}]}}