{"id":9172,"date":"2021-03-17T18:11:21","date_gmt":"2021-03-17T17:11:21","guid":{"rendered":"https:\/\/www.megasoft.de\/?page_id=9172"},"modified":"2024-06-03T20:05:37","modified_gmt":"2024-06-03T18:05:37","slug":"coreldraw-graphics-suite-car-wrapping-angebot","status":"publish","type":"page","link":"https:\/\/www.megasoft.de\/en\/coreldraw-graphics-suite-car-wrapping-angebot\/","title":{"rendered":"CorelDRAW Graphics Suite Car Wrapping &#8211; Angebot"},"content":{"rendered":"<div id=\"wp-block-themeisle-blocks-advanced-columns-f8e273d6\" class=\"wp-block-themeisle-blocks-advanced-columns has-2-columns has-desktop-equal-layout has-tablet-equal-layout has-mobile-equal-layout has-vertical-unset\"><div class=\"wp-block-themeisle-blocks-advanced-columns-overlay\"><\/div><div class=\"innerblocks-wrap\">\n<div id=\"wp-block-themeisle-blocks-advanced-column-c28178a9\" class=\"wp-block-themeisle-blocks-advanced-column\">\n<div id=\"wp-block-themeisle-blocks-advanced-heading-19d0ecdb\" class=\"wp-block-themeisle-blocks-advanced-heading wp-block-themeisle-blocks-advanced-heading-19d0ecdb\"><strong>CorelDRAW im einsatz<\/strong><\/div>\n\n\n\n<h2 class=\"has-text-align-left wp-block-heading\">Fahrzeugbeschriftungen<\/h2>\n\n\n\n<p>Mit einer professionellen Fahrzeugbeschriftung verwandeln Sie ihre eigenen Fahrzeuge und Kundenfahrzeuge zu langw\u00e4hrenden Werbetr\u00e4gern. Mit der CorelDRAW Graphics Suite und den unz\u00e4hligen Vorlagen f\u00fcr Fahrzeugbeschriftungen stehen Ihnen die besten Werkzeuge f\u00fcr ein perfektes Ergebnis zur Verf\u00fcgung. Die Fahrzeug-Folierung, auch Car-Wrapping genannt teilt sich in unterschiedliche Bereiche unterteilt.<\/p>\n\n\n\n<ul class=\"wp-block-list\"><li>Fahrzeug-Folierung: Designen Sie Voll- und Teilverklebungen Ihres Wunschfahrzeuges. Dabei k\u00f6nnen Sie Designs f\u00fcr Foliendruck und unbedruckter Folie erstellen.<\/li><li>Fahrzeugbeschriftung: Fahrzeugbeschriftungen ist eine Teilmenge der Fahrzeug-Folierung. Erstellen Sie Schriften und Designs f\u00fcr eine auff\u00e4llige und nachhaltige Werbung auf dem gew\u00fcnschten Fahrzeug.<\/li><\/ul>\n<\/div>\n\n\n\n<div id=\"wp-block-themeisle-blocks-advanced-column-b362adda\" class=\"wp-block-themeisle-blocks-advanced-column\">\n<figure class=\"wp-block-image size-large\"><img decoding=\"async\" data-src=\"https:\/\/www.megasoft.de\/wp-content\/uploads\/coreldraw-graphics-suite-car-wrapping-angebot-autofolierung-vorlagen-special.jpg\" alt=\"coreldraw autofolierung\" src=\"data:image\/svg+xml;base64,PHN2ZyB3aWR0aD0iMSIgaGVpZ2h0PSIxIiB4bWxucz0iaHR0cDovL3d3dy53My5vcmcvMjAwMC9zdmciPjwvc3ZnPg==\" class=\"lazyload\" style=\"--smush-placeholder-width: 1280px; --smush-placeholder-aspect-ratio: 1280\/1920;\" \/><\/figure>\n<\/div>\n<\/div><\/div>\n\n\n\n<section id=\"wp-block-themeisle-blocks-advanced-columns-e0e1ab2e\" class=\"wp-block-themeisle-blocks-advanced-columns alignwide has-3-columns has-desktop-equal-layout has-tablet-equal-layout has-mobile-collapsedRows-layout has-vertical-flex-start\"><div class=\"wp-block-themeisle-blocks-advanced-columns-overlay\"><\/div><div class=\"innerblocks-wrap\">\n<div id=\"wp-block-themeisle-blocks-advanced-column-43e17023\" class=\"wp-block-themeisle-blocks-advanced-column\">\n<h3 id=\"wp-block-themeisle-blocks-advanced-heading-cd4d5bb0\" class=\"wp-block-themeisle-blocks-advanced-heading wp-block-themeisle-blocks-advanced-heading-cd4d5bb0\">Abo<\/h3>\n\n\n\n<span id=\"wp-block-themeisle-blocks-advanced-heading-7d521980\" class=\"wp-block-themeisle-blocks-advanced-heading wp-block-themeisle-blocks-advanced-heading-7d521980\"><strong>ab 279\u20ac<\/strong><\/span>\n\n\n\n<p id=\"wp-block-themeisle-blocks-advanced-heading-ee4f525b\" class=\"wp-block-themeisle-blocks-advanced-heading wp-block-themeisle-blocks-advanced-heading-ee4f525b\">Party snackwave four dollar toast tumeric cold-pressed.<\/p>\n\n\n\n<div class=\"wp-block-buttons is-horizontal is-content-justification-center is-layout-flex wp-container-core-buttons-is-layout-03627597 wp-block-buttons-is-layout-flex\">\n<div class=\"wp-block-button has-custom-width wp-block-button__width-100 is-style-primary\"><a class=\"wp-block-button__link\" href=\"https:\/\/megasoft-shop.de\/coreldraw-graphics-suite-2022-angebot.html\" target=\"_blank\" rel=\"noreferrer noopener\">Angebot sichern<\/a><\/div>\n<\/div>\n\n\n\n<div style=\"height:10px\" aria-hidden=\"true\" class=\"wp-block-spacer\"><\/div>\n\n\n\n<hr class=\"wp-block-separator has-text-color has-background has-nv-light-bg-background-color has-nv-light-bg-color is-style-default\"\/>\n\n\n\n<div style=\"height:20px\" aria-hidden=\"true\" class=\"wp-block-spacer\"><\/div>\n<\/div>\n\n\n\n<div id=\"wp-block-themeisle-blocks-advanced-column-2489d76c\" class=\"wp-block-themeisle-blocks-advanced-column\">\n<h3 id=\"wp-block-themeisle-blocks-advanced-heading-e30ccf77\" class=\"wp-block-themeisle-blocks-advanced-heading wp-block-themeisle-blocks-advanced-heading-e30ccf77\">Kauflizenz<\/h3>\n\n\n\n<span id=\"wp-block-themeisle-blocks-advanced-heading-01f7ed6b\" class=\"wp-block-themeisle-blocks-advanced-heading wp-block-themeisle-blocks-advanced-heading-01f7ed6b\"><strong>ab 629\u20ac<\/strong><\/span>\n\n\n\n<p id=\"wp-block-themeisle-blocks-advanced-heading-fe18de7e\" class=\"wp-block-themeisle-blocks-advanced-heading wp-block-themeisle-blocks-advanced-heading-fe18de7e\">Party snackwave four dollar toast tumeric cold-pressed.<\/p>\n\n\n\n<div class=\"wp-block-buttons is-horizontal is-content-justification-center is-layout-flex wp-container-core-buttons-is-layout-03627597 wp-block-buttons-is-layout-flex\">\n<div class=\"wp-block-button has-custom-width wp-block-button__width-100 is-style-primary\"><a class=\"wp-block-button__link\" href=\"https:\/\/megasoft-shop.de\/coreldraw-graphics-suite-2022-angebot.html\" target=\"_blank\" rel=\"noreferrer noopener\">Angebot sichern<\/a><\/div>\n<\/div>\n\n\n\n<div style=\"height:10px\" aria-hidden=\"true\" class=\"wp-block-spacer\"><\/div>\n\n\n\n<hr class=\"wp-block-separator has-text-color has-background has-nv-light-bg-background-color has-nv-light-bg-color is-style-default\"\/>\n\n\n\n<div id=\"wp-block-themeisle-blocks-icon-list-fb8b7e9c\" class=\"wp-block-themeisle-blocks-icon-list\"><\/div>\n\n\n\n<div style=\"height:20px\" aria-hidden=\"true\" class=\"wp-block-spacer\"><\/div>\n<\/div>\n\n\n\n<div id=\"wp-block-themeisle-blocks-advanced-column-09158d16\" class=\"wp-block-themeisle-blocks-advanced-column\">\n<h3 id=\"wp-block-themeisle-blocks-advanced-heading-b3766bd8\" class=\"wp-block-themeisle-blocks-advanced-heading wp-block-themeisle-blocks-advanced-heading-b3766bd8\">Enterprise<\/h3>\n\n\n\n<span id=\"wp-block-themeisle-blocks-advanced-heading-e601353c\" class=\"wp-block-themeisle-blocks-advanced-heading wp-block-themeisle-blocks-advanced-heading-e601353c\"><strong>auf Anfrage<\/strong><\/span>\n\n\n\n<p id=\"wp-block-themeisle-blocks-advanced-heading-39d2e261\" class=\"wp-block-themeisle-blocks-advanced-heading wp-block-themeisle-blocks-advanced-heading-39d2e261\">Party snackwave four dollar toast tumeric cold-pressed.<\/p>\n\n\n\n<div class=\"wp-block-buttons is-horizontal is-content-justification-center is-layout-flex wp-container-core-buttons-is-layout-03627597 wp-block-buttons-is-layout-flex\">\n<div class=\"wp-block-button has-custom-width wp-block-button__width-100 is-style-primary\"><a class=\"wp-block-button__link\" href=\"https:\/\/www.megasoft.de\/en\/kontakt\/\" target=\"_blank\" rel=\"noreferrer noopener\">Anfragen<\/a><\/div>\n<\/div>\n\n\n\n<div style=\"height:10px\" aria-hidden=\"true\" class=\"wp-block-spacer\"><\/div>\n\n\n\n<hr class=\"wp-block-separator has-text-color has-background has-nv-light-bg-background-color has-nv-light-bg-color is-style-default\"\/>\n\n\n\n<div id=\"wp-block-themeisle-blocks-icon-list-2c744428\" class=\"wp-block-themeisle-blocks-icon-list\"><\/div>\n\n\n\n<div style=\"height:20px\" aria-hidden=\"true\" class=\"wp-block-spacer\"><\/div>\n<\/div>\n<\/div><\/section>\n\n\n\n<h2 class=\"wp-block-heading\">Autofolierung mit CorelDRAW &#8211; Timelaps<\/h2>\n\n\n\n<p>In diesem CorelDRAW Video sehen Sie \u201eAutofolierung extreme \u2013 4 Tage Car Wrapping im Zeitraffer.<br>Um Ihnen ein Bild der Einsatzm\u00f6glichkeiten von CorelDRAW machen zu k\u00f6nnen war Corel zu Besuch bei Robin B\u00f6s und haben eine Autofolierung mithilfe von CorelDRAW von Anfang an begleitet.<\/p>\n\n\n\n<figure class=\"wp-block-embed is-type-rich is-provider-handler-einbetten wp-block-embed-handler-einbetten wp-embed-aspect-16-9 wp-has-aspect-ratio\"><div class=\"wp-block-embed__wrapper\">\n<iframe title=\"Autofolierung extreme Timelapse ...4 Tage \u2013 1 Car Wrapping mit CorelDRAW und Robin B\u00f6s\" width=\"750\" height=\"422\" data-src=\"https:\/\/www.youtube.com\/embed\/vpbkjmqk_hI?feature=oembed\" frameborder=\"0\" allow=\"accelerometer; autoplay; clipboard-write; encrypted-media; gyroscope; picture-in-picture\" allowfullscreen src=\"data:image\/svg+xml;base64,PHN2ZyB3aWR0aD0iMSIgaGVpZ2h0PSIxIiB4bWxucz0iaHR0cDovL3d3dy53My5vcmcvMjAwMC9zdmciPjwvc3ZnPg==\" class=\"lazyload\" data-load-mode=\"1\"><\/iframe>\n<\/div><\/figure>\n\n\n\n<h2 class=\"wp-block-heading\">Car Wrapping Workflow mit CorelDRAW<\/h2>\n\n\n\n<p>In diesem Video werden Sie durch die einzigartigen Workflow-Funktionen gef\u00fchrt, die f\u00fcr Fahrzeugverpackungen in CorelDRAW Graphics Suite verf\u00fcgbar sind. Mo Jogie erkl\u00e4rt, wie Sie auf das im CorelDRAW-Begr\u00fc\u00dfungsbildschirm verf\u00fcgbare Transportpaket zugreifen und wie Sie Fahrzeugvorlagen schnell bearbeiten und Ihre pers\u00f6nliche Note hinzuf\u00fcgen k\u00f6nnen.<br><a href=\"https:\/\/megasoft-shop.de\/coreldraw-graphics-suite-2021-angebot.html\">Zum Onlineshop<\/a><\/p>\n\n\n\n<figure class=\"wp-block-embed is-type-rich is-provider-handler-einbetten wp-block-embed-handler-einbetten wp-embed-aspect-16-9 wp-has-aspect-ratio\"><div class=\"wp-block-embed__wrapper\">\n<iframe title=\"Vehicle Wrap Workflow | CorelDRAW for Windows\" width=\"750\" height=\"422\" data-src=\"https:\/\/www.youtube.com\/embed\/NTETd9RniG4?feature=oembed\" frameborder=\"0\" allow=\"accelerometer; autoplay; clipboard-write; encrypted-media; gyroscope; picture-in-picture\" allowfullscreen src=\"data:image\/svg+xml;base64,PHN2ZyB3aWR0aD0iMSIgaGVpZ2h0PSIxIiB4bWxucz0iaHR0cDovL3d3dy53My5vcmcvMjAwMC9zdmciPjwvc3ZnPg==\" class=\"lazyload\" data-load-mode=\"1\"><\/iframe>\n<\/div><\/figure>\n\n\n\n<h3 class=\"wp-block-heading\">megasoft IT<\/h3>\n\n\n\n<p>Licensing Partner 2022<br>Telefon: +49 2173 265 06 0<br>Mail: vertrieb@megasoft.de<\/p>\n\n\n\n<p><a href=\"https:\/\/megasoft-shop.de\/coreldraw-graphics-suite-2021-angebot.html\">Onlineshop<\/a><\/p>","protected":false},"excerpt":{"rendered":"Autofolierung mit CorelDRAW &#8211; Timelaps In diesem CorelDRAW Video sehen Sie \u201eAutofolierung extreme \u2013 4 Tage Car Wrapping im Zeitraffer.Um Ihnen ein Bild der Einsatzm\u00f6glichkeiten von CorelDRAW machen zu k\u00f6nnen war Corel zu Besuch bei Robin B\u00f6s und haben eine Autofolierung mithilfe von CorelDRAW von Anfang an begleitet. Car Wrapping [&hellip;]","protected":false},"author":1,"featured_media":0,"parent":0,"menu_order":0,"comment_status":"closed","ping_status":"closed","template":"","meta":{"om_disable_all_campaigns":false,"_monsterinsights_skip_tracking":false,"_monsterinsights_sitenote_active":false,"_monsterinsights_sitenote_note":"","_monsterinsights_sitenote_category":0,"_themeisle_gutenberg_block_has_review":false,"footnotes":""},"class_list":["post-9172","page","type-page","status-publish","hentry","no-wpautop"],"yoast_head":"<!-- This site is optimized with the Yoast SEO plugin v27.3 - https:\/\/yoast.com\/product\/yoast-seo-wordpress\/ -->\n<title>CorelDRAW Graphics Suite Car Wrapping &#8211; Angebot - megasoft IT<\/title>\n<meta name=\"description\" content=\"Car Wrapping mit CorelDRAW - ANGEBOT! - Erkl\u00e4rung, Sonderpreis &amp; Symbole - Fahrzeugdatenbank und mehr - Jetzt durchstarten!\" \/>\n<meta name=\"robots\" content=\"index, follow, max-snippet:-1, max-image-preview:large, max-video-preview:-1\" \/>\n<link rel=\"canonical\" href=\"https:\/\/www.megasoft.de\/en\/coreldraw-graphics-suite-car-wrapping-angebot\/\" \/>\n<meta property=\"og:locale\" content=\"en_US\" \/>\n<meta property=\"og:type\" content=\"article\" \/>\n<meta property=\"og:title\" content=\"CorelDRAW Graphics Suite Car Wrapping &#8211; Angebot - megasoft IT\" \/>\n<meta property=\"og:description\" content=\"Car Wrapping mit CorelDRAW - ANGEBOT! - Erkl\u00e4rung, Sonderpreis &amp; Symbole - Fahrzeugdatenbank und mehr - Jetzt durchstarten!\" \/>\n<meta property=\"og:url\" content=\"https:\/\/www.megasoft.de\/en\/coreldraw-graphics-suite-car-wrapping-angebot\/\" \/>\n<meta property=\"og:site_name\" content=\"megasoft IT GmbH &amp; Co. KG\" \/>\n<meta property=\"article:modified_time\" content=\"2024-06-03T18:05:37+00:00\" \/>\n<meta property=\"og:image\" content=\"https:\/\/www.megasoft.de\/wp-content\/uploads\/coreldraw-graphics-suite-car-wrapping-angebot-autofolierung-vorlagen-special.jpg\" \/>\n<meta name=\"twitter:card\" content=\"summary_large_image\" \/>\n<meta name=\"twitter:label1\" content=\"Est. reading time\" \/>\n\t<meta name=\"twitter:data1\" content=\"1 minute\" \/>\n<script type=\"application\/ld+json\" class=\"yoast-schema-graph\">{\"@context\":\"https:\\\/\\\/schema.org\",\"@graph\":[{\"@type\":\"WebPage\",\"@id\":\"https:\\\/\\\/www.megasoft.de\\\/coreldraw-graphics-suite-car-wrapping-angebot\\\/\",\"url\":\"https:\\\/\\\/www.megasoft.de\\\/coreldraw-graphics-suite-car-wrapping-angebot\\\/\",\"name\":\"CorelDRAW Graphics Suite Car Wrapping &#8211; Angebot - megasoft IT\",\"isPartOf\":{\"@id\":\"https:\\\/\\\/www.megasoft.de\\\/#website\"},\"primaryImageOfPage\":{\"@id\":\"https:\\\/\\\/www.megasoft.de\\\/coreldraw-graphics-suite-car-wrapping-angebot\\\/#primaryimage\"},\"image\":{\"@id\":\"https:\\\/\\\/www.megasoft.de\\\/coreldraw-graphics-suite-car-wrapping-angebot\\\/#primaryimage\"},\"thumbnailUrl\":\"https:\\\/\\\/www.megasoft.de\\\/wp-content\\\/uploads\\\/coreldraw-graphics-suite-car-wrapping-angebot-autofolierung-vorlagen-special.jpg\",\"datePublished\":\"2021-03-17T17:11:21+00:00\",\"dateModified\":\"2024-06-03T18:05:37+00:00\",\"description\":\"Car Wrapping mit CorelDRAW - ANGEBOT! - Erkl\u00e4rung, Sonderpreis & Symbole - Fahrzeugdatenbank und mehr - Jetzt durchstarten!\",\"breadcrumb\":{\"@id\":\"https:\\\/\\\/www.megasoft.de\\\/coreldraw-graphics-suite-car-wrapping-angebot\\\/#breadcrumb\"},\"inLanguage\":\"en-US\",\"potentialAction\":[{\"@type\":\"ReadAction\",\"target\":[\"https:\\\/\\\/www.megasoft.de\\\/coreldraw-graphics-suite-car-wrapping-angebot\\\/\"]}]},{\"@type\":\"ImageObject\",\"inLanguage\":\"en-US\",\"@id\":\"https:\\\/\\\/www.megasoft.de\\\/coreldraw-graphics-suite-car-wrapping-angebot\\\/#primaryimage\",\"url\":\"https:\\\/\\\/www.megasoft.de\\\/wp-content\\\/uploads\\\/coreldraw-graphics-suite-car-wrapping-angebot-autofolierung-vorlagen-special.jpg\",\"contentUrl\":\"https:\\\/\\\/www.megasoft.de\\\/wp-content\\\/uploads\\\/coreldraw-graphics-suite-car-wrapping-angebot-autofolierung-vorlagen-special.jpg\"},{\"@type\":\"BreadcrumbList\",\"@id\":\"https:\\\/\\\/www.megasoft.de\\\/coreldraw-graphics-suite-car-wrapping-angebot\\\/#breadcrumb\",\"itemListElement\":[{\"@type\":\"ListItem\",\"position\":1,\"name\":\"Startseite\",\"item\":\"https:\\\/\\\/www.megasoft.de\\\/\"},{\"@type\":\"ListItem\",\"position\":2,\"name\":\"CorelDRAW Graphics Suite Car Wrapping &#8211; Angebot\"}]},{\"@type\":\"WebSite\",\"@id\":\"https:\\\/\\\/www.megasoft.de\\\/#website\",\"url\":\"https:\\\/\\\/www.megasoft.de\\\/\",\"name\":\"megasoft IT GmbH &amp; Co. KG\",\"description\":\"Your IT Procurement Partner\",\"publisher\":{\"@id\":\"https:\\\/\\\/www.megasoft.de\\\/#organization\"},\"potentialAction\":[{\"@type\":\"SearchAction\",\"target\":{\"@type\":\"EntryPoint\",\"urlTemplate\":\"https:\\\/\\\/www.megasoft.de\\\/?s={search_term_string}\"},\"query-input\":{\"@type\":\"PropertyValueSpecification\",\"valueRequired\":true,\"valueName\":\"search_term_string\"}}],\"inLanguage\":\"en-US\"},{\"@type\":\"Organization\",\"@id\":\"https:\\\/\\\/www.megasoft.de\\\/#organization\",\"name\":\"megasoft IT GmbH &amp; Co. KG\",\"url\":\"https:\\\/\\\/www.megasoft.de\\\/\",\"logo\":{\"@type\":\"ImageObject\",\"inLanguage\":\"en-US\",\"@id\":\"https:\\\/\\\/www.megasoft.de\\\/#\\\/schema\\\/logo\\\/image\\\/\",\"url\":\"https:\\\/\\\/www.megasoft.de\\\/wp-content\\\/uploads\\\/megasoft_logo_IT_Procurement_Partner.png\",\"contentUrl\":\"https:\\\/\\\/www.megasoft.de\\\/wp-content\\\/uploads\\\/megasoft_logo_IT_Procurement_Partner.png\",\"width\":1400,\"height\":350,\"caption\":\"megasoft IT GmbH &amp; Co. KG\"},\"image\":{\"@id\":\"https:\\\/\\\/www.megasoft.de\\\/#\\\/schema\\\/logo\\\/image\\\/\"}}]}<\/script>\n<!-- \/ Yoast SEO plugin. -->","yoast_head_json":{"title":"CorelDRAW Graphics Suite Car Wrapping &#8211; Angebot - megasoft IT","description":"Car Wrapping mit CorelDRAW - ANGEBOT! - Erkl\u00e4rung, Sonderpreis & Symbole - Fahrzeugdatenbank und mehr - Jetzt durchstarten!","robots":{"index":"index","follow":"follow","max-snippet":"max-snippet:-1","max-image-preview":"max-image-preview:large","max-video-preview":"max-video-preview:-1"},"canonical":"https:\/\/www.megasoft.de\/en\/coreldraw-graphics-suite-car-wrapping-angebot\/","og_locale":"en_US","og_type":"article","og_title":"CorelDRAW Graphics Suite Car Wrapping &#8211; Angebot - megasoft IT","og_description":"Car Wrapping mit CorelDRAW - ANGEBOT! - Erkl\u00e4rung, Sonderpreis & Symbole - Fahrzeugdatenbank und mehr - Jetzt durchstarten!","og_url":"https:\/\/www.megasoft.de\/en\/coreldraw-graphics-suite-car-wrapping-angebot\/","og_site_name":"megasoft IT GmbH &amp; Co. KG","article_modified_time":"2024-06-03T18:05:37+00:00","og_image":[{"url":"https:\/\/www.megasoft.de\/wp-content\/uploads\/coreldraw-graphics-suite-car-wrapping-angebot-autofolierung-vorlagen-special.jpg","type":"","width":"","height":""}],"twitter_card":"summary_large_image","twitter_misc":{"Est. reading time":"1 minute"},"schema":{"@context":"https:\/\/schema.org","@graph":[{"@type":"WebPage","@id":"https:\/\/www.megasoft.de\/coreldraw-graphics-suite-car-wrapping-angebot\/","url":"https:\/\/www.megasoft.de\/coreldraw-graphics-suite-car-wrapping-angebot\/","name":"CorelDRAW Graphics Suite Car Wrapping &#8211; Angebot - megasoft IT","isPartOf":{"@id":"https:\/\/www.megasoft.de\/#website"},"primaryImageOfPage":{"@id":"https:\/\/www.megasoft.de\/coreldraw-graphics-suite-car-wrapping-angebot\/#primaryimage"},"image":{"@id":"https:\/\/www.megasoft.de\/coreldraw-graphics-suite-car-wrapping-angebot\/#primaryimage"},"thumbnailUrl":"https:\/\/www.megasoft.de\/wp-content\/uploads\/coreldraw-graphics-suite-car-wrapping-angebot-autofolierung-vorlagen-special.jpg","datePublished":"2021-03-17T17:11:21+00:00","dateModified":"2024-06-03T18:05:37+00:00","description":"Car Wrapping mit CorelDRAW - ANGEBOT! - Erkl\u00e4rung, Sonderpreis & Symbole - Fahrzeugdatenbank und mehr - Jetzt durchstarten!","breadcrumb":{"@id":"https:\/\/www.megasoft.de\/coreldraw-graphics-suite-car-wrapping-angebot\/#breadcrumb"},"inLanguage":"en-US","potentialAction":[{"@type":"ReadAction","target":["https:\/\/www.megasoft.de\/coreldraw-graphics-suite-car-wrapping-angebot\/"]}]},{"@type":"ImageObject","inLanguage":"en-US","@id":"https:\/\/www.megasoft.de\/coreldraw-graphics-suite-car-wrapping-angebot\/#primaryimage","url":"https:\/\/www.megasoft.de\/wp-content\/uploads\/coreldraw-graphics-suite-car-wrapping-angebot-autofolierung-vorlagen-special.jpg","contentUrl":"https:\/\/www.megasoft.de\/wp-content\/uploads\/coreldraw-graphics-suite-car-wrapping-angebot-autofolierung-vorlagen-special.jpg"},{"@type":"BreadcrumbList","@id":"https:\/\/www.megasoft.de\/coreldraw-graphics-suite-car-wrapping-angebot\/#breadcrumb","itemListElement":[{"@type":"ListItem","position":1,"name":"Startseite","item":"https:\/\/www.megasoft.de\/"},{"@type":"ListItem","position":2,"name":"CorelDRAW Graphics Suite Car Wrapping &#8211; Angebot"}]},{"@type":"WebSite","@id":"https:\/\/www.megasoft.de\/#website","url":"https:\/\/www.megasoft.de\/","name":"megasoft IT GmbH &amp; Co. KG","description":"Your IT Procurement Partner","publisher":{"@id":"https:\/\/www.megasoft.de\/#organization"},"potentialAction":[{"@type":"SearchAction","target":{"@type":"EntryPoint","urlTemplate":"https:\/\/www.megasoft.de\/?s={search_term_string}"},"query-input":{"@type":"PropertyValueSpecification","valueRequired":true,"valueName":"search_term_string"}}],"inLanguage":"en-US"},{"@type":"Organization","@id":"https:\/\/www.megasoft.de\/#organization","name":"megasoft IT GmbH &amp; Co. KG","url":"https:\/\/www.megasoft.de\/","logo":{"@type":"ImageObject","inLanguage":"en-US","@id":"https:\/\/www.megasoft.de\/#\/schema\/logo\/image\/","url":"https:\/\/www.megasoft.de\/wp-content\/uploads\/megasoft_logo_IT_Procurement_Partner.png","contentUrl":"https:\/\/www.megasoft.de\/wp-content\/uploads\/megasoft_logo_IT_Procurement_Partner.png","width":1400,"height":350,"caption":"megasoft IT GmbH &amp; Co. KG"},"image":{"@id":"https:\/\/www.megasoft.de\/#\/schema\/logo\/image\/"}}]}},"publishpress_future_action":{"enabled":false,"date":"2026-04-15 14:40:28","action":"change-status","newStatus":"draft","terms":[],"taxonomy":"","extraData":[]},"publishpress_future_workflow_manual_trigger":{"enabledWorkflows":[]},"_links":{"self":[{"href":"https:\/\/www.megasoft.de\/en\/wp-json\/wp\/v2\/pages\/9172","targetHints":{"allow":["GET"]}}],"collection":[{"href":"https:\/\/www.megasoft.de\/en\/wp-json\/wp\/v2\/pages"}],"about":[{"href":"https:\/\/www.megasoft.de\/en\/wp-json\/wp\/v2\/types\/page"}],"author":[{"embeddable":true,"href":"https:\/\/www.megasoft.de\/en\/wp-json\/wp\/v2\/users\/1"}],"replies":[{"embeddable":true,"href":"https:\/\/www.megasoft.de\/en\/wp-json\/wp\/v2\/comments?post=9172"}],"version-history":[{"count":60,"href":"https:\/\/www.megasoft.de\/en\/wp-json\/wp\/v2\/pages\/9172\/revisions"}],"predecessor-version":[{"id":104267,"href":"https:\/\/www.megasoft.de\/en\/wp-json\/wp\/v2\/pages\/9172\/revisions\/104267"}],"wp:attachment":[{"href":"https:\/\/www.megasoft.de\/en\/wp-json\/wp\/v2\/media?parent=9172"}],"curies":[{"name":"wp","href":"https:\/\/api.w.org\/{rel}","templated":true}]}}