{"id":94557,"date":"2021-09-06T14:18:11","date_gmt":"2021-09-06T12:18:11","guid":{"rendered":"https:\/\/www.megasoft.de\/?page_id=94557"},"modified":"2022-01-14T12:48:05","modified_gmt":"2022-01-14T11:48:05","slug":"nvidia-virtual-gpu-solutions-hybrid-work","status":"publish","type":"page","link":"https:\/\/www.megasoft.de\/en\/nvidia-virtual-gpu-solutions-hybrid-work\/","title":{"rendered":"NVIDIA Virtual GPU Solutions &#8211; Hybrid Work"},"content":{"rendered":"<p>Das moderne B\u00fcro wird immer flexibler. Bis 2024 werden 60 % der gesamten US-Belegschaft mobil sein. 87 % der US-Unternehmen erwarten, dass ihre Mitarbeiter an mindestens drei Tagen pro Woche von zu Hause aus arbeiten.Woche von zu Hause aus arbeiten.1 Um die flexible Arbeit zu unterst\u00fctzen, werden 70 % der US-F\u00fchrungskr\u00e4fte in die IT-Infrastruktur investieren. Die weltweiten IT-Ausgaben werden im Jahr 20213 um 6,2 % steigen. Unternehmen mit hybriden Belegschaften brauchen eine hervorragende<br \/>\nUnternehmen mit hybriden Arbeitsgruppen ben\u00f6tigen eine hohe Benutzerfreundlichkeit, da die Mitarbeiter nahtlos zwischen B\u00fcro und Zuhause wechseln. Sie werden auch profitieren von Skalierbarkeit, Datensicherheit und vereinfachte Verwaltbarkeit mit GPU-beschleunigter VDI.<\/p>\n<p>Die Bew\u00e4ltigung der Herausforderungen der Virtualisierung ist wichtiger denn je, da ein immer gr\u00f6\u00dferer Teil unsererArbeitskr\u00e4fte auf hybride Arbeitsumgebungen umstellen.<br \/>\nModerne Anwendungen wie Office-Tools, Browser, Multimedia-Inhalte und sogar die Windows 10-Desktop-Umgebung werden immer h\u00e4ufiger und sogar die Windows 10-Desktop-Umgebung, verlangen ein Niveau an Grafikleistung und Benutzererfahrung, die traditionell nicht von der reinen CPU-Desktop- und Anwendungsvirtualisierung unterst\u00fctzt wird.\u00a0 <strong>Virtuelle NVIDIA GPU-L\u00f6sungen &#8211; NVIDIA RTX Virtual Data Center Workstation (vWS) und NVIDIA Virtual PC ( vPC), und Virtual Applications (vApps)<\/strong> &#8211; beheben die Schw\u00e4chen von VDI, indem sie Grafik- und Rechenbeschleunigung in das Rechenzentrum und erm\u00f6glichen es der IT-Abteilung, die Virtualisierung auf alle Benutzer auszuweiten, von Anwendern, von Wissensarbeitern bis hin zu Designern und Ingenieuren, eine unvergleichliche NVIDIA Grafikleistung und ein gro\u00dfartiges Benutzererlebnis, das es mit physischen PCs aufnehmen kann.<\/p>\n<p>Um den flexiblen Arbeitsbereich zu unterst\u00fctzen, wenden sich Unternehmen an Endbenutzer-Computing-L\u00f6sungen.<br \/>\nDie GPU-beschleunigte VDI mit NVIDIA vPC und NVIDIA vWS erm\u00f6glicht den Benutzern den Zugriff auf Unternehmensanwendungen<br \/>\nDaten von jedem Ort und jedem Ger\u00e4t aus zugreifen. Die virtuelle GPU-Technologie von NVIDIA bringt GPU-Beschleunigung in Endanwender<br \/>\nEndanwender-Computing-L\u00f6sungen und erm\u00f6glicht den Anwendern das gleiche Benutzererlebnis wie bei einem physischen PC oder einer Workstation.<\/p>\n<p>Dieses neue &#8222;GPU-beschleunigte Rechenzentrum&#8220; ist die Realisierung einer vollst\u00e4ndig virtualisierten Computerumgebung, in der die NVIDIA GPU-Technologie jeden Desktop, jede Workstation und jede Anwendung mit beschleunigter Grafik- und Rechenleistung versorgt, wodurch flexible, virtualisierte Arbeitsumgebungen f\u00fcr alle Mitarbeiter eines Unternehmens zug\u00e4nglich Mitarbeiter zug\u00e4nglich und in der Lage, jede Arbeitslast auszuf\u00fchren.<\/p>\n<p>Teilen Sie die GPU-Ressourcen so auf, dass sie von mehreren virtuellen Maschinen gemeinsam genutzt werden k\u00f6nnen, oder betreiben Sie die anspruchsvollsten anspruchsvollsten Workloads, indem Sie einer einzigen VM mehrere GPUs zuweisen.<\/p>\n<p>Effizientere Nutzung des GPU-beschleunigten Rechenzentrums mit der M\u00f6glichkeit, jede beliebige Rechenzentrums Workloads in einer virtualisierten Umgebung auszuf\u00fchren. F\u00fchren Sie virtuelle Desktops und Workstations aus, und wenn weniger Anwender Wenn weniger Anwender in ihren virtuellen Maschinen arbeiten, konsolidieren Sie VMs mit GPU-Live-Migration und nutzen Sie nicht ausgelastete Ressourcen f\u00fcr die Ausf\u00fchrung von KI, DL oder HPC &#8211; und maximieren Sie so Ihre Investitionen in Ihr Rechenzentrum.<\/p>\n<h3>Steigern Sie die Produktivit\u00e4t und Benutzerfreundlichkeit f\u00fcr flexible Mitarbeiter<\/h3>\n<p>Da die Mehrheit der US-Unternehmen von ihren Mitarbeitern erwartet, dass sie in Teilzeit arbeiten, wenden sich Organisationen wenden sich Unternehmen dem Modell des hybriden Arbeitsplatzes zu, um einen nahtlosen \u00dcbergang zwischen B\u00fcro und Zuhause zu erm\u00f6glichen. Globale Unternehmen nutzen das Modell des flexiblen Arbeitsplatzes, da immer mehr B\u00fcros er\u00f6ffnet werden. NVIDIA virtuelle GPU-Produkte ver\u00e4ndern Arbeitsabl\u00e4ufe und befreien Ihre Benutzer und Daten von den Beschr\u00e4nkungen des PCs, Workstations, B\u00fcros und Entfernungen. Jetzt k\u00f6nnen Ihre Teams nahtlos in Echtzeit zusammenarbeiten, unabh\u00e4ngig von unabh\u00e4ngig von ihrem Standort und mit jedem Ger\u00e4t, das sie f\u00fcr ihre produktive Arbeit verwenden.<\/p>\n<ul>\n<li>Erf\u00fcllen Sie die steigenden Grafikanforderungen des modernen digitalen Arbeitsplatzes und von Windows 10<\/li>\n<li>Schnelle Bereitstellung von virtuellen Arbeitspl\u00e4tzen in einem Bruchteil der Zeit und Kosten eines physischen Arbeitsplatzes<\/li>\n<li>Zugriff auf Anwendungen und Daten an jedem Ort und von jedem Ger\u00e4t aus mit einer Benutzerfreundlichkeit, die mit der eines<br \/>\nphysischen PC<\/li>\n<li>Beseitigen Sie eingeschr\u00e4nkte Workflows, die die Produktivit\u00e4t der Benutzer und die Flexibilit\u00e4t des Unternehmens einschr\u00e4nken.<\/li>\n<li>Erm\u00f6glichen Sie geografisch verstreuten Teams die Zusammenarbeit in Echtzeit ohne Grenzen oder Einschr\u00e4nkungen<\/li>\n<\/ul>\n<h3>H\u00f6chste Leistung mit Verwaltbarkeit auf Unternehmensniveau<\/h3>\n<p>IT-Organisationen m\u00fcssen heute eine breite und vielf\u00e4ltige Belegschaft unterst\u00fctzen, die flexible, hybride B\u00fcros umfasst, sowie mobile Benutzer. NVIDIAs virtuelle GPU-Produkte erm\u00f6glichen es der IT-Abteilung, Daten und Anwendungen im Rechenzentrum zu zentralisieren\u00a0 Daten und Anwendungen im Rechenzentrum zu zentralisieren und die Reichweite von VDI auf die gesamte Belegschaft auszudehnen, um virtuelle Arbeitsbereiche mit mit verbesserter IT-Verwaltbarkeit, Sicherheit und Leistung, was die Benutzerzufriedenheit erh\u00f6ht und die Supportkosten Kosten.<\/p>\n<ul>\n<li>Reduzieren Sie die Kosten f\u00fcr den Helpdesk-Support mit einer gleichbleibend guten Erfahrung, die VDI- und App<br \/>\nVirtualisierung<\/li>\n<li>Gleichwertige Leistung wie bei einem physischen PC oder einer Workstation<\/li>\n<li>Verwaltbarkeit auf Unternehmensniveau f\u00fcr reduzierte Lebenszykluskosten von der Entwicklung bis zum laufenden Betrieb<\/li>\n<\/ul>\n<h3>Schutz von unternehmenskritischen Assets und IP<\/h3>\n<p>Inmitten eines zunehmend wettbewerbsorientierten Marktes und der wachsenden Bedrohung der Cybersicherheit f\u00fcr Unternehmen, m\u00fcssen Unternehmen sicherstellen, dass ihre wertvollsten Ressourcen vor Diebstahl oder Verlust gesch\u00fctzt sind, ohne die Produktivit\u00e4t einzuschr\u00e4nken. Produktivit\u00e4t. NVIDIAs virtuelle GPU-Produkte verbessern die allgemeine Sicherheit eines Unternehmens und bieten Schutz vor Schutz vor Katastrophen und stellen gleichzeitig sicher, dass Designs, Daten und geistiges Eigentum zentral im Rechenzentrum gespeichert werden. Zentrum gespeichert werden. Auf diese Weise sind die Daten kontinuierlich vor Verletzungen oder Sch\u00e4den gesch\u00fctzt, w\u00e4hrend Gesch\u00e4ftspartner Gesch\u00e4ftspartner sicher und ohne Risiko zusammenarbeiten k\u00f6nnen.<\/p>\n<ul>\n<li>Geistiges Eigentum und unternehmenskritische Daten werden sicher im Rechenzentrum gehostet<\/li>\n<li>Sichere Zusammenarbeit mit Auftragnehmern und Partnern bei geringerer Gefahr von Datenverlusten<\/li>\n<li>Sicheres Arbeiten von \u00fcberall aus erm\u00f6glichen<\/li>\n<\/ul>\n<p>1 Gartner Forecasts Worldwide IT Spending to Grow 6.2% in 2021, Gartner, January 25, 2021<br \/>\n2 PwC US Remote Work Survey, January 12, 2021<br \/>\n3 Gartner Forecasts Worldwide IT Spending to Grow 6.2% in 2021, Gartner, January 25, 2021&#8243;<\/p>","protected":false},"excerpt":{"rendered":"<p>Das moderne B\u00fcro wird immer flexibler. Bis 2024 werden 60 % der gesamten US-Belegschaft mobil sein. 87 % der US-Unternehmen erwarten, dass ihre Mitarbeiter an mindestens drei Tagen pro Woche von zu Hause aus arbeiten.Woche von zu Hause aus arbeiten.1 Um die flexible Arbeit zu unterst\u00fctzen, werden 70 % der [&hellip;]<\/p>\n","protected":false},"author":1,"featured_media":0,"parent":0,"menu_order":0,"comment_status":"closed","ping_status":"closed","template":"","meta":{"om_disable_all_campaigns":false,"_monsterinsights_skip_tracking":false,"_monsterinsights_sitenote_active":false,"_monsterinsights_sitenote_note":"","_monsterinsights_sitenote_category":0,"_themeisle_gutenberg_block_has_review":false,"footnotes":""},"class_list":["post-94557","page","type-page","status-publish","hentry","wpautop"],"yoast_head":"<!-- This site is optimized with the Yoast SEO plugin v27.3 - https:\/\/yoast.com\/product\/yoast-seo-wordpress\/ -->\n<title>NVIDIA Virtual GPU Solutions - Hybrid Work - megasoft IT<\/title>\n<meta name=\"description\" content=\"nvidia preferred Partner - nvidia vGPU L\u00f6sungen - Hybrid Work - Virtualisierung - Remote Work L\u00f6sungen - Data Center L\u00f6sungen - uvm.\" \/>\n<meta name=\"robots\" content=\"index, follow, max-snippet:-1, max-image-preview:large, max-video-preview:-1\" \/>\n<link rel=\"canonical\" href=\"https:\/\/www.megasoft.de\/en\/nvidia-virtual-gpu-solutions-hybrid-work\/\" \/>\n<meta property=\"og:locale\" content=\"en_US\" \/>\n<meta property=\"og:type\" content=\"article\" \/>\n<meta property=\"og:title\" content=\"NVIDIA Virtual GPU Solutions - Hybrid Work - megasoft IT\" \/>\n<meta property=\"og:description\" content=\"nvidia preferred Partner - nvidia vGPU L\u00f6sungen - Hybrid Work - Virtualisierung - Remote Work L\u00f6sungen - Data Center L\u00f6sungen - uvm.\" \/>\n<meta property=\"og:url\" content=\"https:\/\/www.megasoft.de\/en\/nvidia-virtual-gpu-solutions-hybrid-work\/\" \/>\n<meta property=\"og:site_name\" content=\"megasoft IT GmbH &amp; Co. KG\" \/>\n<meta property=\"article:modified_time\" content=\"2022-01-14T11:48:05+00:00\" \/>\n<meta name=\"twitter:card\" content=\"summary_large_image\" \/>\n<meta name=\"twitter:label1\" content=\"Est. reading time\" \/>\n\t<meta name=\"twitter:data1\" content=\"5 minutes\" \/>\n<script type=\"application\/ld+json\" class=\"yoast-schema-graph\">{\"@context\":\"https:\\\/\\\/schema.org\",\"@graph\":[{\"@type\":\"WebPage\",\"@id\":\"https:\\\/\\\/www.megasoft.de\\\/nvidia-virtual-gpu-solutions-hybrid-work\\\/\",\"url\":\"https:\\\/\\\/www.megasoft.de\\\/nvidia-virtual-gpu-solutions-hybrid-work\\\/\",\"name\":\"NVIDIA Virtual GPU Solutions - Hybrid Work - megasoft IT\",\"isPartOf\":{\"@id\":\"https:\\\/\\\/www.megasoft.de\\\/#website\"},\"datePublished\":\"2021-09-06T12:18:11+00:00\",\"dateModified\":\"2022-01-14T11:48:05+00:00\",\"description\":\"nvidia preferred Partner - nvidia vGPU L\u00f6sungen - Hybrid Work - Virtualisierung - Remote Work L\u00f6sungen - Data Center L\u00f6sungen - uvm.\",\"breadcrumb\":{\"@id\":\"https:\\\/\\\/www.megasoft.de\\\/nvidia-virtual-gpu-solutions-hybrid-work\\\/#breadcrumb\"},\"inLanguage\":\"en-US\",\"potentialAction\":[{\"@type\":\"ReadAction\",\"target\":[\"https:\\\/\\\/www.megasoft.de\\\/nvidia-virtual-gpu-solutions-hybrid-work\\\/\"]}]},{\"@type\":\"BreadcrumbList\",\"@id\":\"https:\\\/\\\/www.megasoft.de\\\/nvidia-virtual-gpu-solutions-hybrid-work\\\/#breadcrumb\",\"itemListElement\":[{\"@type\":\"ListItem\",\"position\":1,\"name\":\"Startseite\",\"item\":\"https:\\\/\\\/www.megasoft.de\\\/\"},{\"@type\":\"ListItem\",\"position\":2,\"name\":\"NVIDIA Virtual GPU Solutions &#8211; Hybrid Work\"}]},{\"@type\":\"WebSite\",\"@id\":\"https:\\\/\\\/www.megasoft.de\\\/#website\",\"url\":\"https:\\\/\\\/www.megasoft.de\\\/\",\"name\":\"megasoft IT GmbH &amp; Co. KG\",\"description\":\"Your IT Procurement Partner\",\"publisher\":{\"@id\":\"https:\\\/\\\/www.megasoft.de\\\/#organization\"},\"potentialAction\":[{\"@type\":\"SearchAction\",\"target\":{\"@type\":\"EntryPoint\",\"urlTemplate\":\"https:\\\/\\\/www.megasoft.de\\\/?s={search_term_string}\"},\"query-input\":{\"@type\":\"PropertyValueSpecification\",\"valueRequired\":true,\"valueName\":\"search_term_string\"}}],\"inLanguage\":\"en-US\"},{\"@type\":\"Organization\",\"@id\":\"https:\\\/\\\/www.megasoft.de\\\/#organization\",\"name\":\"megasoft IT GmbH &amp; Co. KG\",\"url\":\"https:\\\/\\\/www.megasoft.de\\\/\",\"logo\":{\"@type\":\"ImageObject\",\"inLanguage\":\"en-US\",\"@id\":\"https:\\\/\\\/www.megasoft.de\\\/#\\\/schema\\\/logo\\\/image\\\/\",\"url\":\"https:\\\/\\\/www.megasoft.de\\\/wp-content\\\/uploads\\\/megasoft_logo_IT_Procurement_Partner.png\",\"contentUrl\":\"https:\\\/\\\/www.megasoft.de\\\/wp-content\\\/uploads\\\/megasoft_logo_IT_Procurement_Partner.png\",\"width\":1400,\"height\":350,\"caption\":\"megasoft IT GmbH &amp; Co. KG\"},\"image\":{\"@id\":\"https:\\\/\\\/www.megasoft.de\\\/#\\\/schema\\\/logo\\\/image\\\/\"}}]}<\/script>\n<!-- \/ Yoast SEO plugin. -->","yoast_head_json":{"title":"NVIDIA Virtual GPU Solutions - Hybrid Work - megasoft IT","description":"nvidia preferred Partner - nvidia vGPU L\u00f6sungen - Hybrid Work - Virtualisierung - Remote Work L\u00f6sungen - Data Center L\u00f6sungen - uvm.","robots":{"index":"index","follow":"follow","max-snippet":"max-snippet:-1","max-image-preview":"max-image-preview:large","max-video-preview":"max-video-preview:-1"},"canonical":"https:\/\/www.megasoft.de\/en\/nvidia-virtual-gpu-solutions-hybrid-work\/","og_locale":"en_US","og_type":"article","og_title":"NVIDIA Virtual GPU Solutions - Hybrid Work - megasoft IT","og_description":"nvidia preferred Partner - nvidia vGPU L\u00f6sungen - Hybrid Work - Virtualisierung - Remote Work L\u00f6sungen - Data Center L\u00f6sungen - uvm.","og_url":"https:\/\/www.megasoft.de\/en\/nvidia-virtual-gpu-solutions-hybrid-work\/","og_site_name":"megasoft IT GmbH &amp; Co. KG","article_modified_time":"2022-01-14T11:48:05+00:00","twitter_card":"summary_large_image","twitter_misc":{"Est. reading time":"5 minutes"},"schema":{"@context":"https:\/\/schema.org","@graph":[{"@type":"WebPage","@id":"https:\/\/www.megasoft.de\/nvidia-virtual-gpu-solutions-hybrid-work\/","url":"https:\/\/www.megasoft.de\/nvidia-virtual-gpu-solutions-hybrid-work\/","name":"NVIDIA Virtual GPU Solutions - Hybrid Work - megasoft IT","isPartOf":{"@id":"https:\/\/www.megasoft.de\/#website"},"datePublished":"2021-09-06T12:18:11+00:00","dateModified":"2022-01-14T11:48:05+00:00","description":"nvidia preferred Partner - nvidia vGPU L\u00f6sungen - Hybrid Work - Virtualisierung - Remote Work L\u00f6sungen - Data Center L\u00f6sungen - uvm.","breadcrumb":{"@id":"https:\/\/www.megasoft.de\/nvidia-virtual-gpu-solutions-hybrid-work\/#breadcrumb"},"inLanguage":"en-US","potentialAction":[{"@type":"ReadAction","target":["https:\/\/www.megasoft.de\/nvidia-virtual-gpu-solutions-hybrid-work\/"]}]},{"@type":"BreadcrumbList","@id":"https:\/\/www.megasoft.de\/nvidia-virtual-gpu-solutions-hybrid-work\/#breadcrumb","itemListElement":[{"@type":"ListItem","position":1,"name":"Startseite","item":"https:\/\/www.megasoft.de\/"},{"@type":"ListItem","position":2,"name":"NVIDIA Virtual GPU Solutions &#8211; Hybrid Work"}]},{"@type":"WebSite","@id":"https:\/\/www.megasoft.de\/#website","url":"https:\/\/www.megasoft.de\/","name":"megasoft IT GmbH &amp; Co. KG","description":"Your IT Procurement Partner","publisher":{"@id":"https:\/\/www.megasoft.de\/#organization"},"potentialAction":[{"@type":"SearchAction","target":{"@type":"EntryPoint","urlTemplate":"https:\/\/www.megasoft.de\/?s={search_term_string}"},"query-input":{"@type":"PropertyValueSpecification","valueRequired":true,"valueName":"search_term_string"}}],"inLanguage":"en-US"},{"@type":"Organization","@id":"https:\/\/www.megasoft.de\/#organization","name":"megasoft IT GmbH &amp; Co. KG","url":"https:\/\/www.megasoft.de\/","logo":{"@type":"ImageObject","inLanguage":"en-US","@id":"https:\/\/www.megasoft.de\/#\/schema\/logo\/image\/","url":"https:\/\/www.megasoft.de\/wp-content\/uploads\/megasoft_logo_IT_Procurement_Partner.png","contentUrl":"https:\/\/www.megasoft.de\/wp-content\/uploads\/megasoft_logo_IT_Procurement_Partner.png","width":1400,"height":350,"caption":"megasoft IT GmbH &amp; Co. KG"},"image":{"@id":"https:\/\/www.megasoft.de\/#\/schema\/logo\/image\/"}}]}},"publishpress_future_action":{"enabled":false,"date":"2026-04-22 01:59:03","action":"change-status","newStatus":"draft","terms":[],"taxonomy":"","extraData":[]},"publishpress_future_workflow_manual_trigger":{"enabledWorkflows":[]},"_links":{"self":[{"href":"https:\/\/www.megasoft.de\/en\/wp-json\/wp\/v2\/pages\/94557","targetHints":{"allow":["GET"]}}],"collection":[{"href":"https:\/\/www.megasoft.de\/en\/wp-json\/wp\/v2\/pages"}],"about":[{"href":"https:\/\/www.megasoft.de\/en\/wp-json\/wp\/v2\/types\/page"}],"author":[{"embeddable":true,"href":"https:\/\/www.megasoft.de\/en\/wp-json\/wp\/v2\/users\/1"}],"replies":[{"embeddable":true,"href":"https:\/\/www.megasoft.de\/en\/wp-json\/wp\/v2\/comments?post=94557"}],"version-history":[{"count":2,"href":"https:\/\/www.megasoft.de\/en\/wp-json\/wp\/v2\/pages\/94557\/revisions"}],"predecessor-version":[{"id":96971,"href":"https:\/\/www.megasoft.de\/en\/wp-json\/wp\/v2\/pages\/94557\/revisions\/96971"}],"wp:attachment":[{"href":"https:\/\/www.megasoft.de\/en\/wp-json\/wp\/v2\/media?parent=94557"}],"curies":[{"name":"wp","href":"https:\/\/api.w.org\/{rel}","templated":true}]}}