{"id":96299,"date":"2022-02-03T22:40:02","date_gmt":"2022-02-03T21:40:02","guid":{"rendered":"https:\/\/www.megasoft.de\/?page_id=96299"},"modified":"2023-08-03T12:06:50","modified_gmt":"2023-08-03T10:06:50","slug":"secureworks-fuehrend-in-cyber-security","status":"publish","type":"page","link":"https:\/\/www.megasoft.de\/en\/secureworks-fuehrend-in-cyber-security\/","title":{"rendered":"Secureworks &#8211; F\u00fchrend in Cyber-Security"},"content":{"rendered":"\n<figure class=\"wp-block-image size-full\"><img fetchpriority=\"high\" decoding=\"async\" width=\"594\" height=\"212\" src=\"https:\/\/www.megasoft.de\/wp-content\/uploads\/grafik-6.png\" alt=\"\" class=\"wp-image-97121\"\/><\/figure>\n\n\n\n<p>Secureworks (NASDAQ: SCWX) ist ein weltweit f\u00fchrendes Unternehmen im Bereich der Cybersicherheit und sch\u00fctzt den Fortschritt seiner Kunden mit Secureworks Taegis\u2122, einer Cloud-nativen Plattform f\u00fcr Sicherheitsanalysen, die auf mehr als 20 Jahren realer Bedrohungsdaten und -forschung aufbaut und die F\u00e4higkeit der Kunden verbessert, fortschrittliche Bedrohungen zu und die Zusammenarbeit bei Untersuchungen zu optimieren und die richtigen Ma\u00dfnahmen zu automatisieren.<\/p>\n\n\n\n<h2 class=\"wp-block-heading\">Secureworks Taegis\u2122 ManagedXDR<\/h2>\n\n\n\n<h4 class=\"wp-block-heading\">Skalieren Sie Ihren Sicherheitsbetrieb mit einer 24&#215;7 Threat Detection and Response Unit<\/h4>\n\n\n\n<p>Secureworks Taegis ManagedXDR ist der 24&#215;7 Managed Detection and Response Service, der f\u00fcr Sie arbeitet, um fortschrittliche Bedrohungen zu erkennen und die richtigen Ma\u00dfnahmen zu ergreifen. Die Expertise in den Bereichen Threat Hunting, Incident Response und Security Operations sowie der Fokus auf den Aufbau einer vertrauensvollen Beziehung zu Ihnen und Ihrem Team tragen zur St\u00e4rkung der Sicherheitslage Ihres <\/p>\n\n\n\n<h2 class=\"wp-block-heading\">Up-Level Security Skills and Resources and Reduce Costs<\/h2>\n\n\n\n<div id=\"wp-block-themeisle-blocks-advanced-columns-80a6a821\" class=\"wp-block-themeisle-blocks-advanced-columns has-2-columns has-desktop-equal-layout has-tablet-equal-layout has-mobile-equal-layout has-vertical-unset has-default-gap\"><div class=\"wp-block-themeisle-blocks-advanced-columns-overlay\"><\/div><div class=\"innerblocks-wrap\">\n<div id=\"wp-block-themeisle-blocks-advanced-column-c24ec2be\" class=\"wp-block-themeisle-blocks-advanced-column\">\n<p>Angesichts der begrenzten Ressourcen, die Ihnen zur Verf\u00fcgung stehen, kann der Schutz Ihres Unternehmens vor hochentwickelten Bedrohungen \u00fcberw\u00e4ltigend erscheinen. ManagedXDR wurde entwickelt, um diese Belastung zu verringern und Ihnen zu helfen, Bedrohungen rund um die Uhr aufzudecken. <\/p>\n\n\n\n<p>Sercureworks erreicht dies durch eine Kombination aus:<\/p>\n\n\n\n<ul class=\"wp-block-list\">\n<li>der preisgekr\u00f6nten <strong>Taegis XDR-Software<\/strong> f\u00fcr erweiterte Erkennung und Reaktion, die fortschrittliche Analyseverfahren zur Erkennung von Bedrohungen einsetzt<br><\/li>\n\n\n\n<li>Optionales <strong>Taegis NGAV-Add-on<\/strong>, dass Endpunkt-Pr\u00e4ventionsfunktionen der n\u00e4chsten Generation bietet<br><\/li>\n\n\n\n<li>Marktf\u00fchrende Dienstleistungen, die auf \u00fcber <strong>20 Jahren Erfahrung<\/strong> im Sicherheitsbereich basieren<\/li>\n<\/ul>\n\n\n\n<p>Hinzu kommt eine Vielzahl von Angreiferdaten, die aus \u00fcber <strong>1.400 Eins\u00e4tzen pro Jahr<\/strong> gewonnen wurden, sowie eine gr\u00fcndliche Bedrohungsforschung, die von der Secureworks Counter Threat UnitTM durchgef\u00fchrt wurde.<\/p>\n<\/div>\n\n\n\n<div id=\"wp-block-themeisle-blocks-advanced-column-475f3baf\" class=\"wp-block-themeisle-blocks-advanced-column\">\n<p><strong>Taegis XDR<\/strong> nutzt Bedrohungsdaten, machine und deep Learning sowie Analysen des Nutzerverhaltens zur schnellen Erkennung von Bedrohungen. <\/p>\n\n\n\n<p>Unser Team entlarvt Angreifer, indem es Endpunkt-, Netzwerk- und Cloud-Bedrohungsaktivit\u00e4ten priorisiert und ermittelt, welche Ereignisse Ma\u00dfnahmen erfordern. W\u00e4hrend wir diese Technologie in Ihrem Namen vollst\u00e4ndig verwalten*, haben Sie vollen Zugriff darauf, so dass wir per Live-Chat gemeinsam an Untersuchungen arbeiten k\u00f6nnen.<\/p>\n\n\n\n<p>Die Bedrohungsjagd ist eine Komponente von <strong>ManagedXDR<\/strong>, um proaktiv jede Malware zu isolieren, die sich Ihren bestehenden Kontrollen entziehen konnte.<\/p>\n\n\n\n<p>Wir bieten auch ManagedXDR Elite an, unseren erstklassigen verwalteten Erkennungs- und Reaktionsdienst, der eine kontinuierliche verwaltete Bedrohungsjagd durch einen designierten Bedrohungsj\u00e4ger umfasst, der sich alle zwei Wochen mit Ihnen trifft. Und um weitere Ausbr\u00fcche in Ihrer Umgebung zu verhindern, stehen Ihnen die Incident-Response-Stunden zur Verf\u00fcgung, sodass wir Ihnen bei kritischen Ereignissen zur Seite stehen k\u00f6nnen.<\/p>\n<\/div>\n<\/div><\/div>\n\n\n\n<figure class=\"wp-block-image size-full\"><img decoding=\"async\" width=\"1384\" height=\"682\" data-src=\"https:\/\/www.megasoft.de\/wp-content\/uploads\/grafik-4.png\" alt=\"Secureworks ManagedCDR \u00dcbersicht\" class=\"wp-image-97107 lazyload\" data-srcset=\"https:\/\/www.megasoft.de\/wp-content\/uploads\/\/grafik-4.png 1384w, https:\/\/www.megasoft.de\/wp-content\/uploads\/\/grafik-4-768x378.png 768w\" data-sizes=\"(max-width: 1384px) 100vw, 1384px\" src=\"data:image\/svg+xml;base64,PHN2ZyB3aWR0aD0iMSIgaGVpZ2h0PSIxIiB4bWxucz0iaHR0cDovL3d3dy53My5vcmcvMjAwMC9zdmciPjwvc3ZnPg==\" style=\"--smush-placeholder-width: 1384px; --smush-placeholder-aspect-ratio: 1384\/682;\" \/><\/figure>\n\n\n\n<h2 class=\"wp-block-heading\">Warum ist Secureworks anders als andere MDR-Anbieter?<\/h2>\n\n\n\n<p>Secureworks&#8216; Kombination aus preisgekr\u00f6nter <strong>XDR-Software<\/strong>, <strong>Incident Response<\/strong>&#8211; und <strong>Threat Hunting<\/strong>&#8211;<strong>Erfahrung<\/strong> und 22 Jahren Sicherheitsdiensten ist Secureworks bestens positioniert, um Ihnen zu helfen, das Risiko und die gesch\u00e4ftlichen Auswirkungen von Cyberangriffen zu minimieren.<\/p>\n\n\n\n<figure class=\"wp-block-image size-full\"><img decoding=\"async\" width=\"1384\" height=\"362\" data-src=\"https:\/\/www.megasoft.de\/wp-content\/uploads\/grafik-5.png\" alt=\"Secureworks ist Award Gewinner\" class=\"wp-image-97108 lazyload\" data-srcset=\"https:\/\/www.megasoft.de\/wp-content\/uploads\/\/grafik-5.png 1384w, https:\/\/www.megasoft.de\/wp-content\/uploads\/\/grafik-5-768x201.png 768w\" data-sizes=\"(max-width: 1384px) 100vw, 1384px\" src=\"data:image\/svg+xml;base64,PHN2ZyB3aWR0aD0iMSIgaGVpZ2h0PSIxIiB4bWxucz0iaHR0cDovL3d3dy53My5vcmcvMjAwMC9zdmciPjwvc3ZnPg==\" style=\"--smush-placeholder-width: 1384px; --smush-placeholder-aspect-ratio: 1384\/362;\" \/><\/figure>\n\n\n\n<p style=\"font-size:8px\">1 .The Total Economic Impact\u2122 of Secureworks Taegis\u2122 ManagedXDR, Forrester Consulting, Dezember 2020<br>2 .Taegis XDR wird von Secureworks verwaltet. Das optionale Add-on Taegis NGAV wird vom Kunden verwaltet.<\/p>\n\n\n\n<hr class=\"wp-block-separator has-css-opacity\"\/>\n\n\n\n<h4 class=\"wp-block-heading has-text-align-center\">+49 2173 265 06 0<\/h4>\n\n\n<div class=\"wpforms-container wpforms-block wpforms-block-8fc6e1d6-3361-4156-8dae-4103ca48d777\" id=\"wpforms-96832\"><form id=\"wpforms-form-96832\" class=\"wpforms-validate wpforms-form\" data-formid=\"96832\" method=\"post\" enctype=\"multipart\/form-data\" action=\"\/en\/wp-json\/wp\/v2\/pages\/96299\" data-token=\"1d3d26491cf63344fe74f1d0236a69db\" data-token-time=\"1777502559\"><noscript class=\"wpforms-error-noscript\">Please enable JavaScript in your browser to complete this form.<\/noscript><div class=\"wpforms-field-container\"><div id=\"wpforms-96832-field_0-container\" class=\"wpforms-field wpforms-field-name\" data-field-id=\"0\"><label class=\"wpforms-field-label\">Name <span class=\"wpforms-required-label\">*<\/span><\/label><div class=\"wpforms-field-row wpforms-field-medium\"><div class=\"wpforms-field-row-block wpforms-first wpforms-one-half\"><input type=\"text\" id=\"wpforms-96832-field_0\" class=\"wpforms-field-name-first wpforms-field-required\" name=\"wpforms[fields][0][first]\" required><label for=\"wpforms-96832-field_0\" class=\"wpforms-field-sublabel after\">First<\/label><\/div><div class=\"wpforms-field-row-block wpforms-one-half\"><input type=\"text\" id=\"wpforms-96832-field_0-last\" class=\"wpforms-field-name-last wpforms-field-required\" name=\"wpforms[fields][0][last]\" required><label for=\"wpforms-96832-field_0-last\" class=\"wpforms-field-sublabel after\">Last<\/label><\/div><\/div><\/div><div id=\"wpforms-96832-field_4-container\" class=\"wpforms-field wpforms-field-text\" data-field-id=\"4\"><label class=\"wpforms-field-label\" for=\"wpforms-96832-field_4\">Firma<\/label><input type=\"text\" id=\"wpforms-96832-field_4\" class=\"wpforms-field-medium\" name=\"wpforms[fields][4]\" ><\/div><div id=\"wpforms-96832-field_1-container\" class=\"wpforms-field wpforms-field-email\" data-field-id=\"1\"><label class=\"wpforms-field-label\" for=\"wpforms-96832-field_1\">E-Mail <span class=\"wpforms-required-label\">*<\/span><\/label><input type=\"email\" id=\"wpforms-96832-field_1\" class=\"wpforms-field-medium wpforms-field-required\" name=\"wpforms[fields][1]\" spellcheck=\"false\" required><\/div><div id=\"wpforms-96832-field_6-container\" class=\"wpforms-field wpforms-field-number\" data-field-id=\"6\"><label class=\"wpforms-field-label\" for=\"wpforms-96832-field_6\">Telefonnummer<\/label><input type=\"number\" id=\"wpforms-96832-field_6\" class=\"wpforms-field-medium\" name=\"wpforms[fields][6]\" placeholder=\"00492173265060\" step=\"any\" ><\/div><div id=\"wpforms-96832-field_2-container\" class=\"wpforms-field wpforms-field-textarea\" data-field-id=\"2\"><label class=\"wpforms-field-label\" for=\"wpforms-96832-field_2\">Kommentar oder Nachricht <span class=\"wpforms-required-label\">*<\/span><\/label><textarea id=\"wpforms-96832-field_2\" class=\"wpforms-field-medium wpforms-field-required\" name=\"wpforms[fields][2]\" required><\/textarea><\/div><div id=\"wpforms-96832-field_7-container\" class=\"wpforms-field wpforms-field-gdpr-checkbox\" data-field-id=\"7\"><label class=\"wpforms-field-label\">DSGVO-Einverst\u00e4ndnis <span class=\"wpforms-required-label\">*<\/span><\/label><ul id=\"wpforms-96832-field_7\" class=\"wpforms-field-required\"><li class=\"choice-1\"><input type=\"checkbox\" id=\"wpforms-96832-field_7_1\" name=\"wpforms[fields][7][]\" value=\"Hiermit erkl\u00e4re ich, die Datenschutzerkl\u00e4rung der megasoft IT GmbH &amp; Co KG gelesen und akzeptiert zu haben. Ich bin damit einverstanden, dass mich die megasoft IT kontaktiert und meine Daten zur Auftragsverarbeitung an  Hersteller \/ Partner &amp; verbundene Unternehmen \u00fcbermittelt. Ich kann dieser Einwilligung jederzeit widersprechen.\" required ><label class=\"wpforms-field-label-inline\" for=\"wpforms-96832-field_7_1\">Hiermit erkl\u00e4re ich, die Datenschutzerkl\u00e4rung der megasoft IT GmbH &amp; Co KG gelesen und akzeptiert zu haben. Ich bin damit einverstanden, dass mich die megasoft IT kontaktiert und meine Daten zur Auftragsverarbeitung an  Hersteller \/ Partner &amp; verbundene Unternehmen \u00fcbermittelt. Ich kann dieser Einwilligung jederzeit widersprechen.<\/label><\/li><\/ul><\/div><\/div><!-- .wpforms-field-container --><div class=\"wpforms-recaptcha-container wpforms-is-recaptcha wpforms-is-recaptcha-type-v2\" ><div class=\"g-recaptcha\" data-sitekey=\"6Le9OmIUAAAAAJZf1zH9gCiOMpaAuLBLdA5FpIry\"><\/div><input type=\"text\" name=\"g-recaptcha-hidden\" class=\"wpforms-recaptcha-hidden\" style=\"position:absolute!important;clip:rect(0,0,0,0)!important;height:1px!important;width:1px!important;border:0!important;overflow:hidden!important;padding:0!important;margin:0!important;\" data-rule-recaptcha=\"1\"><\/div><div class=\"wpforms-submit-container\" ><input type=\"hidden\" name=\"wpforms[id]\" value=\"96832\"><input type=\"hidden\" name=\"page_title\" value=\"\"><input type=\"hidden\" name=\"page_url\" value=\"https:\/\/www.megasoft.de\/en\/wp-json\/wp\/v2\/pages\/96299\"><input type=\"hidden\" name=\"url_referer\" value=\"\"><button type=\"submit\" name=\"wpforms[submit]\" id=\"wpforms-submit-96832\" class=\"wpforms-submit\" data-alt-text=\"Senden...\" data-submit-text=\"Absenden\" aria-live=\"assertive\" value=\"wpforms-submit\">Absenden<\/button><\/div><\/form><\/div>  <!-- .wpforms-container -->","protected":false},"excerpt":{"rendered":"<p>Secureworks (NASDAQ: SCWX) ist ein weltweit f\u00fchrendes Unternehmen im Bereich der Cybersicherheit und sch\u00fctzt den Fortschritt seiner Kunden mit Secureworks Taegis\u2122, einer Cloud-nativen Plattform f\u00fcr Sicherheitsanalysen, die auf mehr als 20 Jahren realer Bedrohungsdaten und -forschung aufbaut und die F\u00e4higkeit der Kunden verbessert, fortschrittliche Bedrohungen zu und die Zusammenarbeit bei [&hellip;]<\/p>\n","protected":false},"author":1,"featured_media":97112,"parent":0,"menu_order":0,"comment_status":"closed","ping_status":"closed","template":"","meta":{"om_disable_all_campaigns":false,"_monsterinsights_skip_tracking":false,"_monsterinsights_sitenote_active":false,"_monsterinsights_sitenote_note":"","_monsterinsights_sitenote_category":0,"_themeisle_gutenberg_block_has_review":false,"footnotes":""},"class_list":["post-96299","page","type-page","status-publish","has-post-thumbnail","hentry","wpautop"],"yoast_head":"<!-- This site is optimized with the Yoast SEO plugin v27.5 - https:\/\/yoast.com\/product\/yoast-seo-wordpress\/ -->\n<title>Secureworks - F\u00fchrend in Cyber-Security - megasoft IT GmbH &amp; Co. KG<\/title>\n<meta name=\"description\" content=\"XDR Platform - Secureworks Taegis - Incident Response - ManagedXDR - Jetzt DEMO vereinbaren und Infrastruktur absichern\" \/>\n<meta name=\"robots\" content=\"index, follow, max-snippet:-1, max-image-preview:large, max-video-preview:-1\" \/>\n<link rel=\"canonical\" href=\"https:\/\/www.megasoft.de\/en\/secureworks-fuehrend-in-cyber-security\/\" \/>\n<meta property=\"og:locale\" content=\"en_US\" \/>\n<meta property=\"og:type\" content=\"article\" \/>\n<meta property=\"og:title\" content=\"Secureworks - F\u00fchrend in Cyber-Security - megasoft IT GmbH &amp; Co. KG\" \/>\n<meta property=\"og:description\" content=\"XDR Platform - Secureworks Taegis - Incident Response - ManagedXDR - Jetzt DEMO vereinbaren und Infrastruktur absichern\" \/>\n<meta property=\"og:url\" content=\"https:\/\/www.megasoft.de\/en\/secureworks-fuehrend-in-cyber-security\/\" \/>\n<meta property=\"og:site_name\" content=\"megasoft IT GmbH &amp; Co. KG\" \/>\n<meta property=\"article:modified_time\" content=\"2023-08-03T10:06:50+00:00\" \/>\n<meta property=\"og:image\" content=\"https:\/\/www.megasoft.de\/wp-content\/uploads\/secureworks-taegis-managed-xdr.png\" \/>\n\t<meta property=\"og:image:width\" content=\"1600\" \/>\n\t<meta property=\"og:image:height\" content=\"650\" \/>\n\t<meta property=\"og:image:type\" content=\"image\/png\" \/>\n<meta name=\"twitter:card\" content=\"summary_large_image\" \/>\n<meta name=\"twitter:label1\" content=\"Est. reading time\" \/>\n\t<meta name=\"twitter:data1\" content=\"4 minutes\" \/>\n<script type=\"application\/ld+json\" class=\"yoast-schema-graph\">{\"@context\":\"https:\\\/\\\/schema.org\",\"@graph\":[{\"@type\":\"WebPage\",\"@id\":\"https:\\\/\\\/www.megasoft.de\\\/secureworks-fuehrend-in-cyber-security\\\/\",\"url\":\"https:\\\/\\\/www.megasoft.de\\\/secureworks-fuehrend-in-cyber-security\\\/\",\"name\":\"Secureworks - F\u00fchrend in Cyber-Security - megasoft IT GmbH &amp; Co. KG\",\"isPartOf\":{\"@id\":\"https:\\\/\\\/www.megasoft.de\\\/#website\"},\"primaryImageOfPage\":{\"@id\":\"https:\\\/\\\/www.megasoft.de\\\/secureworks-fuehrend-in-cyber-security\\\/#primaryimage\"},\"image\":{\"@id\":\"https:\\\/\\\/www.megasoft.de\\\/secureworks-fuehrend-in-cyber-security\\\/#primaryimage\"},\"thumbnailUrl\":\"https:\\\/\\\/www.megasoft.de\\\/wp-content\\\/uploads\\\/secureworks-taegis-managed-xdr.png\",\"datePublished\":\"2022-02-03T21:40:02+00:00\",\"dateModified\":\"2023-08-03T10:06:50+00:00\",\"description\":\"XDR Platform - Secureworks Taegis - Incident Response - ManagedXDR - Jetzt DEMO vereinbaren und Infrastruktur absichern\",\"breadcrumb\":{\"@id\":\"https:\\\/\\\/www.megasoft.de\\\/secureworks-fuehrend-in-cyber-security\\\/#breadcrumb\"},\"inLanguage\":\"en-US\",\"potentialAction\":[{\"@type\":\"ReadAction\",\"target\":[\"https:\\\/\\\/www.megasoft.de\\\/secureworks-fuehrend-in-cyber-security\\\/\"]}]},{\"@type\":\"ImageObject\",\"inLanguage\":\"en-US\",\"@id\":\"https:\\\/\\\/www.megasoft.de\\\/secureworks-fuehrend-in-cyber-security\\\/#primaryimage\",\"url\":\"https:\\\/\\\/www.megasoft.de\\\/wp-content\\\/uploads\\\/secureworks-taegis-managed-xdr.png\",\"contentUrl\":\"https:\\\/\\\/www.megasoft.de\\\/wp-content\\\/uploads\\\/secureworks-taegis-managed-xdr.png\",\"width\":1600,\"height\":650},{\"@type\":\"BreadcrumbList\",\"@id\":\"https:\\\/\\\/www.megasoft.de\\\/secureworks-fuehrend-in-cyber-security\\\/#breadcrumb\",\"itemListElement\":[{\"@type\":\"ListItem\",\"position\":1,\"name\":\"Startseite\",\"item\":\"https:\\\/\\\/www.megasoft.de\\\/\"},{\"@type\":\"ListItem\",\"position\":2,\"name\":\"Secureworks &#8211; F\u00fchrend in Cyber-Security\"}]},{\"@type\":\"WebSite\",\"@id\":\"https:\\\/\\\/www.megasoft.de\\\/#website\",\"url\":\"https:\\\/\\\/www.megasoft.de\\\/\",\"name\":\"megasoft IT GmbH &amp; Co. KG\",\"description\":\"Your IT Procurement Partner\",\"publisher\":{\"@id\":\"https:\\\/\\\/www.megasoft.de\\\/#organization\"},\"potentialAction\":[{\"@type\":\"SearchAction\",\"target\":{\"@type\":\"EntryPoint\",\"urlTemplate\":\"https:\\\/\\\/www.megasoft.de\\\/?s={search_term_string}\"},\"query-input\":{\"@type\":\"PropertyValueSpecification\",\"valueRequired\":true,\"valueName\":\"search_term_string\"}}],\"inLanguage\":\"en-US\"},{\"@type\":\"Organization\",\"@id\":\"https:\\\/\\\/www.megasoft.de\\\/#organization\",\"name\":\"megasoft IT GmbH &amp; Co. KG\",\"url\":\"https:\\\/\\\/www.megasoft.de\\\/\",\"logo\":{\"@type\":\"ImageObject\",\"inLanguage\":\"en-US\",\"@id\":\"https:\\\/\\\/www.megasoft.de\\\/#\\\/schema\\\/logo\\\/image\\\/\",\"url\":\"https:\\\/\\\/www.megasoft.de\\\/wp-content\\\/uploads\\\/megasoft_logo_IT_Procurement_Partner.png\",\"contentUrl\":\"https:\\\/\\\/www.megasoft.de\\\/wp-content\\\/uploads\\\/megasoft_logo_IT_Procurement_Partner.png\",\"width\":1400,\"height\":350,\"caption\":\"megasoft IT GmbH &amp; Co. KG\"},\"image\":{\"@id\":\"https:\\\/\\\/www.megasoft.de\\\/#\\\/schema\\\/logo\\\/image\\\/\"}}]}<\/script>\n<!-- \/ Yoast SEO plugin. -->","yoast_head_json":{"title":"Secureworks - F\u00fchrend in Cyber-Security - megasoft IT GmbH &amp; Co. KG","description":"XDR Platform - Secureworks Taegis - Incident Response - ManagedXDR - Jetzt DEMO vereinbaren und Infrastruktur absichern","robots":{"index":"index","follow":"follow","max-snippet":"max-snippet:-1","max-image-preview":"max-image-preview:large","max-video-preview":"max-video-preview:-1"},"canonical":"https:\/\/www.megasoft.de\/en\/secureworks-fuehrend-in-cyber-security\/","og_locale":"en_US","og_type":"article","og_title":"Secureworks - F\u00fchrend in Cyber-Security - megasoft IT GmbH &amp; Co. KG","og_description":"XDR Platform - Secureworks Taegis - Incident Response - ManagedXDR - Jetzt DEMO vereinbaren und Infrastruktur absichern","og_url":"https:\/\/www.megasoft.de\/en\/secureworks-fuehrend-in-cyber-security\/","og_site_name":"megasoft IT GmbH &amp; Co. KG","article_modified_time":"2023-08-03T10:06:50+00:00","og_image":[{"width":1600,"height":650,"url":"https:\/\/www.megasoft.de\/wp-content\/uploads\/secureworks-taegis-managed-xdr.png","type":"image\/png"}],"twitter_card":"summary_large_image","twitter_misc":{"Est. reading time":"4 minutes"},"schema":{"@context":"https:\/\/schema.org","@graph":[{"@type":"WebPage","@id":"https:\/\/www.megasoft.de\/secureworks-fuehrend-in-cyber-security\/","url":"https:\/\/www.megasoft.de\/secureworks-fuehrend-in-cyber-security\/","name":"Secureworks - F\u00fchrend in Cyber-Security - megasoft IT GmbH &amp; Co. KG","isPartOf":{"@id":"https:\/\/www.megasoft.de\/#website"},"primaryImageOfPage":{"@id":"https:\/\/www.megasoft.de\/secureworks-fuehrend-in-cyber-security\/#primaryimage"},"image":{"@id":"https:\/\/www.megasoft.de\/secureworks-fuehrend-in-cyber-security\/#primaryimage"},"thumbnailUrl":"https:\/\/www.megasoft.de\/wp-content\/uploads\/secureworks-taegis-managed-xdr.png","datePublished":"2022-02-03T21:40:02+00:00","dateModified":"2023-08-03T10:06:50+00:00","description":"XDR Platform - Secureworks Taegis - Incident Response - ManagedXDR - Jetzt DEMO vereinbaren und Infrastruktur absichern","breadcrumb":{"@id":"https:\/\/www.megasoft.de\/secureworks-fuehrend-in-cyber-security\/#breadcrumb"},"inLanguage":"en-US","potentialAction":[{"@type":"ReadAction","target":["https:\/\/www.megasoft.de\/secureworks-fuehrend-in-cyber-security\/"]}]},{"@type":"ImageObject","inLanguage":"en-US","@id":"https:\/\/www.megasoft.de\/secureworks-fuehrend-in-cyber-security\/#primaryimage","url":"https:\/\/www.megasoft.de\/wp-content\/uploads\/secureworks-taegis-managed-xdr.png","contentUrl":"https:\/\/www.megasoft.de\/wp-content\/uploads\/secureworks-taegis-managed-xdr.png","width":1600,"height":650},{"@type":"BreadcrumbList","@id":"https:\/\/www.megasoft.de\/secureworks-fuehrend-in-cyber-security\/#breadcrumb","itemListElement":[{"@type":"ListItem","position":1,"name":"Startseite","item":"https:\/\/www.megasoft.de\/"},{"@type":"ListItem","position":2,"name":"Secureworks &#8211; F\u00fchrend in Cyber-Security"}]},{"@type":"WebSite","@id":"https:\/\/www.megasoft.de\/#website","url":"https:\/\/www.megasoft.de\/","name":"megasoft IT GmbH &amp; Co. KG","description":"Your IT Procurement Partner","publisher":{"@id":"https:\/\/www.megasoft.de\/#organization"},"potentialAction":[{"@type":"SearchAction","target":{"@type":"EntryPoint","urlTemplate":"https:\/\/www.megasoft.de\/?s={search_term_string}"},"query-input":{"@type":"PropertyValueSpecification","valueRequired":true,"valueName":"search_term_string"}}],"inLanguage":"en-US"},{"@type":"Organization","@id":"https:\/\/www.megasoft.de\/#organization","name":"megasoft IT GmbH &amp; Co. KG","url":"https:\/\/www.megasoft.de\/","logo":{"@type":"ImageObject","inLanguage":"en-US","@id":"https:\/\/www.megasoft.de\/#\/schema\/logo\/image\/","url":"https:\/\/www.megasoft.de\/wp-content\/uploads\/megasoft_logo_IT_Procurement_Partner.png","contentUrl":"https:\/\/www.megasoft.de\/wp-content\/uploads\/megasoft_logo_IT_Procurement_Partner.png","width":1400,"height":350,"caption":"megasoft IT GmbH &amp; Co. KG"},"image":{"@id":"https:\/\/www.megasoft.de\/#\/schema\/logo\/image\/"}}]}},"publishpress_future_action":{"enabled":false,"date":"2026-05-07 00:42:39","action":"change-status","newStatus":"draft","terms":[],"taxonomy":"","extraData":[]},"publishpress_future_workflow_manual_trigger":{"enabledWorkflows":[]},"_links":{"self":[{"href":"https:\/\/www.megasoft.de\/en\/wp-json\/wp\/v2\/pages\/96299","targetHints":{"allow":["GET"]}}],"collection":[{"href":"https:\/\/www.megasoft.de\/en\/wp-json\/wp\/v2\/pages"}],"about":[{"href":"https:\/\/www.megasoft.de\/en\/wp-json\/wp\/v2\/types\/page"}],"author":[{"embeddable":true,"href":"https:\/\/www.megasoft.de\/en\/wp-json\/wp\/v2\/users\/1"}],"replies":[{"embeddable":true,"href":"https:\/\/www.megasoft.de\/en\/wp-json\/wp\/v2\/comments?post=96299"}],"version-history":[{"count":10,"href":"https:\/\/www.megasoft.de\/en\/wp-json\/wp\/v2\/pages\/96299\/revisions"}],"predecessor-version":[{"id":98311,"href":"https:\/\/www.megasoft.de\/en\/wp-json\/wp\/v2\/pages\/96299\/revisions\/98311"}],"wp:featuredmedia":[{"embeddable":true,"href":"https:\/\/www.megasoft.de\/en\/wp-json\/wp\/v2\/media\/97112"}],"wp:attachment":[{"href":"https:\/\/www.megasoft.de\/en\/wp-json\/wp\/v2\/media?parent=96299"}],"curies":[{"name":"wp","href":"https:\/\/api.w.org\/{rel}","templated":true}]}}