{"id":96915,"date":"2022-01-11T23:44:55","date_gmt":"2022-01-11T22:44:55","guid":{"rendered":"https:\/\/www.megasoft.de\/?page_id=96915"},"modified":"2024-06-03T20:01:27","modified_gmt":"2024-06-03T18:01:27","slug":"projektmanagement-produktivitaet-collaboration","status":"publish","type":"page","link":"https:\/\/www.megasoft.de\/en\/projektmanagement-produktivitaet-collaboration\/","title":{"rendered":"Projektmanagement, Produktivit\u00e4t &#038; Collaboration"},"content":{"rendered":"<p>Steigern Sie die Produktivit\u00e4t Ihres Unternehmens mit den besten Tools f\u00fcr Projektmanagement und Collaboration<\/p>\n\n\n\n<p>Ein effektives Projektmanagement und eine erfolgreiche Zusammenarbeit sind der Schl\u00fcssel zu einer erfolgreichen und produktiven Arbeitsumgebung. Bei megasoft IT finden Sie eine breite Palette von Software-L\u00f6sungen im Bereich Produktivit\u00e4t, die Ihnen helfen, Ihre Arbeitsprozesse zu optimieren und zu vereinfachen.<\/p>\n\n\n\n<p>Unser L\u00f6sungsbereich umfasst eine Vielzahl von Produkten und L\u00f6sungen, darunter PDF-Tools, Projektmanagement-Software, Mindmapping-Tools, Augmented-Reality-Software, Kommunikations-Tools und vieles mehr. Wir bieten ma\u00dfgeschneiderte L\u00f6sungen, die perfekt auf Ihre individuellen Bed\u00fcrfnisse und Anforderungen zugeschnitten sind.<\/p>\n\n\n\n<p>Unsere Produkte sind von f\u00fchrenden Herstellern und Partnern, die sich auf die Bereiche Produktivit\u00e4t und Collaboration spezialisiert haben. Wir bieten umfassende Beratung, Unterst\u00fctzung und Schulung, um sicherzustellen, dass Sie das volle Potenzial Ihrer Software-L\u00f6sungen nutzen k\u00f6nnen.<\/p>\n\n\n\n<p>Verbessern Sie Ihre Arbeitsprozesse und steigern Sie die Produktivit\u00e4t Ihres Unternehmens mit den besten Tools f\u00fcr Projektmanagement und Collaboration. Kontaktieren Sie uns noch heute, um mehr \u00fcber unsere L\u00f6sungen im Bereich Produktivit\u00e4t zu erfahren und wie wir Ihnen helfen k\u00f6nnen, Ihre Arbeitsabl\u00e4ufe zu optimieren und zu vereinfachen.<\/p>\n\n\n\n<p><\/p>\n\n\n\n<div class=\"wp-block-columns is-layout-flex wp-container-core-columns-is-layout-28f84493 wp-block-columns-is-layout-flex\">\n<div class=\"wp-block-column is-layout-flow wp-block-column-is-layout-flow\" style=\"flex-basis:33.33%\">\n<figure class=\"wp-block-image size-full\"><img fetchpriority=\"high\" decoding=\"async\" width=\"1200\" height=\"313\" src=\"https:\/\/www.megasoft.de\/wp-content\/uploads\/adobe-logo-megasoft.png\" alt=\"Projektmanagement Produktivit\u00e4t Collaboration adobe gold\" class=\"wp-image-97272\" srcset=\"https:\/\/www.megasoft.de\/wp-content\/uploads\/\/adobe-logo-megasoft.png 1200w, https:\/\/www.megasoft.de\/wp-content\/uploads\/\/adobe-logo-megasoft-768x200.png 768w\" sizes=\"(max-width: 1200px) 100vw, 1200px\" \/><\/figure>\n\n\n<\/div>\n\n\n\n<div class=\"wp-block-column is-layout-flow wp-block-column-is-layout-flow\" style=\"flex-basis:66.66%\">\n<h3 class=\"wp-block-heading\">Adobe Gold Partner<\/h3>\n\n\n\n<p>Gemeinsam mit Ihnen, unseren Kunden und Partnern, haben wir einen weiteren Schritt getan und unsere Zusammenarbeit mit Adobe auf das n\u00e4chste Level gebracht:<\/p>\n\n\n\n<p><strong>megasoft IT ist Adobe Gold Partner!<\/strong><br><\/p>\n\n\n\n<div class=\"wp-block-buttons is-layout-flex wp-block-buttons-is-layout-flex\">\n<div class=\"wp-block-button\"><a class=\"wp-block-button__link has-background wp-element-button\" href=\"https:\/\/www.megasoft.de\/en\/adobe\/\" style=\"background-color:#fb4646\">mehr erfahren<\/a><\/div>\n<\/div>\n<\/div>\n<\/div>\n\n\n\n<hr class=\"wp-block-separator has-css-opacity\"\/>\n\n\n\n<div class=\"wp-block-columns is-layout-flex wp-container-core-columns-is-layout-28f84493 wp-block-columns-is-layout-flex\">\n<div class=\"wp-block-column is-layout-flow wp-block-column-is-layout-flow\" style=\"flex-basis:33.33%\">\n<figure class=\"wp-block-image\"><img decoding=\"async\" data-src=\"https:\/\/www.megasoft.de\/wp-content\/uploads\/Nitro-PDF.png\" alt=\"Projektmanagement Produktivit\u00e4t Collaboration Nitro PDF - Productivity Suite\" src=\"data:image\/svg+xml;base64,PHN2ZyB3aWR0aD0iMSIgaGVpZ2h0PSIxIiB4bWxucz0iaHR0cDovL3d3dy53My5vcmcvMjAwMC9zdmciPjwvc3ZnPg==\" class=\"lazyload\" style=\"--smush-placeholder-width: 667px; --smush-placeholder-aspect-ratio: 667\/375;\" \/><\/figure>\n<\/div>\n\n\n\n<div class=\"wp-block-column is-layout-flow wp-block-column-is-layout-flow\" style=\"flex-basis:66.66%\">\n<h3 class=\"wp-block-heading\">Nitro<\/h3>\n\n\n\n<p><strong>Nitro Productivity Suite<\/strong> Nitro Pro ist die erste und f\u00fchrende Alternative zu Adobe\u00ae Acrobat\u00ae! Nitro Pro 13 meistert die h\u00e4ufigsten Herausforderungen bei Dokumenten. Die preisgekr\u00f6nte Dokumentenproduktivit\u00e4tsl\u00f6sung bietet Anwendern leistungsstarke Tools zum Erstellen, Konvertieren, Bearbeiten, Unterzeichnen, Sch\u00fctzen, \u00dcberpr\u00fcfen und Freigeben von PDFs und senkt dadurch die Kosten.<\/p>\n\n\n\n<div class=\"wp-block-buttons is-layout-flex wp-block-buttons-is-layout-flex\">\n<div class=\"wp-block-button\"><a class=\"wp-block-button__link wp-element-button\" href=\"https:\/\/www.megasoft.de\/en\/nitro-productivity-suite-nitro-pro13-pdf-tool\/\">mehr zur Nitro Productivity Suite<\/a><\/div>\n<\/div>\n\n\n\n<p><strong>Nitro Pro 13<\/strong> Mit reichhaltigen Funktionen, einer intuitiven Benutzeroberfl\u00e4che und erweiterter Sicherheit erm\u00f6glicht es Ihnen Nitro Pro, PDF-Dokumente schnell und einfach zu erstellen, zu konvertieren, zu bearbeiten, zu unterzeichnen, zu pr\u00fcfen und zu sch\u00fctzen. Nitro Pro bietet eine intelligente L\u00f6sung f\u00fcr die Zusammenarbeit mit PDFs und ist die f\u00fchrende Alternative zu Adobe Acrobat.<\/p>\n\n\n\n<div class=\"wp-block-buttons is-layout-flex wp-block-buttons-is-layout-flex\">\n<div class=\"wp-block-button\"><a class=\"wp-block-button__link wp-element-button\" href=\"https:\/\/megasoft-shop.de\/nitro-pro-13-pdf.html\">Nitro Pro 13<\/a><\/div>\n<\/div>\n<\/div>\n<\/div>\n\n\n\n<hr class=\"wp-block-separator has-css-opacity\"\/>\n\n\n\n<div class=\"wp-block-columns is-layout-flex wp-container-core-columns-is-layout-28f84493 wp-block-columns-is-layout-flex\">\n<div class=\"wp-block-column is-layout-flow wp-block-column-is-layout-flow\" style=\"flex-basis:33.33%\">\n<figure class=\"wp-block-image size-full is-style-default\"><img decoding=\"async\" width=\"235\" height=\"31\" data-src=\"https:\/\/www.megasoft.de\/wp-content\/uploads\/MindManager-Enterprise-Angebot-megasoft-alludo.png\" alt=\"\" class=\"wp-image-104089 lazyload\" data-srcset=\"https:\/\/www.megasoft.de\/wp-content\/uploads\/MindManager-Enterprise-Angebot-megasoft-alludo.png 235w, https:\/\/www.megasoft.de\/wp-content\/uploads\/MindManager-Enterprise-Angebot-megasoft-alludo-18x2.png 18w\" data-sizes=\"(max-width: 235px) 100vw, 235px\" src=\"data:image\/svg+xml;base64,PHN2ZyB3aWR0aD0iMSIgaGVpZ2h0PSIxIiB4bWxucz0iaHR0cDovL3d3dy53My5vcmcvMjAwMC9zdmciPjwvc3ZnPg==\" style=\"--smush-placeholder-width: 235px; --smush-placeholder-aspect-ratio: 235\/31;\" \/><\/figure>\n<\/div>\n\n\n\n<div class=\"wp-block-column is-layout-flow wp-block-column-is-layout-flow\" style=\"flex-basis:66.66%\">\n<h3 class=\"wp-block-heading\">MindManager \u2013 Projektmanagement<\/h3>\n\n\n\n<p>MindManager wird oft als zentrales Tool f\u00fcr die Projektplanung und das Aufgabenmanegement genutzt. Es erg\u00e4nzt g\u00e4ngige Projektmanagement-Systeme genau an den Stellen, wo diese an ihre Grenzen sto\u00dfen. <\/p>\n\n\n\n<div class=\"wp-block-buttons is-layout-flex wp-block-buttons-is-layout-flex\">\n<div class=\"wp-block-button\"><a class=\"wp-block-button__link wp-element-button\" href=\"https:\/\/www.megasoft.de\/en\/mindmanager\/\">MindManager Software<\/a><\/div>\n<\/div>\n<\/div>\n<\/div>\n\n\n\n<hr class=\"wp-block-separator has-css-opacity\"\/>\n\n\n\n<div class=\"wp-block-columns is-layout-flex wp-container-core-columns-is-layout-28f84493 wp-block-columns-is-layout-flex\">\n<div class=\"wp-block-column is-layout-flow wp-block-column-is-layout-flow\" style=\"flex-basis:33.33%\">\n<figure class=\"wp-block-image\"><img decoding=\"async\" data-src=\"https:\/\/www.megasoft.de\/wp-content\/uploads\/teamviewer-141.png\" alt=\"Projektmanagement Produktivit\u00e4t Collaboration teamviewer\" src=\"data:image\/svg+xml;base64,PHN2ZyB3aWR0aD0iMSIgaGVpZ2h0PSIxIiB4bWxucz0iaHR0cDovL3d3dy53My5vcmcvMjAwMC9zdmciPjwvc3ZnPg==\" class=\"lazyload\" style=\"--smush-placeholder-width: 1903px; --smush-placeholder-aspect-ratio: 1903\/396;\" \/><\/figure>\n<\/div>\n\n\n\n<div class=\"wp-block-column is-layout-flow wp-block-column-is-layout-flow\" style=\"flex-basis:66.66%\">\n<h3 class=\"wp-block-heading\">TeamViewer<\/h3>\n\n\n\n<p>TeamViewer ist die f\u00fchrende Fernwartungs- und Kommunikationssoftware f\u00fcr Screen-Sharing, Videokonferenzen, VPN und Dateitransfer, die es Ihnen erm\u00f6glicht, ganz einfach auf entfernten Systemen zu arbeiten oder standortunabh\u00e4ngig im Team zu interagieren, als s\u00e4\u00dfen alle Projektmitglieder an einem gro\u00dfen Konferenztisch.<\/p>\n\n\n\n<div class=\"wp-block-buttons is-layout-flex wp-block-buttons-is-layout-flex\">\n<div class=\"wp-block-button\"><a class=\"wp-block-button__link wp-element-button\" href=\"https:\/\/megasoft-shop.de\/teamviewer-14.html\">mehr zum TeamViewer<\/a><\/div>\n<\/div>\n\n\n\n<p><strong>TeamViewer 14<\/strong> Mit TeamViewer leisten Sie Support aus der Ferne oder bringen Kunden, Kollegen und ihre Ideen in beeindruckenden Online-Meetings zusammen \u2013 kinderleicht und ohne umst\u00e4ndliche Vorbereitung. Die umfangreiche Software ist so konzipiert, dass Sie sich innerhalb von Sekunden zu anderen Ger\u00e4ten verbinden und barrierefrei mit anderen Menschen austauschen k\u00f6nnen. <strong>TeamViewer Pilot <\/strong>TeamViewer Pilot ist eine Remote-Support-L\u00f6sung, die einfachen, schnellen und sicheren Augmented-Reality-basierten visuellen Support bietet, um Probleme \u00fcberall auf der Welt zu identifizieren und zu l\u00f6sen.<\/p>\n\n\n\n<div class=\"wp-block-buttons is-layout-flex wp-block-buttons-is-layout-flex\">\n<div class=\"wp-block-button\"><a class=\"wp-block-button__link wp-element-button\" href=\"https:\/\/megasoft-shop.de\/teamviewer-pilot.html\">mehr zum TeamViewer Pilot<\/a><\/div>\n<\/div>\n<\/div>\n<\/div>","protected":false},"excerpt":{"rendered":"<p>Steigern Sie die Produktivit\u00e4t Ihres Unternehmens mit den besten Tools f\u00fcr Projektmanagement und Collaboration Ein effektives Projektmanagement und eine erfolgreiche Zusammenarbeit sind der Schl\u00fcssel zu einer erfolgreichen und produktiven Arbeitsumgebung. Bei megasoft IT finden Sie eine breite Palette von Software-L\u00f6sungen im Bereich Produktivit\u00e4t, die Ihnen helfen, Ihre Arbeitsprozesse zu optimieren [&hellip;]<\/p>\n","protected":false},"author":5,"featured_media":4652,"parent":0,"menu_order":0,"comment_status":"closed","ping_status":"closed","template":"","meta":{"om_disable_all_campaigns":false,"_monsterinsights_skip_tracking":false,"_monsterinsights_sitenote_active":false,"_monsterinsights_sitenote_note":"","_monsterinsights_sitenote_category":0,"_themeisle_gutenberg_block_has_review":false,"footnotes":""},"class_list":["post-96915","page","type-page","status-publish","has-post-thumbnail","hentry","wpautop"],"yoast_head":"<!-- This site is optimized with the Yoast SEO plugin v27.6 - https:\/\/yoast.com\/product\/yoast-seo-wordpress\/ -->\n<title>Projektmanagement, Produktivit\u00e4t &#038; Collaboration - megasoft IT<\/title>\n<meta name=\"description\" content=\"Die beste Software f\u00fcr Projektmanagement, Produktivit\u00e4t &amp; Collaboration - Adobe - Nitro - MindManager - TeamViewer und mehr\" \/>\n<meta name=\"robots\" content=\"index, follow, max-snippet:-1, max-image-preview:large, max-video-preview:-1\" \/>\n<link rel=\"canonical\" href=\"https:\/\/www.megasoft.de\/en\/projektmanagement-produktivitaet-collaboration\/\" \/>\n<meta property=\"og:locale\" content=\"en_US\" \/>\n<meta property=\"og:type\" content=\"article\" \/>\n<meta property=\"og:title\" content=\"Projektmanagement, Produktivit\u00e4t &#038; Collaboration - megasoft IT\" \/>\n<meta property=\"og:description\" content=\"Die beste Software f\u00fcr Projektmanagement, Produktivit\u00e4t &amp; Collaboration - Adobe - Nitro - MindManager - TeamViewer und mehr\" \/>\n<meta property=\"og:url\" content=\"https:\/\/www.megasoft.de\/en\/projektmanagement-produktivitaet-collaboration\/\" \/>\n<meta property=\"og:site_name\" content=\"megasoft IT GmbH &amp; Co. KG\" \/>\n<meta property=\"article:modified_time\" content=\"2024-06-03T18:01:27+00:00\" \/>\n<meta property=\"og:image\" content=\"https:\/\/www.megasoft.de\/wp-content\/uploads\/megasoft-solution-l\u00f6sung-produktivit\u00e4t-software-lizenzmanagement.jpg\" \/>\n\t<meta property=\"og:image:width\" content=\"1280\" \/>\n\t<meta property=\"og:image:height\" content=\"853\" \/>\n\t<meta property=\"og:image:type\" content=\"image\/jpeg\" \/>\n<meta name=\"twitter:card\" content=\"summary_large_image\" \/>\n<meta name=\"twitter:label1\" content=\"Est. reading time\" \/>\n\t<meta name=\"twitter:data1\" content=\"4 minutes\" \/>\n<script type=\"application\/ld+json\" class=\"yoast-schema-graph\">{\"@context\":\"https:\\\/\\\/schema.org\",\"@graph\":[{\"@type\":\"WebPage\",\"@id\":\"https:\\\/\\\/www.megasoft.de\\\/projektmanagement-produktivitaet-collaboration\\\/\",\"url\":\"https:\\\/\\\/www.megasoft.de\\\/projektmanagement-produktivitaet-collaboration\\\/\",\"name\":\"Projektmanagement, Produktivit\u00e4t &#038; Collaboration - megasoft IT\",\"isPartOf\":{\"@id\":\"https:\\\/\\\/www.megasoft.de\\\/#website\"},\"primaryImageOfPage\":{\"@id\":\"https:\\\/\\\/www.megasoft.de\\\/projektmanagement-produktivitaet-collaboration\\\/#primaryimage\"},\"image\":{\"@id\":\"https:\\\/\\\/www.megasoft.de\\\/projektmanagement-produktivitaet-collaboration\\\/#primaryimage\"},\"thumbnailUrl\":\"https:\\\/\\\/www.megasoft.de\\\/wp-content\\\/uploads\\\/megasoft-solution-l\u00f6sung-produktivit\u00e4t-software-lizenzmanagement.jpg\",\"datePublished\":\"2022-01-11T22:44:55+00:00\",\"dateModified\":\"2024-06-03T18:01:27+00:00\",\"description\":\"Die beste Software f\u00fcr Projektmanagement, Produktivit\u00e4t & Collaboration - Adobe - Nitro - MindManager - TeamViewer und mehr\",\"breadcrumb\":{\"@id\":\"https:\\\/\\\/www.megasoft.de\\\/projektmanagement-produktivitaet-collaboration\\\/#breadcrumb\"},\"inLanguage\":\"en-US\",\"potentialAction\":[{\"@type\":\"ReadAction\",\"target\":[\"https:\\\/\\\/www.megasoft.de\\\/projektmanagement-produktivitaet-collaboration\\\/\"]}]},{\"@type\":\"ImageObject\",\"inLanguage\":\"en-US\",\"@id\":\"https:\\\/\\\/www.megasoft.de\\\/projektmanagement-produktivitaet-collaboration\\\/#primaryimage\",\"url\":\"https:\\\/\\\/www.megasoft.de\\\/wp-content\\\/uploads\\\/megasoft-solution-l\u00f6sung-produktivit\u00e4t-software-lizenzmanagement.jpg\",\"contentUrl\":\"https:\\\/\\\/www.megasoft.de\\\/wp-content\\\/uploads\\\/megasoft-solution-l\u00f6sung-produktivit\u00e4t-software-lizenzmanagement.jpg\",\"width\":1280,\"height\":853},{\"@type\":\"BreadcrumbList\",\"@id\":\"https:\\\/\\\/www.megasoft.de\\\/projektmanagement-produktivitaet-collaboration\\\/#breadcrumb\",\"itemListElement\":[{\"@type\":\"ListItem\",\"position\":1,\"name\":\"Startseite\",\"item\":\"https:\\\/\\\/www.megasoft.de\\\/\"},{\"@type\":\"ListItem\",\"position\":2,\"name\":\"Projektmanagement, Produktivit\u00e4t &#038; Collaboration\"}]},{\"@type\":\"WebSite\",\"@id\":\"https:\\\/\\\/www.megasoft.de\\\/#website\",\"url\":\"https:\\\/\\\/www.megasoft.de\\\/\",\"name\":\"megasoft IT GmbH &amp; Co. KG\",\"description\":\"Your IT Procurement Partner\",\"publisher\":{\"@id\":\"https:\\\/\\\/www.megasoft.de\\\/#organization\"},\"potentialAction\":[{\"@type\":\"SearchAction\",\"target\":{\"@type\":\"EntryPoint\",\"urlTemplate\":\"https:\\\/\\\/www.megasoft.de\\\/?s={search_term_string}\"},\"query-input\":{\"@type\":\"PropertyValueSpecification\",\"valueRequired\":true,\"valueName\":\"search_term_string\"}}],\"inLanguage\":\"en-US\"},{\"@type\":\"Organization\",\"@id\":\"https:\\\/\\\/www.megasoft.de\\\/#organization\",\"name\":\"megasoft IT GmbH &amp; Co. KG\",\"url\":\"https:\\\/\\\/www.megasoft.de\\\/\",\"logo\":{\"@type\":\"ImageObject\",\"inLanguage\":\"en-US\",\"@id\":\"https:\\\/\\\/www.megasoft.de\\\/#\\\/schema\\\/logo\\\/image\\\/\",\"url\":\"https:\\\/\\\/www.megasoft.de\\\/wp-content\\\/uploads\\\/megasoft_logo_IT_Procurement_Partner.png\",\"contentUrl\":\"https:\\\/\\\/www.megasoft.de\\\/wp-content\\\/uploads\\\/megasoft_logo_IT_Procurement_Partner.png\",\"width\":1400,\"height\":350,\"caption\":\"megasoft IT GmbH &amp; Co. KG\"},\"image\":{\"@id\":\"https:\\\/\\\/www.megasoft.de\\\/#\\\/schema\\\/logo\\\/image\\\/\"}}]}<\/script>\n<!-- \/ Yoast SEO plugin. -->","yoast_head_json":{"title":"Projektmanagement, Produktivit\u00e4t &#038; Collaboration - megasoft IT","description":"Die beste Software f\u00fcr Projektmanagement, Produktivit\u00e4t & Collaboration - Adobe - Nitro - MindManager - TeamViewer und mehr","robots":{"index":"index","follow":"follow","max-snippet":"max-snippet:-1","max-image-preview":"max-image-preview:large","max-video-preview":"max-video-preview:-1"},"canonical":"https:\/\/www.megasoft.de\/en\/projektmanagement-produktivitaet-collaboration\/","og_locale":"en_US","og_type":"article","og_title":"Projektmanagement, Produktivit\u00e4t &#038; Collaboration - megasoft IT","og_description":"Die beste Software f\u00fcr Projektmanagement, Produktivit\u00e4t & Collaboration - Adobe - Nitro - MindManager - TeamViewer und mehr","og_url":"https:\/\/www.megasoft.de\/en\/projektmanagement-produktivitaet-collaboration\/","og_site_name":"megasoft IT GmbH &amp; Co. KG","article_modified_time":"2024-06-03T18:01:27+00:00","og_image":[{"width":1280,"height":853,"url":"https:\/\/www.megasoft.de\/wp-content\/uploads\/megasoft-solution-l\u00f6sung-produktivit\u00e4t-software-lizenzmanagement.jpg","type":"image\/jpeg"}],"twitter_card":"summary_large_image","twitter_misc":{"Est. reading time":"4 minutes"},"schema":{"@context":"https:\/\/schema.org","@graph":[{"@type":"WebPage","@id":"https:\/\/www.megasoft.de\/projektmanagement-produktivitaet-collaboration\/","url":"https:\/\/www.megasoft.de\/projektmanagement-produktivitaet-collaboration\/","name":"Projektmanagement, Produktivit\u00e4t &#038; Collaboration - megasoft IT","isPartOf":{"@id":"https:\/\/www.megasoft.de\/#website"},"primaryImageOfPage":{"@id":"https:\/\/www.megasoft.de\/projektmanagement-produktivitaet-collaboration\/#primaryimage"},"image":{"@id":"https:\/\/www.megasoft.de\/projektmanagement-produktivitaet-collaboration\/#primaryimage"},"thumbnailUrl":"https:\/\/www.megasoft.de\/wp-content\/uploads\/megasoft-solution-l\u00f6sung-produktivit\u00e4t-software-lizenzmanagement.jpg","datePublished":"2022-01-11T22:44:55+00:00","dateModified":"2024-06-03T18:01:27+00:00","description":"Die beste Software f\u00fcr Projektmanagement, Produktivit\u00e4t & Collaboration - Adobe - Nitro - MindManager - TeamViewer und mehr","breadcrumb":{"@id":"https:\/\/www.megasoft.de\/projektmanagement-produktivitaet-collaboration\/#breadcrumb"},"inLanguage":"en-US","potentialAction":[{"@type":"ReadAction","target":["https:\/\/www.megasoft.de\/projektmanagement-produktivitaet-collaboration\/"]}]},{"@type":"ImageObject","inLanguage":"en-US","@id":"https:\/\/www.megasoft.de\/projektmanagement-produktivitaet-collaboration\/#primaryimage","url":"https:\/\/www.megasoft.de\/wp-content\/uploads\/megasoft-solution-l\u00f6sung-produktivit\u00e4t-software-lizenzmanagement.jpg","contentUrl":"https:\/\/www.megasoft.de\/wp-content\/uploads\/megasoft-solution-l\u00f6sung-produktivit\u00e4t-software-lizenzmanagement.jpg","width":1280,"height":853},{"@type":"BreadcrumbList","@id":"https:\/\/www.megasoft.de\/projektmanagement-produktivitaet-collaboration\/#breadcrumb","itemListElement":[{"@type":"ListItem","position":1,"name":"Startseite","item":"https:\/\/www.megasoft.de\/"},{"@type":"ListItem","position":2,"name":"Projektmanagement, Produktivit\u00e4t &#038; Collaboration"}]},{"@type":"WebSite","@id":"https:\/\/www.megasoft.de\/#website","url":"https:\/\/www.megasoft.de\/","name":"megasoft IT GmbH &amp; Co. KG","description":"Your IT Procurement Partner","publisher":{"@id":"https:\/\/www.megasoft.de\/#organization"},"potentialAction":[{"@type":"SearchAction","target":{"@type":"EntryPoint","urlTemplate":"https:\/\/www.megasoft.de\/?s={search_term_string}"},"query-input":{"@type":"PropertyValueSpecification","valueRequired":true,"valueName":"search_term_string"}}],"inLanguage":"en-US"},{"@type":"Organization","@id":"https:\/\/www.megasoft.de\/#organization","name":"megasoft IT GmbH &amp; Co. KG","url":"https:\/\/www.megasoft.de\/","logo":{"@type":"ImageObject","inLanguage":"en-US","@id":"https:\/\/www.megasoft.de\/#\/schema\/logo\/image\/","url":"https:\/\/www.megasoft.de\/wp-content\/uploads\/megasoft_logo_IT_Procurement_Partner.png","contentUrl":"https:\/\/www.megasoft.de\/wp-content\/uploads\/megasoft_logo_IT_Procurement_Partner.png","width":1400,"height":350,"caption":"megasoft IT GmbH &amp; Co. KG"},"image":{"@id":"https:\/\/www.megasoft.de\/#\/schema\/logo\/image\/"}}]}},"publishpress_future_action":{"enabled":false,"date":"2026-05-23 02:19:26","action":"change-status","newStatus":"draft","terms":[],"taxonomy":"","extraData":[]},"publishpress_future_workflow_manual_trigger":{"enabledWorkflows":[]},"_links":{"self":[{"href":"https:\/\/www.megasoft.de\/en\/wp-json\/wp\/v2\/pages\/96915","targetHints":{"allow":["GET"]}}],"collection":[{"href":"https:\/\/www.megasoft.de\/en\/wp-json\/wp\/v2\/pages"}],"about":[{"href":"https:\/\/www.megasoft.de\/en\/wp-json\/wp\/v2\/types\/page"}],"author":[{"embeddable":true,"href":"https:\/\/www.megasoft.de\/en\/wp-json\/wp\/v2\/users\/5"}],"replies":[{"embeddable":true,"href":"https:\/\/www.megasoft.de\/en\/wp-json\/wp\/v2\/comments?post=96915"}],"version-history":[{"count":11,"href":"https:\/\/www.megasoft.de\/en\/wp-json\/wp\/v2\/pages\/96915\/revisions"}],"predecessor-version":[{"id":104135,"href":"https:\/\/www.megasoft.de\/en\/wp-json\/wp\/v2\/pages\/96915\/revisions\/104135"}],"wp:featuredmedia":[{"embeddable":true,"href":"https:\/\/www.megasoft.de\/en\/wp-json\/wp\/v2\/media\/4652"}],"wp:attachment":[{"href":"https:\/\/www.megasoft.de\/en\/wp-json\/wp\/v2\/media?parent=96915"}],"curies":[{"name":"wp","href":"https:\/\/api.w.org\/{rel}","templated":true}]}}