{"id":97013,"date":"2023-02-24T13:52:25","date_gmt":"2023-02-24T12:52:25","guid":{"rendered":"https:\/\/www.megasoft.de\/?page_id=97013"},"modified":"2023-08-15T14:59:54","modified_gmt":"2023-08-15T12:59:54","slug":"docker","status":"publish","type":"page","link":"https:\/\/www.megasoft.de\/en\/docker\/","title":{"rendered":"Docker"},"content":{"rendered":"<p>Unabh\u00e4ngig von der Infrastruktur bietet Docker eine schnelle und einfache L\u00f6sung, die Ihre IT-Infrastruktur transformieren kann. Die f\u00fchrende Plattform f\u00fcr Anwendungscontainerisierung revolutioniert die Art und Weise, wie <a href=\"https:\/\/www.megasoft.de\/en\/docker-business\/\" target=\"_blank\" rel=\"noreferrer noopener\">Company<\/a> Anwendungen erstellen, bereitstellen und ausf\u00fchren.<\/p>\n\n\n\n<p>Bei megasoft IT, Ihrem vertrauensw\u00fcrdigen Partner f\u00fcr diese Containerisierungstechnologie, k\u00f6nnen Sie die Plattform erwerben und von einem umfassenden Serviceangebot profitieren. Unser engagiertes Team unterst\u00fctzt Unternehmen bei der Lizenzierung von Docker, sorgt f\u00fcr eine reibungslose Integration und bietet ma\u00dfgeschneiderte Beratung, Integration und Schulung (Partner!).<\/p>\n\n\n\n<p>Diese Technologie ist nicht nur sicher und skalierbar, sondern auch speziell auf die Bed\u00fcrfnisse von Unternehmen zugeschnitten. Mit ihr k\u00f6nnen Sie Anwendungen sowohl in der Cloud als auch in On-Premise-Umgebungen bereitstellen und verwalten, was zu einer verbesserten Skalierbarkeit und Effizienz Ihrer IT-Infrastruktur f\u00fchrt.<\/p>\n\n\n\n<p>Die Plattform umfasst mehrere Komponenten, darunter die Engine, den Hub und den Support. Diese umfassenden Funktionen bieten Sicherheit, Compliance und Governance, die f\u00fcr das moderne Gesch\u00e4ftsumfeld unerl\u00e4sslich sind. Durch die Vereinfachung der Entwicklungs-, Test- und Produktionsumgebungen erm\u00f6glicht Docker Unternehmen, Anwendungen schneller und einfacher zu erstellen und bereitzustellen.<\/p>\n\n\n\n<p>Vertrauen Sie auf megasoft IT als Ihren zuverl\u00e4ssigen Partner f\u00fcr diese Containerisierungsl\u00f6sung. Kontaktieren Sie uns noch heute, um mehr \u00fcber die Plattform und unsere Serviceleistungen zu erfahren. Mit unserer Expertise in Technologien wie Docker und einer starken Kundenorientierung verbessern wir die Effizienz und Skalierbarkeit Ihrer Anwendungen.<\/p>\n\n\n\n<p>Warum diese Plattform w\u00e4hlen? Es ist die ideale Technologie, die Ihr Unternehmen auf die n\u00e4chste Stufe der digitalen Transformation bringen kann. Durch die Partnerschaft mit megasoft IT erhalten Sie nicht nur Zugang zu den besten Tools, sondern auch zu einem Team von Experten, die sich Ihrer Zufriedenheit und Ihrem Erfolg widmen. Lassen Sie uns Ihnen helfen, die Vorteile voll auszusch\u00f6pfen und Ihr Gesch\u00e4ft zu wachsen.<\/p>\n\n\n\n<p>Hersteller Website: <a href=\"https:\/\/www.docker.com\/\" target=\"_blank\" rel=\"noreferrer noopener\">Docker<\/a><\/p>","protected":false},"excerpt":{"rendered":"<p>Unabh\u00e4ngig von der Infrastruktur bietet Docker eine schnelle und einfache L\u00f6sung, die Ihre IT-Infrastruktur transformieren kann. Die f\u00fchrende Plattform f\u00fcr Anwendungscontainerisierung revolutioniert die Art und Weise, wie Unternehmen Anwendungen erstellen, bereitstellen und ausf\u00fchren. Bei megasoft IT, Ihrem vertrauensw\u00fcrdigen Partner f\u00fcr diese Containerisierungstechnologie, k\u00f6nnen Sie die Plattform erwerben und von einem [&hellip;]<\/p>\n","protected":false},"author":1,"featured_media":0,"parent":0,"menu_order":0,"comment_status":"closed","ping_status":"closed","template":"","meta":{"om_disable_all_campaigns":false,"_monsterinsights_skip_tracking":false,"_monsterinsights_sitenote_active":false,"_monsterinsights_sitenote_note":"","_monsterinsights_sitenote_category":0,"_themeisle_gutenberg_block_has_review":false,"footnotes":""},"class_list":["post-97013","page","type-page","status-publish","hentry","wpautop"],"yoast_head":"<!-- This site is optimized with the Yoast SEO plugin v27.4 - https:\/\/yoast.com\/product\/yoast-seo-wordpress\/ -->\n<title>Docker - megasoft IT GmbH &amp; Co. KG<\/title>\n<meta name=\"description\" content=\"Docker | Container | Software Angebot |\u00a0megasoft IT\u00ae Your IT Procurement Partner! |\u00a0Licensing Partner - Jetzt Angebot sichern!\" \/>\n<meta name=\"robots\" content=\"index, follow, max-snippet:-1, max-image-preview:large, max-video-preview:-1\" \/>\n<link rel=\"canonical\" href=\"https:\/\/www.megasoft.de\/en\/docker\/\" \/>\n<meta property=\"og:locale\" content=\"en_US\" \/>\n<meta property=\"og:type\" content=\"article\" \/>\n<meta property=\"og:title\" content=\"Docker - megasoft IT GmbH &amp; Co. KG\" \/>\n<meta property=\"og:description\" content=\"Docker | Container | Software Angebot |\u00a0megasoft IT\u00ae Your IT Procurement Partner! |\u00a0Licensing Partner - Jetzt Angebot sichern!\" \/>\n<meta property=\"og:url\" content=\"https:\/\/www.megasoft.de\/en\/docker\/\" \/>\n<meta property=\"og:site_name\" content=\"megasoft IT GmbH &amp; Co. KG\" \/>\n<meta property=\"article:modified_time\" content=\"2023-08-15T12:59:54+00:00\" \/>\n<meta name=\"twitter:card\" content=\"summary_large_image\" \/>\n<meta name=\"twitter:label1\" content=\"Est. reading time\" \/>\n\t<meta name=\"twitter:data1\" content=\"1 minute\" \/>\n<script type=\"application\/ld+json\" class=\"yoast-schema-graph\">{\"@context\":\"https:\\\/\\\/schema.org\",\"@graph\":[{\"@type\":\"WebPage\",\"@id\":\"https:\\\/\\\/www.megasoft.de\\\/docker\\\/\",\"url\":\"https:\\\/\\\/www.megasoft.de\\\/docker\\\/\",\"name\":\"Docker - megasoft IT GmbH &amp; Co. KG\",\"isPartOf\":{\"@id\":\"https:\\\/\\\/www.megasoft.de\\\/#website\"},\"datePublished\":\"2023-02-24T12:52:25+00:00\",\"dateModified\":\"2023-08-15T12:59:54+00:00\",\"description\":\"Docker | Container | Software Angebot |\u00a0megasoft IT\u00ae Your IT Procurement Partner! |\u00a0Licensing Partner - Jetzt Angebot sichern!\",\"breadcrumb\":{\"@id\":\"https:\\\/\\\/www.megasoft.de\\\/docker\\\/#breadcrumb\"},\"inLanguage\":\"en-US\",\"potentialAction\":[{\"@type\":\"ReadAction\",\"target\":[\"https:\\\/\\\/www.megasoft.de\\\/docker\\\/\"]}]},{\"@type\":\"BreadcrumbList\",\"@id\":\"https:\\\/\\\/www.megasoft.de\\\/docker\\\/#breadcrumb\",\"itemListElement\":[{\"@type\":\"ListItem\",\"position\":1,\"name\":\"Startseite\",\"item\":\"https:\\\/\\\/www.megasoft.de\\\/\"},{\"@type\":\"ListItem\",\"position\":2,\"name\":\"Docker\"}]},{\"@type\":\"WebSite\",\"@id\":\"https:\\\/\\\/www.megasoft.de\\\/#website\",\"url\":\"https:\\\/\\\/www.megasoft.de\\\/\",\"name\":\"megasoft IT GmbH &amp; Co. KG\",\"description\":\"Your IT Procurement Partner\",\"publisher\":{\"@id\":\"https:\\\/\\\/www.megasoft.de\\\/#organization\"},\"potentialAction\":[{\"@type\":\"SearchAction\",\"target\":{\"@type\":\"EntryPoint\",\"urlTemplate\":\"https:\\\/\\\/www.megasoft.de\\\/?s={search_term_string}\"},\"query-input\":{\"@type\":\"PropertyValueSpecification\",\"valueRequired\":true,\"valueName\":\"search_term_string\"}}],\"inLanguage\":\"en-US\"},{\"@type\":\"Organization\",\"@id\":\"https:\\\/\\\/www.megasoft.de\\\/#organization\",\"name\":\"megasoft IT GmbH &amp; Co. KG\",\"url\":\"https:\\\/\\\/www.megasoft.de\\\/\",\"logo\":{\"@type\":\"ImageObject\",\"inLanguage\":\"en-US\",\"@id\":\"https:\\\/\\\/www.megasoft.de\\\/#\\\/schema\\\/logo\\\/image\\\/\",\"url\":\"https:\\\/\\\/www.megasoft.de\\\/wp-content\\\/uploads\\\/megasoft_logo_IT_Procurement_Partner.png\",\"contentUrl\":\"https:\\\/\\\/www.megasoft.de\\\/wp-content\\\/uploads\\\/megasoft_logo_IT_Procurement_Partner.png\",\"width\":1400,\"height\":350,\"caption\":\"megasoft IT GmbH &amp; Co. KG\"},\"image\":{\"@id\":\"https:\\\/\\\/www.megasoft.de\\\/#\\\/schema\\\/logo\\\/image\\\/\"}}]}<\/script>\n<!-- \/ Yoast SEO plugin. -->","yoast_head_json":{"title":"Docker - megasoft IT GmbH &amp; Co. KG","description":"Docker | Container | Software Angebot |\u00a0megasoft IT\u00ae Your IT Procurement Partner! |\u00a0Licensing Partner - Jetzt Angebot sichern!","robots":{"index":"index","follow":"follow","max-snippet":"max-snippet:-1","max-image-preview":"max-image-preview:large","max-video-preview":"max-video-preview:-1"},"canonical":"https:\/\/www.megasoft.de\/en\/docker\/","og_locale":"en_US","og_type":"article","og_title":"Docker - megasoft IT GmbH &amp; Co. KG","og_description":"Docker | Container | Software Angebot |\u00a0megasoft IT\u00ae Your IT Procurement Partner! |\u00a0Licensing Partner - Jetzt Angebot sichern!","og_url":"https:\/\/www.megasoft.de\/en\/docker\/","og_site_name":"megasoft IT GmbH &amp; Co. KG","article_modified_time":"2023-08-15T12:59:54+00:00","twitter_card":"summary_large_image","twitter_misc":{"Est. reading time":"1 minute"},"schema":{"@context":"https:\/\/schema.org","@graph":[{"@type":"WebPage","@id":"https:\/\/www.megasoft.de\/docker\/","url":"https:\/\/www.megasoft.de\/docker\/","name":"Docker - megasoft IT GmbH &amp; Co. KG","isPartOf":{"@id":"https:\/\/www.megasoft.de\/#website"},"datePublished":"2023-02-24T12:52:25+00:00","dateModified":"2023-08-15T12:59:54+00:00","description":"Docker | Container | Software Angebot |\u00a0megasoft IT\u00ae Your IT Procurement Partner! |\u00a0Licensing Partner - Jetzt Angebot sichern!","breadcrumb":{"@id":"https:\/\/www.megasoft.de\/docker\/#breadcrumb"},"inLanguage":"en-US","potentialAction":[{"@type":"ReadAction","target":["https:\/\/www.megasoft.de\/docker\/"]}]},{"@type":"BreadcrumbList","@id":"https:\/\/www.megasoft.de\/docker\/#breadcrumb","itemListElement":[{"@type":"ListItem","position":1,"name":"Startseite","item":"https:\/\/www.megasoft.de\/"},{"@type":"ListItem","position":2,"name":"Docker"}]},{"@type":"WebSite","@id":"https:\/\/www.megasoft.de\/#website","url":"https:\/\/www.megasoft.de\/","name":"megasoft IT GmbH &amp; Co. KG","description":"Your IT Procurement Partner","publisher":{"@id":"https:\/\/www.megasoft.de\/#organization"},"potentialAction":[{"@type":"SearchAction","target":{"@type":"EntryPoint","urlTemplate":"https:\/\/www.megasoft.de\/?s={search_term_string}"},"query-input":{"@type":"PropertyValueSpecification","valueRequired":true,"valueName":"search_term_string"}}],"inLanguage":"en-US"},{"@type":"Organization","@id":"https:\/\/www.megasoft.de\/#organization","name":"megasoft IT GmbH &amp; Co. KG","url":"https:\/\/www.megasoft.de\/","logo":{"@type":"ImageObject","inLanguage":"en-US","@id":"https:\/\/www.megasoft.de\/#\/schema\/logo\/image\/","url":"https:\/\/www.megasoft.de\/wp-content\/uploads\/megasoft_logo_IT_Procurement_Partner.png","contentUrl":"https:\/\/www.megasoft.de\/wp-content\/uploads\/megasoft_logo_IT_Procurement_Partner.png","width":1400,"height":350,"caption":"megasoft IT GmbH &amp; Co. KG"},"image":{"@id":"https:\/\/www.megasoft.de\/#\/schema\/logo\/image\/"}}]}},"publishpress_future_action":{"enabled":false,"date":"2026-05-05 09:31:45","action":"change-status","newStatus":"draft","terms":[],"taxonomy":"","extraData":[]},"publishpress_future_workflow_manual_trigger":{"enabledWorkflows":[]},"_links":{"self":[{"href":"https:\/\/www.megasoft.de\/en\/wp-json\/wp\/v2\/pages\/97013","targetHints":{"allow":["GET"]}}],"collection":[{"href":"https:\/\/www.megasoft.de\/en\/wp-json\/wp\/v2\/pages"}],"about":[{"href":"https:\/\/www.megasoft.de\/en\/wp-json\/wp\/v2\/types\/page"}],"author":[{"embeddable":true,"href":"https:\/\/www.megasoft.de\/en\/wp-json\/wp\/v2\/users\/1"}],"replies":[{"embeddable":true,"href":"https:\/\/www.megasoft.de\/en\/wp-json\/wp\/v2\/comments?post=97013"}],"version-history":[{"count":8,"href":"https:\/\/www.megasoft.de\/en\/wp-json\/wp\/v2\/pages\/97013\/revisions"}],"predecessor-version":[{"id":104818,"href":"https:\/\/www.megasoft.de\/en\/wp-json\/wp\/v2\/pages\/97013\/revisions\/104818"}],"wp:attachment":[{"href":"https:\/\/www.megasoft.de\/en\/wp-json\/wp\/v2\/media?parent=97013"}],"curies":[{"name":"wp","href":"https:\/\/api.w.org\/{rel}","templated":true}]}}