{"id":97199,"date":"2023-08-21T18:26:12","date_gmt":"2023-08-21T16:26:12","guid":{"rendered":"https:\/\/www.megasoft.de\/?page_id=97199"},"modified":"2024-01-22T16:06:05","modified_gmt":"2024-01-22T15:06:05","slug":"it-security-loesungen","status":"publish","type":"page","link":"https:\/\/www.megasoft.de\/en\/it-security-loesungen\/","title":{"rendered":"IT-Security L\u00f6sungen"},"content":{"rendered":"\n<p>In einer Zeit, in der Cyber-Bedrohungen und Angriffe allgegenw\u00e4rtig sind, steht IT-Sicherheit im Mittelpunkt jeder erfolgreichen Gesch\u00e4ftsstrategie. Die Notwendigkeit, sensible Daten und Systeme vor unbefugtem Zugriff zu sch\u00fctzen, hat Megasoft IT\u00ae dazu veranlasst, sich als vertrauensw\u00fcrdiger Partner in der Softwarebeschaffung und IT-Sicherheit zu etablieren. Seit mehr als 35 Jahren unterst\u00fctzt Megasoft IT\u00ae Unternehmen dabei, die richtigen Tools und Dienstleistungen zu finden, um sich gegen die st\u00e4ndig wechselnden Bedrohungen in der digitalen Landschaft zu wappnen.<\/p>\n\n\n\n<h3 class=\"wp-block-heading\">Megasoft IT\u00ae: Ihr Partner f\u00fcr IT-Sicherheit<\/h3>\n\n\n\n<p>Mit einem stetig wachsenden Druck auf Unternehmen, sich gegen Cyber-Bedrohungen zu sch\u00fctzen, ist es entscheidend, Partner zu haben, die verstehen, welche Tools und Dienstleistungen wirklich halten, was sie versprechen. Megasoft IT\u00ae ist t\u00e4glich auf der Suche nach immer besseren Tools und Dienstleistungen, um Unternehmen bei der Absicherung gegen Angriffe zu unterst\u00fctzen.<\/p>\n\n\n\n<p>Durch eine breit aufgestellte Kundenbasis kennt Megasoft IT\u00ae die unterschiedlichsten Anforderungen und L\u00f6sungen aus dem Bereich IT-Sicherheit. Dieses Wissen wird geb\u00fcndelt, um ma\u00dfgeschneiderte L\u00f6sungen nach Ihrem Bedarf zu erarbeiten.<\/p>\n\n\n\n<h3 class=\"wp-block-heading\">Umfassendes L\u00f6sungsportfolio zum Thema IT-Security<\/h3>\n\n\n\n<p>Megasoft IT\u00ae h\u00e4lt mittlerweile unz\u00e4hlige L\u00f6sungen, Partner und Dienstleistungen f\u00fcr Ihr Unternehmen bereit. Langj\u00e4hrige Partnerschaften und einfache Prozesse helfen dabei, schnell und unkompliziert Softwarel\u00f6sungen anzubieten. <\/p>\n\n\n\n<p><strong>Die Dienstleistungen umfassen:<\/strong><\/p>\n\n\n\n<ul class=\"wp-block-list\">\n<li><strong>Monitoring<\/strong>: \u00dcberwachung Ihrer IT-Systeme, um potenzielle Bedrohungen fr\u00fchzeitig zu erkennen.<\/li>\n\n\n\n<li><strong>Schwachstellenanalyse<\/strong>: Identifizierung von Sicherheitsl\u00fccken, die von Angreifern ausgenutzt werden k\u00f6nnten.<\/li>\n\n\n\n<li><strong>Penetrationstests<\/strong>: Simulierte Angriffe auf Ihre Systeme, um Schwachstellen zu finden und zu beheben.<\/li>\n\n\n\n<li><strong>Incident Response<\/strong>: Schnelle Reaktion auf Sicherheitsvorf\u00e4lle, um den Schaden zu minimieren.<\/li>\n\n\n\n<li><strong>IT-Forensik<\/strong>: Untersuchung von Cyberangriffen, um die Ursache zu ermitteln und zuk\u00fcnftige Angriffe zu verhindern.<\/li>\n\n\n\n<li><\/li>\n<\/ul>\n\n\n\n<h3 class=\"wp-block-heading\">Vertrauen Sie Megasoft IT\u00ae<\/h3>\n\n\n\n<p>Egal, ob Sie ein kleines Unternehmen oder ein gro\u00dfes Konzern sind, Megasoft IT\u00ae hat die passende L\u00f6sung f\u00fcr Ihren Bedarf. Mit einer Erfahrung von mehr als 35 Jahren in der Softwarebeschaffung und IT-Sicherheit ist Megasoft IT\u00ae ein vertrauensw\u00fcrdiger Partner, der Ihnen hilft, den \u00dcberblick zu behalten und Ihre IT-Infrastruktur sicher zu halten.<\/p>\n\n\n\n<p>Investieren Sie in Ihre Sicherheit und lassen Sie sich von den Experten von Megasoft IT\u00ae unterst\u00fctzen. Kontaktieren Sie uns noch heute, um mehr \u00fcber unsere ma\u00dfgeschneiderten L\u00f6sungen zu erfahren, die Ihnen helfen, sich in der komplexen Welt der IT-Sicherheit zurechtzufinden.<\/p>\n\n\n\n<p><a href=\"https:\/\/www.megasoft.de\/hersteller-portfolio\/\">Hersteller Portfolio<\/a><\/p>\n\n\n\n<hr class=\"wp-block-separator has-alpha-channel-opacity\"\/>\n\n\n\n<h2 class=\"wp-block-heading\">ROT &#8211; Rechtliche, organisatorische &amp; technische IT-Sicherheit<\/h2>\n\n\n\n<p><strong>Rechtliche IT-Sicherheit<\/strong><\/p>\n\n\n\n<ul class=\"wp-block-list\">\n<li>Datenschutz<\/li>\n\n\n\n<li>Datensicherheit<\/li>\n\n\n\n<li>Incident-Management \/ Beh\u00f6rdenkommunikation etc.<\/li>\n\n\n\n<li>Versicherung<\/li>\n\n\n\n<li><\/li>\n<\/ul>\n\n\n\n<p><strong>Organisatorische IT-Sicherheit<\/strong><\/p>\n\n\n\n<ul class=\"wp-block-list\">\n<li>Konzeptionierung IT-Sicherheits-StrategieRichtlinien<\/li>\n\n\n\n<li>Zust\u00e4ndigkeiten<\/li>\n\n\n\n<li>Reportings<\/li>\n<\/ul>\n\n\n\n<p><strong>Technische IT-Sicherheit<\/strong><\/p>\n\n\n\n<ul class=\"wp-block-list\">\n<li>Schwachstellenanalyse<\/li>\n\n\n\n<li>Endpunktabsicherung<\/li>\n\n\n\n<li>Schwachstellenbeseitigung<\/li>\n\n\n\n<li>Patch- \/ Update-Management<\/li>\n\n\n\n<li>Forensik<\/li>\n<\/ul>\n\n\n\n<h2 class=\"wp-block-heading\">Kontaktieren Sie uns:<\/h2>\n\n\n<div class=\"wpforms-container wpforms-block wpforms-block-3c426855-e3d8-4130-a2f2-2654a5547085\" id=\"wpforms-96832\"><form id=\"wpforms-form-96832\" class=\"wpforms-validate wpforms-form\" data-formid=\"96832\" method=\"post\" enctype=\"multipart\/form-data\" action=\"\/en\/wp-json\/wp\/v2\/pages\/97199\" data-token=\"e489700df2f6499c471ff1e26521e334\" data-token-time=\"1778340384\"><noscript class=\"wpforms-error-noscript\">Please enable JavaScript in your browser to complete this form.<\/noscript><div class=\"wpforms-field-container\"><div id=\"wpforms-96832-field_0-container\" class=\"wpforms-field wpforms-field-name\" data-field-id=\"0\"><label class=\"wpforms-field-label\">Name <span class=\"wpforms-required-label\">*<\/span><\/label><div class=\"wpforms-field-row wpforms-field-medium\"><div class=\"wpforms-field-row-block wpforms-first wpforms-one-half\"><input type=\"text\" id=\"wpforms-96832-field_0\" class=\"wpforms-field-name-first wpforms-field-required\" name=\"wpforms[fields][0][first]\" required><label for=\"wpforms-96832-field_0\" class=\"wpforms-field-sublabel after\">First<\/label><\/div><div class=\"wpforms-field-row-block wpforms-one-half\"><input type=\"text\" id=\"wpforms-96832-field_0-last\" class=\"wpforms-field-name-last wpforms-field-required\" name=\"wpforms[fields][0][last]\" required><label for=\"wpforms-96832-field_0-last\" class=\"wpforms-field-sublabel after\">Last<\/label><\/div><\/div><\/div><div id=\"wpforms-96832-field_4-container\" class=\"wpforms-field wpforms-field-text\" data-field-id=\"4\"><label class=\"wpforms-field-label\" for=\"wpforms-96832-field_4\">Firma<\/label><input type=\"text\" id=\"wpforms-96832-field_4\" class=\"wpforms-field-medium\" name=\"wpforms[fields][4]\" ><\/div><div id=\"wpforms-96832-field_1-container\" class=\"wpforms-field wpforms-field-email\" data-field-id=\"1\"><label class=\"wpforms-field-label\" for=\"wpforms-96832-field_1\">E-Mail <span class=\"wpforms-required-label\">*<\/span><\/label><input type=\"email\" id=\"wpforms-96832-field_1\" class=\"wpforms-field-medium wpforms-field-required\" name=\"wpforms[fields][1]\" spellcheck=\"false\" required><\/div><div id=\"wpforms-96832-field_6-container\" class=\"wpforms-field wpforms-field-number\" data-field-id=\"6\"><label class=\"wpforms-field-label\" for=\"wpforms-96832-field_6\">Telefonnummer<\/label><input type=\"number\" id=\"wpforms-96832-field_6\" class=\"wpforms-field-medium\" name=\"wpforms[fields][6]\" placeholder=\"00492173265060\" step=\"any\" ><\/div><div id=\"wpforms-96832-field_2-container\" class=\"wpforms-field wpforms-field-textarea\" data-field-id=\"2\"><label class=\"wpforms-field-label\" for=\"wpforms-96832-field_2\">Kommentar oder Nachricht <span class=\"wpforms-required-label\">*<\/span><\/label><textarea id=\"wpforms-96832-field_2\" class=\"wpforms-field-medium wpforms-field-required\" name=\"wpforms[fields][2]\" required><\/textarea><\/div><div id=\"wpforms-96832-field_7-container\" class=\"wpforms-field wpforms-field-gdpr-checkbox\" data-field-id=\"7\"><label class=\"wpforms-field-label\">DSGVO-Einverst\u00e4ndnis <span class=\"wpforms-required-label\">*<\/span><\/label><ul id=\"wpforms-96832-field_7\" class=\"wpforms-field-required\"><li class=\"choice-1\"><input type=\"checkbox\" id=\"wpforms-96832-field_7_1\" name=\"wpforms[fields][7][]\" value=\"Hiermit erkl\u00e4re ich, die Datenschutzerkl\u00e4rung der megasoft IT GmbH &amp; Co KG gelesen und akzeptiert zu haben. Ich bin damit einverstanden, dass mich die megasoft IT kontaktiert und meine Daten zur Auftragsverarbeitung an  Hersteller \/ Partner &amp; verbundene Unternehmen \u00fcbermittelt. Ich kann dieser Einwilligung jederzeit widersprechen.\" required ><label class=\"wpforms-field-label-inline\" for=\"wpforms-96832-field_7_1\">Hiermit erkl\u00e4re ich, die Datenschutzerkl\u00e4rung der megasoft IT GmbH &amp; Co KG gelesen und akzeptiert zu haben. Ich bin damit einverstanden, dass mich die megasoft IT kontaktiert und meine Daten zur Auftragsverarbeitung an  Hersteller \/ Partner &amp; verbundene Unternehmen \u00fcbermittelt. Ich kann dieser Einwilligung jederzeit widersprechen.<\/label><\/li><\/ul><\/div><\/div><!-- .wpforms-field-container --><div class=\"wpforms-recaptcha-container wpforms-is-recaptcha wpforms-is-recaptcha-type-v2\" ><div class=\"g-recaptcha\" data-sitekey=\"6Le9OmIUAAAAAJZf1zH9gCiOMpaAuLBLdA5FpIry\"><\/div><input type=\"text\" name=\"g-recaptcha-hidden\" class=\"wpforms-recaptcha-hidden\" style=\"position:absolute!important;clip:rect(0,0,0,0)!important;height:1px!important;width:1px!important;border:0!important;overflow:hidden!important;padding:0!important;margin:0!important;\" data-rule-recaptcha=\"1\"><\/div><div class=\"wpforms-submit-container\" ><input type=\"hidden\" name=\"wpforms[id]\" value=\"96832\"><input type=\"hidden\" name=\"page_title\" value=\"\"><input type=\"hidden\" name=\"page_url\" value=\"https:\/\/www.megasoft.de\/en\/wp-json\/wp\/v2\/pages\/97199\"><input type=\"hidden\" name=\"url_referer\" value=\"\"><button type=\"submit\" name=\"wpforms[submit]\" id=\"wpforms-submit-96832\" class=\"wpforms-submit\" data-alt-text=\"Senden...\" data-submit-text=\"Absenden\" aria-live=\"assertive\" value=\"wpforms-submit\">Absenden<\/button><\/div><\/form><\/div>  <!-- .wpforms-container -->","protected":false},"excerpt":{"rendered":"<p>In einer Zeit, in der Cyber-Bedrohungen und Angriffe allgegenw\u00e4rtig sind, steht IT-Sicherheit im Mittelpunkt jeder erfolgreichen Gesch\u00e4ftsstrategie. Die Notwendigkeit, sensible Daten und Systeme vor unbefugtem Zugriff zu sch\u00fctzen, hat Megasoft IT\u00ae dazu veranlasst, sich als vertrauensw\u00fcrdiger Partner in der Softwarebeschaffung und IT-Sicherheit zu etablieren. Seit mehr als 35 Jahren unterst\u00fctzt [&hellip;]<\/p>\n","protected":false},"author":5,"featured_media":0,"parent":0,"menu_order":0,"comment_status":"closed","ping_status":"closed","template":"","meta":{"om_disable_all_campaigns":false,"_monsterinsights_skip_tracking":false,"_monsterinsights_sitenote_active":false,"_monsterinsights_sitenote_note":"","_monsterinsights_sitenote_category":0,"_themeisle_gutenberg_block_has_review":false,"footnotes":""},"class_list":["post-97199","page","type-page","status-publish","hentry","wpautop"],"yoast_head":"<!-- This site is optimized with the Yoast SEO plugin v27.5 - https:\/\/yoast.com\/product\/yoast-seo-wordpress\/ -->\n<title>IT-Security L\u00f6sungen - megasoft IT GmbH &amp; Co. KG<\/title>\n<meta name=\"description\" content=\"IT-Security L\u00f6sungen bei megasoft IT\u00ae - Your IT Procurement Partner | Seit mehr als 35 Jahren bieten wir innovative Software-L\u00f6sungen -&gt;\" \/>\n<meta name=\"robots\" content=\"index, follow, max-snippet:-1, max-image-preview:large, max-video-preview:-1\" \/>\n<link rel=\"canonical\" href=\"https:\/\/www.megasoft.de\/en\/it-security-loesungen\/\" \/>\n<meta property=\"og:locale\" content=\"en_US\" \/>\n<meta property=\"og:type\" content=\"article\" \/>\n<meta property=\"og:title\" content=\"IT-Security L\u00f6sungen - megasoft IT GmbH &amp; Co. KG\" \/>\n<meta property=\"og:description\" content=\"IT-Security L\u00f6sungen bei megasoft IT\u00ae - Your IT Procurement Partner | Seit mehr als 35 Jahren bieten wir innovative Software-L\u00f6sungen -&gt;\" \/>\n<meta property=\"og:url\" content=\"https:\/\/www.megasoft.de\/en\/it-security-loesungen\/\" \/>\n<meta property=\"og:site_name\" content=\"megasoft IT GmbH &amp; Co. KG\" \/>\n<meta property=\"article:modified_time\" content=\"2024-01-22T15:06:05+00:00\" \/>\n<meta name=\"twitter:card\" content=\"summary_large_image\" \/>\n<meta name=\"twitter:label1\" content=\"Est. reading time\" \/>\n\t<meta name=\"twitter:data1\" content=\"4 minutes\" \/>\n<script type=\"application\/ld+json\" class=\"yoast-schema-graph\">{\"@context\":\"https:\\\/\\\/schema.org\",\"@graph\":[{\"@type\":\"WebPage\",\"@id\":\"https:\\\/\\\/www.megasoft.de\\\/it-security-loesungen\\\/\",\"url\":\"https:\\\/\\\/www.megasoft.de\\\/it-security-loesungen\\\/\",\"name\":\"IT-Security L\u00f6sungen - megasoft IT GmbH &amp; Co. KG\",\"isPartOf\":{\"@id\":\"https:\\\/\\\/www.megasoft.de\\\/#website\"},\"datePublished\":\"2023-08-21T16:26:12+00:00\",\"dateModified\":\"2024-01-22T15:06:05+00:00\",\"description\":\"IT-Security L\u00f6sungen bei megasoft IT\u00ae - Your IT Procurement Partner | Seit mehr als 35 Jahren bieten wir innovative Software-L\u00f6sungen ->\",\"breadcrumb\":{\"@id\":\"https:\\\/\\\/www.megasoft.de\\\/it-security-loesungen\\\/#breadcrumb\"},\"inLanguage\":\"en-US\",\"potentialAction\":[{\"@type\":\"ReadAction\",\"target\":[\"https:\\\/\\\/www.megasoft.de\\\/it-security-loesungen\\\/\"]}]},{\"@type\":\"BreadcrumbList\",\"@id\":\"https:\\\/\\\/www.megasoft.de\\\/it-security-loesungen\\\/#breadcrumb\",\"itemListElement\":[{\"@type\":\"ListItem\",\"position\":1,\"name\":\"Startseite\",\"item\":\"https:\\\/\\\/www.megasoft.de\\\/\"},{\"@type\":\"ListItem\",\"position\":2,\"name\":\"IT-Security L\u00f6sungen\"}]},{\"@type\":\"WebSite\",\"@id\":\"https:\\\/\\\/www.megasoft.de\\\/#website\",\"url\":\"https:\\\/\\\/www.megasoft.de\\\/\",\"name\":\"megasoft IT GmbH &amp; Co. KG\",\"description\":\"Your IT Procurement Partner\",\"publisher\":{\"@id\":\"https:\\\/\\\/www.megasoft.de\\\/#organization\"},\"potentialAction\":[{\"@type\":\"SearchAction\",\"target\":{\"@type\":\"EntryPoint\",\"urlTemplate\":\"https:\\\/\\\/www.megasoft.de\\\/?s={search_term_string}\"},\"query-input\":{\"@type\":\"PropertyValueSpecification\",\"valueRequired\":true,\"valueName\":\"search_term_string\"}}],\"inLanguage\":\"en-US\"},{\"@type\":\"Organization\",\"@id\":\"https:\\\/\\\/www.megasoft.de\\\/#organization\",\"name\":\"megasoft IT GmbH &amp; Co. KG\",\"url\":\"https:\\\/\\\/www.megasoft.de\\\/\",\"logo\":{\"@type\":\"ImageObject\",\"inLanguage\":\"en-US\",\"@id\":\"https:\\\/\\\/www.megasoft.de\\\/#\\\/schema\\\/logo\\\/image\\\/\",\"url\":\"https:\\\/\\\/www.megasoft.de\\\/wp-content\\\/uploads\\\/megasoft_logo_IT_Procurement_Partner.png\",\"contentUrl\":\"https:\\\/\\\/www.megasoft.de\\\/wp-content\\\/uploads\\\/megasoft_logo_IT_Procurement_Partner.png\",\"width\":1400,\"height\":350,\"caption\":\"megasoft IT GmbH &amp; Co. KG\"},\"image\":{\"@id\":\"https:\\\/\\\/www.megasoft.de\\\/#\\\/schema\\\/logo\\\/image\\\/\"}}]}<\/script>\n<!-- \/ Yoast SEO plugin. -->","yoast_head_json":{"title":"IT-Security L\u00f6sungen - megasoft IT GmbH &amp; Co. KG","description":"IT-Security L\u00f6sungen bei megasoft IT\u00ae - Your IT Procurement Partner | Seit mehr als 35 Jahren bieten wir innovative Software-L\u00f6sungen ->","robots":{"index":"index","follow":"follow","max-snippet":"max-snippet:-1","max-image-preview":"max-image-preview:large","max-video-preview":"max-video-preview:-1"},"canonical":"https:\/\/www.megasoft.de\/en\/it-security-loesungen\/","og_locale":"en_US","og_type":"article","og_title":"IT-Security L\u00f6sungen - megasoft IT GmbH &amp; Co. KG","og_description":"IT-Security L\u00f6sungen bei megasoft IT\u00ae - Your IT Procurement Partner | Seit mehr als 35 Jahren bieten wir innovative Software-L\u00f6sungen ->","og_url":"https:\/\/www.megasoft.de\/en\/it-security-loesungen\/","og_site_name":"megasoft IT GmbH &amp; Co. KG","article_modified_time":"2024-01-22T15:06:05+00:00","twitter_card":"summary_large_image","twitter_misc":{"Est. reading time":"4 minutes"},"schema":{"@context":"https:\/\/schema.org","@graph":[{"@type":"WebPage","@id":"https:\/\/www.megasoft.de\/it-security-loesungen\/","url":"https:\/\/www.megasoft.de\/it-security-loesungen\/","name":"IT-Security L\u00f6sungen - megasoft IT GmbH &amp; Co. KG","isPartOf":{"@id":"https:\/\/www.megasoft.de\/#website"},"datePublished":"2023-08-21T16:26:12+00:00","dateModified":"2024-01-22T15:06:05+00:00","description":"IT-Security L\u00f6sungen bei megasoft IT\u00ae - Your IT Procurement Partner | Seit mehr als 35 Jahren bieten wir innovative Software-L\u00f6sungen ->","breadcrumb":{"@id":"https:\/\/www.megasoft.de\/it-security-loesungen\/#breadcrumb"},"inLanguage":"en-US","potentialAction":[{"@type":"ReadAction","target":["https:\/\/www.megasoft.de\/it-security-loesungen\/"]}]},{"@type":"BreadcrumbList","@id":"https:\/\/www.megasoft.de\/it-security-loesungen\/#breadcrumb","itemListElement":[{"@type":"ListItem","position":1,"name":"Startseite","item":"https:\/\/www.megasoft.de\/"},{"@type":"ListItem","position":2,"name":"IT-Security L\u00f6sungen"}]},{"@type":"WebSite","@id":"https:\/\/www.megasoft.de\/#website","url":"https:\/\/www.megasoft.de\/","name":"megasoft IT GmbH &amp; Co. KG","description":"Your IT Procurement Partner","publisher":{"@id":"https:\/\/www.megasoft.de\/#organization"},"potentialAction":[{"@type":"SearchAction","target":{"@type":"EntryPoint","urlTemplate":"https:\/\/www.megasoft.de\/?s={search_term_string}"},"query-input":{"@type":"PropertyValueSpecification","valueRequired":true,"valueName":"search_term_string"}}],"inLanguage":"en-US"},{"@type":"Organization","@id":"https:\/\/www.megasoft.de\/#organization","name":"megasoft IT GmbH &amp; Co. KG","url":"https:\/\/www.megasoft.de\/","logo":{"@type":"ImageObject","inLanguage":"en-US","@id":"https:\/\/www.megasoft.de\/#\/schema\/logo\/image\/","url":"https:\/\/www.megasoft.de\/wp-content\/uploads\/megasoft_logo_IT_Procurement_Partner.png","contentUrl":"https:\/\/www.megasoft.de\/wp-content\/uploads\/megasoft_logo_IT_Procurement_Partner.png","width":1400,"height":350,"caption":"megasoft IT GmbH &amp; Co. KG"},"image":{"@id":"https:\/\/www.megasoft.de\/#\/schema\/logo\/image\/"}}]}},"publishpress_future_action":{"enabled":false,"date":"2026-05-16 17:26:24","action":"change-status","newStatus":"draft","terms":[],"taxonomy":"","extraData":[]},"publishpress_future_workflow_manual_trigger":{"enabledWorkflows":[]},"_links":{"self":[{"href":"https:\/\/www.megasoft.de\/en\/wp-json\/wp\/v2\/pages\/97199","targetHints":{"allow":["GET"]}}],"collection":[{"href":"https:\/\/www.megasoft.de\/en\/wp-json\/wp\/v2\/pages"}],"about":[{"href":"https:\/\/www.megasoft.de\/en\/wp-json\/wp\/v2\/types\/page"}],"author":[{"embeddable":true,"href":"https:\/\/www.megasoft.de\/en\/wp-json\/wp\/v2\/users\/5"}],"replies":[{"embeddable":true,"href":"https:\/\/www.megasoft.de\/en\/wp-json\/wp\/v2\/comments?post=97199"}],"version-history":[{"count":8,"href":"https:\/\/www.megasoft.de\/en\/wp-json\/wp\/v2\/pages\/97199\/revisions"}],"predecessor-version":[{"id":101920,"href":"https:\/\/www.megasoft.de\/en\/wp-json\/wp\/v2\/pages\/97199\/revisions\/101920"}],"wp:attachment":[{"href":"https:\/\/www.megasoft.de\/en\/wp-json\/wp\/v2\/media?parent=97199"}],"curies":[{"name":"wp","href":"https:\/\/api.w.org\/{rel}","templated":true}]}}