{"id":97757,"date":"2022-10-19T18:06:32","date_gmt":"2022-10-19T16:06:32","guid":{"rendered":"https:\/\/www.megasoft.de\/?page_id=97757"},"modified":"2024-06-05T16:45:29","modified_gmt":"2024-06-05T14:45:29","slug":"megasoft-it-your-it-procurement-partner","status":"publish","type":"page","link":"https:\/\/www.megasoft.de\/en\/megasoft-it-your-it-procurement-partner\/","title":{"rendered":"megasoft\u00ae IT &#8211; Your IT Procurement Partner"},"content":{"rendered":"\n<div class=\"wp-block-columns is-layout-flex wp-container-core-columns-is-layout-28f84493 wp-block-columns-is-layout-flex\">\n<div class=\"wp-block-column is-layout-flow wp-block-column-is-layout-flow\" style=\"flex-basis:33.33%\">\n<figure class=\"wp-block-image size-full is-resized\"><img fetchpriority=\"high\" decoding=\"async\" width=\"1707\" height=\"2560\" src=\"https:\/\/www.megasoft.de\/wp-content\/uploads\/megasoft-it-your-it-procurement-partner-software-scaled.jpg\" alt=\"megasoft IIT Besprechung - Lukas Paegelow\" class=\"wp-image-104358\" style=\"width:277px;height:auto\" srcset=\"https:\/\/www.megasoft.de\/wp-content\/uploads\/megasoft-it-your-it-procurement-partner-software-scaled.jpg 1707w, https:\/\/www.megasoft.de\/wp-content\/uploads\/megasoft-it-your-it-procurement-partner-software-768x1152.jpg 768w, https:\/\/www.megasoft.de\/wp-content\/uploads\/megasoft-it-your-it-procurement-partner-software-1024x1536.jpg 1024w, https:\/\/www.megasoft.de\/wp-content\/uploads\/megasoft-it-your-it-procurement-partner-software-1365x2048.jpg 1365w, https:\/\/www.megasoft.de\/wp-content\/uploads\/megasoft-it-your-it-procurement-partner-software-8x12.jpg 8w, https:\/\/www.megasoft.de\/wp-content\/uploads\/megasoft-it-your-it-procurement-partner-software-1320x1980.jpg 1320w\" sizes=\"(max-width: 1707px) 100vw, 1707px\" \/><\/figure>\n\n\n\n<p>Lukas Paegelow &#8211; CEO<\/p>\n<\/div>\n\n\n\n<div class=\"wp-block-column is-layout-flow wp-block-column-is-layout-flow\" style=\"flex-basis:66.66%\">\n<div class=\"wp-block-columns is-layout-flex wp-container-core-columns-is-layout-28f84493 wp-block-columns-is-layout-flex\">\n<div class=\"wp-block-column is-layout-flow wp-block-column-is-layout-flow\">\n<p>Seit dem Jahr 2018 hat Megasoft\u00ae IT ihren Sitz in Monheim am Rhein und hat sich im Laufe von beinahe 35 Jahren als vertrauensw\u00fcrdiger Partner in der DACH-Region etabliert. Wir bedienen branchen\u00fcbergreifend kleine, mittelst\u00e4ndische Unternehmen und Gro\u00dfkonzerne und bieten dabei eine umfassende Betreuung bei der Beschaffung und Lizenzierung individueller Softwarel\u00f6sungen an.<\/p>\n\n\n\n<p>Als Partner von \u00fcber 900 internationalen Software-Herstellern bringen wir ein umfangreiches Wissensspektrum und tiefgehende Expertise im IT-Bereich mit. Dieser Erfahrungsschatz erm\u00f6glicht es uns, unsere Kunden auf ihrem Weg durch den sich st\u00e4ndig wandelnden und komplexer werdenden Softwaremarkt optimal zu begleiten. Wir sehen es als unsere Mission, Unternehmen dabei zu helfen, in dieser digitalisierten Welt den \u00dcberblick zu behalten.<\/p>\n<\/div>\n<\/div>\n\n\n\n<p>Megasoft\u00ae IT steht f\u00fcr mehr als nur Softwarebeschaffung. Wir sehen uns als verl\u00e4ngerten Arm Ihres Unternehmens, der den kompletten Prozess \u2013 von der Identifizierung geeigneter Softwarel\u00f6sungen \u00fcber die Lizenzierung bis hin zur reibungslosen Implementierung in Ihren Betrieb \u2013 begleitet. Durch unsere enge und partnerschaftliche Zusammenarbeit mit Ihnen stellen wir sicher, dass Ihre individuellen Bed\u00fcrfnisse und Anforderungen nicht nur erkannt, sondern auch optimal umgesetzt werden.<\/p>\n\n\n\n<p>Unser Team aus engagierten IT-Experten hat stets ein offenes Ohr f\u00fcr Ihre W\u00fcnsche und Herausforderungen. Jeder Kunde, ob Einzelunternehmen, mittelst\u00e4ndisches Unternehmen oder  Gro\u00dfkonzern, profitiert von unserer individuell zugeschnittenen Beratung.<\/p>\n\n\n\n<p>Sie sind auf der Suche nach einem Partner, der Sie im Dschungel der Softwarel\u00f6sungen begleitet und Ihnen ma\u00dfgeschneiderte Angebote pr\u00e4sentiert? Kontaktieren Sie uns und erfahren Sie mehr \u00fcber unsere umfassende Dienstleistung im Bereich der Softwarebeschaffung und Lizenzierung. Bei Megasoft\u00ae IT sind Sie in besten H\u00e4nden. Lassen Sie uns gemeinsam die perfekte Software-L\u00f6sung f\u00fcr Ihr Unternehmen finden. Es w\u00e4re uns eine Freude, Sie auf dieser Reise zu begleiten.<\/p>\n<\/div>\n<\/div>\n\n\n\n<p><\/p>\n\n\n<div class=\"wpforms-container wpforms-block wpforms-block-3f0a6f1a-c452-4aee-ab49-fe4f97af8eee\" id=\"wpforms-96832\"><form id=\"wpforms-form-96832\" class=\"wpforms-validate wpforms-form\" data-formid=\"96832\" method=\"post\" enctype=\"multipart\/form-data\" action=\"\/en\/wp-json\/wp\/v2\/pages\/97757\" data-token=\"1d3d26491cf63344fe74f1d0236a69db\" data-token-time=\"1777448383\"><noscript class=\"wpforms-error-noscript\">Please enable JavaScript in your browser to complete this form.<\/noscript><div class=\"wpforms-field-container\"><div id=\"wpforms-96832-field_0-container\" class=\"wpforms-field wpforms-field-name\" data-field-id=\"0\"><label class=\"wpforms-field-label\">Name <span class=\"wpforms-required-label\">*<\/span><\/label><div class=\"wpforms-field-row wpforms-field-medium\"><div class=\"wpforms-field-row-block wpforms-first wpforms-one-half\"><input type=\"text\" id=\"wpforms-96832-field_0\" class=\"wpforms-field-name-first wpforms-field-required\" name=\"wpforms[fields][0][first]\" required><label for=\"wpforms-96832-field_0\" class=\"wpforms-field-sublabel after\">First<\/label><\/div><div class=\"wpforms-field-row-block wpforms-one-half\"><input type=\"text\" id=\"wpforms-96832-field_0-last\" class=\"wpforms-field-name-last wpforms-field-required\" name=\"wpforms[fields][0][last]\" required><label for=\"wpforms-96832-field_0-last\" class=\"wpforms-field-sublabel after\">Last<\/label><\/div><\/div><\/div><div id=\"wpforms-96832-field_4-container\" class=\"wpforms-field wpforms-field-text\" data-field-id=\"4\"><label class=\"wpforms-field-label\" for=\"wpforms-96832-field_4\">Firma<\/label><input type=\"text\" id=\"wpforms-96832-field_4\" class=\"wpforms-field-medium\" name=\"wpforms[fields][4]\" ><\/div><div id=\"wpforms-96832-field_1-container\" class=\"wpforms-field wpforms-field-email\" data-field-id=\"1\"><label class=\"wpforms-field-label\" for=\"wpforms-96832-field_1\">E-Mail <span class=\"wpforms-required-label\">*<\/span><\/label><input type=\"email\" id=\"wpforms-96832-field_1\" class=\"wpforms-field-medium wpforms-field-required\" name=\"wpforms[fields][1]\" spellcheck=\"false\" required><\/div><div id=\"wpforms-96832-field_6-container\" class=\"wpforms-field wpforms-field-number\" data-field-id=\"6\"><label class=\"wpforms-field-label\" for=\"wpforms-96832-field_6\">Telefonnummer<\/label><input type=\"number\" id=\"wpforms-96832-field_6\" class=\"wpforms-field-medium\" name=\"wpforms[fields][6]\" placeholder=\"00492173265060\" step=\"any\" ><\/div><div id=\"wpforms-96832-field_2-container\" class=\"wpforms-field wpforms-field-textarea\" data-field-id=\"2\"><label class=\"wpforms-field-label\" for=\"wpforms-96832-field_2\">Kommentar oder Nachricht <span class=\"wpforms-required-label\">*<\/span><\/label><textarea id=\"wpforms-96832-field_2\" class=\"wpforms-field-medium wpforms-field-required\" name=\"wpforms[fields][2]\" required><\/textarea><\/div><div id=\"wpforms-96832-field_7-container\" class=\"wpforms-field wpforms-field-gdpr-checkbox\" data-field-id=\"7\"><label class=\"wpforms-field-label\">DSGVO-Einverst\u00e4ndnis <span class=\"wpforms-required-label\">*<\/span><\/label><ul id=\"wpforms-96832-field_7\" class=\"wpforms-field-required\"><li class=\"choice-1\"><input type=\"checkbox\" id=\"wpforms-96832-field_7_1\" name=\"wpforms[fields][7][]\" value=\"Hiermit erkl\u00e4re ich, die Datenschutzerkl\u00e4rung der megasoft IT GmbH &amp; Co KG gelesen und akzeptiert zu haben. Ich bin damit einverstanden, dass mich die megasoft IT kontaktiert und meine Daten zur Auftragsverarbeitung an  Hersteller \/ Partner &amp; verbundene Unternehmen \u00fcbermittelt. Ich kann dieser Einwilligung jederzeit widersprechen.\" required ><label class=\"wpforms-field-label-inline\" for=\"wpforms-96832-field_7_1\">Hiermit erkl\u00e4re ich, die Datenschutzerkl\u00e4rung der megasoft IT GmbH &amp; Co KG gelesen und akzeptiert zu haben. Ich bin damit einverstanden, dass mich die megasoft IT kontaktiert und meine Daten zur Auftragsverarbeitung an  Hersteller \/ Partner &amp; verbundene Unternehmen \u00fcbermittelt. Ich kann dieser Einwilligung jederzeit widersprechen.<\/label><\/li><\/ul><\/div><\/div><!-- .wpforms-field-container --><div class=\"wpforms-recaptcha-container wpforms-is-recaptcha wpforms-is-recaptcha-type-v2\" ><div class=\"g-recaptcha\" data-sitekey=\"6Le9OmIUAAAAAJZf1zH9gCiOMpaAuLBLdA5FpIry\"><\/div><input type=\"text\" name=\"g-recaptcha-hidden\" class=\"wpforms-recaptcha-hidden\" style=\"position:absolute!important;clip:rect(0,0,0,0)!important;height:1px!important;width:1px!important;border:0!important;overflow:hidden!important;padding:0!important;margin:0!important;\" data-rule-recaptcha=\"1\"><\/div><div class=\"wpforms-submit-container\" ><input type=\"hidden\" name=\"wpforms[id]\" value=\"96832\"><input type=\"hidden\" name=\"page_title\" value=\"\"><input type=\"hidden\" name=\"page_url\" value=\"https:\/\/www.megasoft.de\/en\/wp-json\/wp\/v2\/pages\/97757\"><input type=\"hidden\" name=\"url_referer\" value=\"\"><button type=\"submit\" name=\"wpforms[submit]\" id=\"wpforms-submit-96832\" class=\"wpforms-submit\" data-alt-text=\"Senden...\" data-submit-text=\"Absenden\" aria-live=\"assertive\" value=\"wpforms-submit\">Absenden<\/button><\/div><\/form><\/div>  <!-- .wpforms-container -->","protected":false},"excerpt":{"rendered":"<p>Lukas Paegelow &#8211; CEO Seit dem Jahr 2018 hat Megasoft\u00ae IT ihren Sitz in Monheim am Rhein und hat sich im Laufe von beinahe 35 Jahren als vertrauensw\u00fcrdiger Partner in der DACH-Region etabliert. Wir bedienen branchen\u00fcbergreifend kleine, mittelst\u00e4ndische Unternehmen und Gro\u00dfkonzerne und bieten dabei eine umfassende Betreuung bei der Beschaffung [&hellip;]<\/p>\n","protected":false},"author":5,"featured_media":9315,"parent":0,"menu_order":0,"comment_status":"closed","ping_status":"closed","template":"","meta":{"om_disable_all_campaigns":false,"_monsterinsights_skip_tracking":false,"_monsterinsights_sitenote_active":false,"_monsterinsights_sitenote_note":"","_monsterinsights_sitenote_category":0,"_themeisle_gutenberg_block_has_review":false,"footnotes":""},"class_list":["post-97757","page","type-page","status-publish","has-post-thumbnail","hentry","wpautop"],"yoast_head":"<!-- This site is optimized with the Yoast SEO plugin v27.5 - https:\/\/yoast.com\/product\/yoast-seo-wordpress\/ -->\n<title>megasoft\u00ae IT - Your IT Procurement Partner - megasoft IT GmbH &amp; Co. KG<\/title>\n<meta name=\"description\" content=\"megasoft IT\u00ae - Your IT Procurememt Partner | Software L\u00f6sungen |\u00a0Cloud L\u00f6sungen | IT_Dienstleistungen und Beratung seit \u00fcber 35 Jahren!\" \/>\n<meta name=\"robots\" content=\"index, follow, max-snippet:-1, max-image-preview:large, max-video-preview:-1\" \/>\n<link rel=\"canonical\" href=\"https:\/\/www.megasoft.de\/en\/megasoft-it-your-it-procurement-partner\/\" \/>\n<meta property=\"og:locale\" content=\"en_US\" \/>\n<meta property=\"og:type\" content=\"article\" \/>\n<meta property=\"og:title\" content=\"megasoft\u00ae IT - Your IT Procurement Partner - megasoft IT GmbH &amp; Co. KG\" \/>\n<meta property=\"og:description\" content=\"megasoft IT\u00ae - Your IT Procurememt Partner | Software L\u00f6sungen |\u00a0Cloud L\u00f6sungen | IT_Dienstleistungen und Beratung seit \u00fcber 35 Jahren!\" \/>\n<meta property=\"og:url\" content=\"https:\/\/www.megasoft.de\/en\/megasoft-it-your-it-procurement-partner\/\" \/>\n<meta property=\"og:site_name\" content=\"megasoft IT GmbH &amp; Co. KG\" \/>\n<meta property=\"article:modified_time\" content=\"2024-06-05T14:45:29+00:00\" \/>\n<meta property=\"og:image\" content=\"https:\/\/www.megasoft.de\/wp-content\/uploads\/cropped-megasoft-it-software-startseite-1-1.jpg\" \/>\n\t<meta property=\"og:image:width\" content=\"1500\" \/>\n\t<meta property=\"og:image:height\" content=\"427\" \/>\n\t<meta property=\"og:image:type\" content=\"image\/jpeg\" \/>\n<meta name=\"twitter:card\" content=\"summary_large_image\" \/>\n<meta name=\"twitter:label1\" content=\"Est. reading time\" \/>\n\t<meta name=\"twitter:data1\" content=\"2 minutes\" \/>\n<script type=\"application\/ld+json\" class=\"yoast-schema-graph\">{\"@context\":\"https:\\\/\\\/schema.org\",\"@graph\":[{\"@type\":\"WebPage\",\"@id\":\"https:\\\/\\\/www.megasoft.de\\\/megasoft-it-your-it-procurement-partner\\\/\",\"url\":\"https:\\\/\\\/www.megasoft.de\\\/megasoft-it-your-it-procurement-partner\\\/\",\"name\":\"megasoft\u00ae IT - Your IT Procurement Partner - megasoft IT GmbH &amp; Co. KG\",\"isPartOf\":{\"@id\":\"https:\\\/\\\/www.megasoft.de\\\/#website\"},\"primaryImageOfPage\":{\"@id\":\"https:\\\/\\\/www.megasoft.de\\\/megasoft-it-your-it-procurement-partner\\\/#primaryimage\"},\"image\":{\"@id\":\"https:\\\/\\\/www.megasoft.de\\\/megasoft-it-your-it-procurement-partner\\\/#primaryimage\"},\"thumbnailUrl\":\"https:\\\/\\\/www.megasoft.de\\\/wp-content\\\/uploads\\\/cropped-megasoft-it-software-startseite-1-1.jpg\",\"datePublished\":\"2022-10-19T16:06:32+00:00\",\"dateModified\":\"2024-06-05T14:45:29+00:00\",\"description\":\"megasoft IT\u00ae - Your IT Procurememt Partner | Software L\u00f6sungen |\u00a0Cloud L\u00f6sungen | IT_Dienstleistungen und Beratung seit \u00fcber 35 Jahren!\",\"breadcrumb\":{\"@id\":\"https:\\\/\\\/www.megasoft.de\\\/megasoft-it-your-it-procurement-partner\\\/#breadcrumb\"},\"inLanguage\":\"en-US\",\"potentialAction\":[{\"@type\":\"ReadAction\",\"target\":[\"https:\\\/\\\/www.megasoft.de\\\/megasoft-it-your-it-procurement-partner\\\/\"]}]},{\"@type\":\"ImageObject\",\"inLanguage\":\"en-US\",\"@id\":\"https:\\\/\\\/www.megasoft.de\\\/megasoft-it-your-it-procurement-partner\\\/#primaryimage\",\"url\":\"https:\\\/\\\/www.megasoft.de\\\/wp-content\\\/uploads\\\/cropped-megasoft-it-software-startseite-1-1.jpg\",\"contentUrl\":\"https:\\\/\\\/www.megasoft.de\\\/wp-content\\\/uploads\\\/cropped-megasoft-it-software-startseite-1-1.jpg\",\"width\":1500,\"height\":427},{\"@type\":\"BreadcrumbList\",\"@id\":\"https:\\\/\\\/www.megasoft.de\\\/megasoft-it-your-it-procurement-partner\\\/#breadcrumb\",\"itemListElement\":[{\"@type\":\"ListItem\",\"position\":1,\"name\":\"Startseite\",\"item\":\"https:\\\/\\\/www.megasoft.de\\\/\"},{\"@type\":\"ListItem\",\"position\":2,\"name\":\"megasoft\u00ae IT &#8211; Your IT Procurement Partner\"}]},{\"@type\":\"WebSite\",\"@id\":\"https:\\\/\\\/www.megasoft.de\\\/#website\",\"url\":\"https:\\\/\\\/www.megasoft.de\\\/\",\"name\":\"megasoft IT GmbH &amp; Co. KG\",\"description\":\"Your IT Procurement Partner\",\"publisher\":{\"@id\":\"https:\\\/\\\/www.megasoft.de\\\/#organization\"},\"potentialAction\":[{\"@type\":\"SearchAction\",\"target\":{\"@type\":\"EntryPoint\",\"urlTemplate\":\"https:\\\/\\\/www.megasoft.de\\\/?s={search_term_string}\"},\"query-input\":{\"@type\":\"PropertyValueSpecification\",\"valueRequired\":true,\"valueName\":\"search_term_string\"}}],\"inLanguage\":\"en-US\"},{\"@type\":\"Organization\",\"@id\":\"https:\\\/\\\/www.megasoft.de\\\/#organization\",\"name\":\"megasoft IT GmbH &amp; Co. KG\",\"url\":\"https:\\\/\\\/www.megasoft.de\\\/\",\"logo\":{\"@type\":\"ImageObject\",\"inLanguage\":\"en-US\",\"@id\":\"https:\\\/\\\/www.megasoft.de\\\/#\\\/schema\\\/logo\\\/image\\\/\",\"url\":\"https:\\\/\\\/www.megasoft.de\\\/wp-content\\\/uploads\\\/megasoft_logo_IT_Procurement_Partner.png\",\"contentUrl\":\"https:\\\/\\\/www.megasoft.de\\\/wp-content\\\/uploads\\\/megasoft_logo_IT_Procurement_Partner.png\",\"width\":1400,\"height\":350,\"caption\":\"megasoft IT GmbH &amp; Co. KG\"},\"image\":{\"@id\":\"https:\\\/\\\/www.megasoft.de\\\/#\\\/schema\\\/logo\\\/image\\\/\"}}]}<\/script>\n<!-- \/ Yoast SEO plugin. -->","yoast_head_json":{"title":"megasoft\u00ae IT - Your IT Procurement Partner - megasoft IT GmbH &amp; Co. KG","description":"megasoft IT\u00ae - Your IT Procurememt Partner | Software L\u00f6sungen |\u00a0Cloud L\u00f6sungen | IT_Dienstleistungen und Beratung seit \u00fcber 35 Jahren!","robots":{"index":"index","follow":"follow","max-snippet":"max-snippet:-1","max-image-preview":"max-image-preview:large","max-video-preview":"max-video-preview:-1"},"canonical":"https:\/\/www.megasoft.de\/en\/megasoft-it-your-it-procurement-partner\/","og_locale":"en_US","og_type":"article","og_title":"megasoft\u00ae IT - Your IT Procurement Partner - megasoft IT GmbH &amp; Co. KG","og_description":"megasoft IT\u00ae - Your IT Procurememt Partner | Software L\u00f6sungen |\u00a0Cloud L\u00f6sungen | IT_Dienstleistungen und Beratung seit \u00fcber 35 Jahren!","og_url":"https:\/\/www.megasoft.de\/en\/megasoft-it-your-it-procurement-partner\/","og_site_name":"megasoft IT GmbH &amp; Co. KG","article_modified_time":"2024-06-05T14:45:29+00:00","og_image":[{"width":1500,"height":427,"url":"https:\/\/www.megasoft.de\/wp-content\/uploads\/cropped-megasoft-it-software-startseite-1-1.jpg","type":"image\/jpeg"}],"twitter_card":"summary_large_image","twitter_misc":{"Est. reading time":"2 minutes"},"schema":{"@context":"https:\/\/schema.org","@graph":[{"@type":"WebPage","@id":"https:\/\/www.megasoft.de\/megasoft-it-your-it-procurement-partner\/","url":"https:\/\/www.megasoft.de\/megasoft-it-your-it-procurement-partner\/","name":"megasoft\u00ae IT - Your IT Procurement Partner - megasoft IT GmbH &amp; Co. KG","isPartOf":{"@id":"https:\/\/www.megasoft.de\/#website"},"primaryImageOfPage":{"@id":"https:\/\/www.megasoft.de\/megasoft-it-your-it-procurement-partner\/#primaryimage"},"image":{"@id":"https:\/\/www.megasoft.de\/megasoft-it-your-it-procurement-partner\/#primaryimage"},"thumbnailUrl":"https:\/\/www.megasoft.de\/wp-content\/uploads\/cropped-megasoft-it-software-startseite-1-1.jpg","datePublished":"2022-10-19T16:06:32+00:00","dateModified":"2024-06-05T14:45:29+00:00","description":"megasoft IT\u00ae - Your IT Procurememt Partner | Software L\u00f6sungen |\u00a0Cloud L\u00f6sungen | IT_Dienstleistungen und Beratung seit \u00fcber 35 Jahren!","breadcrumb":{"@id":"https:\/\/www.megasoft.de\/megasoft-it-your-it-procurement-partner\/#breadcrumb"},"inLanguage":"en-US","potentialAction":[{"@type":"ReadAction","target":["https:\/\/www.megasoft.de\/megasoft-it-your-it-procurement-partner\/"]}]},{"@type":"ImageObject","inLanguage":"en-US","@id":"https:\/\/www.megasoft.de\/megasoft-it-your-it-procurement-partner\/#primaryimage","url":"https:\/\/www.megasoft.de\/wp-content\/uploads\/cropped-megasoft-it-software-startseite-1-1.jpg","contentUrl":"https:\/\/www.megasoft.de\/wp-content\/uploads\/cropped-megasoft-it-software-startseite-1-1.jpg","width":1500,"height":427},{"@type":"BreadcrumbList","@id":"https:\/\/www.megasoft.de\/megasoft-it-your-it-procurement-partner\/#breadcrumb","itemListElement":[{"@type":"ListItem","position":1,"name":"Startseite","item":"https:\/\/www.megasoft.de\/"},{"@type":"ListItem","position":2,"name":"megasoft\u00ae IT &#8211; Your IT Procurement Partner"}]},{"@type":"WebSite","@id":"https:\/\/www.megasoft.de\/#website","url":"https:\/\/www.megasoft.de\/","name":"megasoft IT GmbH &amp; Co. KG","description":"Your IT Procurement Partner","publisher":{"@id":"https:\/\/www.megasoft.de\/#organization"},"potentialAction":[{"@type":"SearchAction","target":{"@type":"EntryPoint","urlTemplate":"https:\/\/www.megasoft.de\/?s={search_term_string}"},"query-input":{"@type":"PropertyValueSpecification","valueRequired":true,"valueName":"search_term_string"}}],"inLanguage":"en-US"},{"@type":"Organization","@id":"https:\/\/www.megasoft.de\/#organization","name":"megasoft IT GmbH &amp; Co. KG","url":"https:\/\/www.megasoft.de\/","logo":{"@type":"ImageObject","inLanguage":"en-US","@id":"https:\/\/www.megasoft.de\/#\/schema\/logo\/image\/","url":"https:\/\/www.megasoft.de\/wp-content\/uploads\/megasoft_logo_IT_Procurement_Partner.png","contentUrl":"https:\/\/www.megasoft.de\/wp-content\/uploads\/megasoft_logo_IT_Procurement_Partner.png","width":1400,"height":350,"caption":"megasoft IT GmbH &amp; Co. KG"},"image":{"@id":"https:\/\/www.megasoft.de\/#\/schema\/logo\/image\/"}}]}},"publishpress_future_action":{"enabled":false,"date":"2026-05-06 09:39:43","action":"change-status","newStatus":"draft","terms":[],"taxonomy":"","extraData":[]},"publishpress_future_workflow_manual_trigger":{"enabledWorkflows":[]},"_links":{"self":[{"href":"https:\/\/www.megasoft.de\/en\/wp-json\/wp\/v2\/pages\/97757","targetHints":{"allow":["GET"]}}],"collection":[{"href":"https:\/\/www.megasoft.de\/en\/wp-json\/wp\/v2\/pages"}],"about":[{"href":"https:\/\/www.megasoft.de\/en\/wp-json\/wp\/v2\/types\/page"}],"author":[{"embeddable":true,"href":"https:\/\/www.megasoft.de\/en\/wp-json\/wp\/v2\/users\/5"}],"replies":[{"embeddable":true,"href":"https:\/\/www.megasoft.de\/en\/wp-json\/wp\/v2\/comments?post=97757"}],"version-history":[{"count":11,"href":"https:\/\/www.megasoft.de\/en\/wp-json\/wp\/v2\/pages\/97757\/revisions"}],"predecessor-version":[{"id":104359,"href":"https:\/\/www.megasoft.de\/en\/wp-json\/wp\/v2\/pages\/97757\/revisions\/104359"}],"wp:featuredmedia":[{"embeddable":true,"href":"https:\/\/www.megasoft.de\/en\/wp-json\/wp\/v2\/media\/9315"}],"wp:attachment":[{"href":"https:\/\/www.megasoft.de\/en\/wp-json\/wp\/v2\/media?parent=97757"}],"curies":[{"name":"wp","href":"https:\/\/api.w.org\/{rel}","templated":true}]}}