{"id":97982,"date":"2023-03-03T15:27:42","date_gmt":"2023-03-03T14:27:42","guid":{"rendered":"https:\/\/www.megasoft.de\/?page_id=97982"},"modified":"2023-08-15T17:09:34","modified_gmt":"2023-08-15T15:09:34","slug":"teamviewer","status":"publish","type":"page","link":"https:\/\/www.megasoft.de\/en\/teamviewer\/","title":{"rendered":"TeamViewer"},"content":{"rendered":"\n<p>Wenn Sie auf der Suche nach einer zuverl\u00e4ssigen Fernwartungssoftware f\u00fcr Ihr Unternehmen sind, ist TeamViewer m\u00f6glicherweise die ideale L\u00f6sung f\u00fcr Sie. TeamViewer ist eine f\u00fchrende Software f\u00fcr Fernwartung, Fernzugriff und Online-Meetings, die von Millionen von Nutzern weltweit genutzt wird. Wenn Sie auf der Suche nach einem zuverl\u00e4ssigen Partner f\u00fcr den Kauf von TeamViewer sind, sollten Sie sich an megasoft\u00ae IT wenden.<\/p>\n\n\n\n<figure class=\"wp-block-image size-full is-resized\"><img fetchpriority=\"high\" decoding=\"async\" src=\"https:\/\/www.megasoft.de\/wp-content\/uploads\/TeamViewer-Logo-1.png\" alt=\"\" class=\"wp-image-10023\" width=\"960\" height=\"600\" srcset=\"https:\/\/www.megasoft.de\/wp-content\/uploads\/\/TeamViewer-Logo-1.png 3840w, https:\/\/www.megasoft.de\/wp-content\/uploads\/\/TeamViewer-Logo-1-768x480.png 768w, https:\/\/www.megasoft.de\/wp-content\/uploads\/\/TeamViewer-Logo-1-1536x960.png 1536w, https:\/\/www.megasoft.de\/wp-content\/uploads\/\/TeamViewer-Logo-1-2048x1279.png 2048w\" sizes=\"(max-width: 960px) 100vw, 960px\" \/><\/figure>\n\n\n\n<p>megasoft\u00ae IT ist ein erfahrener IT-Dienstleister, der seinen Kunden seit vielen Jahren erstklassige Produkte und Services anbietet. Als autorisierter TeamViewer-Partner kann megasoft\u00ae IT Ihnen eine breite Palette von TeamViewer-L\u00f6sungen anbieten, darunter TeamViewer Corporate, TeamViewer Tensor, TeamViewer Pilot und TeamViewer IoT.<\/p>\n\n\n\n<p><strong>TeamViewer Corporate:<\/strong> Mit TeamViewer Corporate k\u00f6nnen Sie eine sichere und zuverl\u00e4ssige Verbindung zu entfernten Computern und mobilen Ger\u00e4ten herstellen. Sie k\u00f6nnen Ihren Kunden und Mitarbeitern aus der Ferne Unterst\u00fctzung und Schulungen anbieten, Dateien und Daten austauschen und vieles mehr. TeamViewer Corporate ist ideal f\u00fcr kleine bis mittlere Unternehmen, die eine schnelle und einfache M\u00f6glichkeit zur Fernwartung und -steuerung suchen.<\/p>\n\n\n\n<figure class=\"wp-block-embed is-type-video is-provider-youtube wp-block-embed-youtube wp-embed-aspect-16-9 wp-has-aspect-ratio\"><div class=\"wp-block-embed__wrapper\">\n<iframe title=\"Why is TeamViewer\u2019s technology so special?\" width=\"750\" height=\"422\" data-src=\"https:\/\/www.youtube.com\/embed\/wdc8R60JOpE?feature=oembed\" frameborder=\"0\" allow=\"accelerometer; autoplay; clipboard-write; encrypted-media; gyroscope; picture-in-picture; web-share\" allowfullscreen src=\"data:image\/svg+xml;base64,PHN2ZyB3aWR0aD0iMSIgaGVpZ2h0PSIxIiB4bWxucz0iaHR0cDovL3d3dy53My5vcmcvMjAwMC9zdmciPjwvc3ZnPg==\" class=\"lazyload\" data-load-mode=\"1\"><\/iframe>\n<\/div><\/figure>\n\n\n\n<p><strong>TeamViewer Tensor<\/strong>: ist eine L\u00f6sung f\u00fcr Unternehmen jeder Gr\u00f6\u00dfe, die eine professionelle, sichere und skalierbare Fernwartung ben\u00f6tigen. Tensor bietet erweiterte Sicherheitsfunktionen, eine granulare Nutzer- und Berechtigungsverwaltung sowie eine benutzerfreundliche Oberfl\u00e4che. Mit Tensor k\u00f6nnen Sie auf einfache Weise Remote-Support-Sitzungen durchf\u00fchren, Meetings abhalten und Zusammenarbeitstools nutzen.<\/p>\n\n\n\n<p><strong>TeamViewer Pilot<\/strong>: ist eine Augmented-Reality-L\u00f6sung, mit der Sie aus der Ferne auf mobile Ger\u00e4te zugreifen und Ihren Kunden und Mitarbeitern bei technischen Problemen oder Fragen helfen k\u00f6nnen. Pilot bietet Ihnen die M\u00f6glichkeit, Ihre Fernwartungs- und Supportprozesse zu optimieren und zu beschleunigen, indem Sie komplexe Probleme direkt am Ort des Geschehens l\u00f6sen.<\/p>\n\n\n\n<figure class=\"wp-block-embed is-type-video is-provider-youtube wp-block-embed-youtube wp-embed-aspect-16-9 wp-has-aspect-ratio\"><div class=\"wp-block-embed__wrapper\">\n<iframe title=\"TeamViewer Assist AR &amp; Schuler \u2013 Reducing machine downtime with Augmented Reality\" width=\"750\" height=\"422\" data-src=\"https:\/\/www.youtube.com\/embed\/Z5DVsF1EVS8?feature=oembed\" frameborder=\"0\" allow=\"accelerometer; autoplay; clipboard-write; encrypted-media; gyroscope; picture-in-picture; web-share\" allowfullscreen src=\"data:image\/svg+xml;base64,PHN2ZyB3aWR0aD0iMSIgaGVpZ2h0PSIxIiB4bWxucz0iaHR0cDovL3d3dy53My5vcmcvMjAwMC9zdmciPjwvc3ZnPg==\" class=\"lazyload\" data-load-mode=\"1\"><\/iframe>\n<\/div><\/figure>\n\n\n\n<p><strong>TeamViewer IoT<\/strong>: ist eine L\u00f6sung f\u00fcr Unternehmen, die Ger\u00e4te und Maschinen vernetzen und fernsteuern m\u00f6chten. Mit IoT k\u00f6nnen Sie Ger\u00e4te und Sensoren aus der Ferne \u00fcberwachen, Wartungsarbeiten planen und durchf\u00fchren sowie intelligente Analysen und Prognosen durchf\u00fchren.<\/p>\n\n\n\n<p>Wenn Sie sich f\u00fcr den Kauf von TeamViewer bei megasoft\u00ae IT entscheiden, erhalten Sie nicht nur erstklassige Produkte, sondern auch erstklassigen Service. Dar\u00fcber hinaus bieten wir Schulungen und Workshops (durchgef\u00fchrt von Partnern) an, um sicherzustellen, dass Sie das Beste aus Ihren TeamViewer-L\u00f6sungen herausholen.<\/p>\n\n\n\n<p>Kontaktieren Sie uns noch heute, um mehr dar\u00fcber zu erfahren, wie megasoft\u00ae IT Ihnen bei der Implementierung von TeamViewer helfen kann.<\/p>\n\n\n\n<p>+49 2173 265 06 0<\/p>\n\n\n<div class=\"wpforms-container wpforms-block wpforms-block-6bd2f6f9-d6bc-490a-875a-6e6577c36089\" id=\"wpforms-96832\"><form id=\"wpforms-form-96832\" class=\"wpforms-validate wpforms-form\" data-formid=\"96832\" method=\"post\" enctype=\"multipart\/form-data\" action=\"\/en\/wp-json\/wp\/v2\/pages\/97982\" data-token=\"06e9dd65ce7508d8dbd93938ce368298\" data-token-time=\"1777817177\"><noscript class=\"wpforms-error-noscript\">Please enable JavaScript in your browser to complete this form.<\/noscript><div class=\"wpforms-field-container\"><div id=\"wpforms-96832-field_0-container\" class=\"wpforms-field wpforms-field-name\" data-field-id=\"0\"><label class=\"wpforms-field-label\">Name <span class=\"wpforms-required-label\">*<\/span><\/label><div class=\"wpforms-field-row wpforms-field-medium\"><div class=\"wpforms-field-row-block wpforms-first wpforms-one-half\"><input type=\"text\" id=\"wpforms-96832-field_0\" class=\"wpforms-field-name-first wpforms-field-required\" name=\"wpforms[fields][0][first]\" required><label for=\"wpforms-96832-field_0\" class=\"wpforms-field-sublabel after\">First<\/label><\/div><div class=\"wpforms-field-row-block wpforms-one-half\"><input type=\"text\" id=\"wpforms-96832-field_0-last\" class=\"wpforms-field-name-last wpforms-field-required\" name=\"wpforms[fields][0][last]\" required><label for=\"wpforms-96832-field_0-last\" class=\"wpforms-field-sublabel after\">Last<\/label><\/div><\/div><\/div><div id=\"wpforms-96832-field_4-container\" class=\"wpforms-field wpforms-field-text\" data-field-id=\"4\"><label class=\"wpforms-field-label\" for=\"wpforms-96832-field_4\">Firma<\/label><input type=\"text\" id=\"wpforms-96832-field_4\" class=\"wpforms-field-medium\" name=\"wpforms[fields][4]\" ><\/div><div id=\"wpforms-96832-field_1-container\" class=\"wpforms-field wpforms-field-email\" data-field-id=\"1\"><label class=\"wpforms-field-label\" for=\"wpforms-96832-field_1\">E-Mail <span class=\"wpforms-required-label\">*<\/span><\/label><input type=\"email\" id=\"wpforms-96832-field_1\" class=\"wpforms-field-medium wpforms-field-required\" name=\"wpforms[fields][1]\" spellcheck=\"false\" required><\/div><div id=\"wpforms-96832-field_6-container\" class=\"wpforms-field wpforms-field-number\" data-field-id=\"6\"><label class=\"wpforms-field-label\" for=\"wpforms-96832-field_6\">Telefonnummer<\/label><input type=\"number\" id=\"wpforms-96832-field_6\" class=\"wpforms-field-medium\" name=\"wpforms[fields][6]\" placeholder=\"00492173265060\" step=\"any\" ><\/div><div id=\"wpforms-96832-field_2-container\" class=\"wpforms-field wpforms-field-textarea\" data-field-id=\"2\"><label class=\"wpforms-field-label\" for=\"wpforms-96832-field_2\">Kommentar oder Nachricht <span class=\"wpforms-required-label\">*<\/span><\/label><textarea id=\"wpforms-96832-field_2\" class=\"wpforms-field-medium wpforms-field-required\" name=\"wpforms[fields][2]\" required><\/textarea><\/div><div id=\"wpforms-96832-field_7-container\" class=\"wpforms-field wpforms-field-gdpr-checkbox\" data-field-id=\"7\"><label class=\"wpforms-field-label\">DSGVO-Einverst\u00e4ndnis <span class=\"wpforms-required-label\">*<\/span><\/label><ul id=\"wpforms-96832-field_7\" class=\"wpforms-field-required\"><li class=\"choice-1\"><input type=\"checkbox\" id=\"wpforms-96832-field_7_1\" name=\"wpforms[fields][7][]\" value=\"Hiermit erkl\u00e4re ich, die Datenschutzerkl\u00e4rung der megasoft IT GmbH &amp; Co KG gelesen und akzeptiert zu haben. Ich bin damit einverstanden, dass mich die megasoft IT kontaktiert und meine Daten zur Auftragsverarbeitung an  Hersteller \/ Partner &amp; verbundene Unternehmen \u00fcbermittelt. Ich kann dieser Einwilligung jederzeit widersprechen.\" required ><label class=\"wpforms-field-label-inline\" for=\"wpforms-96832-field_7_1\">Hiermit erkl\u00e4re ich, die Datenschutzerkl\u00e4rung der megasoft IT GmbH &amp; Co KG gelesen und akzeptiert zu haben. Ich bin damit einverstanden, dass mich die megasoft IT kontaktiert und meine Daten zur Auftragsverarbeitung an  Hersteller \/ Partner &amp; verbundene Unternehmen \u00fcbermittelt. Ich kann dieser Einwilligung jederzeit widersprechen.<\/label><\/li><\/ul><\/div><\/div><!-- .wpforms-field-container --><div class=\"wpforms-recaptcha-container wpforms-is-recaptcha wpforms-is-recaptcha-type-v2\" ><div class=\"g-recaptcha\" data-sitekey=\"6Le9OmIUAAAAAJZf1zH9gCiOMpaAuLBLdA5FpIry\"><\/div><input type=\"text\" name=\"g-recaptcha-hidden\" class=\"wpforms-recaptcha-hidden\" style=\"position:absolute!important;clip:rect(0,0,0,0)!important;height:1px!important;width:1px!important;border:0!important;overflow:hidden!important;padding:0!important;margin:0!important;\" data-rule-recaptcha=\"1\"><\/div><div class=\"wpforms-submit-container\" ><input type=\"hidden\" name=\"wpforms[id]\" value=\"96832\"><input type=\"hidden\" name=\"page_title\" value=\"\"><input type=\"hidden\" name=\"page_url\" value=\"https:\/\/www.megasoft.de\/en\/wp-json\/wp\/v2\/pages\/97982\"><input type=\"hidden\" name=\"url_referer\" value=\"\"><button type=\"submit\" name=\"wpforms[submit]\" id=\"wpforms-submit-96832\" class=\"wpforms-submit\" data-alt-text=\"Senden...\" data-submit-text=\"Absenden\" aria-live=\"assertive\" value=\"wpforms-submit\">Absenden<\/button><\/div><\/form><\/div>  <!-- .wpforms-container -->\n\n\n<p><a href=\"https:\/\/www.teamviewer.com\/de\/\" target=\"_blank\" rel=\"noreferrer noopener\">Hersteller Website<\/a><\/p>\n","protected":false},"excerpt":{"rendered":"<p>Wenn Sie auf der Suche nach einer zuverl\u00e4ssigen Fernwartungssoftware f\u00fcr Ihr Unternehmen sind, ist TeamViewer m\u00f6glicherweise die ideale L\u00f6sung f\u00fcr Sie. TeamViewer ist eine f\u00fchrende Software f\u00fcr Fernwartung, Fernzugriff und Online-Meetings, die von Millionen von Nutzern weltweit genutzt wird. Wenn Sie auf der Suche nach einem zuverl\u00e4ssigen Partner f\u00fcr den [&hellip;]<\/p>\n","protected":false},"author":1,"featured_media":97509,"parent":0,"menu_order":0,"comment_status":"closed","ping_status":"closed","template":"","meta":{"om_disable_all_campaigns":false,"_monsterinsights_skip_tracking":false,"_monsterinsights_sitenote_active":false,"_monsterinsights_sitenote_note":"","_monsterinsights_sitenote_category":0,"_themeisle_gutenberg_block_has_review":false,"footnotes":""},"class_list":["post-97982","page","type-page","status-publish","has-post-thumbnail","hentry","wpautop"],"yoast_head":"<!-- This site is optimized with the Yoast SEO plugin v27.5 - https:\/\/yoast.com\/product\/yoast-seo-wordpress\/ -->\n<title>TeamViewer - megasoft IT GmbH &amp; Co. KG<\/title>\n<meta name=\"description\" content=\"TeamViewer bei megasoft IT\u00ae - Your It Procurement Partner |\u00a0Fernwartungssoftware | Angebot | Software. Solution. Service...seit \u00fcber 35 Jahren\" \/>\n<meta name=\"robots\" content=\"index, follow, max-snippet:-1, max-image-preview:large, max-video-preview:-1\" \/>\n<link rel=\"canonical\" href=\"https:\/\/www.megasoft.de\/en\/teamviewer\/\" \/>\n<meta property=\"og:locale\" content=\"en_US\" \/>\n<meta property=\"og:type\" content=\"article\" \/>\n<meta property=\"og:title\" content=\"TeamViewer - megasoft IT GmbH &amp; Co. KG\" \/>\n<meta property=\"og:description\" content=\"TeamViewer bei megasoft IT\u00ae - Your It Procurement Partner |\u00a0Fernwartungssoftware | Angebot | Software. Solution. Service...seit \u00fcber 35 Jahren\" \/>\n<meta property=\"og:url\" content=\"https:\/\/www.megasoft.de\/en\/teamviewer\/\" \/>\n<meta property=\"og:site_name\" content=\"megasoft IT GmbH &amp; Co. KG\" \/>\n<meta property=\"article:modified_time\" content=\"2023-08-15T15:09:34+00:00\" \/>\n<meta property=\"og:image\" content=\"https:\/\/www.megasoft.de\/wp-content\/uploads\/teamviewer-fortline-komplettloesung-software-megasoft-it.png\" \/>\n\t<meta property=\"og:image:width\" content=\"1200\" \/>\n\t<meta property=\"og:image:height\" content=\"800\" \/>\n\t<meta property=\"og:image:type\" content=\"image\/png\" \/>\n<meta name=\"twitter:card\" content=\"summary_large_image\" \/>\n<meta name=\"twitter:label1\" content=\"Est. reading time\" \/>\n\t<meta name=\"twitter:data1\" content=\"2 minutes\" \/>\n<script type=\"application\/ld+json\" class=\"yoast-schema-graph\">{\"@context\":\"https:\\\/\\\/schema.org\",\"@graph\":[{\"@type\":\"WebPage\",\"@id\":\"https:\\\/\\\/www.megasoft.de\\\/teamviewer\\\/\",\"url\":\"https:\\\/\\\/www.megasoft.de\\\/teamviewer\\\/\",\"name\":\"TeamViewer - megasoft IT GmbH &amp; Co. KG\",\"isPartOf\":{\"@id\":\"https:\\\/\\\/www.megasoft.de\\\/#website\"},\"primaryImageOfPage\":{\"@id\":\"https:\\\/\\\/www.megasoft.de\\\/teamviewer\\\/#primaryimage\"},\"image\":{\"@id\":\"https:\\\/\\\/www.megasoft.de\\\/teamviewer\\\/#primaryimage\"},\"thumbnailUrl\":\"https:\\\/\\\/www.megasoft.de\\\/wp-content\\\/uploads\\\/teamviewer-fortline-komplettloesung-software-megasoft-it.png\",\"datePublished\":\"2023-03-03T14:27:42+00:00\",\"dateModified\":\"2023-08-15T15:09:34+00:00\",\"description\":\"TeamViewer bei megasoft IT\u00ae - Your It Procurement Partner |\u00a0Fernwartungssoftware | Angebot | Software. Solution. Service...seit \u00fcber 35 Jahren\",\"breadcrumb\":{\"@id\":\"https:\\\/\\\/www.megasoft.de\\\/teamviewer\\\/#breadcrumb\"},\"inLanguage\":\"en-US\",\"potentialAction\":[{\"@type\":\"ReadAction\",\"target\":[\"https:\\\/\\\/www.megasoft.de\\\/teamviewer\\\/\"]}]},{\"@type\":\"ImageObject\",\"inLanguage\":\"en-US\",\"@id\":\"https:\\\/\\\/www.megasoft.de\\\/teamviewer\\\/#primaryimage\",\"url\":\"https:\\\/\\\/www.megasoft.de\\\/wp-content\\\/uploads\\\/teamviewer-fortline-komplettloesung-software-megasoft-it.png\",\"contentUrl\":\"https:\\\/\\\/www.megasoft.de\\\/wp-content\\\/uploads\\\/teamviewer-fortline-komplettloesung-software-megasoft-it.png\",\"width\":1200,\"height\":800,\"caption\":\"teamviewer-fortline-komplettloesung-software-megasoft-it.png\"},{\"@type\":\"BreadcrumbList\",\"@id\":\"https:\\\/\\\/www.megasoft.de\\\/teamviewer\\\/#breadcrumb\",\"itemListElement\":[{\"@type\":\"ListItem\",\"position\":1,\"name\":\"Startseite\",\"item\":\"https:\\\/\\\/www.megasoft.de\\\/\"},{\"@type\":\"ListItem\",\"position\":2,\"name\":\"TeamViewer\"}]},{\"@type\":\"WebSite\",\"@id\":\"https:\\\/\\\/www.megasoft.de\\\/#website\",\"url\":\"https:\\\/\\\/www.megasoft.de\\\/\",\"name\":\"megasoft IT GmbH &amp; Co. KG\",\"description\":\"Your IT Procurement Partner\",\"publisher\":{\"@id\":\"https:\\\/\\\/www.megasoft.de\\\/#organization\"},\"potentialAction\":[{\"@type\":\"SearchAction\",\"target\":{\"@type\":\"EntryPoint\",\"urlTemplate\":\"https:\\\/\\\/www.megasoft.de\\\/?s={search_term_string}\"},\"query-input\":{\"@type\":\"PropertyValueSpecification\",\"valueRequired\":true,\"valueName\":\"search_term_string\"}}],\"inLanguage\":\"en-US\"},{\"@type\":\"Organization\",\"@id\":\"https:\\\/\\\/www.megasoft.de\\\/#organization\",\"name\":\"megasoft IT GmbH &amp; Co. KG\",\"url\":\"https:\\\/\\\/www.megasoft.de\\\/\",\"logo\":{\"@type\":\"ImageObject\",\"inLanguage\":\"en-US\",\"@id\":\"https:\\\/\\\/www.megasoft.de\\\/#\\\/schema\\\/logo\\\/image\\\/\",\"url\":\"https:\\\/\\\/www.megasoft.de\\\/wp-content\\\/uploads\\\/megasoft_logo_IT_Procurement_Partner.png\",\"contentUrl\":\"https:\\\/\\\/www.megasoft.de\\\/wp-content\\\/uploads\\\/megasoft_logo_IT_Procurement_Partner.png\",\"width\":1400,\"height\":350,\"caption\":\"megasoft IT GmbH &amp; Co. KG\"},\"image\":{\"@id\":\"https:\\\/\\\/www.megasoft.de\\\/#\\\/schema\\\/logo\\\/image\\\/\"}}]}<\/script>\n<!-- \/ Yoast SEO plugin. -->","yoast_head_json":{"title":"TeamViewer - megasoft IT GmbH &amp; Co. KG","description":"TeamViewer bei megasoft IT\u00ae - Your It Procurement Partner |\u00a0Fernwartungssoftware | Angebot | Software. Solution. Service...seit \u00fcber 35 Jahren","robots":{"index":"index","follow":"follow","max-snippet":"max-snippet:-1","max-image-preview":"max-image-preview:large","max-video-preview":"max-video-preview:-1"},"canonical":"https:\/\/www.megasoft.de\/en\/teamviewer\/","og_locale":"en_US","og_type":"article","og_title":"TeamViewer - megasoft IT GmbH &amp; Co. KG","og_description":"TeamViewer bei megasoft IT\u00ae - Your It Procurement Partner |\u00a0Fernwartungssoftware | Angebot | Software. Solution. Service...seit \u00fcber 35 Jahren","og_url":"https:\/\/www.megasoft.de\/en\/teamviewer\/","og_site_name":"megasoft IT GmbH &amp; Co. KG","article_modified_time":"2023-08-15T15:09:34+00:00","og_image":[{"width":1200,"height":800,"url":"https:\/\/www.megasoft.de\/wp-content\/uploads\/teamviewer-fortline-komplettloesung-software-megasoft-it.png","type":"image\/png"}],"twitter_card":"summary_large_image","twitter_misc":{"Est. reading time":"2 minutes"},"schema":{"@context":"https:\/\/schema.org","@graph":[{"@type":"WebPage","@id":"https:\/\/www.megasoft.de\/teamviewer\/","url":"https:\/\/www.megasoft.de\/teamviewer\/","name":"TeamViewer - megasoft IT GmbH &amp; Co. KG","isPartOf":{"@id":"https:\/\/www.megasoft.de\/#website"},"primaryImageOfPage":{"@id":"https:\/\/www.megasoft.de\/teamviewer\/#primaryimage"},"image":{"@id":"https:\/\/www.megasoft.de\/teamviewer\/#primaryimage"},"thumbnailUrl":"https:\/\/www.megasoft.de\/wp-content\/uploads\/teamviewer-fortline-komplettloesung-software-megasoft-it.png","datePublished":"2023-03-03T14:27:42+00:00","dateModified":"2023-08-15T15:09:34+00:00","description":"TeamViewer bei megasoft IT\u00ae - Your It Procurement Partner |\u00a0Fernwartungssoftware | Angebot | Software. Solution. Service...seit \u00fcber 35 Jahren","breadcrumb":{"@id":"https:\/\/www.megasoft.de\/teamviewer\/#breadcrumb"},"inLanguage":"en-US","potentialAction":[{"@type":"ReadAction","target":["https:\/\/www.megasoft.de\/teamviewer\/"]}]},{"@type":"ImageObject","inLanguage":"en-US","@id":"https:\/\/www.megasoft.de\/teamviewer\/#primaryimage","url":"https:\/\/www.megasoft.de\/wp-content\/uploads\/teamviewer-fortline-komplettloesung-software-megasoft-it.png","contentUrl":"https:\/\/www.megasoft.de\/wp-content\/uploads\/teamviewer-fortline-komplettloesung-software-megasoft-it.png","width":1200,"height":800,"caption":"teamviewer-fortline-komplettloesung-software-megasoft-it.png"},{"@type":"BreadcrumbList","@id":"https:\/\/www.megasoft.de\/teamviewer\/#breadcrumb","itemListElement":[{"@type":"ListItem","position":1,"name":"Startseite","item":"https:\/\/www.megasoft.de\/"},{"@type":"ListItem","position":2,"name":"TeamViewer"}]},{"@type":"WebSite","@id":"https:\/\/www.megasoft.de\/#website","url":"https:\/\/www.megasoft.de\/","name":"megasoft IT GmbH &amp; Co. KG","description":"Your IT Procurement Partner","publisher":{"@id":"https:\/\/www.megasoft.de\/#organization"},"potentialAction":[{"@type":"SearchAction","target":{"@type":"EntryPoint","urlTemplate":"https:\/\/www.megasoft.de\/?s={search_term_string}"},"query-input":{"@type":"PropertyValueSpecification","valueRequired":true,"valueName":"search_term_string"}}],"inLanguage":"en-US"},{"@type":"Organization","@id":"https:\/\/www.megasoft.de\/#organization","name":"megasoft IT GmbH &amp; Co. KG","url":"https:\/\/www.megasoft.de\/","logo":{"@type":"ImageObject","inLanguage":"en-US","@id":"https:\/\/www.megasoft.de\/#\/schema\/logo\/image\/","url":"https:\/\/www.megasoft.de\/wp-content\/uploads\/megasoft_logo_IT_Procurement_Partner.png","contentUrl":"https:\/\/www.megasoft.de\/wp-content\/uploads\/megasoft_logo_IT_Procurement_Partner.png","width":1400,"height":350,"caption":"megasoft IT GmbH &amp; Co. KG"},"image":{"@id":"https:\/\/www.megasoft.de\/#\/schema\/logo\/image\/"}}]}},"publishpress_future_action":{"enabled":false,"date":"2026-05-10 16:06:17","action":"change-status","newStatus":"draft","terms":[],"taxonomy":"","extraData":[]},"publishpress_future_workflow_manual_trigger":{"enabledWorkflows":[]},"_links":{"self":[{"href":"https:\/\/www.megasoft.de\/en\/wp-json\/wp\/v2\/pages\/97982","targetHints":{"allow":["GET"]}}],"collection":[{"href":"https:\/\/www.megasoft.de\/en\/wp-json\/wp\/v2\/pages"}],"about":[{"href":"https:\/\/www.megasoft.de\/en\/wp-json\/wp\/v2\/types\/page"}],"author":[{"embeddable":true,"href":"https:\/\/www.megasoft.de\/en\/wp-json\/wp\/v2\/users\/1"}],"replies":[{"embeddable":true,"href":"https:\/\/www.megasoft.de\/en\/wp-json\/wp\/v2\/comments?post=97982"}],"version-history":[{"count":5,"href":"https:\/\/www.megasoft.de\/en\/wp-json\/wp\/v2\/pages\/97982\/revisions"}],"predecessor-version":[{"id":98636,"href":"https:\/\/www.megasoft.de\/en\/wp-json\/wp\/v2\/pages\/97982\/revisions\/98636"}],"wp:featuredmedia":[{"embeddable":true,"href":"https:\/\/www.megasoft.de\/en\/wp-json\/wp\/v2\/media\/97509"}],"wp:attachment":[{"href":"https:\/\/www.megasoft.de\/en\/wp-json\/wp\/v2\/media?parent=97982"}],"curies":[{"name":"wp","href":"https:\/\/api.w.org\/{rel}","templated":true}]}}