{"id":98177,"date":"2023-07-07T12:21:42","date_gmt":"2023-07-07T10:21:42","guid":{"rendered":"https:\/\/www.megasoft.de\/?page_id=98177"},"modified":"2024-10-22T16:34:50","modified_gmt":"2024-10-22T14:34:50","slug":"oracle","status":"publish","type":"page","link":"https:\/\/www.megasoft.de\/en\/oracle\/","title":{"rendered":"ORACLE\u00ae Partner"},"content":{"rendered":"<div data-elementor-type=\"wp-page\" data-elementor-id=\"98177\" class=\"elementor elementor-98177\">\n\t\t\t\t\t\t<section class=\"elementor-section elementor-top-section elementor-element elementor-element-2601cc3 elementor-section-boxed elementor-section-height-default elementor-section-height-default\" data-id=\"2601cc3\" data-element_type=\"section\" data-e-type=\"section\">\n\t\t\t\t\t\t<div class=\"elementor-container elementor-column-gap-default\">\n\t\t\t\t\t<div class=\"elementor-column elementor-col-50 elementor-top-column elementor-element elementor-element-b02bda9\" data-id=\"b02bda9\" data-element_type=\"column\" data-e-type=\"column\">\n\t\t\t<div class=\"elementor-widget-wrap elementor-element-populated\">\n\t\t\t\t\t\t<div class=\"elementor-element elementor-element-6fe1e19 elementor-widget elementor-widget-spacer\" data-id=\"6fe1e19\" data-element_type=\"widget\" data-e-type=\"widget\" data-widget_type=\"spacer.default\">\n\t\t\t\t<div class=\"elementor-widget-container\">\n\t\t\t\t\t\t\t<div class=\"elementor-spacer\">\n\t\t\t<div class=\"elementor-spacer-inner\"><\/div>\n\t\t<\/div>\n\t\t\t\t\t\t<\/div>\n\t\t\t\t<\/div>\n\t\t\t\t<div class=\"elementor-element elementor-element-52c204e e-transform elementor-widget elementor-widget-image\" data-id=\"52c204e\" data-element_type=\"widget\" data-e-type=\"widget\" data-settings=\"{&quot;_transform_scale_effect&quot;:{&quot;unit&quot;:&quot;px&quot;,&quot;size&quot;:0.6,&quot;sizes&quot;:[]},&quot;_transform_scale_effect_tablet&quot;:{&quot;unit&quot;:&quot;px&quot;,&quot;size&quot;:&quot;&quot;,&quot;sizes&quot;:[]},&quot;_transform_scale_effect_mobile&quot;:{&quot;unit&quot;:&quot;px&quot;,&quot;size&quot;:&quot;&quot;,&quot;sizes&quot;:[]}}\" data-widget_type=\"image.default\">\n\t\t\t\t<div class=\"elementor-widget-container\">\n\t\t\t\t\t\t\t\t\t\t\t\t\t\t\t<img fetchpriority=\"high\" decoding=\"async\" width=\"721\" height=\"233\" src=\"https:\/\/www.megasoft.de\/wp-content\/uploads\/oracle-partner-megasoft-it.png\" class=\"attachment-large size-large wp-image-106450\" alt=\"\" srcset=\"https:\/\/www.megasoft.de\/wp-content\/uploads\/oracle-partner-megasoft-it.png 721w, https:\/\/www.megasoft.de\/wp-content\/uploads\/oracle-partner-megasoft-it-18x6.png 18w\" sizes=\"(max-width: 721px) 100vw, 721px\" \/>\t\t\t\t\t\t\t\t\t\t\t\t\t\t\t<\/div>\n\t\t\t\t<\/div>\n\t\t\t\t<div class=\"elementor-element elementor-element-35e5ed9 elementor-invisible elementor-widget elementor-widget-text-editor\" data-id=\"35e5ed9\" data-element_type=\"widget\" data-e-type=\"widget\" data-settings=\"{&quot;_animation&quot;:&quot;fadeIn&quot;}\" data-widget_type=\"text-editor.default\">\n\t\t\t\t<div class=\"elementor-widget-container\">\n\t\t\t\t\t\t\t\t\t<p>Als ORACLE\u00ae Partner stehen wir Ihnen mit unserer langj\u00e4hrigen Erfahrung und umfassenden Expertise zur Seite. Unser Ziel ist es, Ihnen innovative und effiziente Softwarel\u00f6sungen zu bieten, die Ihr Unternehmen vorantreiben und Ihnen einen Wettbewerbsvorteil verschaffen.<\/p>\n<p><\/p>\n<p>Mit unserem Verst\u00e4ndnis f\u00fcr die ORACLE Technologien k\u00f6nnen wir Ihnen ma\u00dfgeschneiderte L\u00f6sungen entwickeln, die perfekt auf Ihre spezifischen Anforderungen zugeschnitten sind. Ganz gleich, ob Sie eine leistungsstarke Datenbankl\u00f6sung, eine zuverl\u00e4ssige ERP-Software oder eine flexible Cloud-Infrastruktur ben\u00f6tigen \u2013 mit ORACLE haben wir die richtige L\u00f6sung f\u00fcr Sie.<\/p>\n<p><\/p>\n<p>Unser erfahrenes Team aus arbeitet eng mit Ihnen zusammen, um Ihre individuellen Bed\u00fcrfnisse zu verstehen und Ihre Gesch\u00e4ftsziele zu erreichen. Wir unterst\u00fctzen Sie bei der Beschaffung und der korrekten Lizenzierung von ORACLE Produkten und L\u00f6sungen, um sicherzustellen, dass Sie das volle Potenzial der Technologie aussch\u00f6pfen k\u00f6nnen und die wirtschaftlichkeit gegeben ist.<\/p>\n<p><\/p>\n<p>Entdecken Sie die Vorteile einer Partnerschaft mit MEGASOFT\u00ae IT:<\/p>\n<p><\/p>\n<p><\/p>\n<ul>\n<li style=\"list-style-type: none;\">\n<ul>\n<li>Zugang zu erstklassigen ORACLE-L\u00f6sungen und -Services<\/li>\n<\/ul>\n<\/li>\n<\/ul>\n<p><\/p>\n<ul>\n<li style=\"list-style-type: none;\">\n<ul>\n<li>Expertenberatung f\u00fcr eine optimale Nutzung der ORACLE Technologie<\/li>\n<\/ul>\n<\/li>\n<\/ul>\n<p><\/p>\n<ul>\n<li style=\"list-style-type: none;\">\n<ul>\n<li>Unterst\u00fctzng f\u00fcr effiziente Implementierung und nahtlose Integration in Ihre bestehende IT-Infrastruktur (Partner)<\/li>\n<\/ul>\n<\/li>\n<\/ul>\n<p><\/p>\n<ul>\n<li style=\"list-style-type: none;\">\n<ul>\n<li>Kontinuierliche Betreuung und Support f\u00fcr einen reibungslosen Gesch\u00e4ftsbetrieb (Lizenzmanagement)<\/li>\n<\/ul>\n<\/li>\n<\/ul>\n<p><\/p>\n<p><\/p>\n<p>Kontaktieren Sie uns noch heute, um mehr \u00fcber unsere ma\u00dfgeschneiderten ORACLE-L\u00f6sungen zu erfahren. Gemeinsam k\u00f6nnen wir die richtige IT-Strategie f\u00fcr Ihr Unternehmen entwickeln und Ihre Wachstumsziele erreichen. Nutzen Sie die Vorteile einer Partnerschaft mit MEGASOFT\u00ae IT und fordern Sie jetzt Ihre kostenlose Beratung an!<\/p>\n<p><\/p>\t\t\t\t\t\t\t\t<\/div>\n\t\t\t\t<\/div>\n\t\t\t\t\t<\/div>\n\t\t<\/div>\n\t\t\t\t<div class=\"elementor-column elementor-col-50 elementor-top-column elementor-element elementor-element-584457e\" data-id=\"584457e\" data-element_type=\"column\" data-e-type=\"column\">\n\t\t\t<div class=\"elementor-widget-wrap elementor-element-populated\">\n\t\t\t\t\t\t<div class=\"elementor-element elementor-element-f57668c elementor-invisible elementor-widget elementor-widget-heading\" data-id=\"f57668c\" data-element_type=\"widget\" data-e-type=\"widget\" data-settings=\"{&quot;_animation&quot;:&quot;fadeIn&quot;}\" data-widget_type=\"heading.default\">\n\t\t\t\t<div class=\"elementor-widget-container\">\n\t\t\t\t\t<h1 class=\"elementor-heading-title elementor-size-default\">Ihr Ansprechpartner<\/h1>\t\t\t\t<\/div>\n\t\t\t\t<\/div>\n\t\t\t\t<div class=\"elementor-element elementor-element-a520754 elementor-widget elementor-widget-spacer\" data-id=\"a520754\" data-element_type=\"widget\" data-e-type=\"widget\" data-widget_type=\"spacer.default\">\n\t\t\t\t<div class=\"elementor-widget-container\">\n\t\t\t\t\t\t\t<div class=\"elementor-spacer\">\n\t\t\t<div class=\"elementor-spacer-inner\"><\/div>\n\t\t<\/div>\n\t\t\t\t\t\t<\/div>\n\t\t\t\t<\/div>\n\t\t\t\t<div class=\"elementor-element elementor-element-1581e11 elementor-invisible elementor-widget elementor-widget-text-editor\" data-id=\"1581e11\" data-element_type=\"widget\" data-e-type=\"widget\" data-settings=\"{&quot;_animation&quot;:&quot;fadeIn&quot;}\" data-widget_type=\"text-editor.default\">\n\t\t\t\t<div class=\"elementor-widget-container\">\n\t\t\t\t\t\t\t\t\t<p>ORACLE\u00ae<span><br \/><a href=\"http:\/\/+49 2173 265 06 68\">+49 2173 265 06 0<br \/><\/a><a href=\"mailto:probely@megasoft.de\">vertrieb@megasoft.de<\/a><\/span><\/p>\n<p><\/p>\t\t\t\t\t\t\t\t<\/div>\n\t\t\t\t<\/div>\n\t\t\t\t<div class=\"elementor-element elementor-element-d4cee1c elementor-widget elementor-widget-spacer\" data-id=\"d4cee1c\" data-element_type=\"widget\" data-e-type=\"widget\" data-widget_type=\"spacer.default\">\n\t\t\t\t<div class=\"elementor-widget-container\">\n\t\t\t\t\t\t\t<div class=\"elementor-spacer\">\n\t\t\t<div class=\"elementor-spacer-inner\"><\/div>\n\t\t<\/div>\n\t\t\t\t\t\t<\/div>\n\t\t\t\t<\/div>\n\t\t\t\t<div class=\"elementor-element elementor-element-5a7820c elementor-invisible elementor-widget elementor-widget-heading\" data-id=\"5a7820c\" data-element_type=\"widget\" data-e-type=\"widget\" data-settings=\"{&quot;_animation&quot;:&quot;fadeIn&quot;}\" data-widget_type=\"heading.default\">\n\t\t\t\t<div class=\"elementor-widget-container\">\n\t\t\t\t\t<h1 class=\"elementor-heading-title elementor-size-default\"><a href=\"https:\/\/www.megasoft.de\/en\/kontakt\/\" target=\"_blank\">Demo anfordern<\/a><\/h1>\t\t\t\t<\/div>\n\t\t\t\t<\/div>\n\t\t\t\t<div class=\"elementor-element elementor-element-afa8d9a elementor-widget elementor-widget-spacer\" data-id=\"afa8d9a\" data-element_type=\"widget\" data-e-type=\"widget\" data-widget_type=\"spacer.default\">\n\t\t\t\t<div class=\"elementor-widget-container\">\n\t\t\t\t\t\t\t<div class=\"elementor-spacer\">\n\t\t\t<div class=\"elementor-spacer-inner\"><\/div>\n\t\t<\/div>\n\t\t\t\t\t\t<\/div>\n\t\t\t\t<\/div>\n\t\t\t\t<div class=\"elementor-element elementor-element-b4ac17e elementor-invisible elementor-widget elementor-widget-heading\" data-id=\"b4ac17e\" data-element_type=\"widget\" data-e-type=\"widget\" data-settings=\"{&quot;_animation&quot;:&quot;fadeIn&quot;}\" data-widget_type=\"heading.default\">\n\t\t\t\t<div class=\"elementor-widget-container\">\n\t\t\t\t\t<h1 class=\"elementor-heading-title elementor-size-default\"><u>Weitere Informationen:<\/u><\/h1>\t\t\t\t<\/div>\n\t\t\t\t<\/div>\n\t\t\t\t<div class=\"elementor-element elementor-element-350830e elementor-widget elementor-widget-spacer\" data-id=\"350830e\" data-element_type=\"widget\" data-e-type=\"widget\" data-widget_type=\"spacer.default\">\n\t\t\t\t<div class=\"elementor-widget-container\">\n\t\t\t\t\t\t\t<div class=\"elementor-spacer\">\n\t\t\t<div class=\"elementor-spacer-inner\"><\/div>\n\t\t<\/div>\n\t\t\t\t\t\t<\/div>\n\t\t\t\t<\/div>\n\t\t\t\t<div class=\"elementor-element elementor-element-7442719 elementor-align-left elementor-widget elementor-widget-button\" data-id=\"7442719\" data-element_type=\"widget\" data-e-type=\"widget\" data-widget_type=\"button.default\">\n\t\t\t\t<div class=\"elementor-widget-container\">\n\t\t\t\t\t\t\t\t\t<div class=\"elementor-button-wrapper\">\n\t\t\t\t\t<a class=\"elementor-button elementor-button-link elementor-size-sm\" href=\"https:\/\/www.oracle.com\">\n\t\t\t\t\t\t<span class=\"elementor-button-content-wrapper\">\n\t\t\t\t\t\t<span class=\"elementor-button-icon\">\n\t\t\t\t<i aria-hidden=\"true\" class=\"fas fa-globe-africa\"><\/i>\t\t\t<\/span>\n\t\t\t\t\t\t\t\t\t<span class=\"elementor-button-text\">Herstellerwebsite<\/span>\n\t\t\t\t\t<\/span>\n\t\t\t\t\t<\/a>\n\t\t\t\t<\/div>\n\t\t\t\t\t\t\t\t<\/div>\n\t\t\t\t<\/div>\n\t\t\t\t\t<\/div>\n\t\t<\/div>\n\t\t\t\t\t<\/div>\n\t\t<\/section>\n\t\t\t\t<\/div>","protected":false},"excerpt":{"rendered":"<p>Als ORACLE\u00ae Partner stehen wir Ihnen mit unserer langj\u00e4hrigen Erfahrung und umfassenden Expertise zur Seite. Unser Ziel ist es, Ihnen innovative und effiziente Softwarel\u00f6sungen zu bieten, die Ihr Unternehmen vorantreiben und Ihnen einen Wettbewerbsvorteil verschaffen. Mit unserem Verst\u00e4ndnis f\u00fcr die ORACLE Technologien k\u00f6nnen wir Ihnen ma\u00dfgeschneiderte L\u00f6sungen entwickeln, die perfekt [&hellip;]<\/p>\n","protected":false},"author":5,"featured_media":0,"parent":0,"menu_order":0,"comment_status":"closed","ping_status":"closed","template":"","meta":{"om_disable_all_campaigns":false,"_monsterinsights_skip_tracking":false,"_monsterinsights_sitenote_active":false,"_monsterinsights_sitenote_note":"","_monsterinsights_sitenote_category":0,"_themeisle_gutenberg_block_has_review":false,"footnotes":""},"class_list":["post-98177","page","type-page","status-publish","hentry","wpautop"],"yoast_head":"<!-- This site is optimized with the Yoast SEO plugin v27.6 - https:\/\/yoast.com\/product\/yoast-seo-wordpress\/ -->\n<title>ORACLE\u00ae Partner - megasoft IT GmbH &amp; Co. KG<\/title>\n<meta name=\"description\" content=\"megasoft IT\u00ae ist offizieller ORACLE Partner | ORACLE L\u00f6sung vom IT Profi | ERP-System | Cloud-Infrastruktur\" \/>\n<meta name=\"robots\" content=\"index, follow, max-snippet:-1, max-image-preview:large, max-video-preview:-1\" \/>\n<link rel=\"canonical\" href=\"https:\/\/www.megasoft.de\/en\/oracle\/\" \/>\n<meta property=\"og:locale\" content=\"en_US\" \/>\n<meta property=\"og:type\" content=\"article\" \/>\n<meta property=\"og:title\" content=\"ORACLE\u00ae Partner - megasoft IT GmbH &amp; Co. KG\" \/>\n<meta property=\"og:description\" content=\"megasoft IT\u00ae ist offizieller ORACLE Partner | ORACLE L\u00f6sung vom IT Profi | ERP-System | Cloud-Infrastruktur\" \/>\n<meta property=\"og:url\" content=\"https:\/\/www.megasoft.de\/en\/oracle\/\" \/>\n<meta property=\"og:site_name\" content=\"megasoft IT GmbH &amp; Co. KG\" \/>\n<meta property=\"article:modified_time\" content=\"2024-10-22T14:34:50+00:00\" \/>\n<meta property=\"og:image\" content=\"https:\/\/www.megasoft.de\/wp-content\/uploads\/oracle-partner-megasoft-it.png\" \/>\n<meta name=\"twitter:card\" content=\"summary_large_image\" \/>\n<meta name=\"twitter:label1\" content=\"Est. reading time\" \/>\n\t<meta name=\"twitter:data1\" content=\"2 minutes\" \/>\n<script type=\"application\/ld+json\" class=\"yoast-schema-graph\">{\"@context\":\"https:\\\/\\\/schema.org\",\"@graph\":[{\"@type\":\"WebPage\",\"@id\":\"https:\\\/\\\/www.megasoft.de\\\/oracle\\\/\",\"url\":\"https:\\\/\\\/www.megasoft.de\\\/oracle\\\/\",\"name\":\"ORACLE\u00ae Partner - megasoft IT GmbH &amp; Co. KG\",\"isPartOf\":{\"@id\":\"https:\\\/\\\/www.megasoft.de\\\/#website\"},\"primaryImageOfPage\":{\"@id\":\"https:\\\/\\\/www.megasoft.de\\\/oracle\\\/#primaryimage\"},\"image\":{\"@id\":\"https:\\\/\\\/www.megasoft.de\\\/oracle\\\/#primaryimage\"},\"thumbnailUrl\":\"https:\\\/\\\/www.megasoft.de\\\/wp-content\\\/uploads\\\/oracle-partner-megasoft-it.png\",\"datePublished\":\"2023-07-07T10:21:42+00:00\",\"dateModified\":\"2024-10-22T14:34:50+00:00\",\"description\":\"megasoft IT\u00ae ist offizieller ORACLE Partner | ORACLE L\u00f6sung vom IT Profi | ERP-System | Cloud-Infrastruktur\",\"breadcrumb\":{\"@id\":\"https:\\\/\\\/www.megasoft.de\\\/oracle\\\/#breadcrumb\"},\"inLanguage\":\"en-US\",\"potentialAction\":[{\"@type\":\"ReadAction\",\"target\":[\"https:\\\/\\\/www.megasoft.de\\\/oracle\\\/\"]}]},{\"@type\":\"ImageObject\",\"inLanguage\":\"en-US\",\"@id\":\"https:\\\/\\\/www.megasoft.de\\\/oracle\\\/#primaryimage\",\"url\":\"https:\\\/\\\/www.megasoft.de\\\/wp-content\\\/uploads\\\/oracle-partner-megasoft-it.png\",\"contentUrl\":\"https:\\\/\\\/www.megasoft.de\\\/wp-content\\\/uploads\\\/oracle-partner-megasoft-it.png\"},{\"@type\":\"BreadcrumbList\",\"@id\":\"https:\\\/\\\/www.megasoft.de\\\/oracle\\\/#breadcrumb\",\"itemListElement\":[{\"@type\":\"ListItem\",\"position\":1,\"name\":\"Startseite\",\"item\":\"https:\\\/\\\/www.megasoft.de\\\/\"},{\"@type\":\"ListItem\",\"position\":2,\"name\":\"ORACLE\u00ae Partner\"}]},{\"@type\":\"WebSite\",\"@id\":\"https:\\\/\\\/www.megasoft.de\\\/#website\",\"url\":\"https:\\\/\\\/www.megasoft.de\\\/\",\"name\":\"megasoft IT GmbH &amp; Co. KG\",\"description\":\"Your IT Procurement Partner\",\"publisher\":{\"@id\":\"https:\\\/\\\/www.megasoft.de\\\/#organization\"},\"potentialAction\":[{\"@type\":\"SearchAction\",\"target\":{\"@type\":\"EntryPoint\",\"urlTemplate\":\"https:\\\/\\\/www.megasoft.de\\\/?s={search_term_string}\"},\"query-input\":{\"@type\":\"PropertyValueSpecification\",\"valueRequired\":true,\"valueName\":\"search_term_string\"}}],\"inLanguage\":\"en-US\"},{\"@type\":\"Organization\",\"@id\":\"https:\\\/\\\/www.megasoft.de\\\/#organization\",\"name\":\"megasoft IT GmbH &amp; Co. KG\",\"url\":\"https:\\\/\\\/www.megasoft.de\\\/\",\"logo\":{\"@type\":\"ImageObject\",\"inLanguage\":\"en-US\",\"@id\":\"https:\\\/\\\/www.megasoft.de\\\/#\\\/schema\\\/logo\\\/image\\\/\",\"url\":\"https:\\\/\\\/www.megasoft.de\\\/wp-content\\\/uploads\\\/megasoft_logo_IT_Procurement_Partner.png\",\"contentUrl\":\"https:\\\/\\\/www.megasoft.de\\\/wp-content\\\/uploads\\\/megasoft_logo_IT_Procurement_Partner.png\",\"width\":1400,\"height\":350,\"caption\":\"megasoft IT GmbH &amp; Co. KG\"},\"image\":{\"@id\":\"https:\\\/\\\/www.megasoft.de\\\/#\\\/schema\\\/logo\\\/image\\\/\"}}]}<\/script>\n<!-- \/ Yoast SEO plugin. -->","yoast_head_json":{"title":"ORACLE\u00ae Partner - megasoft IT GmbH &amp; Co. KG","description":"megasoft IT\u00ae ist offizieller ORACLE Partner | ORACLE L\u00f6sung vom IT Profi | ERP-System | Cloud-Infrastruktur","robots":{"index":"index","follow":"follow","max-snippet":"max-snippet:-1","max-image-preview":"max-image-preview:large","max-video-preview":"max-video-preview:-1"},"canonical":"https:\/\/www.megasoft.de\/en\/oracle\/","og_locale":"en_US","og_type":"article","og_title":"ORACLE\u00ae Partner - megasoft IT GmbH &amp; Co. KG","og_description":"megasoft IT\u00ae ist offizieller ORACLE Partner | ORACLE L\u00f6sung vom IT Profi | ERP-System | Cloud-Infrastruktur","og_url":"https:\/\/www.megasoft.de\/en\/oracle\/","og_site_name":"megasoft IT GmbH &amp; Co. KG","article_modified_time":"2024-10-22T14:34:50+00:00","og_image":[{"url":"https:\/\/www.megasoft.de\/wp-content\/uploads\/oracle-partner-megasoft-it.png","type":"","width":"","height":""}],"twitter_card":"summary_large_image","twitter_misc":{"Est. reading time":"2 minutes"},"schema":{"@context":"https:\/\/schema.org","@graph":[{"@type":"WebPage","@id":"https:\/\/www.megasoft.de\/oracle\/","url":"https:\/\/www.megasoft.de\/oracle\/","name":"ORACLE\u00ae Partner - megasoft IT GmbH &amp; Co. KG","isPartOf":{"@id":"https:\/\/www.megasoft.de\/#website"},"primaryImageOfPage":{"@id":"https:\/\/www.megasoft.de\/oracle\/#primaryimage"},"image":{"@id":"https:\/\/www.megasoft.de\/oracle\/#primaryimage"},"thumbnailUrl":"https:\/\/www.megasoft.de\/wp-content\/uploads\/oracle-partner-megasoft-it.png","datePublished":"2023-07-07T10:21:42+00:00","dateModified":"2024-10-22T14:34:50+00:00","description":"megasoft IT\u00ae ist offizieller ORACLE Partner | ORACLE L\u00f6sung vom IT Profi | ERP-System | Cloud-Infrastruktur","breadcrumb":{"@id":"https:\/\/www.megasoft.de\/oracle\/#breadcrumb"},"inLanguage":"en-US","potentialAction":[{"@type":"ReadAction","target":["https:\/\/www.megasoft.de\/oracle\/"]}]},{"@type":"ImageObject","inLanguage":"en-US","@id":"https:\/\/www.megasoft.de\/oracle\/#primaryimage","url":"https:\/\/www.megasoft.de\/wp-content\/uploads\/oracle-partner-megasoft-it.png","contentUrl":"https:\/\/www.megasoft.de\/wp-content\/uploads\/oracle-partner-megasoft-it.png"},{"@type":"BreadcrumbList","@id":"https:\/\/www.megasoft.de\/oracle\/#breadcrumb","itemListElement":[{"@type":"ListItem","position":1,"name":"Startseite","item":"https:\/\/www.megasoft.de\/"},{"@type":"ListItem","position":2,"name":"ORACLE\u00ae Partner"}]},{"@type":"WebSite","@id":"https:\/\/www.megasoft.de\/#website","url":"https:\/\/www.megasoft.de\/","name":"megasoft IT GmbH &amp; Co. KG","description":"Your IT Procurement Partner","publisher":{"@id":"https:\/\/www.megasoft.de\/#organization"},"potentialAction":[{"@type":"SearchAction","target":{"@type":"EntryPoint","urlTemplate":"https:\/\/www.megasoft.de\/?s={search_term_string}"},"query-input":{"@type":"PropertyValueSpecification","valueRequired":true,"valueName":"search_term_string"}}],"inLanguage":"en-US"},{"@type":"Organization","@id":"https:\/\/www.megasoft.de\/#organization","name":"megasoft IT GmbH &amp; Co. KG","url":"https:\/\/www.megasoft.de\/","logo":{"@type":"ImageObject","inLanguage":"en-US","@id":"https:\/\/www.megasoft.de\/#\/schema\/logo\/image\/","url":"https:\/\/www.megasoft.de\/wp-content\/uploads\/megasoft_logo_IT_Procurement_Partner.png","contentUrl":"https:\/\/www.megasoft.de\/wp-content\/uploads\/megasoft_logo_IT_Procurement_Partner.png","width":1400,"height":350,"caption":"megasoft IT GmbH &amp; Co. KG"},"image":{"@id":"https:\/\/www.megasoft.de\/#\/schema\/logo\/image\/"}}]}},"publishpress_future_action":{"enabled":false,"date":"2026-05-21 18:59:25","action":"change-status","newStatus":"draft","terms":[],"taxonomy":"","extraData":[]},"publishpress_future_workflow_manual_trigger":{"enabledWorkflows":[]},"_links":{"self":[{"href":"https:\/\/www.megasoft.de\/en\/wp-json\/wp\/v2\/pages\/98177","targetHints":{"allow":["GET"]}}],"collection":[{"href":"https:\/\/www.megasoft.de\/en\/wp-json\/wp\/v2\/pages"}],"about":[{"href":"https:\/\/www.megasoft.de\/en\/wp-json\/wp\/v2\/types\/page"}],"author":[{"embeddable":true,"href":"https:\/\/www.megasoft.de\/en\/wp-json\/wp\/v2\/users\/5"}],"replies":[{"embeddable":true,"href":"https:\/\/www.megasoft.de\/en\/wp-json\/wp\/v2\/comments?post=98177"}],"version-history":[{"count":5,"href":"https:\/\/www.megasoft.de\/en\/wp-json\/wp\/v2\/pages\/98177\/revisions"}],"predecessor-version":[{"id":106454,"href":"https:\/\/www.megasoft.de\/en\/wp-json\/wp\/v2\/pages\/98177\/revisions\/106454"}],"wp:attachment":[{"href":"https:\/\/www.megasoft.de\/en\/wp-json\/wp\/v2\/media?parent=98177"}],"curies":[{"name":"wp","href":"https:\/\/api.w.org\/{rel}","templated":true}]}}