{"id":9833,"date":"2021-04-28T20:50:32","date_gmt":"2021-04-28T18:50:32","guid":{"rendered":"https:\/\/www.megasoft.de\/?page_id=9833"},"modified":"2023-08-25T09:16:16","modified_gmt":"2023-08-25T07:16:16","slug":"scw-secure-code-warrior","status":"publish","type":"page","link":"https:\/\/www.megasoft.de\/en\/scw-secure-code-warrior\/","title":{"rendered":"SCW &#8211; Secure Code Warrior"},"content":{"rendered":"<div><strong>\u00a0<\/strong><\/div>\n<div><strong>NEU: SCW &#8211; Secure Code Warrior<\/strong><\/div>\n<div>SCW macht sicheres Programmieren zu einer positiven und fesselnden Erfahrung f\u00fcr Entwickler, w\u00e4hrend diese ihre Software-Sicherheitsf\u00e4higkeiten verbessern. Mit der Flagship-Lernplattform f\u00fchrt SCW jeden Programmierer auf seinem eigenen bevorzugten Lernpfad, damit sicherheitsqualifizierte Entwickler zu den allt\u00e4glichen Superhelden unserer vernetzten Welt werden.<\/div>\n<div><\/div>\n<div>\n<h3>Wie hilft SCW?<\/h3>\n<ul>\n<li><strong>Konfirmit\u00e4t erreichen<\/strong><br \/>\nJeder unserer Kunden wird von Compliance-Anforderungen getrieben und oft sind diese Anforderungen verpflichten &#8211; was zu finanziellen Strafen oder Ausfallzeiten f\u00fcr Organisationen f\u00fchrt, die diese nicht erf\u00fcllen. SCW hilft unseren Kunden auf Ihrem Weg zur Compliance oder zur Anpassung an PCI-DSS, NIST, ISO 2700 und OWASP<\/li>\n<li><strong>Produktivit\u00e4t steigern<\/strong><br \/>\nDie Geschwindigkeit der Bereitstellung ist entscheidend, denn sie ist buchst\u00e4blich \u00fcberlebenswichtig f\u00fcr Unternehmen. DevOps erh\u00f6ht die F\u00e4higkeit eines Unternehmens, Software und Services schneller bereitzustellen und bietet viele Vorteile f\u00fcr jedes Unternehmen. Damit Sie in der heutigen schnelllebigen Welt wettbewerbsf\u00e4hig bleiben, erstellen Sie von Anfang an hochwetige Software mit Secure Code Warrior!<\/li>\n<li><strong>F\u00e4higkeiten verbessern<\/strong><br \/>\nQualit\u00e4tscode bedeutet weniger Nacharbeit und bessere Produktivit\u00e4t, was letztendlich Zeit und Geld spart. Unternehmen wollen sicherheitsbewusste Entwickler und Secure Cde Warrior liefert diese indem es kontinuierliche Lernm\u00f6glichkeiten, Benchmarking und andere Tools zur St\u00e4rkung des gesamten Secure Software Development LifeCycle bietet.<\/li>\n<\/ul>\n<\/div>\n<div class=\"pipedriveWebForms\" data-pd-webforms=\"https:\/\/webforms.pipedrive.com\/f\/2Zac8H7p31vBvr2W46wxs7DfnD4FF476iiOKVeCKdugVMP71ww95hcjw1MmYhamdR\"><\/div>","protected":false},"excerpt":{"rendered":"<p>\u00a0 NEU: SCW &#8211; Secure Code Warrior SCW macht sicheres Programmieren zu einer positiven und fesselnden Erfahrung f\u00fcr Entwickler, w\u00e4hrend diese ihre Software-Sicherheitsf\u00e4higkeiten verbessern. Mit der Flagship-Lernplattform f\u00fchrt SCW jeden Programmierer auf seinem eigenen bevorzugten Lernpfad, damit sicherheitsqualifizierte Entwickler zu den allt\u00e4glichen Superhelden unserer vernetzten Welt werden. Wie hilft SCW? [&hellip;]<\/p>\n","protected":false},"author":1,"featured_media":0,"parent":0,"menu_order":0,"comment_status":"closed","ping_status":"closed","template":"","meta":{"om_disable_all_campaigns":false,"_monsterinsights_skip_tracking":false,"_monsterinsights_sitenote_active":false,"_monsterinsights_sitenote_note":"","_monsterinsights_sitenote_category":0,"_themeisle_gutenberg_block_has_review":false,"footnotes":""},"class_list":["post-9833","page","type-page","status-publish","hentry","wpautop"],"yoast_head":"<!-- This site is optimized with the Yoast SEO plugin v27.6 - https:\/\/yoast.com\/product\/yoast-seo-wordpress\/ -->\n<title>SCW - Secure Code Warrior - megasoft IT GmbH &amp; Co. KG<\/title>\n<meta name=\"robots\" content=\"index, follow, max-snippet:-1, max-image-preview:large, max-video-preview:-1\" \/>\n<link rel=\"canonical\" href=\"https:\/\/www.megasoft.de\/en\/scw-secure-code-warrior\/\" \/>\n<meta property=\"og:locale\" content=\"en_US\" \/>\n<meta property=\"og:type\" content=\"article\" \/>\n<meta property=\"og:title\" content=\"SCW - Secure Code Warrior - megasoft IT GmbH &amp; Co. KG\" \/>\n<meta property=\"og:description\" content=\"\u00a0 NEU: SCW &#8211; Secure Code Warrior SCW macht sicheres Programmieren zu einer positiven und fesselnden Erfahrung f\u00fcr Entwickler, w\u00e4hrend diese ihre Software-Sicherheitsf\u00e4higkeiten verbessern. Mit der Flagship-Lernplattform f\u00fchrt SCW jeden Programmierer auf seinem eigenen bevorzugten Lernpfad, damit sicherheitsqualifizierte Entwickler zu den allt\u00e4glichen Superhelden unserer vernetzten Welt werden. Wie hilft SCW? [&hellip;]\" \/>\n<meta property=\"og:url\" content=\"https:\/\/www.megasoft.de\/en\/scw-secure-code-warrior\/\" \/>\n<meta property=\"og:site_name\" content=\"megasoft IT GmbH &amp; Co. KG\" \/>\n<meta property=\"article:modified_time\" content=\"2023-08-25T07:16:16+00:00\" \/>\n<meta name=\"twitter:card\" content=\"summary_large_image\" \/>\n<meta name=\"twitter:label1\" content=\"Est. reading time\" \/>\n\t<meta name=\"twitter:data1\" content=\"2 minutes\" \/>\n<script type=\"application\/ld+json\" class=\"yoast-schema-graph\">{\"@context\":\"https:\\\/\\\/schema.org\",\"@graph\":[{\"@type\":\"WebPage\",\"@id\":\"https:\\\/\\\/www.megasoft.de\\\/scw-secure-code-warrior\\\/\",\"url\":\"https:\\\/\\\/www.megasoft.de\\\/scw-secure-code-warrior\\\/\",\"name\":\"SCW - Secure Code Warrior - megasoft IT GmbH &amp; Co. KG\",\"isPartOf\":{\"@id\":\"https:\\\/\\\/www.megasoft.de\\\/#website\"},\"datePublished\":\"2021-04-28T18:50:32+00:00\",\"dateModified\":\"2023-08-25T07:16:16+00:00\",\"breadcrumb\":{\"@id\":\"https:\\\/\\\/www.megasoft.de\\\/scw-secure-code-warrior\\\/#breadcrumb\"},\"inLanguage\":\"en-US\",\"potentialAction\":[{\"@type\":\"ReadAction\",\"target\":[\"https:\\\/\\\/www.megasoft.de\\\/scw-secure-code-warrior\\\/\"]}]},{\"@type\":\"BreadcrumbList\",\"@id\":\"https:\\\/\\\/www.megasoft.de\\\/scw-secure-code-warrior\\\/#breadcrumb\",\"itemListElement\":[{\"@type\":\"ListItem\",\"position\":1,\"name\":\"Startseite\",\"item\":\"https:\\\/\\\/www.megasoft.de\\\/\"},{\"@type\":\"ListItem\",\"position\":2,\"name\":\"SCW &#8211; Secure Code Warrior\"}]},{\"@type\":\"WebSite\",\"@id\":\"https:\\\/\\\/www.megasoft.de\\\/#website\",\"url\":\"https:\\\/\\\/www.megasoft.de\\\/\",\"name\":\"megasoft IT GmbH &amp; Co. KG\",\"description\":\"Your IT Procurement Partner\",\"publisher\":{\"@id\":\"https:\\\/\\\/www.megasoft.de\\\/#organization\"},\"potentialAction\":[{\"@type\":\"SearchAction\",\"target\":{\"@type\":\"EntryPoint\",\"urlTemplate\":\"https:\\\/\\\/www.megasoft.de\\\/?s={search_term_string}\"},\"query-input\":{\"@type\":\"PropertyValueSpecification\",\"valueRequired\":true,\"valueName\":\"search_term_string\"}}],\"inLanguage\":\"en-US\"},{\"@type\":\"Organization\",\"@id\":\"https:\\\/\\\/www.megasoft.de\\\/#organization\",\"name\":\"megasoft IT GmbH &amp; Co. KG\",\"url\":\"https:\\\/\\\/www.megasoft.de\\\/\",\"logo\":{\"@type\":\"ImageObject\",\"inLanguage\":\"en-US\",\"@id\":\"https:\\\/\\\/www.megasoft.de\\\/#\\\/schema\\\/logo\\\/image\\\/\",\"url\":\"https:\\\/\\\/www.megasoft.de\\\/wp-content\\\/uploads\\\/megasoft_logo_IT_Procurement_Partner.png\",\"contentUrl\":\"https:\\\/\\\/www.megasoft.de\\\/wp-content\\\/uploads\\\/megasoft_logo_IT_Procurement_Partner.png\",\"width\":1400,\"height\":350,\"caption\":\"megasoft IT GmbH &amp; Co. KG\"},\"image\":{\"@id\":\"https:\\\/\\\/www.megasoft.de\\\/#\\\/schema\\\/logo\\\/image\\\/\"}}]}<\/script>\n<!-- \/ Yoast SEO plugin. -->","yoast_head_json":{"title":"SCW - Secure Code Warrior - megasoft IT GmbH &amp; Co. KG","robots":{"index":"index","follow":"follow","max-snippet":"max-snippet:-1","max-image-preview":"max-image-preview:large","max-video-preview":"max-video-preview:-1"},"canonical":"https:\/\/www.megasoft.de\/en\/scw-secure-code-warrior\/","og_locale":"en_US","og_type":"article","og_title":"SCW - Secure Code Warrior - megasoft IT GmbH &amp; Co. KG","og_description":"\u00a0 NEU: SCW &#8211; Secure Code Warrior SCW macht sicheres Programmieren zu einer positiven und fesselnden Erfahrung f\u00fcr Entwickler, w\u00e4hrend diese ihre Software-Sicherheitsf\u00e4higkeiten verbessern. Mit der Flagship-Lernplattform f\u00fchrt SCW jeden Programmierer auf seinem eigenen bevorzugten Lernpfad, damit sicherheitsqualifizierte Entwickler zu den allt\u00e4glichen Superhelden unserer vernetzten Welt werden. Wie hilft SCW? [&hellip;]","og_url":"https:\/\/www.megasoft.de\/en\/scw-secure-code-warrior\/","og_site_name":"megasoft IT GmbH &amp; Co. KG","article_modified_time":"2023-08-25T07:16:16+00:00","twitter_card":"summary_large_image","twitter_misc":{"Est. reading time":"2 minutes"},"schema":{"@context":"https:\/\/schema.org","@graph":[{"@type":"WebPage","@id":"https:\/\/www.megasoft.de\/scw-secure-code-warrior\/","url":"https:\/\/www.megasoft.de\/scw-secure-code-warrior\/","name":"SCW - Secure Code Warrior - megasoft IT GmbH &amp; Co. KG","isPartOf":{"@id":"https:\/\/www.megasoft.de\/#website"},"datePublished":"2021-04-28T18:50:32+00:00","dateModified":"2023-08-25T07:16:16+00:00","breadcrumb":{"@id":"https:\/\/www.megasoft.de\/scw-secure-code-warrior\/#breadcrumb"},"inLanguage":"en-US","potentialAction":[{"@type":"ReadAction","target":["https:\/\/www.megasoft.de\/scw-secure-code-warrior\/"]}]},{"@type":"BreadcrumbList","@id":"https:\/\/www.megasoft.de\/scw-secure-code-warrior\/#breadcrumb","itemListElement":[{"@type":"ListItem","position":1,"name":"Startseite","item":"https:\/\/www.megasoft.de\/"},{"@type":"ListItem","position":2,"name":"SCW &#8211; Secure Code Warrior"}]},{"@type":"WebSite","@id":"https:\/\/www.megasoft.de\/#website","url":"https:\/\/www.megasoft.de\/","name":"megasoft IT GmbH &amp; Co. KG","description":"Your IT Procurement Partner","publisher":{"@id":"https:\/\/www.megasoft.de\/#organization"},"potentialAction":[{"@type":"SearchAction","target":{"@type":"EntryPoint","urlTemplate":"https:\/\/www.megasoft.de\/?s={search_term_string}"},"query-input":{"@type":"PropertyValueSpecification","valueRequired":true,"valueName":"search_term_string"}}],"inLanguage":"en-US"},{"@type":"Organization","@id":"https:\/\/www.megasoft.de\/#organization","name":"megasoft IT GmbH &amp; Co. KG","url":"https:\/\/www.megasoft.de\/","logo":{"@type":"ImageObject","inLanguage":"en-US","@id":"https:\/\/www.megasoft.de\/#\/schema\/logo\/image\/","url":"https:\/\/www.megasoft.de\/wp-content\/uploads\/megasoft_logo_IT_Procurement_Partner.png","contentUrl":"https:\/\/www.megasoft.de\/wp-content\/uploads\/megasoft_logo_IT_Procurement_Partner.png","width":1400,"height":350,"caption":"megasoft IT GmbH &amp; Co. KG"},"image":{"@id":"https:\/\/www.megasoft.de\/#\/schema\/logo\/image\/"}}]}},"publishpress_future_action":{"enabled":false,"date":"2026-05-22 13:16:29","action":"change-status","newStatus":"draft","terms":[],"taxonomy":"","extraData":[]},"publishpress_future_workflow_manual_trigger":{"enabledWorkflows":[]},"_links":{"self":[{"href":"https:\/\/www.megasoft.de\/en\/wp-json\/wp\/v2\/pages\/9833","targetHints":{"allow":["GET"]}}],"collection":[{"href":"https:\/\/www.megasoft.de\/en\/wp-json\/wp\/v2\/pages"}],"about":[{"href":"https:\/\/www.megasoft.de\/en\/wp-json\/wp\/v2\/types\/page"}],"author":[{"embeddable":true,"href":"https:\/\/www.megasoft.de\/en\/wp-json\/wp\/v2\/users\/1"}],"replies":[{"embeddable":true,"href":"https:\/\/www.megasoft.de\/en\/wp-json\/wp\/v2\/comments?post=9833"}],"version-history":[{"count":4,"href":"https:\/\/www.megasoft.de\/en\/wp-json\/wp\/v2\/pages\/9833\/revisions"}],"predecessor-version":[{"id":99074,"href":"https:\/\/www.megasoft.de\/en\/wp-json\/wp\/v2\/pages\/9833\/revisions\/99074"}],"wp:attachment":[{"href":"https:\/\/www.megasoft.de\/en\/wp-json\/wp\/v2\/media?parent=9833"}],"curies":[{"name":"wp","href":"https:\/\/api.w.org\/{rel}","templated":true}]}}