{"id":98387,"date":"2023-08-09T14:27:53","date_gmt":"2023-08-09T12:27:53","guid":{"rendered":"https:\/\/www.megasoft.de\/?page_id=98387"},"modified":"2023-08-09T14:29:03","modified_gmt":"2023-08-09T12:29:03","slug":"md5-virtual-forensic-software","status":"publish","type":"page","link":"https:\/\/www.megasoft.de\/en\/md5-virtual-forensic-software\/","title":{"rendered":"MD5 &#8211; Virtual Forensic Software"},"content":{"rendered":"\n<figure class=\"wp-block-image size-full\"><img decoding=\"async\" width=\"220\" height=\"110\" data-src=\"https:\/\/www.megasoft.de\/wp-content\/uploads\/md5_partner.png\" alt=\"\" class=\"wp-image-568 lazyload\" src=\"data:image\/svg+xml;base64,PHN2ZyB3aWR0aD0iMSIgaGVpZ2h0PSIxIiB4bWxucz0iaHR0cDovL3d3dy53My5vcmcvMjAwMC9zdmciPjwvc3ZnPg==\" style=\"--smush-placeholder-width: 220px; --smush-placeholder-aspect-ratio: 220\/110;\" \/><\/figure>\n\n\n\n<p>Willkommen bei Megasoft IT\u00ae, Ihrem Partner f\u00fcr die wegweisenden L\u00f6sungen von MD5 in der Digitalen Forensik. Auf dieser Seite erfahren Sie mehr dar\u00fcber, wie die Partnerschaft zwischen Megasoft IT und MD5 innovative Forensik-L\u00f6sungen f\u00fcr verschiedenste Branchen bereitstellt.<\/p>\n\n\n\n<p><\/p>\n\n\n\n<p><div id=\"__next\"><div class=\"overflow-hidden w-full h-full relative flex z-0\"><div class=\"relative flex h-full max-w-full flex-1 overflow-hidden\"><div class=\"flex h-full max-w-full flex-1 flex-col\"><main class=\"relative h-full w-full transition-width flex flex-col overflow-auto items-stretch flex-1\"><div class=\"flex-1 overflow-hidden\"><div class=\"react-scroll-to-bottom--css-asbmn-79elbk h-full dark:bg-gray-800\"><div class=\"react-scroll-to-bottom--css-asbmn-1n7m0yu\"><div class=\"flex flex-col text-sm dark:bg-gray-800\"><div class=\"group w-full text-token-text-primary border-b border-black\/10 dark:border-gray-900\/50 bg-gray-50 dark:bg-[#444654]\"><div class=\"flex p-4 gap-4 text-base md:gap-6 md:max-w-2xl lg:max-w-[38rem] xl:max-w-3xl md:py-6 lg:px-0 m-auto\"><div class=\"relative flex w-[calc(100%-50px)] flex-col gap-1 md:gap-3 lg:w-[calc(100%-115px)]\"><div class=\"flex flex-grow flex-col gap-3\"><div class=\"min-h-[20px] flex flex-col items-start gap-3 overflow-x-auto whitespace-pre-wrap break-words\"><div class=\"markdown prose w-full break-words dark:prose-invert light\"><p><strong>\u00dcber MD5:<\/strong> MD5 z\u00e4hlt zu den f\u00fchrenden Unternehmen f\u00fcr Digitale Forensik in Gro\u00dfbritannien und bietet hochwertige und verl\u00e4ssliche eDisclosure- und Digitale Forensik-Dienstleistungen f\u00fcr den Unternehmenssektor, die Rechtsbranche, Strafverfolgungsbeh\u00f6rden und Regierungsagenturen. Ihre Richtlinien und Verfahren entsprechen den ACPO- und ISO 27001-Standards, und sie sind gem\u00e4\u00df ISO 17025 akkreditiert.<\/p><\/div><\/div><\/div><\/div><\/div><\/div><\/div><\/div><\/div><\/div><\/main><\/div><\/div><\/div><\/div><\/p>\n\n\n\n<p><div id=\"__next\"><div class=\"overflow-hidden w-full h-full relative flex z-0\"><div class=\"relative flex h-full max-w-full flex-1 overflow-hidden\"><div class=\"flex h-full max-w-full flex-1 flex-col\"><main class=\"relative h-full w-full transition-width flex flex-col overflow-auto items-stretch flex-1\"><div class=\"flex-1 overflow-hidden\"><div class=\"react-scroll-to-bottom--css-asbmn-79elbk h-full dark:bg-gray-800\"><div class=\"react-scroll-to-bottom--css-asbmn-1n7m0yu\"><div class=\"flex flex-col text-sm dark:bg-gray-800\"><div class=\"group w-full text-token-text-primary border-b border-black\/10 dark:border-gray-900\/50 bg-gray-50 dark:bg-[#444654]\"><div class=\"flex p-4 gap-4 text-base md:gap-6 md:max-w-2xl lg:max-w-[38rem] xl:max-w-3xl md:py-6 lg:px-0 m-auto\"><div class=\"relative flex w-[calc(100%-50px)] flex-col gap-1 md:gap-3 lg:w-[calc(100%-115px)]\"><div class=\"flex flex-grow flex-col gap-3\"><div class=\"min-h-[20px] flex flex-col items-start gap-3 overflow-x-auto whitespace-pre-wrap break-words\"><div class=\"markdown prose w-full break-words dark:prose-invert light\"><p><strong>Hochmoderne Technologien:<\/strong> Eine bemerkenswerte Errungenschaft von MD5 ist VFC (Virtual Forensic Computing), eine wegweisende Virtualisierungsl\u00f6sung f\u00fcr forensische Ermittler. VFC erm\u00f6glicht die Erstellung einer virtuellen Kopie (VM) eines Verd\u00e4chtigen-Computers. Durch VFC wird die virtuelle Umgebung authentisch reproduziert, was Ermittlern einen realistischen Einblick in die Computerumgebung des Verd\u00e4chtigen verschafft.<\/p><\/div><\/div><\/div><\/div><\/div><\/div><\/div><\/div><\/div><\/div><\/main><\/div><\/div><\/div><\/div><\/p>\n\n\n\n<p><div id=\"__next\"><div class=\"overflow-hidden w-full h-full relative flex z-0\"><div class=\"relative flex h-full max-w-full flex-1 overflow-hidden\"><div class=\"flex h-full max-w-full flex-1 flex-col\"><main class=\"relative h-full w-full transition-width flex flex-col overflow-auto items-stretch flex-1\"><div class=\"flex-1 overflow-hidden\"><div class=\"react-scroll-to-bottom--css-asbmn-79elbk h-full dark:bg-gray-800\"><div class=\"react-scroll-to-bottom--css-asbmn-1n7m0yu\"><div class=\"flex flex-col text-sm dark:bg-gray-800\"><div class=\"group w-full text-token-text-primary border-b border-black\/10 dark:border-gray-900\/50 bg-gray-50 dark:bg-[#444654]\"><div class=\"flex p-4 gap-4 text-base md:gap-6 md:max-w-2xl lg:max-w-[38rem] xl:max-w-3xl md:py-6 lg:px-0 m-auto\"><div class=\"relative flex w-[calc(100%-50px)] flex-col gap-1 md:gap-3 lg:w-[calc(100%-115px)]\"><div class=\"flex flex-grow flex-col gap-3\"><div class=\"min-h-[20px] flex flex-col items-start gap-3 overflow-x-auto whitespace-pre-wrap break-words\"><div class=\"markdown prose w-full break-words dark:prose-invert light\"><p><strong>Weltweiter Einsatz:<\/strong> MD5-L\u00f6sungen werden international von angesehenen Organisationen wie der NCA, HMRC, Interpol, FBI, US-Heimatschutzbeh\u00f6rde, australischer Bundespolizei und der Royal Canadian Mounted Police eingesetzt. Diese Anerkennung best\u00e4tigt die Qualit\u00e4t und Effektivit\u00e4t der MD5-Produkte in der praktischen Anwendung.<\/p><\/div><\/div><\/div><\/div><\/div><\/div><\/div><\/div><\/div><\/div><\/main><\/div><\/div><\/div><\/div><\/p>\n\n\n\n<p><div id=\"__next\"><div class=\"overflow-hidden w-full h-full relative flex z-0\"><div class=\"relative flex h-full max-w-full flex-1 overflow-hidden\"><div class=\"flex h-full max-w-full flex-1 flex-col\"><main class=\"relative h-full w-full transition-width flex flex-col overflow-auto items-stretch flex-1\"><div class=\"flex-1 overflow-hidden\"><div class=\"react-scroll-to-bottom--css-asbmn-79elbk h-full dark:bg-gray-800\"><div class=\"react-scroll-to-bottom--css-asbmn-1n7m0yu\"><div class=\"flex flex-col text-sm dark:bg-gray-800\"><div class=\"group w-full text-token-text-primary border-b border-black\/10 dark:border-gray-900\/50 bg-gray-50 dark:bg-[#444654]\"><div class=\"flex p-4 gap-4 text-base md:gap-6 md:max-w-2xl lg:max-w-[38rem] xl:max-w-3xl md:py-6 lg:px-0 m-auto\"><div class=\"relative flex w-[calc(100%-50px)] flex-col gap-1 md:gap-3 lg:w-[calc(100%-115px)]\"><div class=\"flex flex-grow flex-col gap-3\"><div class=\"min-h-[20px] flex flex-col items-start gap-3 overflow-x-auto whitespace-pre-wrap break-words\"><div class=\"markdown prose w-full break-words dark:prose-invert light\"><p><strong>Cyber Essential Plus und Regierungsanerkennung:<\/strong> Die eDisclosure-Dienste von MD5 erf\u00fcllen die Anforderungen des Cyber Essential Plus Scheme. MD5 ist au\u00dferdem ein zugelassener Lieferant im Rahmen des Crown Commercial Services Framework Agreement G-Cloud-13, was seine Vertrauensw\u00fcrdigkeit und Anerkennung auf Regierungsebene unterstreicht.<\/p><\/div><\/div><\/div><\/div><\/div><\/div><\/div><\/div><\/div><\/div><\/main><\/div><\/div><\/div><\/div><\/p>\n\n\n\n<p><div id=\"__next\"><div class=\"overflow-hidden w-full h-full relative flex z-0\"><div class=\"relative flex h-full max-w-full flex-1 overflow-hidden\"><div class=\"flex h-full max-w-full flex-1 flex-col\"><main class=\"relative h-full w-full transition-width flex flex-col overflow-auto items-stretch flex-1\"><div class=\"flex-1 overflow-hidden\"><div class=\"react-scroll-to-bottom--css-asbmn-79elbk h-full dark:bg-gray-800\"><div class=\"react-scroll-to-bottom--css-asbmn-1n7m0yu\"><div class=\"flex flex-col text-sm dark:bg-gray-800\"><div class=\"group w-full text-token-text-primary border-b border-black\/10 dark:border-gray-900\/50 bg-gray-50 dark:bg-[#444654]\"><div class=\"flex p-4 gap-4 text-base md:gap-6 md:max-w-2xl lg:max-w-[38rem] xl:max-w-3xl md:py-6 lg:px-0 m-auto\"><div class=\"relative flex w-[calc(100%-50px)] flex-col gap-1 md:gap-3 lg:w-[calc(100%-115px)]\"><div class=\"flex flex-grow flex-col gap-3\"><div class=\"min-h-[20px] flex flex-col items-start gap-3 overflow-x-auto whitespace-pre-wrap break-words\"><div class=\"markdown prose w-full break-words dark:prose-invert light\"><p><strong>Unsere Partnerschaft:<\/strong> Megasoft IT ist stolz darauf, ein exklusiver Partner von MD5 zu sein. Unsere gemeinsame Mission ist es, bahnbrechende forensische L\u00f6sungen anzubieten, die es Ermittlern erm\u00f6glichen, sich auf die Untersuchung zu konzentrieren und gleichzeitig die Genauigkeit und Authentizit\u00e4t der Ergebnisse zu gew\u00e4hrleisten.<\/p><\/div><\/div><\/div><\/div><\/div><\/div><\/div><\/div><\/div><\/div><\/main><\/div><\/div><\/div><\/div><\/p>\n","protected":false},"excerpt":{"rendered":"<p>Willkommen bei Megasoft IT\u00ae, Ihrem Partner f\u00fcr die wegweisenden L\u00f6sungen von MD5 in der Digitalen Forensik. Auf dieser Seite erfahren Sie mehr dar\u00fcber, wie die Partnerschaft zwischen Megasoft IT und MD5 innovative Forensik-L\u00f6sungen f\u00fcr verschiedenste Branchen bereitstellt. \u00dcber MD5: MD5 z\u00e4hlt zu den f\u00fchrenden Unternehmen f\u00fcr Digitale Forensik in Gro\u00dfbritannien [&hellip;]<\/p>\n","protected":false},"author":1,"featured_media":0,"parent":0,"menu_order":0,"comment_status":"closed","ping_status":"closed","template":"","meta":{"om_disable_all_campaigns":false,"_monsterinsights_skip_tracking":false,"_monsterinsights_sitenote_active":false,"_monsterinsights_sitenote_note":"","_monsterinsights_sitenote_category":0,"_themeisle_gutenberg_block_has_review":false,"footnotes":""},"class_list":["post-98387","page","type-page","status-publish","hentry","wpautop"],"yoast_head":"<!-- This site is optimized with the Yoast SEO plugin v27.6 - https:\/\/yoast.com\/product\/yoast-seo-wordpress\/ -->\n<title>MD5 - Virtual Forensic Software - megasoft IT GmbH &amp; Co. KG<\/title>\n<meta name=\"robots\" content=\"index, follow, max-snippet:-1, max-image-preview:large, max-video-preview:-1\" \/>\n<link rel=\"canonical\" href=\"https:\/\/www.megasoft.de\/en\/md5-virtual-forensic-software\/\" \/>\n<meta property=\"og:locale\" content=\"en_US\" \/>\n<meta property=\"og:type\" content=\"article\" \/>\n<meta property=\"og:title\" content=\"MD5 - Virtual Forensic Software - megasoft IT GmbH &amp; Co. KG\" \/>\n<meta property=\"og:description\" content=\"Willkommen bei Megasoft IT\u00ae, Ihrem Partner f\u00fcr die wegweisenden L\u00f6sungen von MD5 in der Digitalen Forensik. Auf dieser Seite erfahren Sie mehr dar\u00fcber, wie die Partnerschaft zwischen Megasoft IT und MD5 innovative Forensik-L\u00f6sungen f\u00fcr verschiedenste Branchen bereitstellt. \u00dcber MD5: MD5 z\u00e4hlt zu den f\u00fchrenden Unternehmen f\u00fcr Digitale Forensik in Gro\u00dfbritannien [&hellip;]\" \/>\n<meta property=\"og:url\" content=\"https:\/\/www.megasoft.de\/en\/md5-virtual-forensic-software\/\" \/>\n<meta property=\"og:site_name\" content=\"megasoft IT GmbH &amp; Co. KG\" \/>\n<meta property=\"article:modified_time\" content=\"2023-08-09T12:29:03+00:00\" \/>\n<meta property=\"og:image\" content=\"https:\/\/www.megasoft.de\/wp-content\/uploads\/md5_partner.png\" \/>\n<meta name=\"twitter:card\" content=\"summary_large_image\" \/>\n<meta name=\"twitter:label1\" content=\"Est. reading time\" \/>\n\t<meta name=\"twitter:data1\" content=\"1 minute\" \/>\n<script type=\"application\/ld+json\" class=\"yoast-schema-graph\">{\"@context\":\"https:\\\/\\\/schema.org\",\"@graph\":[{\"@type\":\"WebPage\",\"@id\":\"https:\\\/\\\/www.megasoft.de\\\/md5-virtual-forensic-software\\\/\",\"url\":\"https:\\\/\\\/www.megasoft.de\\\/md5-virtual-forensic-software\\\/\",\"name\":\"MD5 - Virtual Forensic Software - megasoft IT GmbH &amp; Co. KG\",\"isPartOf\":{\"@id\":\"https:\\\/\\\/www.megasoft.de\\\/#website\"},\"primaryImageOfPage\":{\"@id\":\"https:\\\/\\\/www.megasoft.de\\\/md5-virtual-forensic-software\\\/#primaryimage\"},\"image\":{\"@id\":\"https:\\\/\\\/www.megasoft.de\\\/md5-virtual-forensic-software\\\/#primaryimage\"},\"thumbnailUrl\":\"https:\\\/\\\/www.megasoft.de\\\/wp-content\\\/uploads\\\/md5_partner.png\",\"datePublished\":\"2023-08-09T12:27:53+00:00\",\"dateModified\":\"2023-08-09T12:29:03+00:00\",\"breadcrumb\":{\"@id\":\"https:\\\/\\\/www.megasoft.de\\\/md5-virtual-forensic-software\\\/#breadcrumb\"},\"inLanguage\":\"en-US\",\"potentialAction\":[{\"@type\":\"ReadAction\",\"target\":[\"https:\\\/\\\/www.megasoft.de\\\/md5-virtual-forensic-software\\\/\"]}]},{\"@type\":\"ImageObject\",\"inLanguage\":\"en-US\",\"@id\":\"https:\\\/\\\/www.megasoft.de\\\/md5-virtual-forensic-software\\\/#primaryimage\",\"url\":\"https:\\\/\\\/www.megasoft.de\\\/wp-content\\\/uploads\\\/md5_partner.png\",\"contentUrl\":\"https:\\\/\\\/www.megasoft.de\\\/wp-content\\\/uploads\\\/md5_partner.png\"},{\"@type\":\"BreadcrumbList\",\"@id\":\"https:\\\/\\\/www.megasoft.de\\\/md5-virtual-forensic-software\\\/#breadcrumb\",\"itemListElement\":[{\"@type\":\"ListItem\",\"position\":1,\"name\":\"Startseite\",\"item\":\"https:\\\/\\\/www.megasoft.de\\\/\"},{\"@type\":\"ListItem\",\"position\":2,\"name\":\"MD5 &#8211; Virtual Forensic Software\"}]},{\"@type\":\"WebSite\",\"@id\":\"https:\\\/\\\/www.megasoft.de\\\/#website\",\"url\":\"https:\\\/\\\/www.megasoft.de\\\/\",\"name\":\"megasoft IT GmbH &amp; Co. KG\",\"description\":\"Your IT Procurement Partner\",\"publisher\":{\"@id\":\"https:\\\/\\\/www.megasoft.de\\\/#organization\"},\"potentialAction\":[{\"@type\":\"SearchAction\",\"target\":{\"@type\":\"EntryPoint\",\"urlTemplate\":\"https:\\\/\\\/www.megasoft.de\\\/?s={search_term_string}\"},\"query-input\":{\"@type\":\"PropertyValueSpecification\",\"valueRequired\":true,\"valueName\":\"search_term_string\"}}],\"inLanguage\":\"en-US\"},{\"@type\":\"Organization\",\"@id\":\"https:\\\/\\\/www.megasoft.de\\\/#organization\",\"name\":\"megasoft IT GmbH &amp; Co. KG\",\"url\":\"https:\\\/\\\/www.megasoft.de\\\/\",\"logo\":{\"@type\":\"ImageObject\",\"inLanguage\":\"en-US\",\"@id\":\"https:\\\/\\\/www.megasoft.de\\\/#\\\/schema\\\/logo\\\/image\\\/\",\"url\":\"https:\\\/\\\/www.megasoft.de\\\/wp-content\\\/uploads\\\/megasoft_logo_IT_Procurement_Partner.png\",\"contentUrl\":\"https:\\\/\\\/www.megasoft.de\\\/wp-content\\\/uploads\\\/megasoft_logo_IT_Procurement_Partner.png\",\"width\":1400,\"height\":350,\"caption\":\"megasoft IT GmbH &amp; Co. KG\"},\"image\":{\"@id\":\"https:\\\/\\\/www.megasoft.de\\\/#\\\/schema\\\/logo\\\/image\\\/\"}}]}<\/script>\n<!-- \/ Yoast SEO plugin. -->","yoast_head_json":{"title":"MD5 - Virtual Forensic Software - megasoft IT GmbH &amp; Co. KG","robots":{"index":"index","follow":"follow","max-snippet":"max-snippet:-1","max-image-preview":"max-image-preview:large","max-video-preview":"max-video-preview:-1"},"canonical":"https:\/\/www.megasoft.de\/en\/md5-virtual-forensic-software\/","og_locale":"en_US","og_type":"article","og_title":"MD5 - Virtual Forensic Software - megasoft IT GmbH &amp; Co. KG","og_description":"Willkommen bei Megasoft IT\u00ae, Ihrem Partner f\u00fcr die wegweisenden L\u00f6sungen von MD5 in der Digitalen Forensik. Auf dieser Seite erfahren Sie mehr dar\u00fcber, wie die Partnerschaft zwischen Megasoft IT und MD5 innovative Forensik-L\u00f6sungen f\u00fcr verschiedenste Branchen bereitstellt. \u00dcber MD5: MD5 z\u00e4hlt zu den f\u00fchrenden Unternehmen f\u00fcr Digitale Forensik in Gro\u00dfbritannien [&hellip;]","og_url":"https:\/\/www.megasoft.de\/en\/md5-virtual-forensic-software\/","og_site_name":"megasoft IT GmbH &amp; Co. KG","article_modified_time":"2023-08-09T12:29:03+00:00","og_image":[{"url":"https:\/\/www.megasoft.de\/wp-content\/uploads\/md5_partner.png","type":"","width":"","height":""}],"twitter_card":"summary_large_image","twitter_misc":{"Est. reading time":"1 minute"},"schema":{"@context":"https:\/\/schema.org","@graph":[{"@type":"WebPage","@id":"https:\/\/www.megasoft.de\/md5-virtual-forensic-software\/","url":"https:\/\/www.megasoft.de\/md5-virtual-forensic-software\/","name":"MD5 - Virtual Forensic Software - megasoft IT GmbH &amp; Co. KG","isPartOf":{"@id":"https:\/\/www.megasoft.de\/#website"},"primaryImageOfPage":{"@id":"https:\/\/www.megasoft.de\/md5-virtual-forensic-software\/#primaryimage"},"image":{"@id":"https:\/\/www.megasoft.de\/md5-virtual-forensic-software\/#primaryimage"},"thumbnailUrl":"https:\/\/www.megasoft.de\/wp-content\/uploads\/md5_partner.png","datePublished":"2023-08-09T12:27:53+00:00","dateModified":"2023-08-09T12:29:03+00:00","breadcrumb":{"@id":"https:\/\/www.megasoft.de\/md5-virtual-forensic-software\/#breadcrumb"},"inLanguage":"en-US","potentialAction":[{"@type":"ReadAction","target":["https:\/\/www.megasoft.de\/md5-virtual-forensic-software\/"]}]},{"@type":"ImageObject","inLanguage":"en-US","@id":"https:\/\/www.megasoft.de\/md5-virtual-forensic-software\/#primaryimage","url":"https:\/\/www.megasoft.de\/wp-content\/uploads\/md5_partner.png","contentUrl":"https:\/\/www.megasoft.de\/wp-content\/uploads\/md5_partner.png"},{"@type":"BreadcrumbList","@id":"https:\/\/www.megasoft.de\/md5-virtual-forensic-software\/#breadcrumb","itemListElement":[{"@type":"ListItem","position":1,"name":"Startseite","item":"https:\/\/www.megasoft.de\/"},{"@type":"ListItem","position":2,"name":"MD5 &#8211; Virtual Forensic Software"}]},{"@type":"WebSite","@id":"https:\/\/www.megasoft.de\/#website","url":"https:\/\/www.megasoft.de\/","name":"megasoft IT GmbH &amp; Co. KG","description":"Your IT Procurement Partner","publisher":{"@id":"https:\/\/www.megasoft.de\/#organization"},"potentialAction":[{"@type":"SearchAction","target":{"@type":"EntryPoint","urlTemplate":"https:\/\/www.megasoft.de\/?s={search_term_string}"},"query-input":{"@type":"PropertyValueSpecification","valueRequired":true,"valueName":"search_term_string"}}],"inLanguage":"en-US"},{"@type":"Organization","@id":"https:\/\/www.megasoft.de\/#organization","name":"megasoft IT GmbH &amp; Co. KG","url":"https:\/\/www.megasoft.de\/","logo":{"@type":"ImageObject","inLanguage":"en-US","@id":"https:\/\/www.megasoft.de\/#\/schema\/logo\/image\/","url":"https:\/\/www.megasoft.de\/wp-content\/uploads\/megasoft_logo_IT_Procurement_Partner.png","contentUrl":"https:\/\/www.megasoft.de\/wp-content\/uploads\/megasoft_logo_IT_Procurement_Partner.png","width":1400,"height":350,"caption":"megasoft IT GmbH &amp; Co. KG"},"image":{"@id":"https:\/\/www.megasoft.de\/#\/schema\/logo\/image\/"}}]}},"publishpress_future_action":{"enabled":false,"date":"2026-05-22 13:17:15","action":"change-status","newStatus":"draft","terms":[],"taxonomy":"","extraData":[]},"publishpress_future_workflow_manual_trigger":{"enabledWorkflows":[]},"_links":{"self":[{"href":"https:\/\/www.megasoft.de\/en\/wp-json\/wp\/v2\/pages\/98387","targetHints":{"allow":["GET"]}}],"collection":[{"href":"https:\/\/www.megasoft.de\/en\/wp-json\/wp\/v2\/pages"}],"about":[{"href":"https:\/\/www.megasoft.de\/en\/wp-json\/wp\/v2\/types\/page"}],"author":[{"embeddable":true,"href":"https:\/\/www.megasoft.de\/en\/wp-json\/wp\/v2\/users\/1"}],"replies":[{"embeddable":true,"href":"https:\/\/www.megasoft.de\/en\/wp-json\/wp\/v2\/comments?post=98387"}],"version-history":[{"count":3,"href":"https:\/\/www.megasoft.de\/en\/wp-json\/wp\/v2\/pages\/98387\/revisions"}],"predecessor-version":[{"id":98390,"href":"https:\/\/www.megasoft.de\/en\/wp-json\/wp\/v2\/pages\/98387\/revisions\/98390"}],"wp:attachment":[{"href":"https:\/\/www.megasoft.de\/en\/wp-json\/wp\/v2\/media?parent=98387"}],"curies":[{"name":"wp","href":"https:\/\/api.w.org\/{rel}","templated":true}]}}