{"id":99082,"date":"2023-08-28T14:15:12","date_gmt":"2023-08-28T12:15:12","guid":{"rendered":"https:\/\/www.megasoft.de\/?page_id=99082"},"modified":"2023-08-28T17:13:34","modified_gmt":"2023-08-28T15:13:34","slug":"backup","status":"publish","type":"page","link":"https:\/\/www.megasoft.de\/en\/backup\/","title":{"rendered":"Backup"},"content":{"rendered":"\n<p><strong>Megasoft IT\u00ae &#8211; Ihr zuverl\u00e4ssiger Partner f\u00fcr Backup-Dienstleistungen<\/strong><\/p>\n\n\n\n<p>IDer Schutz Ihrer Unternehmensdaten ist f\u00fcr uns von entscheidender Bedeutung. Bei megasoft IT\u00ae verstehen wir die Wichtigkeit, Ihre wertvollen Daten sicher und zug\u00e4nglich zu halten. Deshalb bieten wir erstklassige Backup-Dienstleistungen f\u00fcr Unternehmensinfrastrukturen und Microsoft 365 Umgebungen an. <\/p>\n\n\n\n<p>Da wichtigste jedoch ist nicht, dass Ihre Daten in einem Backup gesichert werden, sondern die Strategie dahinter denn jedes Backup ist nur so gut, wie der Inhalt und die M\u00f6glichkeiten der Wiederherstellung. <\/p>\n\n\n\n<p>megasoft IT\u00ae nutzt dabei einen ganzheitlichen Ansatz und passt sich bei der erstellung einer Backup- und Wiederherstellungsstrategier Ihrer Infrastruktur und Ihren Unternehmenszielen an.<\/p>\n\n\n\n<p>Beginnend mit einem Erstgespr\u00e4ch, entwickeln unsere Experten eine Datensicherungskonzept nach Ihren Anforderungen und unter Ber\u00fccksichtigung der technischen M\u00f6glichkeiten und Vorschriften (ISO27001, TISAX&#8230;.). <\/p>\n\n\n\n<p><strong>Warum megasoft IT\u00ae Backup-Dienstleistungen?<\/strong><\/p>\n\n\n\n<ol class=\"wp-block-list\">\n<li><strong>Umfassender Schutz:<\/strong> Unsere Backup-L\u00f6sungen bieten einen Rundumschutz f\u00fcr Ihre gesamte Unternehmensinfrastruktur &#8211; von Servern bis zu Endger\u00e4ten.<\/li>\n\n\n\n<li><strong>Spezialisiert auf Microsoft 365:<\/strong> Sicherung Ihrer E-Mails, Dokumente und anderen wichtigen Daten aus Office 365 war noch nie so einfach und effizient.<\/li>\n\n\n\n<li><strong>Schnelle Wiederherstellung:<\/strong> Im Falle eines Datenverlusts garantieren wir eine schnelle und zuverl\u00e4ssige Datenwiederherstellung, damit Ihr Gesch\u00e4ft ohne Unterbrechung weiterlaufen kann.<\/li>\n\n\n\n<li><strong>Datensicherheit:<\/strong> Mit modernsten Verschl\u00fcsselungstechnologien sorgen wir daf\u00fcr, dass Ihre Daten immer gesch\u00fctzt und sicher sind.<\/li>\n\n\n\n<li><strong>Support:<\/strong> Unser engagiertes Support-Team steht Ihnen zur Verf\u00fcgung, um sicherzustellen, dass Sie immer die Hilfe erhalten, die Sie ben\u00f6tigen.<\/li>\n<\/ol>\n\n\n\n<p><strong>Vertrauen Sie den Experten<\/strong><\/p>\n\n\n\n<p>Mit jahrelanger Erfahrung im IT-Bereich sind wir stolz darauf, Unternehmen wie Ihres mit zuverl\u00e4ssigen und effizienten Backup-L\u00f6sungen zu unterst\u00fctzen. Vertrauen Sie megasoft IT\u00ae, um Ihre Daten sicher und gesch\u00fctzt zu halten.<\/p>\n\n\n<div class=\"wpforms-container wpforms-block wpforms-block-d0243ca8-86be-40ad-9c98-e227d57a8d1f\" id=\"wpforms-96832\"><form id=\"wpforms-form-96832\" class=\"wpforms-validate wpforms-form\" data-formid=\"96832\" method=\"post\" enctype=\"multipart\/form-data\" action=\"\/en\/wp-json\/wp\/v2\/pages\/99082\" data-token=\"1d3d26491cf63344fe74f1d0236a69db\" data-token-time=\"1777501072\"><noscript class=\"wpforms-error-noscript\">Please enable JavaScript in your browser to complete this form.<\/noscript><div class=\"wpforms-field-container\"><div id=\"wpforms-96832-field_0-container\" class=\"wpforms-field wpforms-field-name\" data-field-id=\"0\"><label class=\"wpforms-field-label\">Name <span class=\"wpforms-required-label\">*<\/span><\/label><div class=\"wpforms-field-row wpforms-field-medium\"><div class=\"wpforms-field-row-block wpforms-first wpforms-one-half\"><input type=\"text\" id=\"wpforms-96832-field_0\" class=\"wpforms-field-name-first wpforms-field-required\" name=\"wpforms[fields][0][first]\" required><label for=\"wpforms-96832-field_0\" class=\"wpforms-field-sublabel after\">First<\/label><\/div><div class=\"wpforms-field-row-block wpforms-one-half\"><input type=\"text\" id=\"wpforms-96832-field_0-last\" class=\"wpforms-field-name-last wpforms-field-required\" name=\"wpforms[fields][0][last]\" required><label for=\"wpforms-96832-field_0-last\" class=\"wpforms-field-sublabel after\">Last<\/label><\/div><\/div><\/div><div id=\"wpforms-96832-field_4-container\" class=\"wpforms-field wpforms-field-text\" data-field-id=\"4\"><label class=\"wpforms-field-label\" for=\"wpforms-96832-field_4\">Firma<\/label><input type=\"text\" id=\"wpforms-96832-field_4\" class=\"wpforms-field-medium\" name=\"wpforms[fields][4]\" ><\/div><div id=\"wpforms-96832-field_1-container\" class=\"wpforms-field wpforms-field-email\" data-field-id=\"1\"><label class=\"wpforms-field-label\" for=\"wpforms-96832-field_1\">E-Mail <span class=\"wpforms-required-label\">*<\/span><\/label><input type=\"email\" id=\"wpforms-96832-field_1\" class=\"wpforms-field-medium wpforms-field-required\" name=\"wpforms[fields][1]\" spellcheck=\"false\" required><\/div><div id=\"wpforms-96832-field_6-container\" class=\"wpforms-field wpforms-field-number\" data-field-id=\"6\"><label class=\"wpforms-field-label\" for=\"wpforms-96832-field_6\">Telefonnummer<\/label><input type=\"number\" id=\"wpforms-96832-field_6\" class=\"wpforms-field-medium\" name=\"wpforms[fields][6]\" placeholder=\"00492173265060\" step=\"any\" ><\/div><div id=\"wpforms-96832-field_2-container\" class=\"wpforms-field wpforms-field-textarea\" data-field-id=\"2\"><label class=\"wpforms-field-label\" for=\"wpforms-96832-field_2\">Kommentar oder Nachricht <span class=\"wpforms-required-label\">*<\/span><\/label><textarea id=\"wpforms-96832-field_2\" class=\"wpforms-field-medium wpforms-field-required\" name=\"wpforms[fields][2]\" required><\/textarea><\/div><div id=\"wpforms-96832-field_7-container\" class=\"wpforms-field wpforms-field-gdpr-checkbox\" data-field-id=\"7\"><label class=\"wpforms-field-label\">DSGVO-Einverst\u00e4ndnis <span class=\"wpforms-required-label\">*<\/span><\/label><ul id=\"wpforms-96832-field_7\" class=\"wpforms-field-required\"><li class=\"choice-1\"><input type=\"checkbox\" id=\"wpforms-96832-field_7_1\" name=\"wpforms[fields][7][]\" value=\"Hiermit erkl\u00e4re ich, die Datenschutzerkl\u00e4rung der megasoft IT GmbH &amp; Co KG gelesen und akzeptiert zu haben. Ich bin damit einverstanden, dass mich die megasoft IT kontaktiert und meine Daten zur Auftragsverarbeitung an  Hersteller \/ Partner &amp; verbundene Unternehmen \u00fcbermittelt. Ich kann dieser Einwilligung jederzeit widersprechen.\" required ><label class=\"wpforms-field-label-inline\" for=\"wpforms-96832-field_7_1\">Hiermit erkl\u00e4re ich, die Datenschutzerkl\u00e4rung der megasoft IT GmbH &amp; Co KG gelesen und akzeptiert zu haben. Ich bin damit einverstanden, dass mich die megasoft IT kontaktiert und meine Daten zur Auftragsverarbeitung an  Hersteller \/ Partner &amp; verbundene Unternehmen \u00fcbermittelt. Ich kann dieser Einwilligung jederzeit widersprechen.<\/label><\/li><\/ul><\/div><\/div><!-- .wpforms-field-container --><div class=\"wpforms-recaptcha-container wpforms-is-recaptcha wpforms-is-recaptcha-type-v2\" ><div class=\"g-recaptcha\" data-sitekey=\"6Le9OmIUAAAAAJZf1zH9gCiOMpaAuLBLdA5FpIry\"><\/div><input type=\"text\" name=\"g-recaptcha-hidden\" class=\"wpforms-recaptcha-hidden\" style=\"position:absolute!important;clip:rect(0,0,0,0)!important;height:1px!important;width:1px!important;border:0!important;overflow:hidden!important;padding:0!important;margin:0!important;\" data-rule-recaptcha=\"1\"><\/div><div class=\"wpforms-submit-container\" ><input type=\"hidden\" name=\"wpforms[id]\" value=\"96832\"><input type=\"hidden\" name=\"page_title\" value=\"\"><input type=\"hidden\" name=\"page_url\" value=\"https:\/\/www.megasoft.de\/en\/wp-json\/wp\/v2\/pages\/99082\"><input type=\"hidden\" name=\"url_referer\" value=\"\"><button type=\"submit\" name=\"wpforms[submit]\" id=\"wpforms-submit-96832\" class=\"wpforms-submit\" data-alt-text=\"Senden...\" data-submit-text=\"Absenden\" aria-live=\"assertive\" value=\"wpforms-submit\">Absenden<\/button><\/div><\/form><\/div>  <!-- .wpforms-container -->\n\n\n<h2 class=\"wp-block-heading\">Beispiel Datensicherungskonzept<\/h2>\n\n\n\n<p><\/p>\n","protected":false},"excerpt":{"rendered":"<p>Megasoft IT\u00ae &#8211; Ihr zuverl\u00e4ssiger Partner f\u00fcr Backup-Dienstleistungen IDer Schutz Ihrer Unternehmensdaten ist f\u00fcr uns von entscheidender Bedeutung. Bei megasoft IT\u00ae verstehen wir die Wichtigkeit, Ihre wertvollen Daten sicher und zug\u00e4nglich zu halten. Deshalb bieten wir erstklassige Backup-Dienstleistungen f\u00fcr Unternehmensinfrastrukturen und Microsoft 365 Umgebungen an. Da wichtigste jedoch ist nicht, [&hellip;]<\/p>\n","protected":false},"author":1,"featured_media":0,"parent":0,"menu_order":0,"comment_status":"closed","ping_status":"closed","template":"","meta":{"om_disable_all_campaigns":false,"_monsterinsights_skip_tracking":false,"_monsterinsights_sitenote_active":false,"_monsterinsights_sitenote_note":"","_monsterinsights_sitenote_category":0,"_themeisle_gutenberg_block_has_review":false,"footnotes":""},"class_list":["post-99082","page","type-page","status-publish","hentry","wpautop"],"yoast_head":"<!-- This site is optimized with the Yoast SEO plugin v27.5 - https:\/\/yoast.com\/product\/yoast-seo-wordpress\/ -->\n<title>Backup - megasoft IT GmbH &amp; Co. KG<\/title>\n<meta name=\"description\" content=\"Backup Service vom megasoft IT\u00ae - Microsoft 365 Backup, Server Backup, Client Backup und Wiederherstellung -&gt; Jetzt mehr erfahren!\" \/>\n<meta name=\"robots\" content=\"index, follow, max-snippet:-1, max-image-preview:large, max-video-preview:-1\" \/>\n<link rel=\"canonical\" href=\"https:\/\/www.megasoft.de\/en\/backup\/\" \/>\n<meta property=\"og:locale\" content=\"en_US\" \/>\n<meta property=\"og:type\" content=\"article\" \/>\n<meta property=\"og:title\" content=\"Backup - megasoft IT GmbH &amp; Co. KG\" \/>\n<meta property=\"og:description\" content=\"Backup Service vom megasoft IT\u00ae - Microsoft 365 Backup, Server Backup, Client Backup und Wiederherstellung -&gt; Jetzt mehr erfahren!\" \/>\n<meta property=\"og:url\" content=\"https:\/\/www.megasoft.de\/en\/backup\/\" \/>\n<meta property=\"og:site_name\" content=\"megasoft IT GmbH &amp; Co. KG\" \/>\n<meta property=\"article:modified_time\" content=\"2023-08-28T15:13:34+00:00\" \/>\n<meta name=\"twitter:card\" content=\"summary_large_image\" \/>\n<meta name=\"twitter:label1\" content=\"Est. reading time\" \/>\n\t<meta name=\"twitter:data1\" content=\"1 minute\" \/>\n<script type=\"application\/ld+json\" class=\"yoast-schema-graph\">{\"@context\":\"https:\\\/\\\/schema.org\",\"@graph\":[{\"@type\":\"WebPage\",\"@id\":\"https:\\\/\\\/www.megasoft.de\\\/backup\\\/\",\"url\":\"https:\\\/\\\/www.megasoft.de\\\/backup\\\/\",\"name\":\"Backup - megasoft IT GmbH &amp; Co. KG\",\"isPartOf\":{\"@id\":\"https:\\\/\\\/www.megasoft.de\\\/#website\"},\"datePublished\":\"2023-08-28T12:15:12+00:00\",\"dateModified\":\"2023-08-28T15:13:34+00:00\",\"description\":\"Backup Service vom megasoft IT\u00ae - Microsoft 365 Backup, Server Backup, Client Backup und Wiederherstellung -> Jetzt mehr erfahren!\",\"breadcrumb\":{\"@id\":\"https:\\\/\\\/www.megasoft.de\\\/backup\\\/#breadcrumb\"},\"inLanguage\":\"en-US\",\"potentialAction\":[{\"@type\":\"ReadAction\",\"target\":[\"https:\\\/\\\/www.megasoft.de\\\/backup\\\/\"]}]},{\"@type\":\"BreadcrumbList\",\"@id\":\"https:\\\/\\\/www.megasoft.de\\\/backup\\\/#breadcrumb\",\"itemListElement\":[{\"@type\":\"ListItem\",\"position\":1,\"name\":\"Startseite\",\"item\":\"https:\\\/\\\/www.megasoft.de\\\/\"},{\"@type\":\"ListItem\",\"position\":2,\"name\":\"Backup\"}]},{\"@type\":\"WebSite\",\"@id\":\"https:\\\/\\\/www.megasoft.de\\\/#website\",\"url\":\"https:\\\/\\\/www.megasoft.de\\\/\",\"name\":\"megasoft IT GmbH &amp; Co. KG\",\"description\":\"Your IT Procurement Partner\",\"publisher\":{\"@id\":\"https:\\\/\\\/www.megasoft.de\\\/#organization\"},\"potentialAction\":[{\"@type\":\"SearchAction\",\"target\":{\"@type\":\"EntryPoint\",\"urlTemplate\":\"https:\\\/\\\/www.megasoft.de\\\/?s={search_term_string}\"},\"query-input\":{\"@type\":\"PropertyValueSpecification\",\"valueRequired\":true,\"valueName\":\"search_term_string\"}}],\"inLanguage\":\"en-US\"},{\"@type\":\"Organization\",\"@id\":\"https:\\\/\\\/www.megasoft.de\\\/#organization\",\"name\":\"megasoft IT GmbH &amp; Co. KG\",\"url\":\"https:\\\/\\\/www.megasoft.de\\\/\",\"logo\":{\"@type\":\"ImageObject\",\"inLanguage\":\"en-US\",\"@id\":\"https:\\\/\\\/www.megasoft.de\\\/#\\\/schema\\\/logo\\\/image\\\/\",\"url\":\"https:\\\/\\\/www.megasoft.de\\\/wp-content\\\/uploads\\\/megasoft_logo_IT_Procurement_Partner.png\",\"contentUrl\":\"https:\\\/\\\/www.megasoft.de\\\/wp-content\\\/uploads\\\/megasoft_logo_IT_Procurement_Partner.png\",\"width\":1400,\"height\":350,\"caption\":\"megasoft IT GmbH &amp; Co. KG\"},\"image\":{\"@id\":\"https:\\\/\\\/www.megasoft.de\\\/#\\\/schema\\\/logo\\\/image\\\/\"}}]}<\/script>\n<!-- \/ Yoast SEO plugin. -->","yoast_head_json":{"title":"Backup - megasoft IT GmbH &amp; Co. KG","description":"Backup Service vom megasoft IT\u00ae - Microsoft 365 Backup, Server Backup, Client Backup und Wiederherstellung -> Jetzt mehr erfahren!","robots":{"index":"index","follow":"follow","max-snippet":"max-snippet:-1","max-image-preview":"max-image-preview:large","max-video-preview":"max-video-preview:-1"},"canonical":"https:\/\/www.megasoft.de\/en\/backup\/","og_locale":"en_US","og_type":"article","og_title":"Backup - megasoft IT GmbH &amp; Co. KG","og_description":"Backup Service vom megasoft IT\u00ae - Microsoft 365 Backup, Server Backup, Client Backup und Wiederherstellung -> Jetzt mehr erfahren!","og_url":"https:\/\/www.megasoft.de\/en\/backup\/","og_site_name":"megasoft IT GmbH &amp; Co. KG","article_modified_time":"2023-08-28T15:13:34+00:00","twitter_card":"summary_large_image","twitter_misc":{"Est. reading time":"1 minute"},"schema":{"@context":"https:\/\/schema.org","@graph":[{"@type":"WebPage","@id":"https:\/\/www.megasoft.de\/backup\/","url":"https:\/\/www.megasoft.de\/backup\/","name":"Backup - megasoft IT GmbH &amp; Co. KG","isPartOf":{"@id":"https:\/\/www.megasoft.de\/#website"},"datePublished":"2023-08-28T12:15:12+00:00","dateModified":"2023-08-28T15:13:34+00:00","description":"Backup Service vom megasoft IT\u00ae - Microsoft 365 Backup, Server Backup, Client Backup und Wiederherstellung -> Jetzt mehr erfahren!","breadcrumb":{"@id":"https:\/\/www.megasoft.de\/backup\/#breadcrumb"},"inLanguage":"en-US","potentialAction":[{"@type":"ReadAction","target":["https:\/\/www.megasoft.de\/backup\/"]}]},{"@type":"BreadcrumbList","@id":"https:\/\/www.megasoft.de\/backup\/#breadcrumb","itemListElement":[{"@type":"ListItem","position":1,"name":"Startseite","item":"https:\/\/www.megasoft.de\/"},{"@type":"ListItem","position":2,"name":"Backup"}]},{"@type":"WebSite","@id":"https:\/\/www.megasoft.de\/#website","url":"https:\/\/www.megasoft.de\/","name":"megasoft IT GmbH &amp; Co. KG","description":"Your IT Procurement Partner","publisher":{"@id":"https:\/\/www.megasoft.de\/#organization"},"potentialAction":[{"@type":"SearchAction","target":{"@type":"EntryPoint","urlTemplate":"https:\/\/www.megasoft.de\/?s={search_term_string}"},"query-input":{"@type":"PropertyValueSpecification","valueRequired":true,"valueName":"search_term_string"}}],"inLanguage":"en-US"},{"@type":"Organization","@id":"https:\/\/www.megasoft.de\/#organization","name":"megasoft IT GmbH &amp; Co. KG","url":"https:\/\/www.megasoft.de\/","logo":{"@type":"ImageObject","inLanguage":"en-US","@id":"https:\/\/www.megasoft.de\/#\/schema\/logo\/image\/","url":"https:\/\/www.megasoft.de\/wp-content\/uploads\/megasoft_logo_IT_Procurement_Partner.png","contentUrl":"https:\/\/www.megasoft.de\/wp-content\/uploads\/megasoft_logo_IT_Procurement_Partner.png","width":1400,"height":350,"caption":"megasoft IT GmbH &amp; Co. KG"},"image":{"@id":"https:\/\/www.megasoft.de\/#\/schema\/logo\/image\/"}}]}},"publishpress_future_action":{"enabled":false,"date":"2026-05-07 00:17:52","action":"change-status","newStatus":"draft","terms":[],"taxonomy":"","extraData":[]},"publishpress_future_workflow_manual_trigger":{"enabledWorkflows":[]},"_links":{"self":[{"href":"https:\/\/www.megasoft.de\/en\/wp-json\/wp\/v2\/pages\/99082","targetHints":{"allow":["GET"]}}],"collection":[{"href":"https:\/\/www.megasoft.de\/en\/wp-json\/wp\/v2\/pages"}],"about":[{"href":"https:\/\/www.megasoft.de\/en\/wp-json\/wp\/v2\/types\/page"}],"author":[{"embeddable":true,"href":"https:\/\/www.megasoft.de\/en\/wp-json\/wp\/v2\/users\/1"}],"replies":[{"embeddable":true,"href":"https:\/\/www.megasoft.de\/en\/wp-json\/wp\/v2\/comments?post=99082"}],"version-history":[{"count":5,"href":"https:\/\/www.megasoft.de\/en\/wp-json\/wp\/v2\/pages\/99082\/revisions"}],"predecessor-version":[{"id":99092,"href":"https:\/\/www.megasoft.de\/en\/wp-json\/wp\/v2\/pages\/99082\/revisions\/99092"}],"wp:attachment":[{"href":"https:\/\/www.megasoft.de\/en\/wp-json\/wp\/v2\/media?parent=99082"}],"curies":[{"name":"wp","href":"https:\/\/api.w.org\/{rel}","templated":true}]}}